{"id":5887,"date":"2026-02-17T16:05:31","date_gmt":"2026-02-17T14:05:31","guid":{"rendered":"https:\/\/growshroom.hu\/?post_type=product&#038;p=5887"},"modified":"2026-04-12T22:24:51","modified_gmt":"2026-04-12T20:24:51","slug":"sungomba-keszlet-hericium-erinaceus","status":"publish","type":"product","link":"https:\/\/growshroom.hu\/sv\/termekek\/sungomba-keszlet-hericium-erinaceus","title":{"rendered":"Igelkottsvamp (Hericium erinaceus)"},"content":{"rendered":"<details class=\"gs-acc\">\n<summary class=\"gs-h4\">Vad \u00e4r skillnaden mellan boxset och odlingsblock?<\/summary>\n<div class=\"gs-acc__content\">\n<p>B\u00e5da produkterna inneh\u00e5ller samma odlingsblock p\u00e5 2,2 kg, men seten levereras ocks\u00e5 med en presentask och en sprayflaska, s\u00e5 de \u00e4r perfekta att ge bort som present.<\/p>\n<p>Dessutom rekommenderas sorterna som finns i f\u00f6rpackningar f\u00f6r nyb\u00f6rjare, medan du \u00e4ven kan hitta mer avancerade sorter i odlingsblock. Vissa av dessa v\u00e4xer inte bra p\u00e5 en k\u00f6ksb\u00e4nk, de beh\u00f6ver en kontrollerad milj\u00f6. F\u00f6r b\u00e4sta resultat rekommenderar vi att du anv\u00e4nder ett odlingsrum eller odlingst\u00e4lt. Om du inte har m\u00f6jlighet att kontrollera temperaturen, v\u00e4lj ett block som passar ditt klimat!<\/p>\n<p>N\u00e4r man odlar p\u00e5 k\u00f6ksb\u00e4nken \u00e4r det lika enkelt att anv\u00e4nda odlingsblock som att anv\u00e4nda paket i l\u00e5da.<\/p>\n<p>F\u00f6r detaljerad information, v\u00e4nligen l\u00e4s <a href=\"https:\/\/growshroom.hu\/sv\/termoblokk-utmutato\/\">Guide f\u00f6r produktionsblock<\/a> sida, d\u00e4r du hittar beskrivningar och tips f\u00f6r varje sort. Om du har ytterligare fr\u00e5gor, v\u00e4nligen l\u00e4s <a href=\"https:\/\/growshroom.hu\/sv\/gyakran-ismetelt-kerdesek\/\">Vanliga fr\u00e5gor<\/a> sida eller skriv till oss <a href=\"mailto:info@growshroom.hu\">via e-post<\/a>.<\/p>\n<\/div>\n<\/details>\n<details class=\"gs-acc\">\n<summary class=\"gs-h4\">Hur m\u00e5nga svampar kommer det att producera?<\/summary>\n<div class=\"gs-acc__content\">\n<p>V\u00e5ra produktionsblock \u00e4r i kommersiell storlek. Dessa 2,2 kg tunga block ger i genomsnitt 400\u2013600 g f\u00e4rska svampar under den f\u00f6rsta sk\u00f6rden under ideala f\u00f6rh\u00e5llanden.<\/p>\n<p>Avkastningen p\u00e5verkas avsev\u00e4rt av odlingsf\u00f6rh\u00e5llandena, s\u00e5 var uppm\u00e4rksam p\u00e5 den rekommenderade milj\u00f6n f\u00f6r den givna svamparten, s\u00e5v\u00e4l som <a href=\"https:\/\/growshroom.hu\/sv\/termoblokk-utmutato\/\">Produktblock i guiden<\/a> som beskrivet f\u00f6r att undvika besvikelse.<\/p>\n<p>Det finns naturligtvis skillnader mellan enskilda svamparter \u2013 till exempel producerar vissa ostronskivlingar tyngre fruktkroppar \u00e4n andra sorter \u2013 men med dessa stora block kan du definitivt r\u00e4kna med en fin och riklig f\u00f6rsta sk\u00f6rd.<\/p>\n<p>Eftersom blocken inneh\u00e5ller en h\u00f6g m\u00e4ngd n\u00e4rings\u00e4mnen kan de producera flera sk\u00f6rdar. Vanligtvis kan du f\u00f6rv\u00e4nta dig 2-3 sk\u00f6rdar, men om du \u00e4r t\u00e5lmodig och ih\u00e4rdig kan du till och med f\u00e5 fler.<br \/>\n<strong>Den f\u00f6rsta sk\u00f6rden \u00e4r alltid den st\u00f6rsta och snabbaste, men det kan g\u00e5 upp till flera veckor mellan efterf\u00f6ljande sk\u00f6rdar.<\/strong><\/p>\n<p><strong>Vi garanterar din f\u00f6rsta sk\u00f6rd!<\/strong><\/p>\n<p>Om det inte har skett n\u00e5gon f\u00f6r\u00e4ndring 14 dagar efter att blocket \u00f6ppnats, skicka oss en bild via e-post s\u00e5 hj\u00e4lper vi dig, och om det beh\u00f6vs skickar vi ett nytt produktionsblock till dig.<\/p>\n<p>Extra tips: efter n\u00e5gra sk\u00f6rdar, det sk\u00f6rdade blocket <strong>under den frostfria perioden<\/strong> Det \u00e4r v\u00e4rt att placera den p\u00e5 en skuggig, skyddad plats i tr\u00e4dg\u00e5rden och h\u00e5lla den fuktig. Du kan ocks\u00e5 placera den grundt i marken och t\u00e4cka den med l\u00f6v eller hackad halm. Denna &quot;svampkyrkog\u00e5rd&quot; kan \u00f6verraska dig igen med f\u00e4rska svampar vid r\u00e4tt temperatur eller efter ett kraftigt regn!<\/p>\n<\/div>\n<\/details>\n<h4 class=\"gs-h4\">Igelkott eller lejon?<\/h4>\n<p data-start=\"81\" data-end=\"343\">Karljohanssvampen, \u00e4ven k\u00e4nd som lejonmanssvamp, \u00e4r inhemsk i \u00d6stasien, men finns \u00e4ven i Europa och Nordamerika. Den \u00e4r l\u00e4tt igenk\u00e4nnbar p\u00e5 sina karakteristiska, vita, manliknande h\u00e4ngande taggar. Den \u00e4r l\u00e4tt s\u00f6t, och m\u00e5nga j\u00e4mf\u00f6r den med skaldjur (t.ex. krabba, hummer). Dess k\u00f6tt \u00e4r fast, men saftigt, och n\u00e4r det tillagas ger det en fiberrik, k\u00f6ttig konsistens.<\/p>\n<p data-start=\"81\" data-end=\"343\">En svamp med ett unikt utseende och gastronomiskt sp\u00e4nnande egenskaper, den \u00e4r inte bara uts\u00f6kt utan ocks\u00e5 alltmer popul\u00e4r som funktionellt livsmedel. Enligt forskning kan dess bioaktiva f\u00f6reningar (hericenoner, erinaciner) st\u00f6dja nervsystemets funktion, koncentrationsf\u00f6rm\u00e5ga och minnesprocesser. Den tillskrivs ocks\u00e5 immunst\u00e4rkande och antiinflammatoriska egenskaper.<\/p>\n<h4 class=\"gs-h4\">Hur tillverkades den?<\/h4>\n<p>Basen f\u00f6r kitet \u00e4r ett tr\u00e4baserat tillv\u00e4xtblock sammanv\u00e4vt med mycelium. Fr\u00e5n den isolerade svampkulturen tillverkade vi f\u00f6rst en h\u00f6gren s\u00e5 kallad svampgrodd p\u00e5 steriliserat spannm\u00e5l, och blandade den sedan med ett tr\u00e4baserat medium f\u00f6r att skapa ett tillv\u00e4xtblock. Vi l\u00e4mnade den sp\u00e4nnande delen till dig!<\/p>\n<p>Mycelet som v\u00e4ver sig genom blocket \u00e4r en levande organism som, efter att ha sm\u00e4lt n\u00e4rings\u00e4mnen, bara v\u00e4ntar p\u00e5 r\u00e4tt milj\u00f6f\u00f6rh\u00e5llanden f\u00f6r att bilda en fruktkropp, en \u00e4tbar svamp. Syret och fukten som f\u00f6ljer med att \u00f6ppna p\u00e5sen signalerar svampen att tiden \u00e4r inne.<\/p>\n<h4 class=\"gs-h4\">Garanterad avkastning<\/h4>\n<p>Med regelbunden och tillr\u00e4cklig fukt kommer v\u00e5ra svampodlingskit att producera p\u00e5litligt, upp till 3\u20134 g\u00e5nger. Den f\u00f6rsta sk\u00f6rden f\u00f6rv\u00e4ntas inom 14 dagar efter att blocket \u00f6ppnats.<\/p>\n<p>Vi garanterar din f\u00f6rsta sk\u00f6rd!<\/p>\n<p>Om det inte har skett n\u00e5gon f\u00f6r\u00e4ndring inom 14 dagar efter att du \u00f6ppnat kitet, skicka oss en bild via e-post s\u00e5 hj\u00e4lper vi dig och skickar vid behov ett nytt kit.<\/p>\n<p>Vanligtvis \u00e4r varje efterf\u00f6ljande sk\u00f6rd n\u00e5got mindre \u00e4n den f\u00f6reg\u00e5ende och visas efter en l\u00e4ngre tidsperiod. <strong>Det kan ta flera veckor mellan varje sk\u00f6rd, ha t\u00e5lamod!<\/strong> Hur vi rekommenderar att man startar ytterligare gr\u00f6dor f\u00f6rklaras i <a href=\"https:\/\/growshroom.hu\/sv\/reszletes-hasznalati-utmutato\/\">Detaljerad anv\u00e4ndarmanual<\/a> du kan l\u00e4sa.<\/p>\n<h4 class=\"gs-h4\">En smart present<\/h4>\n<p>Oavsett om du vill tillfredsst\u00e4lla gourmeter eller hobbytr\u00e4dg\u00e5rdsm\u00e4stare, kan synen av svampar som v\u00e4xer dag f\u00f6r dag imponera p\u00e5 b\u00e5de vuxna och barn!<\/p>\n<p><strong>Varning: Om du inte \u00f6ppnar den inom n\u00e5gra dagar, f\u00f6rvara den i kylsk\u00e5p!<\/strong><\/p>\n<p>Ditt kit inneh\u00e5ller en levande organism, s\u00e5 vi rekommenderar att du \u00f6ppnar det vid mottagandet. Om du inte har m\u00f6jlighet att g\u00f6ra det kan du f\u00f6rvara det o\u00f6ppnat i kylsk\u00e5p i 4 veckor. Mycelets \u00e4mnesoms\u00e4ttning saktar ner avsev\u00e4rt under denna tid.<\/p>\n<p>Vid l\u00e4ngre tids f\u00f6rvaring eller i rumstemperatur kan m\u00f6gel b\u00f6rja v\u00e4xa inuti p\u00e5sen. Detta p\u00e5verkar inte vidare anv\u00e4ndning. Om m\u00f6glet finns inom r\u00e4ckh\u00e5ll under det omr\u00e5de du sk\u00e4r, ta bara bort det.<\/p>\n<p>Ett block som f\u00f6rvaras i rumstemperatur under l\u00e4ngre tid kommer att f\u00f6rbruka alla tillg\u00e4ngliga n\u00e4rings\u00e4mnen efter ett tag och sedan l\u00e5ngsamt b\u00f6rja brytas ner.<\/p>\n<h4 class=\"gs-h4\">V\u00e4rt att utv\u00e4rdera<\/h4>\n<p>Ta ett foto av din sk\u00f6rd! Vi skickar ett e-postmeddelande till dig 14 dagar efter att du lagt din best\u00e4llning, s\u00e5 att du kan betygs\u00e4tta lagret.<strong> fotografisk <\/strong>Vi bel\u00f6nar dig med en 20%-kupong som inte har utg\u00e5ngsdatum, \u00e4r fritt anv\u00e4ndbar och kan \u00f6verf\u00f6ras. Anv\u00e4nd den eller ge den vidare!<\/p>\n<h4 class=\"gs-h4\">Gl\u00f6m inte anv\u00e4ndarmanualen!<\/h4>\n<p>Du hittar ocks\u00e5 en kort instruktion p\u00e5 baksidan av f\u00f6rpackningen, men f\u00f6r b\u00e4sta resultat rekommenderar vi att du l\u00e4ser instruktionerna f\u00f6re anv\u00e4ndning. <a href=\"https:\/\/growshroom.hu\/sv\/reszletes-hasznalati-utmutato-laskagomba\/\">Detaljerad anv\u00e4ndarmanual<\/a> och den <a href=\"https:\/\/growshroom.hu\/sv\/gyakran-ismetelt-kerdesek\/\">Vanliga fr\u00e5gor<\/a> l\u00e4ser den ocks\u00e5.<\/p>","protected":false},"excerpt":{"rendered":"<p style=\"text-align: center;\">Bli svampodlare sj\u00e4lv <em>growshroom<\/em> Igelkottsvamp (Hericium erinaceus) med set!<\/p>\n<p style=\"text-align: center;\"><img decoding=\"async\" class=\"alignnone wp-image-5888\" src=\"https:\/\/growshroom.hu\/wp-content\/uploads\/2026\/02\/infografika-sungomba.svg\" alt=\"\" width=\"598\" height=\"71\" \/><\/p>\n<p style=\"text-align: center;\">\u00d6ppna l\u00e5dan vid perforeringen, sk\u00e4r ut ett litet X p\u00e5 1x1 cm i p\u00e5sen, spraya med vatten fr\u00e5n den medf\u00f6ljande sprayflaskan 2\u20133 g\u00e5nger om dagen och se dem v\u00e4xa!<\/p>","protected":false},"featured_media":5929,"comment_status":"open","ping_status":"closed","template":"","meta":{"_acf_changed":false,"inline_featured_image":false,"_uag_custom_page_level_css":"","site-sidebar-layout":"default","site-content-layout":"","ast-site-content-layout":"default","site-content-style":"default","site-sidebar-style":"default","ast-global-header-display":"","ast-banner-title-visibility":"","ast-main-header-display":"","ast-hfb-above-header-display":"","ast-hfb-below-header-display":"","ast-hfb-mobile-header-display":"","site-post-title":"","ast-breadcrumbs-content":"","ast-featured-img":"","footer-sml-layout":"","ast-disable-related-posts":"","theme-transparent-header-meta":"default","adv-header-id-meta":"","stick-header-meta":"","header-above-stick-meta":"","header-main-stick-meta":"","header-below-stick-meta":"","astra-migrate-meta-layouts":"set","ast-page-background-enabled":"default","ast-page-background-meta":{"desktop":{"background-color":"var(--ast-global-color-4)","background-image":"","background-repeat":"repeat","background-position":"center center","background-size":"auto","background-attachment":"scroll","background-type":"","background-media":"","overlay-type":"","overlay-color":"","overlay-opacity":"","overlay-gradient":""},"tablet":{"background-color":"","background-image":"","background-repeat":"repeat","background-position":"center center","background-size":"auto","background-attachment":"scroll","background-type":"","background-media":"","overlay-type":"","overlay-color":"","overlay-opacity":"","overlay-gradient":""},"mobile":{"background-color":"","background-image":"","background-repeat":"repeat","background-position":"center center","background-size":"auto","background-attachment":"scroll","background-type":"","background-media":"","overlay-type":"","overlay-color":"","overlay-opacity":"","overlay-gradient":""}},"ast-content-background-meta":{"desktop":{"background-color":"var(--ast-global-color-5)","background-image":"","background-repeat":"repeat","background-position":"center center","background-size":"auto","background-attachment":"scroll","background-type":"","background-media":"","overlay-type":"","overlay-color":"","overlay-opacity":"","overlay-gradient":""},"tablet":{"background-color":"var(--ast-global-color-5)","background-image":"","background-repeat":"repeat","background-position":"center center","background-size":"auto","background-attachment":"scroll","background-type":"","background-media":"","overlay-type":"","overlay-color":"","overlay-opacity":"","overlay-gradient":""},"mobile":{"background-color":"var(--ast-global-color-5)","background-image":"","background-repeat":"repeat","background-position":"center center","background-size":"auto","background-attachment":"scroll","background-type":"","background-media":"","overlay-type":"","overlay-color":"","overlay-opacity":"","overlay-gradient":""}}},"product_brand":[],"product_cat":[26],"product_tag":[],"class_list":{"0":"post-5887","1":"product","2":"type-product","3":"status-publish","4":"has-post-thumbnail","6":"product_cat-dobozos-keszletek","7":"desktop-align-center","8":"tablet-align-left","9":"mobile-align-left","11":"first","12":"instock","13":"shipping-taxable","14":"purchasable","15":"product-type-simple"},"acf":[],"uagb_featured_image_src":{"full":["https:\/\/growshroom.hu\/wp-content\/uploads\/2026\/02\/sungomba_front.png",1536,2048,false],"thumbnail":["https:\/\/growshroom.hu\/wp-content\/uploads\/2026\/02\/sungomba_front-150x150.png",150,150,true],"medium":["https:\/\/growshroom.hu\/wp-content\/uploads\/2026\/02\/sungomba_front-225x300.png",225,300,true],"medium_large":["https:\/\/growshroom.hu\/wp-content\/uploads\/2026\/02\/sungomba_front-768x1024.png",768,1024,true],"large":["https:\/\/growshroom.hu\/wp-content\/uploads\/2026\/02\/sungomba_front-768x1024.png",768,1024,true],"1536x1536":["https:\/\/growshroom.hu\/wp-content\/uploads\/2026\/02\/sungomba_front-1152x1536.png",1152,1536,true],"2048x2048":["https:\/\/growshroom.hu\/wp-content\/uploads\/2026\/02\/sungomba_front.png",1536,2048,false],"trp-custom-language-flag":["https:\/\/growshroom.hu\/wp-content\/uploads\/2026\/02\/sungomba_front-9x12.png",9,12,true],"woocommerce_thumbnail":["https:\/\/growshroom.hu\/wp-content\/uploads\/2026\/02\/sungomba_front-300x400.png",300,400,true],"woocommerce_single":["https:\/\/growshroom.hu\/wp-content\/uploads\/2026\/02\/sungomba_front-600x800.png",600,800,true],"woocommerce_gallery_thumbnail":["https:\/\/growshroom.hu\/wp-content\/uploads\/2026\/02\/sungomba_front-100x100.png",100,100,true]},"uagb_author_info":{"display_name":"growshroom","author_link":"https:\/\/growshroom.hu\/sv\/author"},"uagb_comment_info":0,"uagb_excerpt":"V\u00e1lj te is gombatermeszt\u0151v\u00e9 a growshroom S\u00fcngomba (Hericium erinaceus) k\u00e9szlettel! Nyisd ki a dobozt a perfor\u00e1ci\u00f3n\u00e1l, v\u00e1gj egy kicsi, 1x1cm-es X form\u00e1t a zacsk\u00f3ba, f\u00fajd be v\u00edzzel a mell\u00e9kelt sz\u00f3r\u00f3fejes \u00fcvegb\u0151l 2-3 alkalommal naponta, \u00e9s n\u00e9zd ahogy n\u0151nek!","tiered_pricing_type":"fixed","tiered_pricing_fixed_rules":[],"tiered_pricing_product_settings":{"layout":"default","base_unit_name":{"singular":null,"plural":null},"default_variation":null},"tiered_pricing_minimum_quantity":null,"tiered_pricing_roles_data":[],"tiered_pricing_percentage_rules":[],"tiered_pricing_maximum_quantity":null,"tiered_pricing_quantity_step":null,"_links":{"self":[{"href":"https:\/\/growshroom.hu\/sv\/wp-json\/wp\/v2\/product\/5887","targetHints":{"allow":["GET"]}}],"collection":[{"href":"https:\/\/growshroom.hu\/sv\/wp-json\/wp\/v2\/product"}],"about":[{"href":"https:\/\/growshroom.hu\/sv\/wp-json\/wp\/v2\/types\/product"}],"replies":[{"embeddable":true,"href":"https:\/\/growshroom.hu\/sv\/wp-json\/wp\/v2\/comments?post=5887"}],"wp:featuredmedia":[{"embeddable":true,"href":"https:\/\/growshroom.hu\/sv\/wp-json\/wp\/v2\/media\/5929"}],"wp:attachment":[{"href":"https:\/\/growshroom.hu\/sv\/wp-json\/wp\/v2\/media?parent=5887"}],"wp:term":[{"taxonomy":"product_brand","embeddable":true,"href":"https:\/\/growshroom.hu\/sv\/wp-json\/wp\/v2\/product_brand?post=5887"},{"taxonomy":"product_cat","embeddable":true,"href":"https:\/\/growshroom.hu\/sv\/wp-json\/wp\/v2\/product_cat?post=5887"},{"taxonomy":"product_tag","embeddable":true,"href":"https:\/\/growshroom.hu\/sv\/wp-json\/wp\/v2\/product_tag?post=5887"}],"curies":[{"name":"wp","href":"https:\/\/api.w.org\/{rel}","templated":true}]}}