{"id":5662,"date":"2026-01-20T23:23:43","date_gmt":"2026-01-20T21:23:43","guid":{"rendered":"https:\/\/growshroom.hu\/?post_type=product&#038;p=5662"},"modified":"2026-04-08T11:55:19","modified_gmt":"2026-04-08T09:55:19","slug":"rozsaszin-laskagomba-xl-termoblokk-pleurotus-djamor","status":"publish","type":"product","link":"https:\/\/growshroom.hu\/sv\/termekek\/rozsaszin-laskagomba-xl-termoblokk-pleurotus-djamor","title":{"rendered":"Rosa ostronsvamp XL fruktblock (Pleurotus djamor)"},"content":{"rendered":"<details class=\"gs-acc\">\n<summary class=\"gs-h4\">Vad \u00e4r skillnaden mellan boxset, odlingsblock och XL-odlingsblock?<\/summary>\n<div class=\"gs-acc__content\">\n<p>De boxade seten och vanliga odlingsblocken v\u00e4ger 2,2 kilogram, och seten levereras med en presentask och sprayflaska, vilket g\u00f6r dem perfekta att ge bort som present.<\/p>\n<p><strong>XL-odlingsblock v\u00e4ger 4,5 kilogram, dubbelt s\u00e5 stora som vanliga block. Eftersom de inneh\u00e5ller mer substrat och n\u00e4rings\u00e4mnen kan de producera st\u00f6rre gr\u00f6dor och ge en h\u00f6gre totalavkastning.<\/strong><\/p>\n<p>XL-block producerar inte snabbare, men de producerar rikligare.<\/p>\n<p>Dessutom rekommenderas sorterna som finns i f\u00f6rpackningar f\u00f6r nyb\u00f6rjare, medan du \u00e4ven kan hitta mer avancerade sorter i odlingsblock. Vissa av dessa v\u00e4xer inte bra p\u00e5 en k\u00f6ksb\u00e4nk, de beh\u00f6ver en kontrollerad milj\u00f6. F\u00f6r b\u00e4sta resultat rekommenderar vi att du anv\u00e4nder ett odlingsrum eller odlingst\u00e4lt. Om du inte har m\u00f6jlighet att kontrollera temperaturen, v\u00e4lj ett block som passar ditt klimat!<\/p>\n<p>N\u00e4r man odlar p\u00e5 k\u00f6ksb\u00e4nken \u00e4r det lika enkelt att anv\u00e4nda odlingsblock som att anv\u00e4nda paket i l\u00e5da.<\/p>\n<p>F\u00f6r detaljerad information, v\u00e4nligen l\u00e4s <a href=\"https:\/\/growshroom.hu\/sv\/termoblokk-utmutato\/\">Guide f\u00f6r produktionsblock<\/a> sida, d\u00e4r du hittar beskrivningar och tips f\u00f6r varje sort. Om du har ytterligare fr\u00e5gor, v\u00e4nligen l\u00e4s <a href=\"https:\/\/growshroom.hu\/sv\/gyakran-ismetelt-kerdesek\/\">Vanliga fr\u00e5gor<\/a> sida eller skriv till oss <a href=\"mailto:info@growshroom.hu\">via e-post<\/a>.<\/p>\n<\/div>\n<\/details>\n<details class=\"gs-acc\">\n<summary class=\"gs-h4\">Hur m\u00e5nga svampar kommer det att producera?<\/summary>\n<div class=\"gs-acc__content\">\n<p>Dessa extra stora block p\u00e5 4,5 kg ger n\u00e4stan dubbelt s\u00e5 mycket som vanliga block under ideala f\u00f6rh\u00e5llanden, med ett genomsnitt p\u00e5 800\u20131200 g f\u00e4rska svampar vid den f\u00f6rsta sk\u00f6rden.<\/p>\n<p>Avkastningen p\u00e5verkas avsev\u00e4rt av odlingsf\u00f6rh\u00e5llandena, s\u00e5 var uppm\u00e4rksam p\u00e5 den rekommenderade milj\u00f6n f\u00f6r den givna svamparten, s\u00e5v\u00e4l som <a href=\"https:\/\/growshroom.hu\/sv\/termoblokk-utmutato\/\">Produktblock i guiden<\/a> som beskrivet f\u00f6r att undvika besvikelse.<\/p>\n<p>Det finns naturligtvis skillnader mellan enskilda svamparter \u2013 till exempel producerar vissa ostronskivlingar tyngre fruktkroppar \u00e4n andra sorter \u2013 men med dessa stora block kan du definitivt r\u00e4kna med en fin och riklig f\u00f6rsta sk\u00f6rd.<\/p>\n<p>Eftersom blocken inneh\u00e5ller en h\u00f6g m\u00e4ngd n\u00e4rings\u00e4mnen kan de producera flera sk\u00f6rdar. Vanligtvis kan du f\u00f6rv\u00e4nta dig 2-3 sk\u00f6rdar, men om du \u00e4r t\u00e5lmodig och ih\u00e4rdig kan du till och med f\u00e5 fler.<br \/>\n<strong>Den f\u00f6rsta sk\u00f6rden \u00e4r alltid den st\u00f6rsta och snabbaste, men det kan g\u00e5 upp till flera veckor mellan efterf\u00f6ljande sk\u00f6rdar.<\/strong><\/p>\n<p><strong>Vi garanterar din f\u00f6rsta sk\u00f6rd!<\/strong><\/p>\n<p>Om det inte har skett n\u00e5gon f\u00f6r\u00e4ndring 14 dagar efter att blocket \u00f6ppnats, skicka oss en bild via e-post s\u00e5 hj\u00e4lper vi dig, och om det beh\u00f6vs skickar vi ett nytt produktionsblock till dig.<\/p>\n<p>Extra tips: efter n\u00e5gra sk\u00f6rdar, det sk\u00f6rdade blocket <strong>under den frostfria perioden<\/strong> Det \u00e4r v\u00e4rt att placera den p\u00e5 en skuggig, skyddad plats i tr\u00e4dg\u00e5rden och h\u00e5lla den fuktig. Du kan ocks\u00e5 placera den grundt i marken och t\u00e4cka den med l\u00f6v eller hackad halm. Denna &quot;svampkyrkog\u00e5rd&quot; kan \u00f6verraska dig igen med f\u00e4rska svampar vid r\u00e4tt temperatur eller efter ett kraftigt regn!<\/p>\n<\/div>\n<\/details>\n<h4 class=\"gs-h4\">Den tropiska hj\u00e4rtekrossaren<\/h4>\n<p>Den rosa ostronsvampen imponerar inte bara med sitt exotiska utseende, utan ocks\u00e5 med sin k\u00f6ttiga konsistens och umamiaromer. Efter stekning kan du l\u00e4gga till den i pastar\u00e4tter eller som pizzatopping, men efter marinering kan den ocks\u00e5 vara en utm\u00e4rkt k\u00f6tters\u00e4ttning. BBQ-sm\u00f6rg\u00e5sar, burritos, veganskt bacon? Det \u00e4r upp till fantasin!<\/p>\n<p>Denna typ av ostronsvamp kommer ursprungligen fr\u00e5n tropikerna och trivs d\u00e4rf\u00f6r i varmare temperaturer p\u00e5 18-30\u00b0C och h\u00f6gre luftfuktighet. Den kan odlas inomhus \u00e5ret runt.<\/p>\n<h4 class=\"gs-h4\">Hur tillverkades den?<\/h4>\n<p>Fr\u00f6blocket \u00e4r inget annat \u00e4n halm eller s\u00e5gsp\u00e5n koloniserat med svampmycel. Fr\u00e5n den isolerade svampkulturen framst\u00e4llde vi f\u00f6rst en h\u00f6gren s\u00e5 kallad svampgrodd p\u00e5 steriliserat spannm\u00e5l, och blandade den sedan med hackad halm f\u00f6r att skapa ett fr\u00f6block. Vi l\u00e4mnade den sp\u00e4nnande delen till er!<\/p>\n<p>Mycelet som v\u00e4ver sig genom blocket \u00e4r en levande organism som, efter att ha sm\u00e4lt n\u00e4rings\u00e4mnen, bara v\u00e4ntar p\u00e5 r\u00e4tt milj\u00f6f\u00f6rh\u00e5llanden f\u00f6r att bilda en fruktkropp, en \u00e4tbar svamp. Syret och fukten som f\u00f6ljer med att \u00f6ppna p\u00e5sen signalerar svampen att tiden \u00e4r inne.<\/p>\n<h4 class=\"gs-h4\">Lagring<\/h4>\n<p><strong>OBS! Satsen kan endast f\u00f6rvaras i n\u00e5gra veckor!<\/strong><\/p>\n<p>Ditt kit inneh\u00e5ller en levande varelse, s\u00e5 vi rekommenderar att du packar upp det vid mottagandet. <strong>Den rosa ostronsvampen \u00e4r en tropisk, v\u00e4rme\u00e4lskande svamp, s\u00e5 setet kan inte f\u00f6rvaras i kylsk\u00e5p.<\/strong> Kan f\u00f6rvaras o\u00f6ppnad i rumstemperatur i upp till 4 veckor.<\/p>\n<p>Vid l\u00e4ngre tids f\u00f6rvaring eller i rumstemperatur kan m\u00f6gel b\u00f6rja v\u00e4xa inuti p\u00e5sen. Detta p\u00e5verkar inte vidare anv\u00e4ndning. Om m\u00f6glet finns inom r\u00e4ckh\u00e5ll under det omr\u00e5de du sk\u00e4r, ta bara bort det.<\/p>\n<p>Ett block som f\u00f6rvaras i rumstemperatur under l\u00e4ngre tid kommer att f\u00f6rbruka alla tillg\u00e4ngliga n\u00e4rings\u00e4mnen efter ett tag och sedan l\u00e5ngsamt b\u00f6rja brytas ner.<\/p>\n<h4 class=\"gs-h4\">V\u00e4rt att utv\u00e4rdera<\/h4>\n<p>Ta ett foto av din gr\u00f6da! Vi skickar ett e-postmeddelande till dig 14 dagar efter att du lagt din best\u00e4llning, s\u00e5 att du kan betygs\u00e4tta din best\u00e4llning.<strong> fotografisk <\/strong>Vi bel\u00f6nar dig med en 20%-kupong som inte har utg\u00e5ngsdatum, \u00e4r fritt anv\u00e4ndbar och kan \u00f6verf\u00f6ras. Anv\u00e4nd den eller ge den vidare!<\/p>","protected":false},"excerpt":{"rendered":"<div class=\"gs-specs\"><\/div>","protected":false},"featured_media":5664,"comment_status":"open","ping_status":"closed","template":"","meta":{"_acf_changed":false,"inline_featured_image":false,"_uag_custom_page_level_css":"","site-sidebar-layout":"default","site-content-layout":"","ast-site-content-layout":"default","site-content-style":"default","site-sidebar-style":"default","ast-global-header-display":"","ast-banner-title-visibility":"","ast-main-header-display":"","ast-hfb-above-header-display":"","ast-hfb-below-header-display":"","ast-hfb-mobile-header-display":"","site-post-title":"","ast-breadcrumbs-content":"","ast-featured-img":"","footer-sml-layout":"","ast-disable-related-posts":"","theme-transparent-header-meta":"default","adv-header-id-meta":"","stick-header-meta":"","header-above-stick-meta":"","header-main-stick-meta":"","header-below-stick-meta":"","astra-migrate-meta-layouts":"set","ast-page-background-enabled":"default","ast-page-background-meta":{"desktop":{"background-color":"var(--ast-global-color-4)","background-image":"","background-repeat":"repeat","background-position":"center center","background-size":"auto","background-attachment":"scroll","background-type":"","background-media":"","overlay-type":"","overlay-color":"","overlay-opacity":"","overlay-gradient":""},"tablet":{"background-color":"","background-image":"","background-repeat":"repeat","background-position":"center center","background-size":"auto","background-attachment":"scroll","background-type":"","background-media":"","overlay-type":"","overlay-color":"","overlay-opacity":"","overlay-gradient":""},"mobile":{"background-color":"","background-image":"","background-repeat":"repeat","background-position":"center center","background-size":"auto","background-attachment":"scroll","background-type":"","background-media":"","overlay-type":"","overlay-color":"","overlay-opacity":"","overlay-gradient":""}},"ast-content-background-meta":{"desktop":{"background-color":"var(--ast-global-color-5)","background-image":"","background-repeat":"repeat","background-position":"center center","background-size":"auto","background-attachment":"scroll","background-type":"","background-media":"","overlay-type":"","overlay-color":"","overlay-opacity":"","overlay-gradient":""},"tablet":{"background-color":"var(--ast-global-color-5)","background-image":"","background-repeat":"repeat","background-position":"center center","background-size":"auto","background-attachment":"scroll","background-type":"","background-media":"","overlay-type":"","overlay-color":"","overlay-opacity":"","overlay-gradient":""},"mobile":{"background-color":"var(--ast-global-color-5)","background-image":"","background-repeat":"repeat","background-position":"center center","background-size":"auto","background-attachment":"scroll","background-type":"","background-media":"","overlay-type":"","overlay-color":"","overlay-opacity":"","overlay-gradient":""}}},"product_brand":[],"product_cat":[88],"product_tag":[],"class_list":{"0":"post-5662","1":"product","2":"type-product","3":"status-publish","4":"has-post-thumbnail","6":"product_cat-xl-termoblokkok","7":"desktop-align-center","8":"tablet-align-left","9":"mobile-align-left","11":"first","12":"outofstock","13":"shipping-taxable","14":"purchasable","15":"product-type-simple"},"acf":[],"uagb_featured_image_src":{"full":["https:\/\/growshroom.hu\/wp-content\/uploads\/2026\/01\/pink_XL.png",1080,1080,false],"thumbnail":["https:\/\/growshroom.hu\/wp-content\/uploads\/2026\/01\/pink_XL-150x150.png",150,150,true],"medium":["https:\/\/growshroom.hu\/wp-content\/uploads\/2026\/01\/pink_XL-300x300.png",300,300,true],"medium_large":["https:\/\/growshroom.hu\/wp-content\/uploads\/2026\/01\/pink_XL-768x768.png",768,768,true],"large":["https:\/\/growshroom.hu\/wp-content\/uploads\/2026\/01\/pink_XL-1024x1024.png",1024,1024,true],"1536x1536":["https:\/\/growshroom.hu\/wp-content\/uploads\/2026\/01\/pink_XL.png",1080,1080,false],"2048x2048":["https:\/\/growshroom.hu\/wp-content\/uploads\/2026\/01\/pink_XL.png",1080,1080,false],"trp-custom-language-flag":["https:\/\/growshroom.hu\/wp-content\/uploads\/2026\/01\/pink_XL-12x12.png",12,12,true],"woocommerce_thumbnail":["https:\/\/growshroom.hu\/wp-content\/uploads\/2026\/01\/pink_XL-300x300.png",300,300,true],"woocommerce_single":["https:\/\/growshroom.hu\/wp-content\/uploads\/2026\/01\/pink_XL-600x600.png",600,600,true],"woocommerce_gallery_thumbnail":["https:\/\/growshroom.hu\/wp-content\/uploads\/2026\/01\/pink_XL-100x100.png",100,100,true]},"uagb_author_info":{"display_name":"growshroom","author_link":"https:\/\/growshroom.hu\/sv\/author"},"uagb_comment_info":0,"uagb_excerpt":"[termesztesi_adatok]","tiered_pricing_type":"fixed","tiered_pricing_fixed_rules":[],"tiered_pricing_product_settings":{"layout":"default","base_unit_name":{"singular":null,"plural":null},"default_variation":null},"tiered_pricing_minimum_quantity":null,"tiered_pricing_roles_data":[],"tiered_pricing_percentage_rules":[],"tiered_pricing_maximum_quantity":null,"tiered_pricing_quantity_step":null,"_links":{"self":[{"href":"https:\/\/growshroom.hu\/sv\/wp-json\/wp\/v2\/product\/5662","targetHints":{"allow":["GET"]}}],"collection":[{"href":"https:\/\/growshroom.hu\/sv\/wp-json\/wp\/v2\/product"}],"about":[{"href":"https:\/\/growshroom.hu\/sv\/wp-json\/wp\/v2\/types\/product"}],"replies":[{"embeddable":true,"href":"https:\/\/growshroom.hu\/sv\/wp-json\/wp\/v2\/comments?post=5662"}],"wp:featuredmedia":[{"embeddable":true,"href":"https:\/\/growshroom.hu\/sv\/wp-json\/wp\/v2\/media\/5664"}],"wp:attachment":[{"href":"https:\/\/growshroom.hu\/sv\/wp-json\/wp\/v2\/media?parent=5662"}],"wp:term":[{"taxonomy":"product_brand","embeddable":true,"href":"https:\/\/growshroom.hu\/sv\/wp-json\/wp\/v2\/product_brand?post=5662"},{"taxonomy":"product_cat","embeddable":true,"href":"https:\/\/growshroom.hu\/sv\/wp-json\/wp\/v2\/product_cat?post=5662"},{"taxonomy":"product_tag","embeddable":true,"href":"https:\/\/growshroom.hu\/sv\/wp-json\/wp\/v2\/product_tag?post=5662"}],"curies":[{"name":"wp","href":"https:\/\/api.w.org\/{rel}","templated":true}]}}