{"id":1784,"date":"2025-06-16T13:48:33","date_gmt":"2025-06-16T13:48:33","guid":{"rendered":"https:\/\/growshroom.hu\/cookie-szabalyzat\/"},"modified":"2025-08-28T08:23:29","modified_gmt":"2025-08-28T06:23:29","slug":"cookie-tajekoztato","status":"publish","type":"page","link":"https:\/\/growshroom.hu\/sv\/cookie-tajekoztato","title":{"rendered":"Cookie-information"},"content":{"rendered":"<h1 class=\"wp-block-heading\" style=\"border-top-style:none;border-top-width:0px;border-right-style:none;border-right-width:0px;border-bottom-width:1px;border-left-style:none;border-left-width:0px;margin-top:0rem;margin-bottom:var(--wp--preset--spacing--50);padding-bottom:var(--wp--preset--spacing--50)\">Cookie-information<\/h1>\n\n\n\n<p class=\"body\"><strong>G\u00c4LLER I KRAFT: 13 JUNI 2025.<\/strong><\/p>\n\n\n\n<h5 class=\"wp-block-heading\">F\u00f6r att anv\u00e4nda webbplatsen och g\u00f6ra best\u00e4llningar beh\u00f6ver du bekanta dig med webbplatsens cookiepolicy.<\/h5>\n\n\n\n<p><strong>Vad \u00e4r kakor?<\/strong><\/p>\n\n\n\n<p>Kakor \u00e4r sm\u00e5 textfiler som inneh\u00e5ller information som din webbl\u00e4sare lagrar p\u00e5 din dator, mobiltelefon eller annan enhet n\u00e4r du bes\u00f6ker en webbplats. Kakor skickar information till den webbplatsen varje g\u00e5ng du \u00e5terv\u00e4nder till webbplatsen.<\/p>\n\n\n\n<p>Kakor kan vara permanenta kakor, som finns kvar p\u00e5 anv\u00e4ndarens dator tills de raderas, eller tillf\u00e4lliga (s\u00e5 kallade sessionskakor), som bara sparas tills webbl\u00e4saren st\u00e4ngs. Kakor kan vara interna kakor, som st\u00e4lls in av webbplatsen du bes\u00f6ker, eller tredjepartskakor, d.v.s. kakor som inte st\u00e4lls in av webbplatsen du bes\u00f6ker.<\/p>\n\n\n\n<p><strong>Hur anv\u00e4nder growshroom cookies?<\/strong><\/p>\n\n\n\n<p>V\u00e5r webbutik anv\u00e4nder cookies f\u00f6r att f\u00f6rb\u00e4ttra de tj\u00e4nster som erbjuds, underl\u00e4tta navigering mellan sidor, registrera anv\u00e4ndarpreferenser och f\u00f6rb\u00e4ttra anv\u00e4ndarupplevelsen.<\/p>\n\n\n\n<p><strong>Kakor som anv\u00e4nds av growshroom och deras syfte<\/strong><\/p>\n\n\n\n<p>De cookies som anv\u00e4nds p\u00e5 v\u00e5ra webbplatser faller inom f\u00f6ljande kategorier (enligt Internationella handelskammarens riktlinjer f\u00f6r cookies):<\/p>\n\n\n\n<p><strong>Absolut n\u00f6dv\u00e4ndiga cookies:<\/strong><\/p>\n\n\n\n<p>Anv\u00e4ndningen av absolut n\u00f6dv\u00e4ndiga cookies g\u00f6r det m\u00f6jligt f\u00f6r anv\u00e4ndaren att navigera p\u00e5 webbplatsen och anv\u00e4nda de tj\u00e4nster de beh\u00f6ver, till exempel f\u00f6r att f\u00e5 \u00e5tkomst till s\u00e4kra delar av webbplatsen.<\/p>\n\n\n\n<p><strong>Prestandam\u00e4tningscookies:<\/strong><\/p>\n\n\n\n<p>Prestandacookies samlar in information om bland annat de webbplatser som anv\u00e4ndare bes\u00f6ker oftast, men samlar inte in data som hj\u00e4lper till att identifiera enskilda bes\u00f6kare. De samlar endast in data fr\u00e5n aggregerade och anonyma k\u00e4llor.<\/p>\n\n\n\n<p>Vi anv\u00e4nder dessa cookies f\u00f6r att: \u2013 sammanst\u00e4lla statistiska data om anv\u00e4ndningen av v\u00e5ra webbplatser, \u2013 och m\u00e4ta effektiviteten av reklamkampanjer i en given m\u00e5lgrupp.<\/p>\n\n\n\n<p>Prestandacookies kan vara permanenta eller tillf\u00e4lliga, och kan st\u00e4llas in av f\u00f6rstaparts- eller tredjepartscookies, och deras syfte \u00e4r att samla in anonyma data om de webbplatser du bes\u00f6ker och de annonser du ser.<\/p>\n\n\n\n<p><strong>Kakor som anv\u00e4nds f\u00f6r att f\u00f6rb\u00e4ttra annonsaktivitet:<\/strong><\/p>\n\n\n\n<p>Dessa cookies l\u00e5ter dig begr\u00e4nsa antalet g\u00e5nger annonser kan visas och anv\u00e4nds f\u00f6r att m\u00e4ta effektiviteten av reklamkampanjer i en given m\u00e5lgrupp.<\/p>\n\n\n\n<p>Cookies f\u00f6r att f\u00f6rb\u00e4ttra annonsaktiviteten g\u00f6r det m\u00f6jligt f\u00f6r oss att hantera de annonser som visas p\u00e5 webbplatsen.<\/p>\n\n\n\n<p>Kakor som anv\u00e4nds f\u00f6r att f\u00f6rb\u00e4ttra annonsaktivitet \u00e4r permanenta eller tillf\u00e4lliga kakor som placeras av tredje part, dvs. annons\u00f6rer och deras ombud, och som faktiskt \u00e4r relaterade till de annonstj\u00e4nster som placeras av tredje part p\u00e5 growshrooms webbplats.<\/p>\n\n\n\n<p><strong>Andra cookies placerade av tredje part:<\/strong><\/p>\n\n\n\n<p>Vissa av v\u00e5ra webbplatser kan visa inneh\u00e5ll fr\u00e5n tj\u00e4nster som Facebook eller Instagram, bland andra. Observera att vi inte har n\u00e5got inflytande \u00f6ver de cookies som anv\u00e4nds av s\u00e5dana tj\u00e4nster, s\u00e5 det \u00e4r v\u00e4rt att kontrollera relevant information p\u00e5 relevanta externa webbplatser.<\/p>\n\n\n\n<p><strong>Hantera och ta bort cookies<\/strong><\/p>\n\n\n\n<p>Om du vill begr\u00e4nsa, blockera eller ta bort cookies kan du g\u00f6ra det i dina webbl\u00e4sarinst\u00e4llningar. Beroende p\u00e5 vilken typ av webbl\u00e4sare du anv\u00e4nder kan stegen du beh\u00f6ver f\u00f6lja variera n\u00e5got. F\u00f6r mer information, klicka p\u00e5 en av l\u00e4nkarna nedan:<\/p>\n\n\n\n<p><strong>Internet Explorer<\/strong><\/p>\n\n\n\n<p><a href=\"http:\/\/support.microsoft.com\/kb\/196955\" target=\"_blank\" rel=\"noopener\">http:\/\/support.microsoft.com\/kb\/196955<\/a><\/p>\n\n\n\n<p><strong>Firefox<\/strong><\/p>\n\n\n\n<p><a href=\"http:\/\/support.mozilla.org\/HU\/kb\/Cookies\" target=\"_blank\" rel=\"noopener\">http:\/\/support.mozilla.org\/HU\/kb\/Cookies<\/a><\/p>\n\n\n\n<p><strong>Google Chrome<\/strong><\/p>\n\n\n\n<p><a href=\"http:\/\/support.google.com\/chrome\/bin\/answer.py?hl=hu&amp;answer=95647\" target=\"_blank\" rel=\"noopener\">http:\/\/support.google.com\/chrome\/bin\/answer.py?hl=hu&amp;answer=95647<\/a><\/p>\n\n\n\n<p><strong>Opera<\/strong><\/p>\n\n\n\n<p><a href=\"http:\/\/help.opera.com\/Windows\/9.63\/hu\/cookies.html\" target=\"_blank\" rel=\"noopener\">http:\/\/help.opera.com\/Windows\/9.63\/hu\/cookies.html<\/a><\/p>\n\n\n\n<p><strong>Safari<\/strong><\/p>\n\n\n\n<p><a href=\"http:\/\/support.apple.com\/kb\/PH5042\" target=\"_blank\" rel=\"noopener\">http:\/\/support.apple.com\/kb\/PH5042<\/a><\/p>\n\n\n\n<p><strong>Safari iOS (iPhone, iPad, iPod touch)<\/strong><\/p>\n\n\n\n<p><a href=\"http:\/\/support.apple.com\/kb\/HT1677?viewlocale=hu_HU\" target=\"_blank\" rel=\"noopener\">http:\/\/support.apple.com\/kb\/HT1677?viewlocale=hu_HU<\/a><\/p>\n\n\n\n<p>Om du inte anv\u00e4nder n\u00e5gon av de listade webbl\u00e4sarna kan du klicka p\u00e5 funktionen \"Hj\u00e4lp\" i din webbl\u00e4sare f\u00f6r mer information om vad du ska g\u00f6ra.<\/p>\n\n\n\n<p>En&nbsp;<a href=\"http:\/\/www.aboutcookies.org\/\" target=\"_blank\" rel=\"noopener\">http:\/\/www.aboutcookies.org<\/a>&nbsp;Om du klickar p\u00e5 l\u00e4nken visas \u00e4ven ytterligare information om hur du hanterar och tar bort cookies f\u00f6r m\u00e5nga olika webbl\u00e4sare.<\/p>\n\n\n\n<p>Observera att vissa delar av v\u00e5ra webbplatser endast kan n\u00e5s med hj\u00e4lp av cookies, s\u00e5 du b\u00f6r vara medveten om att om du inaktiverar cookies kanske du inte kan komma \u00e5t visst inneh\u00e5ll eller anv\u00e4nda alla funktioner p\u00e5 v\u00e5ra webbplatser till sin fulla potential.<\/p>\n\n\n\n<p>Om du vill veta hur webbl\u00e4saren p\u00e5 din mobila enhet hanterar cookies, v\u00e4nligen l\u00e4s enhetens manual.<\/p>\n\n\n\n<p>Om v\u00e5ra anv\u00e4ndare anv\u00e4nder v\u00e5r webbplats utan att inaktivera cookies och liknande onlinetekniker samtycker de till att growshroom-webbplatsen samlar in och behandlar deras uppgifter med hj\u00e4lp av s\u00e5dan teknik.<\/p>","protected":false},"excerpt":{"rendered":"<p>Cookie t\u00e1j\u00e9koztat\u00f3 HAT\u00c1LYOS: 2025. J\u00daNIUS 13. Az oldal haszn\u00e1lat\u00e1hoz \u00e9s rendel\u00e9sek lead\u00e1s\u00e1hoz sz\u00fcks\u00e9ges megismerned az oldal cookie szab\u00e1lyzat\u00e1t. Mi az a cookie? A cookie-k olyan, kis mennyis\u00e9g\u0171 inform\u00e1ci\u00f3t tartalmaz\u00f3sz\u00f6veges f\u00e1jlok, amelyeket a b\u00f6ng\u00e9sz\u0151 a sz\u00e1m\u00edt\u00f3g\u00e9pen, mobiltelefonon vagy egy\u00e9b eszk\u00f6z\u00f6n t\u00e1rol egy webhely megl\u00e1togat\u00e1sakor. A cookie-k a webhelyre val\u00f3 minden visszat\u00e9r\u00e9skor inform\u00e1ci\u00f3kat k\u00fcldenek az adott webhelynek. A cookie-k lehetnek \u00e1lland\u00f3 cookie-k, amelyek t\u00f6rl\u00e9s\u00fckig a felhaszn\u00e1l\u00f3 sz\u00e1m\u00edt\u00f3g\u00e9p\u00e9n maradnak, illetve ideiglenes (\u00fan. munkamenet-cookie-k), amelyeket csak a webb\u00f6ng\u00e9sz\u0151 bez\u00e1r\u00e1s\u00e1ig \u0151riz meg a rendszer. A cookie-k lehetnek bels\u0151, a felkeresett webhely \u00e1ltal be\u00e1ll\u00edtott cookie-k, vagy harmadik felek, azaz nem a felkeresett webhely \u00e1ltal be\u00e1ll\u00edtott cookie-k. Hogyan haszn\u00e1lja a growshroom a cookie-kat? Web\u00e1ruh\u00e1zunk a k\u00edn\u00e1lt szolg\u00e1ltat\u00e1sok jav\u00edt\u00e1sa, a lapok k\u00f6z\u00f6tti navig\u00e1ci\u00f3 megk\u00f6nny\u00edt\u00e9se, a felhaszn\u00e1l\u00f3be\u00e1ll\u00edt\u00e1sainak r\u00f6gz\u00edt\u00e9se \u00e9s a felhaszn\u00e1l\u00f3i \u00e9lm\u00e9ny jav\u00edt\u00e1sa c\u00e9lj\u00e1b\u00f3l haszn\u00e1l cookie-kat. A growshroom \u00e1ltal haszn\u00e1lt cookie-k \u00e9s azok rendeltet\u00e9se A webhelyeinken haszn\u00e1lt cookie-k a k\u00f6vetkez\u0151 kateg\u00f3ri\u00e1kba sorolhat\u00f3k (az International Chamber of Commerce cookie-kal kapcsolatos \u00fatmutat\u00e1sa szerint): Felt\u00e9tlen\u00fcl sz\u00fcks\u00e9ges cookie-k: A felt\u00e9tlen\u00fcl sz\u00fcks\u00e9ges cookie-k haszn\u00e1lata lehet\u0151v\u00e9 teszi a felhaszn\u00e1l\u00f3sz\u00e1m\u00e1ra a webhelyen t\u00f6rt\u00e9n\u0151 navig\u00e1ci\u00f3t, \u00e9s az \u00e1ltala ig\u00e9nyelt szolg\u00e1ltat\u00e1sok haszn\u00e1lat\u00e1t, p\u00e9ld\u00e1ul a webhely biztons\u00e1gos ter\u00fcleteinek hozz\u00e1f\u00e9r\u00e9se c\u00e9lj\u00e1b\u00f3l. Teljes\u00edtm\u00e9nym\u00e9r\u0151 cookie-k: A teljes\u00edtm\u00e9nym\u00e9r\u0151 cookie-k t\u00f6bbek k\u00f6z\u00f6tt a felhaszn\u00e1l\u00f3k \u00e1ltal leggyakrabban l\u00e1togatott webhelyekkel kapcsolatban gy\u0171jtenek inform\u00e1ci\u00f3kat, azonban ez az egy\u00e9ni l\u00e1togat\u00f3k azonos\u00edt\u00e1s\u00e1t el\u0151seg\u00edt\u0151 adatok gy\u0171jt\u00e9s\u00e9re nem terjed ki. Kiz\u00e1r\u00f3lag \u00f6sszes\u00edtett \u00e9s n\u00e9vtelen forr\u00e1sokb\u00f3l sz\u00e1rmaz\u00f3 adatokat gy\u0171jtenek. Ezeket a cookie-kat: \u2013 a webhelyeink haszn\u00e1lat\u00e1val kapcsolatos statisztikai adatok \u00f6ssze\u00e1ll\u00edt\u00e1sa, \u2013 valamint a hirdet\u00e9si kamp\u00e1nyok adott c\u00e9lcsoportban val\u00f3eredm\u00e9nyess\u00e9g\u00e9nek m\u00e9r\u00e9s\u00e9re haszn\u00e1ljuk. A teljes\u00edtm\u00e9nym\u00e9r\u0151 cookie-k \u00e1lland\u00f3 \u00e9s ideiglenes, valamint bels\u0151 vagy harmadik felek \u00e1ltal be\u00e1ll\u00edtott cookie-k is lehetnek, amelyek c\u00e9lja r\u00f6viden az, hogy a felkeresett webhelyekr\u0151l, valamint a megtekintett hirdet\u00e9sekr\u0151l n\u00e9vtelen adatokat gy\u0171jtsenek. Hirdet\u00e9si tev\u00e9kenys\u00e9g jav\u00edt\u00e1s\u00e1ra szolg\u00e1l\u00f3 cookie-k: Ezek a cookie-k lehet\u0151v\u00e9 teszik annak korl\u00e1toz\u00e1s\u00e1t, hogy a hirdet\u00e9sek h\u00e1ny alkalommal tekinthet\u0151k meg, valamint a hirdet\u00e9si kamp\u00e1nyok adott c\u00e9lcsoportban val\u00f3eredm\u00e9nyess\u00e9g\u00e9nek m\u00e9r\u00e9s\u00e9re szolg\u00e1lnak. A hirdet\u00e9si tev\u00e9kenys\u00e9g jav\u00edt\u00e1s\u00e1ra szolg\u00e1l\u00f3 cookie-k a webhelyen megjelen\u0151 hirdet\u00e9sek kezel\u00e9s\u00e9t teszik lehet\u0151v\u00e9. A hirdet\u00e9si tev\u00e9kenys\u00e9g jav\u00edt\u00e1s\u00e1ra szolg\u00e1l\u00f3 cookie-k harmadik felek, azaz hirdet\u0151k \u00e9s \u00fcgyn\u00f6keik \u00e1ltal elhelyezett \u00e1lland\u00f3 vagy ideiglenes cookie-k, amelyek tulajdonk\u00e9ppen a harmadik felek \u00e1ltal a growshroom webhely\u00e9n elhelyezett hirdet\u00e9si szolg\u00e1ltat\u00e1sokhoz kapcsol\u00f3dnak. Harmadik felek \u00e1ltal elhelyezett egy\u00e9b cookie-k: Egyes weboldalunkon t\u00f6bbek k\u00f6z\u00f6tt a Facebookr\u00f3l vagy az Instagramr\u00f3l \u00e9s egy\u00e9b szolg\u00e1ltat\u00e1sokr\u00f3l sz\u00e1rmaz\u00f3 tartalom jelenhet meg. K\u00e9rj\u00fck, vedd figyelembe, hogy az ilyen szolg\u00e1ltat\u00e1sok \u00e1ltal haszn\u00e1lt cookie-kra nincs semmilyen befoly\u00e1sunk, ez\u00e9rt \u00e9rdemes ellen\u0151rizni az adott k\u00fcls\u0151 webhelyeken szerepl\u0151 ezzel kapcsolatos inform\u00e1ci\u00f3kat. A cookie-k kezel\u00e9se \u00e9s elt\u00e1vol\u00edt\u00e1sa Ha szeretn\u00e9d korl\u00e1tozni, letiltani, vagy elt\u00e1vol\u00edtani a cookie-kat, akkor ezt a webb\u00f6ng\u00e9sz\u0151 be\u00e1ll\u00edt\u00e1saiban teheted meg. A b\u00f6ng\u00e9sz\u0151 fajt\u00e1j\u00e1t\u00f3l f\u00fcgg\u0151en a k\u00f6vetend\u0151 l\u00e9p\u00e9sek kism\u00e9rt\u00e9kben elt\u00e9rhetnek egym\u00e1st\u00f3l. Tov\u00e1bbi inform\u00e1ci\u00f3k\u00e9rt kattints az al\u00e1bbi hivatkoz\u00e1sok egyik\u00e9re: Internet Explorer http:\/\/support.microsoft.com\/kb\/196955 Firefox http:\/\/support.mozilla.org\/HU\/kb\/Cookies Google Chrome http:\/\/support.google.com\/chrome\/bin\/answer.py?hl=hu&amp;answer=95647 Opera http:\/\/help.opera.com\/Windows\/9.63\/hu\/cookies.html Safari http:\/\/support.apple.com\/kb\/PH5042 Safari iOS (iPhone, iPad, iPod touch) http:\/\/support.apple.com\/kb\/HT1677?viewlocale=hu_HU Ha a felsorolt webb\u00f6ng\u00e9sz\u0151k egyik\u00e9t sem haszn\u00e1lod, akkor a saj\u00e1t webb\u00f6ng\u00e9sz\u0151d \u201eHelp\u201d (S\u00fag\u00f3) funkci\u00f3j\u00e1ra kattintva tov\u00e1bbi inform\u00e1ci\u00f3kat olvashatsz a teend\u0151kr\u0151l. A&nbsp;http:\/\/www.aboutcookies.org&nbsp;hivatkoz\u00e1sra kattintva szint\u00e9n tov\u00e1bbi inform\u00e1ci\u00f3k jelennek meg a cookie-k kezel\u00e9s\u00e9vel \u00e9s elt\u00e1vol\u00edt\u00e1s\u00e1val kapcsolatban sz\u00e1mos k\u00fcl\u00f6nb\u00f6z\u0151 internetes b\u00f6ng\u00e9sz\u0151kre vonatkoz\u00f3an. K\u00e9rj\u00fck, vedd figyelembe, hogy webhelyeink egyes r\u00e9szei kiz\u00e1r\u00f3lag cookie-k haszn\u00e1lat\u00e1val \u00e9rhet\u0151k el, ez\u00e9rt tudnod kell, hogy a cookie-k letilt\u00e1s\u00e1val egyes tartalmakhoz nem f\u00e9rhetsz hozz\u00e1, \u00e9s nem haszn\u00e1lhatod teljes m\u00e9rt\u00e9kben webhelyeink minden funkci\u00f3j\u00e1t. Ha szeretn\u00e9d tudni, hogy a mobileszk\u00f6z\u00f6d\u00f6n tal\u00e1lhat\u00f3b\u00f6ng\u00e9sz\u0151 hogyan kezeli a cookie-kat, tekintsd \u00e1t az eszk\u00f6z \u00fatmutat\u00f3j\u00e1t. Ha felhaszn\u00e1l\u00f3ink a cookie-k \u00e9s hasonl\u00f3 online technol\u00f3gi\u00e1k letilt\u00e1sa n\u00e9lk\u00fcl haszn\u00e1lj\u00e1k weboldalunkat, hozz\u00e1j\u00e1rulnak ahhoz, hogy a growshroom weboldal ilyen technol\u00f3gi\u00e1k haszn\u00e1lata r\u00e9v\u00e9n gy\u0171jtse \u00e9s dolgozza fel adataikat.<\/p>","protected":false},"author":1,"featured_media":0,"parent":0,"menu_order":0,"comment_status":"closed","ping_status":"closed","template":"","meta":{"_acf_changed":false,"inline_featured_image":false,"_uag_custom_page_level_css":"","site-sidebar-layout":"default","site-content-layout":"","ast-site-content-layout":"default","site-content-style":"default","site-sidebar-style":"default","ast-global-header-display":"","ast-banner-title-visibility":"","ast-main-header-display":"","ast-hfb-above-header-display":"","ast-hfb-below-header-display":"","ast-hfb-mobile-header-display":"","site-post-title":"","ast-breadcrumbs-content":"","ast-featured-img":"","footer-sml-layout":"","ast-disable-related-posts":"","theme-transparent-header-meta":"","adv-header-id-meta":"","stick-header-meta":"","header-above-stick-meta":"","header-main-stick-meta":"","header-below-stick-meta":"","astra-migrate-meta-layouts":"set","ast-page-background-enabled":"default","ast-page-background-meta":{"desktop":{"background-color":"var(--ast-global-color-4)","background-image":"","background-repeat":"repeat","background-position":"center center","background-size":"auto","background-attachment":"scroll","background-type":"","background-media":"","overlay-type":"","overlay-color":"","overlay-opacity":"","overlay-gradient":""},"tablet":{"background-color":"","background-image":"","background-repeat":"repeat","background-position":"center center","background-size":"auto","background-attachment":"scroll","background-type":"","background-media":"","overlay-type":"","overlay-color":"","overlay-opacity":"","overlay-gradient":""},"mobile":{"background-color":"","background-image":"","background-repeat":"repeat","background-position":"center center","background-size":"auto","background-attachment":"scroll","background-type":"","background-media":"","overlay-type":"","overlay-color":"","overlay-opacity":"","overlay-gradient":""}},"ast-content-background-meta":{"desktop":{"background-color":"var(--ast-global-color-5)","background-image":"","background-repeat":"repeat","background-position":"center center","background-size":"auto","background-attachment":"scroll","background-type":"","background-media":"","overlay-type":"","overlay-color":"","overlay-opacity":"","overlay-gradient":""},"tablet":{"background-color":"var(--ast-global-color-5)","background-image":"","background-repeat":"repeat","background-position":"center center","background-size":"auto","background-attachment":"scroll","background-type":"","background-media":"","overlay-type":"","overlay-color":"","overlay-opacity":"","overlay-gradient":""},"mobile":{"background-color":"var(--ast-global-color-5)","background-image":"","background-repeat":"repeat","background-position":"center center","background-size":"auto","background-attachment":"scroll","background-type":"","background-media":"","overlay-type":"","overlay-color":"","overlay-opacity":"","overlay-gradient":""}},"footnotes":""},"class_list":["post-1784","page","type-page","status-publish","hentry"],"acf":[],"featured_image_src":null,"uagb_featured_image_src":{"full":false,"thumbnail":false,"medium":false,"medium_large":false,"large":false,"1536x1536":false,"2048x2048":false,"trp-custom-language-flag":false,"woocommerce_thumbnail":false,"woocommerce_single":false,"woocommerce_gallery_thumbnail":false},"uagb_author_info":{"display_name":"growshroom","author_link":"https:\/\/growshroom.hu\/sv\/author\/csome-attilagmail-com"},"uagb_comment_info":0,"uagb_excerpt":"Cookie t\u00e1j\u00e9koztat\u00f3 HAT\u00c1LYOS: 2025. J\u00daNIUS 13. Az oldal haszn\u00e1lat\u00e1hoz \u00e9s rendel\u00e9sek lead\u00e1s\u00e1hoz sz\u00fcks\u00e9ges megismerned az oldal cookie szab\u00e1lyzat\u00e1t. Mi az a cookie? A cookie-k olyan, kis mennyis\u00e9g\u0171 inform\u00e1ci\u00f3t tartalmaz\u00f3sz\u00f6veges f\u00e1jlok, amelyeket a b\u00f6ng\u00e9sz\u0151 a sz\u00e1m\u00edt\u00f3g\u00e9pen, mobiltelefonon vagy egy\u00e9b eszk\u00f6z\u00f6n t\u00e1rol egy webhely megl\u00e1togat\u00e1sakor. A cookie-k a webhelyre val\u00f3 minden visszat\u00e9r\u00e9skor inform\u00e1ci\u00f3kat k\u00fcldenek az adott webhelynek.&hellip;","_links":{"self":[{"href":"https:\/\/growshroom.hu\/sv\/wp-json\/wp\/v2\/pages\/1784","targetHints":{"allow":["GET"]}}],"collection":[{"href":"https:\/\/growshroom.hu\/sv\/wp-json\/wp\/v2\/pages"}],"about":[{"href":"https:\/\/growshroom.hu\/sv\/wp-json\/wp\/v2\/types\/page"}],"author":[{"embeddable":true,"href":"https:\/\/growshroom.hu\/sv\/wp-json\/wp\/v2\/users\/1"}],"replies":[{"embeddable":true,"href":"https:\/\/growshroom.hu\/sv\/wp-json\/wp\/v2\/comments?post=1784"}],"version-history":[{"count":13,"href":"https:\/\/growshroom.hu\/sv\/wp-json\/wp\/v2\/pages\/1784\/revisions"}],"predecessor-version":[{"id":4427,"href":"https:\/\/growshroom.hu\/sv\/wp-json\/wp\/v2\/pages\/1784\/revisions\/4427"}],"wp:attachment":[{"href":"https:\/\/growshroom.hu\/sv\/wp-json\/wp\/v2\/media?parent=1784"}],"curies":[{"name":"wp","href":"https:\/\/api.w.org\/{rel}","templated":true}]}}