{"id":5592,"date":"2026-01-16T19:56:55","date_gmt":"2026-01-16T17:56:55","guid":{"rendered":"https:\/\/growshroom.hu\/?post_type=product&#038;p=5592"},"modified":"2026-04-18T19:20:11","modified_gmt":"2026-04-18T17:20:11","slug":"rozsaszin-laskagomba-termoblokk-pleurotus-djamor","status":"publish","type":"product","link":"https:\/\/growshroom.hu\/sl\/termekek\/rozsaszin-laskagomba-termoblokk-pleurotus-djamor","title":{"rendered":"Goji\u0161\u010de ro\u017enatih ostrigarjev (Pleurotus djamor)"},"content":{"rendered":"<details class=\"gs-acc\">\n<summary class=\"gs-h4\">Kak\u0161na je razlika med \u0161katlastimi kompleti in rastnimi bloki?<\/summary>\n<div class=\"gs-acc__content\">\n<p>Oba izdelka vsebujeta enak 2,2 kg rastni blok, vendar sta kompleta opremljena tudi z darilno \u0161katlo in razpr\u0161ilko, zato sta idealna za darilo.<\/p>\n<p>Poleg tega so sorte, ki so na voljo v \u0161katlah, priporo\u010dljive za za\u010detnike, medtem ko lahko najdete tudi naprednej\u0161e sorte v gojitvenih blokih. Nekatere od teh ne bodo dobro uspevale na kuhinjskem pultu, potrebujejo nadzorovano okolje. Za najbolj\u0161e rezultate priporo\u010damo uporabo gojitvene sobe ali gojitvenega \u0161otora. \u010ce nimate mo\u017enosti nadzora temperature, izberite blok, ki je primeren za va\u0161e podnebje!<\/p>\n<p>Pri gojenju na kuhinjskem pultu je uporaba gojitvenih blokov prav tako enostavna kot uporaba \u0161katlastih kompletov.<\/p>\n<p>Za podrobnej\u0161e informacije preberite <a href=\"https:\/\/growshroom.hu\/sl\/termoblokk-utmutato\/\">Vodnik po proizvodnih blokih<\/a> stran, kjer boste na\u0161li opise in nasvete za vsako sorto. \u010ce imate \u0161e kak\u0161na vpra\u0161anja, preberite <a href=\"https:\/\/growshroom.hu\/sl\/gyakran-ismetelt-kerdesek\/\">Pogosto zastavljena vpra\u0161anja<\/a> stran ali nam pi\u0161ite <a href=\"mailto:info@growshroom.hu\">po e-po\u0161ti<\/a>.<\/p>\n<\/div>\n<\/details>\n<details class=\"gs-acc\">\n<summary class=\"gs-h4\">Koliko gob bo pridelalo?<\/summary>\n<div class=\"gs-acc__content\">\n<p>Na\u0161i proizvodni bloki so komercialne velikosti. Ti 2,2 kg bloki bodo v idealnih pogojih v prvem obiranju dali povpre\u010dno 400\u2013600 g sve\u017eih gob.<\/p>\n<p>Na pridelek pomembno vplivajo rastni pogoji, zato bodite pozorni na priporo\u010deno okolje za dolo\u010deno vrsto gob, pa tudi na <a href=\"https:\/\/growshroom.hu\/sl\/termoblokk-utmutato\/\">Blok izdelkov v vodniku<\/a> kot je opisano, da se izognete razo\u010daranju.<\/p>\n<p>Seveda obstajajo razlike med posameznimi vrstami gob \u2013 na primer, nekatere ostrigarji imajo te\u017eja plodi\u0161\u010da kot druge sorte \u2013 vendar lahko s temi velikimi bloki zagotovo ra\u010dunate na lep in obilen prvi pridelek.<\/p>\n<p>Ker bloki vsebujejo veliko hranil, lahko obrodijo ve\u010d pridelka. Obi\u010dajno lahko pri\u010dakujete 2-3 pridelke, \u010de pa ste potrpe\u017eljivi in vztrajni, jih lahko dobite \u0161e ve\u010d.<br \/>\n<strong>Prva \u017eetev je vedno najve\u010dja in najhitrej\u0161a, vendar lahko med naslednjimi \u017eetvami mine tudi do nekaj tednov.<\/strong><\/p>\n<p><strong>Zagotavljamo vam va\u0161o prvo \u017eetev!<\/strong><\/p>\n<p>\u010ce 14 dni po odprtju bloka ni bilo sprememb, nam po\u0161ljite sliko po e-po\u0161ti in pomagali vam bomo ter vam po potrebi poslali nov proizvodni blok.<\/p>\n<p>Dodaten nasvet: po nekaj \u017eetvah pobran blok <strong>v obdobju brez zmrzali<\/strong> Vredno ga je postaviti na sen\u010dno, za\u0161\u010diteno mesto na vrtu in ga ohranjati vla\u017enega. Lahko ga postavite tudi plitvo v zemljo in ga prekrijete z listjem ali sesekljano slamo. To \u201egobje pokopali\u0161\u010de\u201d vas lahko ob pravi temperaturi ali po mo\u010dnem de\u017eju znova preseneti s sve\u017eimi gobami!<\/p>\n<\/div>\n<\/details>\n<h4 class=\"gs-h4\">Tropski sr\u010dni ugriz<\/h4>\n<p>Ro\u017enata ostrigarska goba ne navdu\u0161uje le s svojim eksoti\u010dnim videzom, temve\u010d tudi z mesnato teksturo in umami aromami. Po cvrtju jo lahko dodate testeninam ali kot preliv za pico, po mariniranju pa je lahko tudi odli\u010den nadomestek za meso. BBQ sendvi\u010di, buritosi, veganska slanina? Odvisno od va\u0161e domi\u0161ljije!<\/p>\n<p>Ta vrsta ostrigarja izvira iz tropov in zato uspeva v toplej\u0161ih temperaturah od 18 do 30 \u00b0C in vi\u0161ji vla\u017enosti. V zaprtih prostorih jo lahko gojimo vse leto.<\/p>\n<h4 class=\"gs-h4\">Kako je bilo narejeno?<\/h4>\n<p>Semenski blok ni ni\u010d drugega kot slama ali \u017eagovina, kolonizirana z micelijem gob. Iz izolirane kulture gob smo najprej pripravili visoko \u010dist tako imenovani gobji kal\u010dek na steriliziranem zrnju, nato pa smo ga zme\u0161ali s sesekljano slamo, da smo ustvarili semenski blok. Razburljiv del smo prepustili vam!<\/p>\n<p>Micelij, ki se prepleta skozi blok, je \u017eiv organizem, ki po prebavi hranil le \u010daka na prave okoljske pogoje, da oblikuje plodi\u0161\u010de, u\u017eitno gobo. Kisik in vlaga, ki prideta z odprtjem vre\u010dke, gobi sporo\u010data, da je pri\u0161el \u010das.<\/p>\n<h4 class=\"gs-h4\">Belt\u00e9ren \u00e9s k\u00fclt\u00e9ren<\/h4>\n<p>Ezt a blokkot nemcsak belt\u00e9ren haszn\u00e1lhatod, hanem eg\u00e9szben \u00e1gy\u00e1sokba, vagy egy\u00e9b \u00e1rny\u00e9kos, nedves kerti helyre ki is \u00fcltetheted. <strong>K\u00fclt\u00e9ri termeszt\u00e9se csak meleg id\u0151ben, k\u00e9s\u0151 tavaszt\u00f3l kora \u0151szig javasolt.<\/strong><\/p>\n<p>A leveles n\u00f6v\u00e9nyek \u00e1rny\u00e9ka j\u00f3 mikrokl\u00edm\u00e1t biztos\u00edt a gomb\u00e1knak, a mic\u00e9lium pedig jav\u00edtja a talajszerkezetet \u00e9s talaj\u00e9letet, \u00e9s t\u00e1panyagokat szabad\u00edt fel a n\u00f6v\u00e9nyek sz\u00e1m\u00e1ra.<\/p>\n<h4 class=\"gs-h4\">Shranjevanje<\/h4>\n<p><strong>Pozor! Komplet lahko shranite le nekaj tednov!<\/strong><\/p>\n<p>Va\u0161 komplet vsebuje \u017eivo bitje, zato priporo\u010damo, da ga po prejemu razpakirate. <strong>Ro\u017enata ostrigarnica je tropska, termofilna goba, zato sestavka ni mogo\u010de shranjevati v hladilniku.<\/strong> Neodprto lahko hranite pri sobni temperaturi do 4 tedne.<\/p>\n<p>Med dalj\u0161im shranjevanjem ali pri sobni temperaturi se lahko v vre\u010dki za\u010dne pojavljati plesen. To ne bo vplivalo na nadaljnjo uporabo. \u010ce je plesen v dosegu pod obmo\u010djem, ki ste ga odrezali, jo preprosto odstranite.<\/p>\n<p>Blok, ki je dlje \u010dasa shranjen pri sobni temperaturi, bo po dolo\u010denem \u010dasu porabil vsa razpolo\u017eljiva hranila in se nato po\u010dasi za\u010del razgrajevati.<\/p>\n<h4 class=\"gs-h4\">Vredno ocenjevanja<\/h4>\n<p>Fotografirajte svoj pridelek! 14 dni po oddaji naro\u010dila vam bomo poslali e-po\u0161to, da boste lahko ocenili svoje naro\u010dilo. Vse<strong> fotografski <\/strong>Nagradili vas bomo s kuponom 20%, ki nima veljavnosti, je prosto uporaben in prenosljiv. Uporabite ga ali ga posredujte naprej!<\/p>","protected":false},"excerpt":{"rendered":"<div class=\"gs-usecase-stack\">\n<div class=\"gs-usecase-stack__item\">\n<div class=\"gs-usecase-stack__title\">\ud83c\udfe0 Belt\u00e9ren<\/div>\n<div class=\"gs-usecase-stack__text\">\n      J\u00f3l szell\u0151z\u0151, vil\u00e1gos, melegebb helyen gyors \u00e9s l\u00e1tv\u00e1nyos n\u00f6veked\u00e9sre k\u00e9pes.\n    <\/div>\n<\/p><\/div>\n<div class=\"gs-usecase-stack__item\">\n<div class=\"gs-usecase-stack__title\">\ud83c\udf3f Kertben<\/div>\n<div class=\"gs-usecase-stack__text\">\n      Melegebb id\u0151ben \u00e1gy\u00e1sokba, \u00e1rny\u00e9kos, v\u00e9dett helyre el is \u00fcltetheted. H\u0171v\u00f6sebb id\u0151ben nem ide\u00e1lis.\n    <\/div>\n<\/p><\/div>\n<\/div>\n<div class=\"gs-specs\"><\/div>","protected":false},"featured_media":5655,"comment_status":"open","ping_status":"closed","template":"","meta":{"_acf_changed":false,"inline_featured_image":false,"_uag_custom_page_level_css":"","site-sidebar-layout":"default","site-content-layout":"","ast-site-content-layout":"default","site-content-style":"default","site-sidebar-style":"default","ast-global-header-display":"","ast-banner-title-visibility":"","ast-main-header-display":"","ast-hfb-above-header-display":"","ast-hfb-below-header-display":"","ast-hfb-mobile-header-display":"","site-post-title":"","ast-breadcrumbs-content":"","ast-featured-img":"","footer-sml-layout":"","ast-disable-related-posts":"","theme-transparent-header-meta":"default","adv-header-id-meta":"","stick-header-meta":"","header-above-stick-meta":"","header-main-stick-meta":"","header-below-stick-meta":"","astra-migrate-meta-layouts":"set","ast-page-background-enabled":"default","ast-page-background-meta":{"desktop":{"background-color":"var(--ast-global-color-4)","background-image":"","background-repeat":"repeat","background-position":"center center","background-size":"auto","background-attachment":"scroll","background-type":"","background-media":"","overlay-type":"","overlay-color":"","overlay-opacity":"","overlay-gradient":""},"tablet":{"background-color":"","background-image":"","background-repeat":"repeat","background-position":"center center","background-size":"auto","background-attachment":"scroll","background-type":"","background-media":"","overlay-type":"","overlay-color":"","overlay-opacity":"","overlay-gradient":""},"mobile":{"background-color":"","background-image":"","background-repeat":"repeat","background-position":"center center","background-size":"auto","background-attachment":"scroll","background-type":"","background-media":"","overlay-type":"","overlay-color":"","overlay-opacity":"","overlay-gradient":""}},"ast-content-background-meta":{"desktop":{"background-color":"var(--ast-global-color-5)","background-image":"","background-repeat":"repeat","background-position":"center center","background-size":"auto","background-attachment":"scroll","background-type":"","background-media":"","overlay-type":"","overlay-color":"","overlay-opacity":"","overlay-gradient":""},"tablet":{"background-color":"var(--ast-global-color-5)","background-image":"","background-repeat":"repeat","background-position":"center center","background-size":"auto","background-attachment":"scroll","background-type":"","background-media":"","overlay-type":"","overlay-color":"","overlay-opacity":"","overlay-gradient":""},"mobile":{"background-color":"var(--ast-global-color-5)","background-image":"","background-repeat":"repeat","background-position":"center center","background-size":"auto","background-attachment":"scroll","background-type":"","background-media":"","overlay-type":"","overlay-color":"","overlay-opacity":"","overlay-gradient":""}}},"product_brand":[],"product_cat":[85],"product_tag":[],"class_list":{"0":"post-5592","1":"product","2":"type-product","3":"status-publish","4":"has-post-thumbnail","6":"product_cat-termoblokkok","7":"desktop-align-center","8":"tablet-align-left","9":"mobile-align-left","11":"first","12":"instock","13":"shipping-taxable","14":"purchasable","15":"product-type-simple"},"acf":[],"uagb_featured_image_src":{"full":["https:\/\/growshroom.hu\/wp-content\/uploads\/2026\/01\/pink_n.png",1080,1350,false],"thumbnail":["https:\/\/growshroom.hu\/wp-content\/uploads\/2026\/01\/pink_n-150x150.png",150,150,true],"medium":["https:\/\/growshroom.hu\/wp-content\/uploads\/2026\/01\/pink_n-240x300.png",240,300,true],"medium_large":["https:\/\/growshroom.hu\/wp-content\/uploads\/2026\/01\/pink_n-768x960.png",768,960,true],"large":["https:\/\/growshroom.hu\/wp-content\/uploads\/2026\/01\/pink_n-819x1024.png",819,1024,true],"1536x1536":["https:\/\/growshroom.hu\/wp-content\/uploads\/2026\/01\/pink_n.png",1080,1350,false],"2048x2048":["https:\/\/growshroom.hu\/wp-content\/uploads\/2026\/01\/pink_n.png",1080,1350,false],"trp-custom-language-flag":["https:\/\/growshroom.hu\/wp-content\/uploads\/2026\/01\/pink_n-10x12.png",10,12,true],"mailpoet_newsletter_max":["https:\/\/growshroom.hu\/wp-content\/uploads\/2026\/01\/pink_n.png",1080,1350,false],"woocommerce_thumbnail":["https:\/\/growshroom.hu\/wp-content\/uploads\/2026\/01\/pink_n-300x375.png",300,375,true],"woocommerce_single":["https:\/\/growshroom.hu\/wp-content\/uploads\/2026\/01\/pink_n-600x750.png",600,750,true],"woocommerce_gallery_thumbnail":["https:\/\/growshroom.hu\/wp-content\/uploads\/2026\/01\/pink_n-100x100.png",100,100,true]},"uagb_author_info":{"display_name":"growshroom","author_link":"https:\/\/growshroom.hu\/sl\/author"},"uagb_comment_info":0,"uagb_excerpt":"\ud83c\udfe0 Belt\u00e9ren J\u00f3l szell\u0151z\u0151, vil\u00e1gos, melegebb helyen gyors \u00e9s l\u00e1tv\u00e1nyos n\u00f6veked\u00e9sre k\u00e9pes. \ud83c\udf3f Kertben Melegebb id\u0151ben \u00e1gy\u00e1sokba, \u00e1rny\u00e9kos, v\u00e9dett helyre el is \u00fcltetheted. H\u0171v\u00f6sebb id\u0151ben nem ide\u00e1lis. [termesztesi_adatok mod=\"rovid\"]","tiered_pricing_type":"fixed","tiered_pricing_fixed_rules":[],"tiered_pricing_product_settings":{"layout":"default","base_unit_name":{"singular":null,"plural":null},"default_variation":null},"tiered_pricing_minimum_quantity":null,"tiered_pricing_roles_data":[],"tiered_pricing_percentage_rules":[],"tiered_pricing_maximum_quantity":null,"tiered_pricing_quantity_step":null,"_links":{"self":[{"href":"https:\/\/growshroom.hu\/sl\/wp-json\/wp\/v2\/product\/5592","targetHints":{"allow":["GET"]}}],"collection":[{"href":"https:\/\/growshroom.hu\/sl\/wp-json\/wp\/v2\/product"}],"about":[{"href":"https:\/\/growshroom.hu\/sl\/wp-json\/wp\/v2\/types\/product"}],"replies":[{"embeddable":true,"href":"https:\/\/growshroom.hu\/sl\/wp-json\/wp\/v2\/comments?post=5592"}],"wp:featuredmedia":[{"embeddable":true,"href":"https:\/\/growshroom.hu\/sl\/wp-json\/wp\/v2\/media\/5655"}],"wp:attachment":[{"href":"https:\/\/growshroom.hu\/sl\/wp-json\/wp\/v2\/media?parent=5592"}],"wp:term":[{"taxonomy":"product_brand","embeddable":true,"href":"https:\/\/growshroom.hu\/sl\/wp-json\/wp\/v2\/product_brand?post=5592"},{"taxonomy":"product_cat","embeddable":true,"href":"https:\/\/growshroom.hu\/sl\/wp-json\/wp\/v2\/product_cat?post=5592"},{"taxonomy":"product_tag","embeddable":true,"href":"https:\/\/growshroom.hu\/sl\/wp-json\/wp\/v2\/product_tag?post=5592"}],"curies":[{"name":"wp","href":"https:\/\/api.w.org\/{rel}","templated":true}]}}