{"id":4920,"date":"2025-11-16T14:42:46","date_gmt":"2025-11-16T12:42:46","guid":{"rendered":"https:\/\/growshroom.hu\/?post_type=product&#038;p=4920"},"modified":"2026-02-25T15:15:14","modified_gmt":"2026-02-25T13:15:14","slug":"tripla-keszlet-csomag","status":"publish","type":"product","link":"https:\/\/growshroom.hu\/sl\/termekek\/tripla-keszlet-csomag","title":{"rendered":"Komplet za gojenje treh gob"},"content":{"rendered":"<details class=\"gs-acc\">\n<summary class=\"gs-h4\">Kak\u0161na je razlika med \u0161katlastimi kompleti in rastnimi bloki?<\/summary>\n<div class=\"gs-acc__content\">\n<p>Oba izdelka vsebujeta enak 2,2 kg rastni blok, vendar sta kompleta opremljena tudi z darilno \u0161katlo in razpr\u0161ilko, zato sta idealna za darilo.<\/p>\n<p>Poleg tega so sorte, ki so na voljo v \u0161katlah, priporo\u010dljive za za\u010detnike, medtem ko lahko najdete tudi naprednej\u0161e sorte v gojitvenih blokih. Nekatere od teh ne bodo dobro uspevale na kuhinjskem pultu, potrebujejo nadzorovano okolje. Za najbolj\u0161e rezultate priporo\u010damo uporabo gojitvene sobe ali gojitvenega \u0161otora. \u010ce nimate mo\u017enosti nadzora temperature, izberite blok, ki je primeren za va\u0161e podnebje!<\/p>\n<p>Pri gojenju na kuhinjskem pultu je uporaba gojitvenih blokov prav tako enostavna kot uporaba \u0161katlastih kompletov.<\/p>\n<p>Za podrobnej\u0161e informacije preberite <a href=\"https:\/\/growshroom.hu\/sl\/termoblokk-utmutato\/\">Vodnik po proizvodnih blokih<\/a> stran, kjer boste na\u0161li opise in nasvete za vsako sorto. \u010ce imate \u0161e kak\u0161na vpra\u0161anja, preberite <a href=\"https:\/\/growshroom.hu\/sl\/gyakran-ismetelt-kerdesek\/\">Pogosto zastavljena vpra\u0161anja<\/a> stran ali nam pi\u0161ite <a href=\"mailto:info@growshroom.hu\">po e-po\u0161ti<\/a>.<\/p>\n<\/div>\n<\/details>\n<details class=\"gs-acc\">\n<summary class=\"gs-h4\">Koliko gob bo pridelalo?<\/summary>\n<div class=\"gs-acc__content\">\n<p>Na\u0161i proizvodni bloki so komercialne velikosti. Ti 2,2 kg bloki bodo v idealnih pogojih v prvem obiranju dali povpre\u010dno 400\u2013600 g sve\u017eih gob.<\/p>\n<p>Na pridelek pomembno vplivajo rastni pogoji, zato bodite pozorni na priporo\u010deno okolje za dolo\u010deno vrsto gob, pa tudi na <a href=\"https:\/\/growshroom.hu\/sl\/termoblokk-utmutato\/\">Blok izdelkov v vodniku<\/a> kot je opisano, da se izognete razo\u010daranju.<\/p>\n<p>Seveda obstajajo razlike med posameznimi vrstami gob \u2013 na primer, nekatere ostrigarji imajo te\u017eja plodi\u0161\u010da kot druge sorte \u2013 vendar lahko s temi velikimi bloki zagotovo ra\u010dunate na lep in obilen prvi pridelek.<\/p>\n<p>Ker bloki vsebujejo veliko hranil, lahko obrodijo ve\u010d pridelka. Obi\u010dajno lahko pri\u010dakujete 2-3 pridelke, \u010de pa ste potrpe\u017eljivi in vztrajni, jih lahko dobite \u0161e ve\u010d.<br \/>\n<strong>Prva \u017eetev je vedno najve\u010dja in najhitrej\u0161a, vendar lahko med naslednjimi \u017eetvami mine tudi do nekaj tednov.<\/strong><\/p>\n<p><strong>Zagotavljamo vam va\u0161o prvo \u017eetev!<\/strong><\/p>\n<p>\u010ce 14 dni po odprtju bloka ni bilo sprememb, nam po\u0161ljite sliko po e-po\u0161ti in pomagali vam bomo ter vam po potrebi poslali nov proizvodni blok.<\/p>\n<p>Dodaten nasvet: po nekaj \u017eetvah pobran blok <strong>v obdobju brez zmrzali<\/strong> Vredno ga je postaviti na sen\u010dno, za\u0161\u010diteno mesto na vrtu in ga ohranjati vla\u017enega. Lahko ga postavite tudi plitvo v zemljo in ga prekrijete z listjem ali sesekljano slamo. To \u201egobje pokopali\u0161\u010de\u201d vas lahko ob pravi temperaturi ali po mo\u010dnem de\u017eju znova preseneti s sve\u017eimi gobami!<\/p>\n<\/div>\n<\/details>\n<h4 class=\"gs-h4\">Kako je bilo narejeno?<\/h4>\n<p>Osnova kompleta je rastni blok na osnovi slame ali lesa, prepleten z micelijem. Iz izolirane gobje kulture smo najprej na steriliziranem zrnju izdelali visoko \u010dist tako imenovani gobji kal\u010dek, nato pa smo ga zme\u0161ali s sesekljano slamo, da smo ustvarili rastni blok. Razburljiv del smo prepustili vam!<\/p>\n<p>Micelij, ki se prepleta skozi blok, je \u017eiv organizem, ki po prebavi hranil le \u010daka na prave okoljske pogoje, da oblikuje plodi\u0161\u010de, u\u017eitno gobo. Kisik in vlaga, ki prideta z odprtjem vre\u010dke, gobi sporo\u010data, da je pri\u0161el \u010das.<\/p>\n<h4 class=\"gs-h4\">Zagotovljen donos<\/h4>\n<p>Z redno in zadostno vlago bodo na\u0161i kompleti za gojenje gob zanesljivo obrodili, do 3-4 krat. Prvo \u017eetev pri\u010dakujemo v 14 dneh po odprtju bloka.<\/p>\n<p>Zagotavljamo vam va\u0161o prvo \u017eetev!<\/p>\n<p>\u010ce po 14 dneh od odprtja kompleta ni sprememb, nam po\u0161ljite sliko po e-po\u0161ti in pomagali vam bomo ter vam po potrebi poslali nov komplet.<\/p>\n<p>Obi\u010dajno je vsak naslednji pridelek nekoliko manj\u0161i od prej\u0161njega in se pojavi po dalj\u0161em \u010dasovnem obdobju. <strong>Med posameznimi obiranji lahko traja ve\u010d tednov, prosimo za potrpe\u017eljivost!<\/strong> Kako priporo\u010damo gojenje dodatnih pridelkov, je pojasnjeno v <a href=\"https:\/\/growshroom.hu\/sl\/reszletes-hasznalati-utmutato\/\">Podroben uporabni\u0161ki priro\u010dnik<\/a> lahko bere\u0161.<\/p>\n<h4 class=\"gs-h4\">Pametno darilo<\/h4>\n<p>Ne glede na to, ali \u017eelite ugoditi gurmanom ali ljubiteljskim vrtnarjem, lahko pogled na gobe, ki rastejo iz dneva v dan, navdu\u0161i tako odrasle kot otroke!<\/p>\n<p><strong>Pozor! Komplet lahko shranite le nekaj tednov!<\/strong><\/p>\n<p>Va\u0161 komplet vsebuje \u017eiv organizem, zato priporo\u010damo, da ga odprete takoj po prejemu. \u010ce nimate mo\u017enosti, ga lahko neodprtega shranite v hladilniku 4 tedne. Presnova micelija se v tem \u010dasu znatno upo\u010dasni.<\/p>\n<p>Izjema od tega je <strong>ro\u017enata ostrigarnica, ki je tropska, toplotno ljube\u010da goba, zato sestavka ni mogo\u010de shranjevati v hladilniku.<\/strong> Neodprto lahko hranite pri sobni temperaturi do 4 tedne.<\/p>\n<p>Med dalj\u0161im shranjevanjem ali pri sobni temperaturi se lahko v vre\u010dki za\u010dne pojavljati plesen. To ne bo vplivalo na nadaljnjo uporabo. \u010ce je plesen v dosegu pod obmo\u010djem, ki ste ga odrezali, jo preprosto odstranite.<\/p>\n<p>Blok, ki je dlje \u010dasa shranjen pri sobni temperaturi, bo po dolo\u010denem \u010dasu porabil vsa razpolo\u017eljiva hranila in se nato po\u010dasi za\u010del razgrajevati.<\/p>\n<h4 class=\"gs-h4\">Vredno ocenjevanja<\/h4>\n<p>Fotografirajte svojo letino! 14 dni po oddaji naro\u010dila vam bomo poslali e-po\u0161to, da boste lahko ocenili zalogo. Vse<strong> fotografski <\/strong>Nagradili vas bomo s kuponom 20%, ki nima veljavnosti, je prosto uporaben in prenosljiv. Uporabite ga ali ga posredujte naprej!<\/p>\n<h4 class=\"gs-h4\">Ne pozabite na uporabni\u0161ki priro\u010dnik!<\/h4>\n<p>Na hrbtni strani \u0161katle boste na\u0161li tudi kratka navodila, vendar za najbolj\u0161e rezultate priporo\u010damo, da jih pred uporabo preberete. <a href=\"https:\/\/growshroom.hu\/sl\/reszletes-hasznalati-utmutato-laskagomba\/\">Podroben uporabni\u0161ki priro\u010dnik<\/a> in <a href=\"https:\/\/growshroom.hu\/sl\/gyakran-ismetelt-kerdesek\/\">Pogosto zastavljena vpra\u0161anja<\/a> tudi to berem.<\/p>","protected":false},"excerpt":{"rendered":"<p>&nbsp;<\/p>\n<p style=\"text-align: center;\">Izberite 3 komplete poljubne vrste in naro\u010dite s popustom 15%!<\/p>\n<p>&nbsp;<\/p>","protected":false},"featured_media":4921,"comment_status":"open","ping_status":"closed","template":"","meta":{"_acf_changed":false,"inline_featured_image":false,"_uag_custom_page_level_css":"","site-sidebar-layout":"default","site-content-layout":"","ast-site-content-layout":"default","site-content-style":"default","site-sidebar-style":"default","ast-global-header-display":"","ast-banner-title-visibility":"","ast-main-header-display":"","ast-hfb-above-header-display":"","ast-hfb-below-header-display":"","ast-hfb-mobile-header-display":"","site-post-title":"","ast-breadcrumbs-content":"","ast-featured-img":"","footer-sml-layout":"","ast-disable-related-posts":"","theme-transparent-header-meta":"default","adv-header-id-meta":"","stick-header-meta":"","header-above-stick-meta":"","header-main-stick-meta":"","header-below-stick-meta":"","astra-migrate-meta-layouts":"set","ast-page-background-enabled":"default","ast-page-background-meta":{"desktop":{"background-color":"var(--ast-global-color-4)","background-image":"","background-repeat":"repeat","background-position":"center center","background-size":"auto","background-attachment":"scroll","background-type":"","background-media":"","overlay-type":"","overlay-color":"","overlay-opacity":"","overlay-gradient":""},"tablet":{"background-color":"","background-image":"","background-repeat":"repeat","background-position":"center center","background-size":"auto","background-attachment":"scroll","background-type":"","background-media":"","overlay-type":"","overlay-color":"","overlay-opacity":"","overlay-gradient":""},"mobile":{"background-color":"","background-image":"","background-repeat":"repeat","background-position":"center center","background-size":"auto","background-attachment":"scroll","background-type":"","background-media":"","overlay-type":"","overlay-color":"","overlay-opacity":"","overlay-gradient":""}},"ast-content-background-meta":{"desktop":{"background-color":"var(--ast-global-color-5)","background-image":"","background-repeat":"repeat","background-position":"center center","background-size":"auto","background-attachment":"scroll","background-type":"","background-media":"","overlay-type":"","overlay-color":"","overlay-opacity":"","overlay-gradient":""},"tablet":{"background-color":"var(--ast-global-color-5)","background-image":"","background-repeat":"repeat","background-position":"center center","background-size":"auto","background-attachment":"scroll","background-type":"","background-media":"","overlay-type":"","overlay-color":"","overlay-opacity":"","overlay-gradient":""},"mobile":{"background-color":"var(--ast-global-color-5)","background-image":"","background-repeat":"repeat","background-position":"center center","background-size":"auto","background-attachment":"scroll","background-type":"","background-media":"","overlay-type":"","overlay-color":"","overlay-opacity":"","overlay-gradient":""}}},"product_brand":[],"product_cat":[26],"product_tag":[],"class_list":{"0":"post-4920","1":"product","2":"type-product","3":"status-publish","4":"has-post-thumbnail","6":"product_cat-dobozos-keszletek","7":"desktop-align-center","8":"tablet-align-left","9":"mobile-align-left","11":"first","12":"instock","13":"sale","14":"sold-individually","15":"shipping-taxable","16":"purchasable","17":"product-type-woosb"},"acf":[],"uagb_featured_image_src":{"full":["https:\/\/growshroom.hu\/wp-content\/uploads\/2025\/11\/tripla-keszlet-csomag.png",1000,1000,false],"thumbnail":["https:\/\/growshroom.hu\/wp-content\/uploads\/2025\/11\/tripla-keszlet-csomag-150x150.png",150,150,true],"medium":["https:\/\/growshroom.hu\/wp-content\/uploads\/2025\/11\/tripla-keszlet-csomag-300x300.png",300,300,true],"medium_large":["https:\/\/growshroom.hu\/wp-content\/uploads\/2025\/11\/tripla-keszlet-csomag-768x768.png",768,768,true],"large":["https:\/\/growshroom.hu\/wp-content\/uploads\/2025\/11\/tripla-keszlet-csomag.png",1000,1000,false],"1536x1536":["https:\/\/growshroom.hu\/wp-content\/uploads\/2025\/11\/tripla-keszlet-csomag.png",1000,1000,false],"2048x2048":["https:\/\/growshroom.hu\/wp-content\/uploads\/2025\/11\/tripla-keszlet-csomag.png",1000,1000,false],"trp-custom-language-flag":["https:\/\/growshroom.hu\/wp-content\/uploads\/2025\/11\/tripla-keszlet-csomag-12x12.png",12,12,true],"woocommerce_thumbnail":["https:\/\/growshroom.hu\/wp-content\/uploads\/2025\/11\/tripla-keszlet-csomag-300x300.png",300,300,true],"woocommerce_single":["https:\/\/growshroom.hu\/wp-content\/uploads\/2025\/11\/tripla-keszlet-csomag-600x600.png",600,600,true],"woocommerce_gallery_thumbnail":["https:\/\/growshroom.hu\/wp-content\/uploads\/2025\/11\/tripla-keszlet-csomag-100x100.png",100,100,true]},"uagb_author_info":{"display_name":"growshroom","author_link":"https:\/\/growshroom.hu\/sl\/author"},"uagb_comment_info":3,"uagb_excerpt":"&nbsp; V\u00e1lassz 3 b\u00e1rmilyen k\u00e9szletet, \u00e9s rendeld meg 15% kedvezm\u00e9nnyel! &nbsp;","tiered_pricing_type":"fixed","tiered_pricing_fixed_rules":[],"tiered_pricing_product_settings":{"layout":"default","base_unit_name":{"singular":null,"plural":null},"default_variation":null},"tiered_pricing_minimum_quantity":null,"tiered_pricing_roles_data":[],"tiered_pricing_percentage_rules":[],"tiered_pricing_maximum_quantity":null,"tiered_pricing_quantity_step":null,"_links":{"self":[{"href":"https:\/\/growshroom.hu\/sl\/wp-json\/wp\/v2\/product\/4920","targetHints":{"allow":["GET"]}}],"collection":[{"href":"https:\/\/growshroom.hu\/sl\/wp-json\/wp\/v2\/product"}],"about":[{"href":"https:\/\/growshroom.hu\/sl\/wp-json\/wp\/v2\/types\/product"}],"replies":[{"embeddable":true,"href":"https:\/\/growshroom.hu\/sl\/wp-json\/wp\/v2\/comments?post=4920"}],"wp:featuredmedia":[{"embeddable":true,"href":"https:\/\/growshroom.hu\/sl\/wp-json\/wp\/v2\/media\/4921"}],"wp:attachment":[{"href":"https:\/\/growshroom.hu\/sl\/wp-json\/wp\/v2\/media?parent=4920"}],"wp:term":[{"taxonomy":"product_brand","embeddable":true,"href":"https:\/\/growshroom.hu\/sl\/wp-json\/wp\/v2\/product_brand?post=4920"},{"taxonomy":"product_cat","embeddable":true,"href":"https:\/\/growshroom.hu\/sl\/wp-json\/wp\/v2\/product_cat?post=4920"},{"taxonomy":"product_tag","embeddable":true,"href":"https:\/\/growshroom.hu\/sl\/wp-json\/wp\/v2\/product_tag?post=4920"}],"curies":[{"name":"wp","href":"https:\/\/api.w.org\/{rel}","templated":true}]}}