{"id":5751,"date":"2026-01-28T14:04:06","date_gmt":"2026-01-28T12:04:06","guid":{"rendered":"https:\/\/growshroom.hu\/?post_type=product&#038;p=5751"},"modified":"2026-02-25T15:16:11","modified_gmt":"2026-02-25T13:16:11","slug":"tripla-termoblokk-csomag","status":"publish","type":"product","link":"https:\/\/growshroom.hu\/sk\/termekek\/tripla-termoblokk-csomag","title":{"rendered":"Bal\u00edk trojit\u00e9ho v\u00fdrobn\u00e9ho bloku"},"content":{"rendered":"<details class=\"gs-acc\">\n<summary class=\"gs-h4\">Ak\u00fd je rozdiel medzi krabicov\u00fdmi sadami a pestovate\u013esk\u00fdmi blokmi?<\/summary>\n<div class=\"gs-acc__content\">\n<p>Oba produkty obsahuj\u00fa rovnak\u00fd 2,2 kg pestovate\u013esk\u00fd blok, ale sady sa dod\u00e1vaj\u00fa aj s dar\u010dekovou krabi\u010dkou a rozpra\u0161ova\u010dom, tak\u017ee s\u00fa ide\u00e1lne ako dar\u010dek.<\/p>\n<p>Okrem toho, odrody dostupn\u00e9 v krabicov\u00fdch s\u00faprav\u00e1ch sa odpor\u00fa\u010daj\u00fa pre za\u010diato\u010dn\u00edkov, zatia\u013e \u010do pokro\u010dilej\u0161ie odrody n\u00e1jdete aj v pestovate\u013esk\u00fdch blokoch. Niektor\u00e9 z nich nebud\u00fa dobre r\u00e1s\u0165 na kuchynskej linke, potrebuj\u00fa kontrolovan\u00e9 prostredie. Pre dosiahnutie najlep\u0161\u00edch v\u00fdsledkov odpor\u00fa\u010dame pou\u017ei\u0165 pestovate\u013esk\u00fa miestnos\u0165 alebo pestovate\u013esk\u00fd stan. Ak nem\u00e1te mo\u017enos\u0165 regulova\u0165 teplotu, vyberte si blok, ktor\u00fd je vhodn\u00fd pre va\u0161e podnebie!<\/p>\n<p>Pri pestovan\u00ed na kuchynskej linke je pou\u017eitie pestovate\u013esk\u00fdch blokov rovnako jednoduch\u00e9 ako pou\u017eitie krabicov\u00fdch s\u00faprav.<\/p>\n<p>Podrobn\u00e9 inform\u00e1cie n\u00e1jdete v <a href=\"https:\/\/growshroom.hu\/sk\/termoblokk-utmutato\/\">Sprievodca v\u00fdrobn\u00fdm blokom<\/a> str\u00e1nku, kde n\u00e1jdete popisy a tipy pre jednotliv\u00e9 odrody. Ak m\u00e1te \u010fal\u0161ie ot\u00e1zky, pre\u010d\u00edtajte si <a href=\"https:\/\/growshroom.hu\/sk\/gyakran-ismetelt-kerdesek\/\">\u010casto kladen\u00e9 ot\u00e1zky<\/a> str\u00e1nku alebo n\u00e1m nap\u00ed\u0161te <a href=\"mailto:info@growshroom.hu\">e-mailom<\/a>.<\/p>\n<\/div>\n<\/details>\n<details class=\"gs-acc\">\n<summary class=\"gs-h4\">Ko\u013eko h\u00fab vyprodukuje?<\/summary>\n<div class=\"gs-acc__content\">\n<p>Na\u0161e v\u00fdrobn\u00e9 bloky s\u00fa komer\u010dnej ve\u013ekosti. Tieto 2,2 kg bloky za ide\u00e1lnych podmienok prines\u00fa po\u010das prv\u00e9ho zberu priemerne 400 \u2013 600 g \u010derstv\u00fdch h\u00fab.<\/p>\n<p>V\u00fdnos je v\u00fdrazne ovplyvnen\u00fd pestovate\u013esk\u00fdmi podmienkami, preto venujte pozornos\u0165 odpor\u00fa\u010dan\u00e9mu prostrediu pre dan\u00fd druh h\u00fab, ako aj <a href=\"https:\/\/growshroom.hu\/sk\/termoblokk-utmutato\/\">Blok produktu v sprievodcovi<\/a> ako je pop\u00edsan\u00e9, aby sa predi\u0161lo sklamaniu.<\/p>\n<p>Samozrejme, medzi jednotliv\u00fdmi druhmi h\u00fab existuj\u00fa rozdiely \u2013 napr\u00edklad niektor\u00e9 hlivy ustricov\u00e9 produkuj\u00fa \u0165a\u017e\u0161ie plodnice ako in\u00e9 odrody \u2013 ale s t\u00fdmito ve\u013ek\u00fdmi blokmi sa ur\u010dite m\u00f4\u017eete spo\u013eahn\u00fa\u0165 na pekn\u00fa a bohat\u00fa prv\u00fa \u00farodu.<\/p>\n<p>Ke\u010f\u017ee bloky obsahuj\u00fa vysok\u00e9 mno\u017estvo \u017eiv\u00edn, m\u00f4\u017eu prinies\u0165 viacero \u00farod. Zvy\u010dajne m\u00f4\u017eete o\u010dak\u00e1va\u0165 2 \u2013 3 \u00farody, ale ak ste trpezliv\u00ed a vytrval\u00ed, m\u00f4\u017eete ich z\u00edska\u0165 aj viac.<br \/>\n<strong>Prv\u00e1 \u00faroda je v\u017edy najv\u00e4\u010d\u0161ia a najr\u00fdchlej\u0161ia, ale medzi \u010fal\u0161\u00edmi \u00farodami m\u00f4\u017ee by\u0165 odstup a\u017e nieko\u013eko t\u00fd\u017ed\u0148ov.<\/strong><\/p>\n<p><strong>Garantujeme v\u00e1m va\u0161u prv\u00fa \u00farodu!<\/strong><\/p>\n<p>Ak po otvoren\u00ed bloku nenastala \u017eiadna zmena do 14 dn\u00ed, po\u0161lite n\u00e1m fotografiu e-mailom a my v\u00e1m pom\u00f4\u017eeme a v pr\u00edpade potreby v\u00e1m za\u0161leme nov\u00fd v\u00fdrobn\u00fd blok.<\/p>\n<p>Extra tip: po nieko\u013ek\u00fdch zberoch \u00farody zozbieran\u00fd blok <strong>po\u010das obdobia bez mrazov<\/strong> Oplat\u00ed sa ho umiestni\u0165 na tienist\u00e9, chr\u00e1nen\u00e9 miesto v z\u00e1hrade a udr\u017eiava\u0165 ho vlhk\u00fd. M\u00f4\u017eete ho tie\u017e umiestni\u0165 plytko do zeme a prikry\u0165 ho listami alebo nasekanou slamou. Tento \u201ehubov\u00fd cintor\u00edn\u201d v\u00e1s pri spr\u00e1vnej teplote alebo po silnom da\u017edi m\u00f4\u017ee op\u00e4\u0165 prekvapi\u0165 \u010derstv\u00fdmi hubami!<\/p>\n<\/div>\n<\/details>\n<h4 class=\"gs-h4\">Ako to bolo vyroben\u00e9?<\/h4>\n<p>Semenn\u00fd blok nie je ni\u010d in\u00e9 ako slama alebo piliny kolonizovan\u00e9 hubov\u00fdm myc\u00e9liom. Z izolovanej hubovej kult\u00fary sme najprv pripravili vysoko \u010dist\u00fd takzvan\u00fd hubov\u00fd kl\u00ed\u010dok na sterilizovanom zrne a potom sme ho zmie\u0161ali so nasekanou slamou, aby sme vytvorili semenn\u00fd blok. Vzru\u0161uj\u00facu \u010das\u0165 sme nechali na v\u00e1s!<\/p>\n<p>Myc\u00e9lium, ktor\u00e9 sa vinie cez blok, je \u017eiv\u00fd organizmus, ktor\u00fd po str\u00e1ven\u00ed \u017eiv\u00edn len \u010dak\u00e1 na vhodn\u00e9 podmienky prostredia, aby vytvoril plodnicu, jedl\u00fa hubu. Kysl\u00edk a vlhkos\u0165, ktor\u00e9 sa uvo\u013e\u0148uj\u00fa po otvoren\u00ed vrecka, signalizuj\u00fa hube, \u017ee nadi\u0161iel \u010das.<\/p>\n<h4 class=\"gs-h4\">Skladovanie<\/h4>\n<p><strong>Upozornenie: Ak ho neotvor\u00edte do nieko\u013ek\u00fdch dn\u00ed, ulo\u017ete ho do chladni\u010dky!<\/strong><\/p>\n<p>Va\u0161a s\u00faprava obsahuje \u017eiv\u00fd organizmus, preto odpor\u00fa\u010dame, aby ste ju po prijat\u00ed otvorili. Ak nem\u00e1te mo\u017enos\u0165, m\u00f4\u017eete ju neotvoren\u00fa skladova\u0165 v chladni\u010dke 4 t\u00fd\u017edne. Metabolizmus myc\u00e9lia sa po\u010das tejto doby v\u00fdrazne spoma\u013euje.<\/p>\n<p>V\u00fdnimkou z tohto je <strong>ru\u017eov\u00e1 hliva ustricov\u00e1, \u010do je tropick\u00e1, teplomiln\u00e1 huba, tak\u017ee sadu nemo\u017eno skladova\u0165 v chladni\u010dke.<\/strong> Neotvoren\u00e9 sa m\u00f4\u017ee skladova\u0165 pri izbovej teplote a\u017e 4 t\u00fd\u017edne.<\/p>\n<p>Po\u010das dlh\u0161ieho skladovania alebo pri izbovej teplote sa vo vn\u00fatri vrecka m\u00f4\u017ee za\u010da\u0165 tvori\u0165 plese\u0148. To neovplyvn\u00ed jeho \u010fal\u0161ie pou\u017eitie. Ak sa plese\u0148 nach\u00e1dza v dosahu pod odrezanou oblas\u0165ou, jednoducho ju odstr\u00e1\u0148te.<\/p>\n<p>Blok skladovan\u00fd pri izbovej teplote dlh\u0161\u00ed \u010das po \u010dase spotrebuje v\u0161etky dostupn\u00e9 \u017eiviny a potom sa za\u010dne pomaly rozklada\u0165.<\/p>\n<h4 class=\"gs-h4\">Stoj\u00ed za zhodnotenie<\/h4>\n<p>Odfo\u0165te si svoju \u00farodu! 14 dn\u00ed po zadan\u00ed objedn\u00e1vky v\u00e1m po\u0161leme e-mail, v ktorom budete m\u00f4c\u0165 svoju objedn\u00e1vku ohodnoti\u0165. V\u0161etko<strong> fotografick\u00fd <\/strong>Odmen\u00edme v\u00e1s neplatn\u00fdm, vo\u013ene pou\u017eite\u013en\u00fdm a prenosn\u00fdm kup\u00f3nom 20%. Pou\u017eite ho alebo ho po\u0161lite \u010falej!<\/p>","protected":false},"excerpt":{"rendered":"<p>&nbsp;<\/p>\n<p style=\"text-align: center;\">Vyberte si 3 \u013eubovo\u013en\u00e9 v\u00fdrobn\u00e9 bloky a objednajte si ich so z\u013eavou 10%!<\/p>\n<p>&nbsp;<\/p>","protected":false},"featured_media":5672,"comment_status":"open","ping_status":"closed","template":"","meta":{"_acf_changed":false,"inline_featured_image":false,"_uag_custom_page_level_css":"","site-sidebar-layout":"default","site-content-layout":"","ast-site-content-layout":"default","site-content-style":"default","site-sidebar-style":"default","ast-global-header-display":"","ast-banner-title-visibility":"","ast-main-header-display":"","ast-hfb-above-header-display":"","ast-hfb-below-header-display":"","ast-hfb-mobile-header-display":"","site-post-title":"","ast-breadcrumbs-content":"","ast-featured-img":"","footer-sml-layout":"","ast-disable-related-posts":"","theme-transparent-header-meta":"default","adv-header-id-meta":"","stick-header-meta":"","header-above-stick-meta":"","header-main-stick-meta":"","header-below-stick-meta":"","astra-migrate-meta-layouts":"set","ast-page-background-enabled":"default","ast-page-background-meta":{"desktop":{"background-color":"var(--ast-global-color-4)","background-image":"","background-repeat":"repeat","background-position":"center center","background-size":"auto","background-attachment":"scroll","background-type":"","background-media":"","overlay-type":"","overlay-color":"","overlay-opacity":"","overlay-gradient":""},"tablet":{"background-color":"","background-image":"","background-repeat":"repeat","background-position":"center center","background-size":"auto","background-attachment":"scroll","background-type":"","background-media":"","overlay-type":"","overlay-color":"","overlay-opacity":"","overlay-gradient":""},"mobile":{"background-color":"","background-image":"","background-repeat":"repeat","background-position":"center center","background-size":"auto","background-attachment":"scroll","background-type":"","background-media":"","overlay-type":"","overlay-color":"","overlay-opacity":"","overlay-gradient":""}},"ast-content-background-meta":{"desktop":{"background-color":"var(--ast-global-color-5)","background-image":"","background-repeat":"repeat","background-position":"center center","background-size":"auto","background-attachment":"scroll","background-type":"","background-media":"","overlay-type":"","overlay-color":"","overlay-opacity":"","overlay-gradient":""},"tablet":{"background-color":"var(--ast-global-color-5)","background-image":"","background-repeat":"repeat","background-position":"center center","background-size":"auto","background-attachment":"scroll","background-type":"","background-media":"","overlay-type":"","overlay-color":"","overlay-opacity":"","overlay-gradient":""},"mobile":{"background-color":"var(--ast-global-color-5)","background-image":"","background-repeat":"repeat","background-position":"center center","background-size":"auto","background-attachment":"scroll","background-type":"","background-media":"","overlay-type":"","overlay-color":"","overlay-opacity":"","overlay-gradient":""}}},"product_brand":[],"product_cat":[85],"product_tag":[],"class_list":{"0":"post-5751","1":"product","2":"type-product","3":"status-publish","4":"has-post-thumbnail","6":"product_cat-termoblokkok","7":"desktop-align-center","8":"tablet-align-left","9":"mobile-align-left","11":"first","12":"instock","13":"sale","14":"sold-individually","15":"shipping-taxable","16":"purchasable","17":"product-type-woosb"},"acf":[],"uagb_featured_image_src":{"full":["https:\/\/growshroom.hu\/wp-content\/uploads\/2026\/01\/blokk-tripla-csomag.png",1000,1000,false],"thumbnail":["https:\/\/growshroom.hu\/wp-content\/uploads\/2026\/01\/blokk-tripla-csomag-150x150.png",150,150,true],"medium":["https:\/\/growshroom.hu\/wp-content\/uploads\/2026\/01\/blokk-tripla-csomag-300x300.png",300,300,true],"medium_large":["https:\/\/growshroom.hu\/wp-content\/uploads\/2026\/01\/blokk-tripla-csomag-768x768.png",768,768,true],"large":["https:\/\/growshroom.hu\/wp-content\/uploads\/2026\/01\/blokk-tripla-csomag.png",1000,1000,false],"1536x1536":["https:\/\/growshroom.hu\/wp-content\/uploads\/2026\/01\/blokk-tripla-csomag.png",1000,1000,false],"2048x2048":["https:\/\/growshroom.hu\/wp-content\/uploads\/2026\/01\/blokk-tripla-csomag.png",1000,1000,false],"trp-custom-language-flag":["https:\/\/growshroom.hu\/wp-content\/uploads\/2026\/01\/blokk-tripla-csomag-12x12.png",12,12,true],"woocommerce_thumbnail":["https:\/\/growshroom.hu\/wp-content\/uploads\/2026\/01\/blokk-tripla-csomag-300x300.png",300,300,true],"woocommerce_single":["https:\/\/growshroom.hu\/wp-content\/uploads\/2026\/01\/blokk-tripla-csomag-600x600.png",600,600,true],"woocommerce_gallery_thumbnail":["https:\/\/growshroom.hu\/wp-content\/uploads\/2026\/01\/blokk-tripla-csomag-100x100.png",100,100,true]},"uagb_author_info":{"display_name":"growshroom","author_link":"https:\/\/growshroom.hu\/sk\/author"},"uagb_comment_info":0,"uagb_excerpt":"&nbsp; V\u00e1lassz 3 b\u00e1rmilyen term\u0151blokkot, \u00e9s rendeld meg 10% kedvezm\u00e9nnyel! &nbsp;","tiered_pricing_type":"fixed","tiered_pricing_fixed_rules":[],"tiered_pricing_product_settings":{"layout":"default","base_unit_name":{"singular":null,"plural":null},"default_variation":null},"tiered_pricing_minimum_quantity":null,"tiered_pricing_roles_data":[],"tiered_pricing_percentage_rules":[],"tiered_pricing_maximum_quantity":null,"tiered_pricing_quantity_step":null,"_links":{"self":[{"href":"https:\/\/growshroom.hu\/sk\/wp-json\/wp\/v2\/product\/5751","targetHints":{"allow":["GET"]}}],"collection":[{"href":"https:\/\/growshroom.hu\/sk\/wp-json\/wp\/v2\/product"}],"about":[{"href":"https:\/\/growshroom.hu\/sk\/wp-json\/wp\/v2\/types\/product"}],"replies":[{"embeddable":true,"href":"https:\/\/growshroom.hu\/sk\/wp-json\/wp\/v2\/comments?post=5751"}],"wp:featuredmedia":[{"embeddable":true,"href":"https:\/\/growshroom.hu\/sk\/wp-json\/wp\/v2\/media\/5672"}],"wp:attachment":[{"href":"https:\/\/growshroom.hu\/sk\/wp-json\/wp\/v2\/media?parent=5751"}],"wp:term":[{"taxonomy":"product_brand","embeddable":true,"href":"https:\/\/growshroom.hu\/sk\/wp-json\/wp\/v2\/product_brand?post=5751"},{"taxonomy":"product_cat","embeddable":true,"href":"https:\/\/growshroom.hu\/sk\/wp-json\/wp\/v2\/product_cat?post=5751"},{"taxonomy":"product_tag","embeddable":true,"href":"https:\/\/growshroom.hu\/sk\/wp-json\/wp\/v2\/product_tag?post=5751"}],"curies":[{"name":"pracovn\u00fd list","href":"https:\/\/api.w.org\/{rel}","templated":true}]}}