{"id":1784,"date":"2025-06-16T13:48:33","date_gmt":"2025-06-16T13:48:33","guid":{"rendered":"https:\/\/growshroom.hu\/cookie-szabalyzat\/"},"modified":"2025-08-28T08:23:29","modified_gmt":"2025-08-28T06:23:29","slug":"cookie-tajekoztato","status":"publish","type":"page","link":"https:\/\/growshroom.hu\/sk\/cookie-tajekoztato","title":{"rendered":"Inform\u00e1cie o s\u00faboroch cookie"},"content":{"rendered":"<h1 class=\"wp-block-heading\" style=\"border-top-style:none;border-top-width:0px;border-right-style:none;border-right-width:0px;border-bottom-width:1px;border-left-style:none;border-left-width:0px;margin-top:0rem;margin-bottom:var(--wp--preset--spacing--50);padding-bottom:var(--wp--preset--spacing--50)\">Inform\u00e1cie o s\u00faboroch cookie<\/h1>\n\n\n\n<p class=\"body\"><strong>PLATN\u00c9 OD: 13. J\u00daNA 2025.<\/strong><\/p>\n\n\n\n<h5 class=\"wp-block-heading\">Ak chcete pou\u017e\u00edva\u0165 str\u00e1nku a zad\u00e1va\u0165 objedn\u00e1vky, mus\u00edte sa obozn\u00e1mi\u0165 so z\u00e1sadami pou\u017e\u00edvania s\u00faborov cookie na str\u00e1nke.<\/h5>\n\n\n\n<p><strong>\u010co s\u00fa s\u00fabory cookie?<\/strong><\/p>\n\n\n\n<p>S\u00fabory cookie s\u00fa mal\u00e9 textov\u00e9 s\u00fabory obsahuj\u00face inform\u00e1cie, ktor\u00e9 v\u00e1\u0161 prehliada\u010d uklad\u00e1 do v\u00e1\u0161ho po\u010d\u00edta\u010da, mobiln\u00e9ho telef\u00f3nu alebo in\u00e9ho zariadenia pri n\u00e1v\u0161teve webovej str\u00e1nky. S\u00fabory cookie odosielaj\u00fa inform\u00e1cie na dan\u00fa webov\u00fa str\u00e1nku v\u017edy, ke\u010f sa na webov\u00fa str\u00e1nku vr\u00e1tite.<\/p>\n\n\n\n<p>S\u00fabory cookie m\u00f4\u017eu by\u0165 trval\u00e9, ktor\u00e9 zost\u00e1vaj\u00fa v po\u010d\u00edta\u010di pou\u017e\u00edvate\u013ea, k\u00fdm nie s\u00fa vymazan\u00e9, alebo do\u010dasn\u00e9 (tzv. rela\u010dn\u00e9 s\u00fabory cookie), ktor\u00e9 sa uchov\u00e1vaj\u00fa iba dovtedy, k\u00fdm nie je webov\u00fd prehliada\u010d zatvoren\u00fd. S\u00fabory cookie m\u00f4\u017eu by\u0165 intern\u00e9 s\u00fabory cookie, ktor\u00e9 nastavuje webov\u00e1 str\u00e1nka, ktor\u00fa nav\u0161tevujete, alebo s\u00fabory cookie tret\u00edch str\u00e1n, t. j. s\u00fabory cookie, ktor\u00e9 nenastavuje webov\u00e1 str\u00e1nka, ktor\u00fa nav\u0161tevujete.<\/p>\n\n\n\n<p><strong>Ako pou\u017e\u00edva growshroom s\u00fabory cookie?<\/strong><\/p>\n\n\n\n<p>N\u00e1\u0161 internetov\u00fd obchod pou\u017e\u00edva s\u00fabory cookie na zlep\u0161enie pon\u00fakan\u00fdch slu\u017eieb, u\u013eah\u010denie navig\u00e1cie medzi str\u00e1nkami, zaznamen\u00e1vanie pou\u017e\u00edvate\u013esk\u00fdch preferenci\u00ed a zlep\u0161enie pou\u017e\u00edvate\u013esk\u00e9ho z\u00e1\u017eitku.<\/p>\n\n\n\n<p><strong>S\u00fabory cookie pou\u017e\u00edvan\u00e9 slu\u017ebou growshroom a ich \u00fa\u010del<\/strong><\/p>\n\n\n\n<p>S\u00fabory cookie pou\u017e\u00edvan\u00e9 na na\u0161ich webov\u00fdch str\u00e1nkach spadaj\u00fa do nasleduj\u00facich kateg\u00f3ri\u00ed (pod\u013ea smern\u00edc o s\u00faboroch cookie Medzin\u00e1rodnej obchodnej komory):<\/p>\n\n\n\n<p><strong>Nevyhnutne potrebn\u00e9 s\u00fabory cookie:<\/strong><\/p>\n\n\n\n<p>Pou\u017e\u00edvanie nevyhnutne potrebn\u00fdch s\u00faborov cookie umo\u017e\u0148uje pou\u017e\u00edvate\u013eovi navig\u00e1ciu na webovej str\u00e1nke a pou\u017e\u00edvanie slu\u017eieb, ktor\u00e9 potrebuje, napr\u00edklad pr\u00edstup k zabezpe\u010den\u00fdm oblastiam webovej str\u00e1nky.<\/p>\n\n\n\n<p><strong>S\u00fabory cookie na meranie v\u00fdkonu:<\/strong><\/p>\n\n\n\n<p>V\u00fdkonnostn\u00e9 s\u00fabory cookie zhroma\u017e\u010fuj\u00fa inform\u00e1cie okrem in\u00e9ho o webov\u00fdch str\u00e1nkach, ktor\u00e9 pou\u017e\u00edvatelia nav\u0161tevuj\u00fa naj\u010dastej\u0161ie, ale nezhroma\u017e\u010fuj\u00fa \u00fadaje, ktor\u00e9 by pom\u00e1hali identifikova\u0165 jednotliv\u00fdch n\u00e1v\u0161tevn\u00edkov. Zhroma\u017e\u010fuj\u00fa iba \u00fadaje zo s\u00fahrnn\u00fdch a anonymn\u00fdch zdrojov.<\/p>\n\n\n\n<p>Tieto s\u00fabory cookie pou\u017e\u00edvame na: \u2013 zhroma\u017e\u010fovanie \u0161tatistick\u00fdch \u00fadajov o pou\u017e\u00edvan\u00ed na\u0161ich webov\u00fdch str\u00e1nok, \u2013 a meranie \u00fa\u010dinnosti reklamn\u00fdch kampan\u00ed v danej cie\u013eovej skupine.<\/p>\n\n\n\n<p>V\u00fdkonnostn\u00e9 s\u00fabory cookie m\u00f4\u017eu by\u0165 trval\u00e9 alebo do\u010dasn\u00e9 a m\u00f4\u017eu by\u0165 nastaven\u00e9 s\u00fabormi cookie prvej alebo tretej strany. Ich \u00fa\u010delom je zhroma\u017e\u010fova\u0165 anonymn\u00e9 \u00fadaje o webov\u00fdch str\u00e1nkach, ktor\u00e9 nav\u0161tevujete, a reklam\u00e1ch, ktor\u00e9 si prezer\u00e1te.<\/p>\n\n\n\n<p><strong>S\u00fabory cookie pou\u017e\u00edvan\u00e9 na zlep\u0161enie reklamnej aktivity:<\/strong><\/p>\n\n\n\n<p>Tieto s\u00fabory cookie v\u00e1m umo\u017e\u0148uj\u00fa obmedzi\u0165 po\u010det zobrazen\u00ed rekl\u00e1m a pou\u017e\u00edvaj\u00fa sa na meranie \u00fa\u010dinnosti reklamn\u00fdch kampan\u00ed v danej cie\u013eovej skupine.<\/p>\n\n\n\n<p>S\u00fabory cookie na zlep\u0161enie reklamnej aktivity n\u00e1m umo\u017e\u0148uj\u00fa spravova\u0165 reklamy zobrazovan\u00e9 na webovej str\u00e1nke.<\/p>\n\n\n\n<p>S\u00fabory cookie pou\u017e\u00edvan\u00e9 na zlep\u0161enie reklamnej aktivity s\u00fa trval\u00e9 alebo do\u010dasn\u00e9 s\u00fabory cookie umiestnen\u00e9 tret\u00edmi stranami, t. j. inzerentmi a ich z\u00e1stupcami, ktor\u00e9 v skuto\u010dnosti s\u00favisia s reklamn\u00fdmi slu\u017ebami umiestnen\u00fdmi tret\u00edmi stranami na webovej str\u00e1nke growshroom.<\/p>\n\n\n\n<p><strong>In\u00e9 s\u00fabory cookie umiestnen\u00e9 tret\u00edmi stranami:<\/strong><\/p>\n\n\n\n<p>Niektor\u00e9 z na\u0161ich webov\u00fdch str\u00e1nok m\u00f4\u017eu zobrazova\u0165 obsah zo slu\u017eieb, ako s\u00fa Facebook alebo Instagram, a \u010fal\u0161\u00edch. Upozor\u0148ujeme, \u017ee nem\u00e1me \u017eiadny vplyv na s\u00fabory cookie pou\u017e\u00edvan\u00e9 t\u00fdmito slu\u017ebami, preto sa oplat\u00ed skontrolova\u0165 pr\u00edslu\u0161n\u00e9 inform\u00e1cie na pr\u00edslu\u0161n\u00fdch extern\u00fdch webov\u00fdch str\u00e1nkach.<\/p>\n\n\n\n<p><strong>Spr\u00e1va a odstra\u0148ovanie s\u00faborov cookie<\/strong><\/p>\n\n\n\n<p>Ak chcete obmedzi\u0165, zablokova\u0165 alebo odstr\u00e1ni\u0165 s\u00fabory cookie, m\u00f4\u017eete tak urobi\u0165 v nastaveniach webov\u00e9ho prehliada\u010da. V z\u00e1vislosti od typu prehliada\u010da, ktor\u00fd pou\u017e\u00edvate, sa kroky, ktor\u00e9 je potrebn\u00e9 dodr\u017ea\u0165, m\u00f4\u017eu mierne l\u00ed\u0161i\u0165. Viac inform\u00e1ci\u00ed z\u00edskate kliknut\u00edm na jeden z ni\u017e\u0161ie uveden\u00fdch odkazov:<\/p>\n\n\n\n<p><strong>Internet Explorer<\/strong><\/p>\n\n\n\n<p><a href=\"http:\/\/support.microsoft.com\/kb\/196955\" target=\"_blank\" rel=\"noopener\">http:\/\/support.microsoft.com\/kb\/196955<\/a><\/p>\n\n\n\n<p><strong>Firefox<\/strong><\/p>\n\n\n\n<p><a href=\"http:\/\/support.mozilla.org\/HU\/kb\/Cookies\" target=\"_blank\" rel=\"noopener\">http:\/\/support.mozilla.org\/HU\/kb\/Cookies<\/a><\/p>\n\n\n\n<p><strong>Google Chrome<\/strong><\/p>\n\n\n\n<p><a href=\"http:\/\/support.google.com\/chrome\/bin\/answer.py?hl=hu&amp;answer=95647\" target=\"_blank\" rel=\"noopener\">http:\/\/support.google.com\/chrome\/bin\/answer.py?hl=hu&amp;answer=95647<\/a><\/p>\n\n\n\n<p><strong>Opera<\/strong><\/p>\n\n\n\n<p><a href=\"http:\/\/help.opera.com\/Windows\/9.63\/hu\/cookies.html\" target=\"_blank\" rel=\"noopener\">http:\/\/help.opera.com\/Windows\/9.63\/hu\/cookies.html<\/a><\/p>\n\n\n\n<p><strong>Safari<\/strong><\/p>\n\n\n\n<p><a href=\"http:\/\/support.apple.com\/kb\/PH5042\" target=\"_blank\" rel=\"noopener\">http:\/\/support.apple.com\/kb\/PH5042<\/a><\/p>\n\n\n\n<p><strong>Safari pre iOS (iPhone, iPad, iPod touch)<\/strong><\/p>\n\n\n\n<p><a href=\"http:\/\/support.apple.com\/kb\/HT1677?viewlocale=hu_HU\" target=\"_blank\" rel=\"noopener\">http:\/\/support.apple.com\/kb\/HT1677?viewlocale=hu_HU<\/a><\/p>\n\n\n\n<p>Ak nepou\u017e\u00edvate jeden z uveden\u00fdch webov\u00fdch prehliada\u010dov, m\u00f4\u017eete klikn\u00fa\u0165 na funkciu \u201ePomocn\u00edk\u201c vo webovom prehliada\u010di a z\u00edska\u0165 \u010fal\u0161ie inform\u00e1cie o tom, \u010do robi\u0165.<\/p>\n\n\n\n<p>A&nbsp;<a href=\"http:\/\/www.aboutcookies.org\/\" target=\"_blank\" rel=\"noopener\">http:\/\/www.aboutcookies.org<\/a>&nbsp;Kliknut\u00edm na odkaz sa zobrazia aj \u010fal\u0161ie inform\u00e1cie o tom, ako spravova\u0165 a odstra\u0148ova\u0165 s\u00fabory cookie v mnoh\u00fdch r\u00f4znych internetov\u00fdch prehliada\u010doch.<\/p>\n\n\n\n<p>Upozor\u0148ujeme, \u017ee niektor\u00e9 \u010dasti na\u0161ich webov\u00fdch str\u00e1nok s\u00fa pr\u00edstupn\u00e9 iba pomocou s\u00faborov cookie, preto by ste si mali by\u0165 vedom\u00ed, \u017ee vypnut\u00edm s\u00faborov cookie nemus\u00edte ma\u0165 pr\u00edstup k ur\u010dit\u00e9mu obsahu alebo nebudete m\u00f4c\u0165 naplno vyu\u017e\u00edva\u0165 v\u0161etky funkcie na\u0161ich webov\u00fdch str\u00e1nok.<\/p>\n\n\n\n<p>Ak chcete vedie\u0165, ako prehliada\u010d vo va\u0161om mobilnom zariaden\u00ed nar\u00e1ba so s\u00fabormi cookie, pre\u010d\u00edtajte si n\u00e1vod na obsluhu zariadenia.<\/p>\n\n\n\n<p>Ak na\u0161i pou\u017e\u00edvatelia pou\u017e\u00edvaj\u00fa na\u0161u webov\u00fa str\u00e1nku bez vypnutia s\u00faborov cookie a podobn\u00fdch online technol\u00f3gi\u00ed, s\u00fahlasia so zhroma\u017e\u010fovan\u00edm a spracovan\u00edm svojich \u00fadajov webovou str\u00e1nkou growshroom prostredn\u00edctvom pou\u017eitia tak\u00fdchto technol\u00f3gi\u00ed.<\/p>","protected":false},"excerpt":{"rendered":"<p>Inform\u00e1cie o s\u00faboroch cookie PLATN\u00c9 OD: 13. J\u00daNA 2025. Ak chcete pou\u017e\u00edva\u0165 str\u00e1nku a zad\u00e1va\u0165 objedn\u00e1vky, mus\u00edte sa obozn\u00e1mi\u0165 so z\u00e1sadami pou\u017e\u00edvania s\u00faborov cookie na str\u00e1nke. \u010co je s\u00fabor cookie? S\u00fabory cookie s\u00fa textov\u00e9 s\u00fabory obsahuj\u00face mal\u00e9 mno\u017estvo inform\u00e1ci\u00ed, ktor\u00e9 prehliada\u010d uklad\u00e1 do v\u00e1\u0161ho po\u010d\u00edta\u010da, mobiln\u00e9ho telef\u00f3nu alebo in\u00e9ho zariadenia pri n\u00e1v\u0161teve webovej str\u00e1nky. S\u00fabory cookie odosielaj\u00fa inform\u00e1cie na dan\u00fa webov\u00fa str\u00e1nku v\u017edy, ke\u010f sa na str\u00e1nku vr\u00e1tite. S\u00fabory cookie m\u00f4\u017eu by\u0165 trval\u00e9 s\u00fabory cookie, ktor\u00e9 zost\u00e1vaj\u00fa v po\u010d\u00edta\u010di pou\u017e\u00edvate\u013ea, k\u00fdm nie s\u00fa vymazan\u00e9, alebo do\u010dasn\u00e9 (tzv. s\u00fabory cookie rel\u00e1cie), ktor\u00e9 syst\u00e9m uchov\u00e1va iba do zatvorenia webov\u00e9ho prehliada\u010da. S\u00fabory cookie m\u00f4\u017eu by\u0165 intern\u00e9 s\u00fabory cookie, nastaven\u00e9 nav\u0161t\u00edvenou webovou str\u00e1nkou, alebo s\u00fabory cookie tret\u00edch str\u00e1n, t. j. s\u00fabory cookie, ktor\u00e9 nenastavuje nav\u0161t\u00edven\u00e1 webov\u00e1 str\u00e1nka. Ako growshroom pou\u017e\u00edva s\u00fabory cookie? N\u00e1\u0161 internetov\u00fd obchod pou\u017e\u00edva s\u00fabory cookie na zlep\u0161enie pon\u00fakan\u00fdch slu\u017eieb, u\u013eah\u010denie navig\u00e1cie medzi str\u00e1nkami, zaznamen\u00e1vanie nastaven\u00ed pou\u017e\u00edvate\u013ea a zlep\u0161enie pou\u017e\u00edvate\u013esk\u00e9ho z\u00e1\u017eitku. S\u00fabory cookie pou\u017e\u00edvan\u00e9 spolo\u010dnos\u0165ou growshroom a ich \u00fa\u010del S\u00fabory cookie pou\u017e\u00edvan\u00e9 na na\u0161ich webov\u00fdch str\u00e1nkach mo\u017eno rozdeli\u0165 do nasleduj\u00facich kateg\u00f3ri\u00ed (pod\u013ea smern\u00edc Medzin\u00e1rodnej obchodnej komory o s\u00faboroch cookie): Nevyhnutne potrebn\u00e9 s\u00fabory cookie: Pou\u017e\u00edvanie nevyhnutne potrebn\u00fdch s\u00faborov cookie umo\u017e\u0148uje pou\u017e\u00edvate\u013eovi navigova\u0165 na webovej str\u00e1nke a pou\u017e\u00edva\u0165 slu\u017eby, ktor\u00e9 potrebuje, napr\u00edklad pr\u00edstup k zabezpe\u010den\u00fdm oblastiam webovej str\u00e1nky. V\u00fdkonnostn\u00e9 s\u00fabory cookie: V\u00fdkonnostn\u00e9 s\u00fabory cookie zhroma\u017e\u010fuj\u00fa inform\u00e1cie okrem in\u00e9ho o webov\u00fdch str\u00e1nkach, ktor\u00e9 pou\u017e\u00edvatelia naj\u010dastej\u0161ie nav\u0161tevuj\u00fa, ale nezah\u0155\u0148aj\u00fa zhroma\u017e\u010fovanie \u00fadajov, ktor\u00e9 pom\u00e1haj\u00fa identifikova\u0165 jednotliv\u00fdch n\u00e1v\u0161tevn\u00edkov. Zhroma\u017e\u010fuj\u00fa \u00fadaje iba z agregovan\u00fdch a anonymn\u00fdch zdrojov. Tieto s\u00fabory cookie sa pou\u017e\u00edvaj\u00fa na: \u2013 zhroma\u017e\u010fovanie \u0161tatistick\u00fdch \u00fadajov o pou\u017e\u00edvan\u00ed na\u0161ich webov\u00fdch str\u00e1nok, \u2013 a meranie \u00fa\u010dinnosti reklamn\u00fdch kampan\u00ed v danej cie\u013eovej skupine. V\u00fdkonnostn\u00e9 s\u00fabory cookie m\u00f4\u017eu by\u0165 trval\u00e9 a do\u010dasn\u00e9, ako aj s\u00fabory cookie nastaven\u00e9 prvou stranou alebo tret\u00edmi stranami, ktor\u00fdch \u00fa\u010delom je zhroma\u017e\u010fova\u0165 anonymn\u00e9 \u00fadaje o nav\u0161t\u00edven\u00fdch webov\u00fdch str\u00e1nkach a zobrazen\u00fdch reklam\u00e1ch. S\u00fabory cookie na zlep\u0161enie reklamnej aktivity: Tieto s\u00fabory cookie v\u00e1m umo\u017e\u0148uj\u00fa obmedzi\u0165 po\u010det zobrazen\u00ed rekl\u00e1m a mera\u0165 \u00fa\u010dinnos\u0165 reklamn\u00fdch kampan\u00ed v danej cie\u013eovej skupine. S\u00fabory cookie na zlep\u0161enie reklamnej aktivity v\u00e1m umo\u017e\u0148uj\u00fa spravova\u0165 reklamy zobrazovan\u00e9 na webovej str\u00e1nke. S\u00fabory cookie na zlep\u0161enie reklamnej aktivity s\u00fa trval\u00e9 alebo do\u010dasn\u00e9 s\u00fabory cookie umiestnen\u00e9 tret\u00edmi stranami, t. j. inzerentmi a ich z\u00e1stupcami, ktor\u00e9 v skuto\u010dnosti s\u00favisia s reklamn\u00fdmi slu\u017ebami umiestnen\u00fdmi tret\u00edmi stranami na webovej str\u00e1nke growshroom. In\u00e9 s\u00fabory cookie umiestnen\u00e9 tret\u00edmi stranami: Niektor\u00e9 z na\u0161ich webov\u00fdch str\u00e1nok m\u00f4\u017eu zobrazova\u0165 obsah okrem in\u00e9ho z Facebooku alebo Instagramu a in\u00fdch slu\u017eieb. Upozor\u0148ujeme, \u017ee nem\u00e1me \u017eiadnu kontrolu nad s\u00fabormi cookie pou\u017e\u00edvan\u00fdmi t\u00fdmito slu\u017ebami, preto sa oplat\u00ed skontrolova\u0165 pr\u00edslu\u0161n\u00e9 inform\u00e1cie na pr\u00edslu\u0161n\u00fdch extern\u00fdch webov\u00fdch str\u00e1nkach. Spr\u00e1va a odstra\u0148ovanie s\u00faborov cookie Ak chcete obmedzi\u0165, zablokova\u0165 alebo odstr\u00e1ni\u0165 s\u00fabory cookie, m\u00f4\u017eete tak urobi\u0165 v nastaveniach webov\u00e9ho prehliada\u010da. V z\u00e1vislosti od typu prehliada\u010da sa postup m\u00f4\u017ee mierne l\u00ed\u0161i\u0165. Viac inform\u00e1ci\u00ed z\u00edskate kliknut\u00edm na jeden z nasleduj\u00facich odkazov: Internet Explorer http:\/\/support.microsoft.com\/kb\/196955 Firefox http:\/\/support.mozilla.org\/HU\/kb\/Cookies Google Chrome http:\/\/support.google.com\/chrome\/bin\/answer.py?hl=hu&amp;answer=95647 Opera http:\/\/help.opera.com\/Windows\/9.63\/hu\/cookies.html Safari http:\/\/support.apple.com\/kb\/PH5042 Safari iOS (iPhone, iPad, iPod touch) http:\/\/support.apple.com\/kb\/HT1677?viewlocale=hu_HU Ak nepou\u017e\u00edvate jeden z uveden\u00fdch webov\u00fdch prehliada\u010dov, m\u00f4\u017eete klikn\u00fa\u0165 na funkciu \u201ePomocn\u00edk\u201d vo va\u0161om webovom prehliada\u010di a z\u00edska\u0165 \u010fal\u0161ie inform\u00e1cie o tom, \u010do robi\u0165. Kliknut\u00edm na odkaz http:\/\/www.aboutcookies.org z\u00edskate aj \u010fal\u0161ie inform\u00e1cie o spr\u00e1ve a odstra\u0148ovan\u00ed s\u00faborov cookie pre mnoho r\u00f4znych webov\u00fdch prehliada\u010dov. Upozor\u0148ujeme, \u017ee niektor\u00e9 \u010dasti na\u0161ich webov\u00fdch str\u00e1nok s\u00fa pr\u00edstupn\u00e9 iba pomocou s\u00faborov cookie, preto by ste si mali by\u0165 vedom\u00ed, \u017ee vypnut\u00edm s\u00faborov cookie nemus\u00edte ma\u0165 pr\u00edstup k niektor\u00e9mu obsahu alebo nebudete m\u00f4c\u0165 naplno vyu\u017e\u00edva\u0165 v\u0161etky funkcie na\u0161ich webov\u00fdch str\u00e1nok. Ak chcete vedie\u0165, ako prehliada\u010d vo va\u0161om mobilnom zariaden\u00ed nar\u00e1ba so s\u00fabormi cookie, pozrite si pokyny k zariadeniu. Ak na\u0161i pou\u017e\u00edvatelia pou\u017e\u00edvaj\u00fa na\u0161u webov\u00fa str\u00e1nku bez vypnutia s\u00faborov cookie a podobn\u00fdch online technol\u00f3gi\u00ed, s\u00fahlasia so zhroma\u017e\u010fovan\u00edm a spracovan\u00edm svojich \u00fadajov webovou str\u00e1nkou growshroom prostredn\u00edctvom pou\u017e\u00edvania tak\u00fdchto technol\u00f3gi\u00ed.<\/p>","protected":false},"author":1,"featured_media":0,"parent":0,"menu_order":0,"comment_status":"closed","ping_status":"closed","template":"","meta":{"_acf_changed":false,"inline_featured_image":false,"_uag_custom_page_level_css":"","site-sidebar-layout":"default","site-content-layout":"","ast-site-content-layout":"default","site-content-style":"default","site-sidebar-style":"default","ast-global-header-display":"","ast-banner-title-visibility":"","ast-main-header-display":"","ast-hfb-above-header-display":"","ast-hfb-below-header-display":"","ast-hfb-mobile-header-display":"","site-post-title":"","ast-breadcrumbs-content":"","ast-featured-img":"","footer-sml-layout":"","ast-disable-related-posts":"","theme-transparent-header-meta":"","adv-header-id-meta":"","stick-header-meta":"","header-above-stick-meta":"","header-main-stick-meta":"","header-below-stick-meta":"","astra-migrate-meta-layouts":"set","ast-page-background-enabled":"default","ast-page-background-meta":{"desktop":{"background-color":"var(--ast-global-color-4)","background-image":"","background-repeat":"repeat","background-position":"center center","background-size":"auto","background-attachment":"scroll","background-type":"","background-media":"","overlay-type":"","overlay-color":"","overlay-opacity":"","overlay-gradient":""},"tablet":{"background-color":"","background-image":"","background-repeat":"repeat","background-position":"center center","background-size":"auto","background-attachment":"scroll","background-type":"","background-media":"","overlay-type":"","overlay-color":"","overlay-opacity":"","overlay-gradient":""},"mobile":{"background-color":"","background-image":"","background-repeat":"repeat","background-position":"center center","background-size":"auto","background-attachment":"scroll","background-type":"","background-media":"","overlay-type":"","overlay-color":"","overlay-opacity":"","overlay-gradient":""}},"ast-content-background-meta":{"desktop":{"background-color":"var(--ast-global-color-5)","background-image":"","background-repeat":"repeat","background-position":"center center","background-size":"auto","background-attachment":"scroll","background-type":"","background-media":"","overlay-type":"","overlay-color":"","overlay-opacity":"","overlay-gradient":""},"tablet":{"background-color":"var(--ast-global-color-5)","background-image":"","background-repeat":"repeat","background-position":"center center","background-size":"auto","background-attachment":"scroll","background-type":"","background-media":"","overlay-type":"","overlay-color":"","overlay-opacity":"","overlay-gradient":""},"mobile":{"background-color":"var(--ast-global-color-5)","background-image":"","background-repeat":"repeat","background-position":"center center","background-size":"auto","background-attachment":"scroll","background-type":"","background-media":"","overlay-type":"","overlay-color":"","overlay-opacity":"","overlay-gradient":""}},"footnotes":""},"class_list":["post-1784","page","type-page","status-publish","hentry"],"acf":[],"featured_image_src":null,"uagb_featured_image_src":{"full":false,"thumbnail":false,"medium":false,"medium_large":false,"large":false,"1536x1536":false,"2048x2048":false,"trp-custom-language-flag":false,"woocommerce_thumbnail":false,"woocommerce_single":false,"woocommerce_gallery_thumbnail":false},"uagb_author_info":{"display_name":"growshroom","author_link":"https:\/\/growshroom.hu\/sk\/author\/csome-attilagmail-com"},"uagb_comment_info":0,"uagb_excerpt":"Cookie t\u00e1j\u00e9koztat\u00f3 HAT\u00c1LYOS: 2025. J\u00daNIUS 13. Az oldal haszn\u00e1lat\u00e1hoz \u00e9s rendel\u00e9sek lead\u00e1s\u00e1hoz sz\u00fcks\u00e9ges megismerned az oldal cookie szab\u00e1lyzat\u00e1t. Mi az a cookie? A cookie-k olyan, kis mennyis\u00e9g\u0171 inform\u00e1ci\u00f3t tartalmaz\u00f3sz\u00f6veges f\u00e1jlok, amelyeket a b\u00f6ng\u00e9sz\u0151 a sz\u00e1m\u00edt\u00f3g\u00e9pen, mobiltelefonon vagy egy\u00e9b eszk\u00f6z\u00f6n t\u00e1rol egy webhely megl\u00e1togat\u00e1sakor. A cookie-k a webhelyre val\u00f3 minden visszat\u00e9r\u00e9skor inform\u00e1ci\u00f3kat k\u00fcldenek az adott webhelynek.&hellip;","_links":{"self":[{"href":"https:\/\/growshroom.hu\/sk\/wp-json\/wp\/v2\/pages\/1784","targetHints":{"allow":["GET"]}}],"collection":[{"href":"https:\/\/growshroom.hu\/sk\/wp-json\/wp\/v2\/pages"}],"about":[{"href":"https:\/\/growshroom.hu\/sk\/wp-json\/wp\/v2\/types\/page"}],"author":[{"embeddable":true,"href":"https:\/\/growshroom.hu\/sk\/wp-json\/wp\/v2\/users\/1"}],"replies":[{"embeddable":true,"href":"https:\/\/growshroom.hu\/sk\/wp-json\/wp\/v2\/comments?post=1784"}],"version-history":[{"count":13,"href":"https:\/\/growshroom.hu\/sk\/wp-json\/wp\/v2\/pages\/1784\/revisions"}],"predecessor-version":[{"id":4427,"href":"https:\/\/growshroom.hu\/sk\/wp-json\/wp\/v2\/pages\/1784\/revisions\/4427"}],"wp:attachment":[{"href":"https:\/\/growshroom.hu\/sk\/wp-json\/wp\/v2\/media?parent=1784"}],"curies":[{"name":"pracovn\u00fd list","href":"https:\/\/api.w.org\/{rel}","templated":true}]}}