{"id":5754,"date":"2026-01-28T14:33:46","date_gmt":"2026-01-28T12:33:46","guid":{"rendered":"https:\/\/growshroom.hu\/?post_type=product&#038;p=5754"},"modified":"2026-02-19T16:59:53","modified_gmt":"2026-02-19T14:59:53","slug":"tripla-xl-termoblokk-csomag","status":"publish","type":"product","link":"https:\/\/growshroom.hu\/ro\/termekek\/tripla-xl-termoblokk-csomag","title":{"rendered":"Pachet de blocuri de semin\u021be Triple XL"},"content":{"rendered":"<details class=\"gs-acc\">\n<summary class=\"gs-h4\">Care este diferen\u021ba dintre seturile \u00een cutie, blocurile de cre\u0219tere \u0219i blocurile de cre\u0219tere XL?<\/summary>\n<div class=\"gs-acc__content\">\n<p>Seturile \u00een cutie \u0219i blocurile de cre\u0219tere obi\u0219nuite c\u00e2nt\u0103resc 2,2 kilograme, iar seturile vin cu o cutie cadou \u0219i o sticl\u0103 cu pulverizator, fiind ideale pentru a fi oferite cadou.<\/p>\n<p><strong>Blocurile de cre\u0219tere XL c\u00e2nt\u0103resc 4,5 kilograme, de dou\u0103 ori mai mult dec\u00e2t blocurile obi\u0219nuite. Deoarece con\u021bin mai mult substrat \u0219i nutrien\u021bi, pot produce culturi mai mari \u0219i pot oferi un randament general mai mare.<\/strong><\/p>\n<p>Blocurile XL nu produc mai repede, dar produc mai abundent.<\/p>\n<p>\u00cen plus, soiurile disponibile \u00een kituri ambalate \u00een cutie sunt recomandate \u00eencep\u0103torilor, \u00een timp ce pute\u021bi g\u0103si \u0219i soiuri mai avansate \u00een blocuri de cre\u0219tere. Unele dintre acestea nu vor cre\u0219te bine pe blatul de buc\u0103t\u0103rie, au nevoie de un mediu controlat. Pentru cele mai bune rezultate, v\u0103 recomand\u0103m s\u0103 utiliza\u021bi o camer\u0103 de cre\u0219tere sau un cort de cre\u0219tere. Dac\u0103 nu ave\u021bi posibilitatea de a controla temperatura, alege\u021bi un bloc potrivit pentru climatul dvs.!<\/p>\n<p>C\u00e2nd cultivi pe blatul de buc\u0103t\u0103rie, folosirea blocurilor de cre\u0219tere este la fel de u\u0219oar\u0103 ca utilizarea kiturilor \u00een cutie.<\/p>\n<p>Pentru informa\u021bii detaliate, v\u0103 rug\u0103m s\u0103 citi\u021bi <a href=\"https:\/\/growshroom.hu\/ro\/termoblokk-utmutato\/\">Ghid de blocuri de produc\u021bie<\/a> pagin\u0103, unde ve\u021bi g\u0103si descrieri \u0219i sfaturi pentru fiecare tip. Dac\u0103 ave\u021bi alte \u00eentreb\u0103ri, v\u0103 rug\u0103m s\u0103 citi\u021bi <a href=\"https:\/\/growshroom.hu\/ro\/gyakran-ismetelt-kerdesek\/\">\u00centreb\u0103ri frecvente<\/a> pagin\u0103 sau scrie\u021bi-ne <a href=\"mailto:info@growshroom.hu\">prin e-mail<\/a>.<\/p>\n<\/div>\n<\/details>\n<details class=\"gs-acc\">\n<summary class=\"gs-h4\">C\u00e2te ciuperci va produce?<\/summary>\n<div class=\"gs-acc__content\">\n<p>Aceste blocuri extra mari de 4,5 kg vor produce aproape dublu fa\u021b\u0103 de blocurile obi\u0219nuite \u00een condi\u021bii ideale, cu o medie de 800-1200 g de ciuperci proaspete la prima recolt\u0103.<\/p>\n<p>Randamentul este influen\u021bat semnificativ de condi\u021biile de cre\u0219tere, a\u0219a c\u0103 v\u0103 rug\u0103m s\u0103 acorda\u021bi aten\u021bie mediului recomandat pentru specia de ciuperci dat\u0103, precum \u0219i <a href=\"https:\/\/growshroom.hu\/ro\/termoblokk-utmutato\/\">Bloc de produse \u00een ghid<\/a> conform descrierii, pentru a evita dezam\u0103girile.<\/p>\n<p>Exist\u0103, desigur, diferen\u021be \u00eentre speciile individuale de ciuperci \u2013 de exemplu, unele ciuperci stridii produc corpuri fructifere mai grele dec\u00e2t alte soiuri \u2013 dar cu aceste blocuri mari v\u0103 pute\u021bi baza cu siguran\u021b\u0103 pe o prim\u0103 recolt\u0103 frumoas\u0103 \u0219i abundent\u0103.<\/p>\n<p>Deoarece blocurile con\u021bin o cantitate mare de nutrien\u021bi, acestea pot produce mai multe recolte. De obicei, te po\u021bi a\u0219tepta la 2-3 recolte, dar dac\u0103 e\u0219ti r\u0103bd\u0103tor \u0219i perseverent, po\u021bi ob\u021bine chiar mai multe.<br \/>\n<strong>Prima recolt\u0103 este \u00eentotdeauna cea mai mare \u0219i mai rapid\u0103, dar poate exista o pauz\u0103 de p\u00e2n\u0103 la c\u00e2teva s\u0103pt\u0103m\u00e2ni \u00eentre recoltele ulterioare.<\/strong><\/p>\n<p><strong>\u00ce\u021bi garant\u0103m prima recolt\u0103!<\/strong><\/p>\n<p>Dac\u0103 nu a existat nicio modificare la 14 zile de la deschiderea blocului, trimite\u021bi-ne o fotografie prin e-mail \u0219i v\u0103 vom ajuta \u0219i, dac\u0103 este necesar, v\u0103 vom trimite un nou bloc de produc\u021bie.<\/p>\n<p>Sfat suplimentar: dup\u0103 c\u00e2teva recolte, blocul recoltat <strong>\u00een perioada f\u0103r\u0103 \u00eenghe\u021b<\/strong> Merit\u0103 s\u0103 o a\u0219ezi \u00eentr-un loc umbros \u0219i protejat din gr\u0103din\u0103 \u0219i s\u0103 o men\u021bii umed\u0103. De asemenea, o po\u021bi a\u0219eza superficial \u00een p\u0103m\u00e2nt \u0219i o po\u021bi acoperi cu frunze sau paie tocate. Acest \u201ecimitir de ciuperci\u201d te poate surprinde din nou cu ciuperci proaspete la temperatura potrivit\u0103 sau dup\u0103 o ploaie toren\u021bial\u0103!<\/p>\n<\/div>\n<\/details>\n<h4 class=\"gs-h4\">Cum a fost f\u0103cut?<\/h4>\n<p>Blocul de semin\u021be nu este altceva dec\u00e2t paie sau rumegu\u0219 colonizat cu miceliu de ciuperci. Din cultura izolat\u0103 de ciuperci, am preparat mai \u00eent\u00e2i un a\u0219a-numit germen de ciuperc\u0103 de \u00eenalt\u0103 puritate pe cereale sterilizate, apoi l-am amestecat cu paie tocate pentru a crea un bloc de semin\u021be. Partea interesant\u0103 v-am l\u0103sat vou\u0103!<\/p>\n<p>Miceliul care se \u021bese prin bloc este un organism viu care, dup\u0103 ce diger\u0103 nutrien\u021bii, a\u0219teapt\u0103 doar condi\u021biile de mediu potrivite pentru a forma un corp fructifer, o ciuperc\u0103 comestibil\u0103. Oxigenul \u0219i umiditatea care apar odat\u0103 cu deschiderea pungii semnaleaz\u0103 ciupercii c\u0103 a venit momentul.<\/p>\n<h4 class=\"gs-h4\">Depozitare<\/h4>\n<p><strong>Aten\u021bie: Dac\u0103 nu \u00eel deschide\u021bi \u00een c\u00e2teva zile, p\u0103stra\u021bi-l la frigider!<\/strong><\/p>\n<p>Kitul dumneavoastr\u0103 con\u021bine un organism viu, a\u0219a c\u0103 v\u0103 recomand\u0103m s\u0103 \u00eel deschide\u021bi la primire. Dac\u0103 nu ave\u021bi ocazia s\u0103 face\u021bi acest lucru, \u00eel pute\u021bi p\u0103stra nedeschis \u00een frigider timp de 4 s\u0103pt\u0103m\u00e2ni. Metabolismul miceliului \u00eencetine\u0219te semnificativ \u00een acest timp.<\/p>\n<p>Excep\u021bia de la aceasta este <strong>ciuperc\u0103 roz stridii, care este o ciuperc\u0103 tropical\u0103, iubitoare de c\u0103ldur\u0103, deci setul nu poate fi p\u0103strat la frigider.<\/strong> Poate fi p\u0103strat nedeschis la temperatura camerei p\u00e2n\u0103 la 4 s\u0103pt\u0103m\u00e2ni.<\/p>\n<p>\u00cen timpul depozit\u0103rii prelungite sau la temperatura camerei, mucegaiul poate \u00eencepe s\u0103 creasc\u0103 \u00een interiorul pungii. Acest lucru nu va afecta utilizarea ulterioar\u0103. Dac\u0103 mucegaiul este accesibil sub zona t\u0103iat\u0103, pur \u0219i simplu \u00eendep\u0103rta\u021bi-l.<\/p>\n<p>Un bloc depozitat la temperatura camerei pentru o perioad\u0103 lung\u0103 de timp va consuma to\u021bi nutrien\u021bii disponibili dup\u0103 un timp \u0219i apoi va \u00eencepe \u00eencet s\u0103 se descompun\u0103.<\/p>\n<h4 class=\"gs-h4\">Merit\u0103 evaluat<\/h4>\n<p>F\u0103 o fotografie a recoltei tale! \u00ce\u021bi vom trimite un e-mail la 14 zile dup\u0103 plasarea comenzii, permi\u021b\u00e2ndu-\u021bi s\u0103 o evaluezi. Toate<strong> fotografic <\/strong>V\u0103 vom recompensa cu un cupon 20%, f\u0103r\u0103 expirare, utilizabil gratuit \u0219i transferabil. Folosi\u021bi-l sau da\u021bi-l mai departe!<\/p>","protected":false},"excerpt":{"rendered":"<p>&nbsp;<\/p>\n<p style=\"text-align: center;\">Alege 3 blocuri de cre\u0219tere XL de orice dimensiune \u0219i comand\u0103-le cu o reducere 10%!<\/p>\n<p>&nbsp;<\/p>","protected":false},"featured_media":5673,"comment_status":"open","ping_status":"closed","template":"","meta":{"_acf_changed":false,"inline_featured_image":false,"_uag_custom_page_level_css":"","site-sidebar-layout":"default","site-content-layout":"","ast-site-content-layout":"default","site-content-style":"default","site-sidebar-style":"default","ast-global-header-display":"","ast-banner-title-visibility":"","ast-main-header-display":"","ast-hfb-above-header-display":"","ast-hfb-below-header-display":"","ast-hfb-mobile-header-display":"","site-post-title":"","ast-breadcrumbs-content":"","ast-featured-img":"","footer-sml-layout":"","ast-disable-related-posts":"","theme-transparent-header-meta":"default","adv-header-id-meta":"","stick-header-meta":"","header-above-stick-meta":"","header-main-stick-meta":"","header-below-stick-meta":"","astra-migrate-meta-layouts":"set","ast-page-background-enabled":"default","ast-page-background-meta":{"desktop":{"background-color":"var(--ast-global-color-4)","background-image":"","background-repeat":"repeat","background-position":"center center","background-size":"auto","background-attachment":"scroll","background-type":"","background-media":"","overlay-type":"","overlay-color":"","overlay-opacity":"","overlay-gradient":""},"tablet":{"background-color":"","background-image":"","background-repeat":"repeat","background-position":"center center","background-size":"auto","background-attachment":"scroll","background-type":"","background-media":"","overlay-type":"","overlay-color":"","overlay-opacity":"","overlay-gradient":""},"mobile":{"background-color":"","background-image":"","background-repeat":"repeat","background-position":"center center","background-size":"auto","background-attachment":"scroll","background-type":"","background-media":"","overlay-type":"","overlay-color":"","overlay-opacity":"","overlay-gradient":""}},"ast-content-background-meta":{"desktop":{"background-color":"var(--ast-global-color-5)","background-image":"","background-repeat":"repeat","background-position":"center center","background-size":"auto","background-attachment":"scroll","background-type":"","background-media":"","overlay-type":"","overlay-color":"","overlay-opacity":"","overlay-gradient":""},"tablet":{"background-color":"var(--ast-global-color-5)","background-image":"","background-repeat":"repeat","background-position":"center center","background-size":"auto","background-attachment":"scroll","background-type":"","background-media":"","overlay-type":"","overlay-color":"","overlay-opacity":"","overlay-gradient":""},"mobile":{"background-color":"var(--ast-global-color-5)","background-image":"","background-repeat":"repeat","background-position":"center center","background-size":"auto","background-attachment":"scroll","background-type":"","background-media":"","overlay-type":"","overlay-color":"","overlay-opacity":"","overlay-gradient":""}}},"product_brand":[],"product_cat":[88],"product_tag":[],"class_list":{"0":"post-5754","1":"product","2":"type-product","3":"status-publish","4":"has-post-thumbnail","6":"product_cat-xl-termoblokkok","7":"desktop-align-center","8":"tablet-align-left","9":"mobile-align-left","11":"first","12":"outofstock","13":"sale","14":"sold-individually","15":"shipping-taxable","16":"purchasable","17":"product-type-woosb"},"acf":[],"uagb_featured_image_src":{"full":["https:\/\/growshroom.hu\/wp-content\/uploads\/2026\/01\/xl-blokk-csomag.png",1000,1000,false],"thumbnail":["https:\/\/growshroom.hu\/wp-content\/uploads\/2026\/01\/xl-blokk-csomag-150x150.png",150,150,true],"medium":["https:\/\/growshroom.hu\/wp-content\/uploads\/2026\/01\/xl-blokk-csomag-300x300.png",300,300,true],"medium_large":["https:\/\/growshroom.hu\/wp-content\/uploads\/2026\/01\/xl-blokk-csomag-768x768.png",768,768,true],"large":["https:\/\/growshroom.hu\/wp-content\/uploads\/2026\/01\/xl-blokk-csomag.png",1000,1000,false],"1536x1536":["https:\/\/growshroom.hu\/wp-content\/uploads\/2026\/01\/xl-blokk-csomag.png",1000,1000,false],"2048x2048":["https:\/\/growshroom.hu\/wp-content\/uploads\/2026\/01\/xl-blokk-csomag.png",1000,1000,false],"trp-custom-language-flag":["https:\/\/growshroom.hu\/wp-content\/uploads\/2026\/01\/xl-blokk-csomag-12x12.png",12,12,true],"mailpoet_newsletter_max":["https:\/\/growshroom.hu\/wp-content\/uploads\/2026\/01\/xl-blokk-csomag.png",1000,1000,false],"woocommerce_thumbnail":["https:\/\/growshroom.hu\/wp-content\/uploads\/2026\/01\/xl-blokk-csomag-300x300.png",300,300,true],"woocommerce_single":["https:\/\/growshroom.hu\/wp-content\/uploads\/2026\/01\/xl-blokk-csomag-600x600.png",600,600,true],"woocommerce_gallery_thumbnail":["https:\/\/growshroom.hu\/wp-content\/uploads\/2026\/01\/xl-blokk-csomag-100x100.png",100,100,true]},"uagb_author_info":{"display_name":"growshroom","author_link":"https:\/\/growshroom.hu\/ro\/author"},"uagb_comment_info":0,"uagb_excerpt":"&nbsp; V\u00e1lassz 3 b\u00e1rmilyen XL term\u0151blokkot, \u00e9s rendeld meg 10% kedvezm\u00e9nnyel! &nbsp;","tiered_pricing_type":"fixed","tiered_pricing_fixed_rules":[],"tiered_pricing_product_settings":{"layout":"default","base_unit_name":{"singular":null,"plural":null},"default_variation":null},"tiered_pricing_minimum_quantity":null,"tiered_pricing_roles_data":[],"tiered_pricing_percentage_rules":[],"tiered_pricing_maximum_quantity":null,"tiered_pricing_quantity_step":null,"_links":{"self":[{"href":"https:\/\/growshroom.hu\/ro\/wp-json\/wp\/v2\/product\/5754","targetHints":{"allow":["GET"]}}],"collection":[{"href":"https:\/\/growshroom.hu\/ro\/wp-json\/wp\/v2\/product"}],"about":[{"href":"https:\/\/growshroom.hu\/ro\/wp-json\/wp\/v2\/types\/product"}],"replies":[{"embeddable":true,"href":"https:\/\/growshroom.hu\/ro\/wp-json\/wp\/v2\/comments?post=5754"}],"wp:featuredmedia":[{"embeddable":true,"href":"https:\/\/growshroom.hu\/ro\/wp-json\/wp\/v2\/media\/5673"}],"wp:attachment":[{"href":"https:\/\/growshroom.hu\/ro\/wp-json\/wp\/v2\/media?parent=5754"}],"wp:term":[{"taxonomy":"product_brand","embeddable":true,"href":"https:\/\/growshroom.hu\/ro\/wp-json\/wp\/v2\/product_brand?post=5754"},{"taxonomy":"product_cat","embeddable":true,"href":"https:\/\/growshroom.hu\/ro\/wp-json\/wp\/v2\/product_cat?post=5754"},{"taxonomy":"product_tag","embeddable":true,"href":"https:\/\/growshroom.hu\/ro\/wp-json\/wp\/v2\/product_tag?post=5754"}],"curies":[{"name":"wp","href":"https:\/\/api.w.org\/{rel}","templated":true}]}}