{"id":5752,"date":"2026-01-28T14:09:18","date_gmt":"2026-01-28T12:09:18","guid":{"rendered":"https:\/\/growshroom.hu\/?post_type=product&#038;p=5752"},"modified":"2026-02-19T16:58:17","modified_gmt":"2026-02-19T14:58:17","slug":"dupla-xl-termoblokk-csomag","status":"publish","type":"product","link":"https:\/\/growshroom.hu\/pt\/termekek\/dupla-xl-termoblokk-csomag","title":{"rendered":"Pacote de bloco de sementes tamanho duplo XL"},"content":{"rendered":"<details class=\"gs-acc\">\n<summary class=\"gs-h4\">Qual a diferen\u00e7a entre conjuntos em caixa, blocos de cultivo e blocos de cultivo tamanho XL?<\/summary>\n<div class=\"gs-acc__content\">\n<p>Os kits em caixa e os blocos de cultivo regulares pesam 2,2 quilos e v\u00eam com uma caixa de presente e um frasco de spray, sendo ideais para presentear.<\/p>\n<p><strong>Os blocos de cultivo XL pesam 4,5 quilos, o dobro do tamanho dos blocos regulares. Por conterem mais substrato e nutrientes, podem produzir colheitas maiores e proporcionar uma produ\u00e7\u00e3o total mais elevada.<\/strong><\/p>\n<p>Os blocos XL n\u00e3o produzem mais r\u00e1pido, mas produzem em maior quantidade.<\/p>\n<p>Al\u00e9m disso, as variedades dispon\u00edveis em kits s\u00e3o recomendadas para iniciantes, enquanto voc\u00ea tamb\u00e9m pode encontrar variedades mais avan\u00e7adas em blocos de cultivo. Algumas delas n\u00e3o crescem bem em uma bancada de cozinha, precisando de um ambiente controlado. Para melhores resultados, recomendamos o uso de uma sala ou tenda de cultivo. Se voc\u00ea n\u00e3o tem como controlar a temperatura, escolha um bloco adequado ao seu clima!<\/p>\n<p>Ao cultivar plantas na bancada da cozinha, usar blocos de cultivo \u00e9 t\u00e3o f\u00e1cil quanto usar kits prontos.<\/p>\n<p>Para obter informa\u00e7\u00f5es detalhadas, leia o <a href=\"https:\/\/growshroom.hu\/pt\/termoblokk-utmutato\/\">Guia de blocos de produ\u00e7\u00e3o<\/a> p\u00e1gina, onde voc\u00ea encontrar\u00e1 descri\u00e7\u00f5es e dicas para cada tipo. Se voc\u00ea tiver mais alguma d\u00favida, leia o <a href=\"https:\/\/growshroom.hu\/pt\/gyakran-ismetelt-kerdesek\/\">Perguntas frequentes<\/a> p\u00e1gina ou escreva-nos <a href=\"mailto:info@growshroom.hu\">por e-mail<\/a>.<\/p>\n<\/div>\n<\/details>\n<details class=\"gs-acc\">\n<summary class=\"gs-h4\">Quantos cogumelos ser\u00e3o produzidos?<\/summary>\n<div class=\"gs-acc__content\">\n<p>Esses blocos extragrandes de 4,5 kg render\u00e3o quase o dobro dos blocos regulares em condi\u00e7\u00f5es ideais, com uma m\u00e9dia de 800 a 1200 g de cogumelos frescos na primeira colheita.<\/p>\n<p>A produtividade \u00e9 significativamente influenciada pelas condi\u00e7\u00f5es de cultivo, portanto, preste aten\u00e7\u00e3o ao ambiente recomendado para a esp\u00e9cie de cogumelo em quest\u00e3o, bem como \u00e0... <a href=\"https:\/\/growshroom.hu\/pt\/termoblokk-utmutato\/\">Bloco de produtos no guia<\/a> Conforme descrito, para evitar decep\u00e7\u00f5es.<\/p>\n<p>\u00c9 claro que existem diferen\u00e7as entre as diferentes esp\u00e9cies de cogumelos \u2013 por exemplo, alguns cogumelos ostra produzem corpos de frutifica\u00e7\u00e3o mais pesados do que outras variedades \u2013 mas com esses blocos grandes voc\u00ea pode ter certeza de uma primeira colheita farta e saborosa.<\/p>\n<p>Como os blocos cont\u00eam uma grande quantidade de nutrientes, eles podem produzir v\u00e1rias colheitas. Normalmente, voc\u00ea pode esperar de 2 a 3 colheitas, mas se tiver paci\u00eancia e persist\u00eancia, poder\u00e1 obter ainda mais.<br \/>\n<strong>A primeira colheita \u00e9 sempre a maior e mais r\u00e1pida, mas pode haver um intervalo de at\u00e9 v\u00e1rias semanas entre as colheitas subsequentes.<\/strong><\/p>\n<p><strong>N\u00f3s garantimos sua primeira colheita!<\/strong><\/p>\n<p>Se n\u00e3o houver nenhuma mudan\u00e7a 14 dias ap\u00f3s a abertura do bloco, envie-nos uma foto por e-mail e n\u00f3s o ajudaremos e, se necess\u00e1rio, enviaremos um novo bloco de produ\u00e7\u00e3o.<\/p>\n<p>Dica extra: ap\u00f3s algumas colheitas, o bloco colhido <strong>durante o per\u00edodo sem geadas<\/strong> Vale a pena coloc\u00e1-la em um local sombreado e protegido no jardim, mantendo-a \u00famida. Voc\u00ea tamb\u00e9m pode plant\u00e1-la superficialmente no solo e cobri-la com folhas ou palha picada. Este &quot;cemit\u00e9rio de cogumelos&quot; pode surpreend\u00ea-lo novamente com cogumelos frescos na temperatura certa ou ap\u00f3s uma chuva forte!<\/p>\n<\/div>\n<\/details>\n<h4 class=\"gs-h4\">Como foi feito?<\/h4>\n<p>O bloco de sementes nada mais \u00e9 do que palha ou serragem colonizada com mic\u00e9lio de cogumelo. A partir da cultura isolada de cogumelos, preparamos primeiro um germe de cogumelo de alta pureza em gr\u00e3os esterilizados, que depois misturamos com palha picada para criar o bloco de sementes. Deixamos a parte mais interessante para voc\u00ea!<\/p>\n<p>O mic\u00e9lio que se entrela\u00e7a no bloco \u00e9 um organismo vivo que, ap\u00f3s digerir os nutrientes, apenas aguarda as condi\u00e7\u00f5es ambientais adequadas para formar um corpo frut\u00edfero, um cogumelo comest\u00edvel. O oxig\u00eanio e a umidade que v\u00eam com a abertura do saco sinalizam ao cogumelo que chegou a hora.<\/p>\n<h4 class=\"gs-h4\">Armazenar<\/h4>\n<p><strong>Aten\u00e7\u00e3o: Se n\u00e3o for aberto em alguns dias, mantenha refrigerado!<\/strong><\/p>\n<p>Seu kit cont\u00e9m um organismo vivo, por isso recomendamos que voc\u00ea o abra ao receb\u00ea-lo. Caso n\u00e3o tenha a oportunidade de faz\u00ea-lo, voc\u00ea pode armazen\u00e1-lo fechado na geladeira por 4 semanas. O metabolismo do mic\u00e9lio desacelera significativamente durante esse per\u00edodo.<\/p>\n<p>A exce\u00e7\u00e3o a isso \u00e9 o <strong>O cogumelo ostra rosa \u00e9 um cogumelo tropical que adora calor, portanto, o conjunto n\u00e3o pode ser armazenado na geladeira.<\/strong> Pode ser armazenado fechado \u00e0 temperatura ambiente por at\u00e9 4 semanas.<\/p>\n<p>Durante armazenamento prolongado ou em temperatura ambiente, pode come\u00e7ar a crescer mofo dentro da embalagem. Isso n\u00e3o afetar\u00e1 o uso posterior. Se o mofo estiver ao alcance, embaixo da \u00e1rea cortada, basta remov\u00ea-lo.<\/p>\n<p>Um bloco armazenado em temperatura ambiente por muito tempo consumir\u00e1 todos os nutrientes dispon\u00edveis depois de um tempo e ent\u00e3o come\u00e7ar\u00e1 a se decompor lentamente.<\/p>\n<h4 class=\"gs-h4\">Vale a pena avaliar<\/h4>\n<p>Tire uma foto da sua colheita! Enviaremos um e-mail para voc\u00ea 14 dias ap\u00f3s a realiza\u00e7\u00e3o do pedido, para que voc\u00ea possa avali\u00e1-lo.<strong> fotogr\u00e1fico <\/strong>Voc\u00ea receber\u00e1 um cupom 20%, sem prazo de validade, de uso livre e transfer\u00edvel. Use-o ou compartilhe com algu\u00e9m!<\/p>","protected":false},"excerpt":{"rendered":"<p>&nbsp;<\/p>\n<p style=\"text-align: center;\">Escolha 2 blocos de cultivo tamanho XL e fa\u00e7a seu pedido com desconto 5%!<\/p>\n<p>&nbsp;<\/p>","protected":false},"featured_media":5753,"comment_status":"open","ping_status":"closed","template":"","meta":{"_acf_changed":false,"inline_featured_image":false,"_uag_custom_page_level_css":"","site-sidebar-layout":"default","site-content-layout":"","ast-site-content-layout":"default","site-content-style":"default","site-sidebar-style":"default","ast-global-header-display":"","ast-banner-title-visibility":"","ast-main-header-display":"","ast-hfb-above-header-display":"","ast-hfb-below-header-display":"","ast-hfb-mobile-header-display":"","site-post-title":"","ast-breadcrumbs-content":"","ast-featured-img":"","footer-sml-layout":"","ast-disable-related-posts":"","theme-transparent-header-meta":"default","adv-header-id-meta":"","stick-header-meta":"","header-above-stick-meta":"","header-main-stick-meta":"","header-below-stick-meta":"","astra-migrate-meta-layouts":"set","ast-page-background-enabled":"default","ast-page-background-meta":{"desktop":{"background-color":"var(--ast-global-color-4)","background-image":"","background-repeat":"repeat","background-position":"center center","background-size":"auto","background-attachment":"scroll","background-type":"","background-media":"","overlay-type":"","overlay-color":"","overlay-opacity":"","overlay-gradient":""},"tablet":{"background-color":"","background-image":"","background-repeat":"repeat","background-position":"center center","background-size":"auto","background-attachment":"scroll","background-type":"","background-media":"","overlay-type":"","overlay-color":"","overlay-opacity":"","overlay-gradient":""},"mobile":{"background-color":"","background-image":"","background-repeat":"repeat","background-position":"center center","background-size":"auto","background-attachment":"scroll","background-type":"","background-media":"","overlay-type":"","overlay-color":"","overlay-opacity":"","overlay-gradient":""}},"ast-content-background-meta":{"desktop":{"background-color":"var(--ast-global-color-5)","background-image":"","background-repeat":"repeat","background-position":"center center","background-size":"auto","background-attachment":"scroll","background-type":"","background-media":"","overlay-type":"","overlay-color":"","overlay-opacity":"","overlay-gradient":""},"tablet":{"background-color":"var(--ast-global-color-5)","background-image":"","background-repeat":"repeat","background-position":"center center","background-size":"auto","background-attachment":"scroll","background-type":"","background-media":"","overlay-type":"","overlay-color":"","overlay-opacity":"","overlay-gradient":""},"mobile":{"background-color":"var(--ast-global-color-5)","background-image":"","background-repeat":"repeat","background-position":"center center","background-size":"auto","background-attachment":"scroll","background-type":"","background-media":"","overlay-type":"","overlay-color":"","overlay-opacity":"","overlay-gradient":""}}},"product_brand":[],"product_cat":[88],"product_tag":[],"class_list":{"0":"post-5752","1":"product","2":"type-product","3":"status-publish","4":"has-post-thumbnail","6":"product_cat-xl-termoblokkok","7":"desktop-align-center","8":"tablet-align-left","9":"mobile-align-left","11":"first","12":"outofstock","13":"sale","14":"sold-individually","15":"shipping-taxable","16":"purchasable","17":"product-type-woosb"},"acf":[],"uagb_featured_image_src":{"full":["https:\/\/growshroom.hu\/wp-content\/uploads\/2026\/01\/dupla-xl-blokk-csomag.png",1000,1000,false],"thumbnail":["https:\/\/growshroom.hu\/wp-content\/uploads\/2026\/01\/dupla-xl-blokk-csomag-150x150.png",150,150,true],"medium":["https:\/\/growshroom.hu\/wp-content\/uploads\/2026\/01\/dupla-xl-blokk-csomag-300x300.png",300,300,true],"medium_large":["https:\/\/growshroom.hu\/wp-content\/uploads\/2026\/01\/dupla-xl-blokk-csomag-768x768.png",768,768,true],"large":["https:\/\/growshroom.hu\/wp-content\/uploads\/2026\/01\/dupla-xl-blokk-csomag.png",1000,1000,false],"1536x1536":["https:\/\/growshroom.hu\/wp-content\/uploads\/2026\/01\/dupla-xl-blokk-csomag.png",1000,1000,false],"2048x2048":["https:\/\/growshroom.hu\/wp-content\/uploads\/2026\/01\/dupla-xl-blokk-csomag.png",1000,1000,false],"trp-custom-language-flag":["https:\/\/growshroom.hu\/wp-content\/uploads\/2026\/01\/dupla-xl-blokk-csomag-12x12.png",12,12,true],"woocommerce_thumbnail":["https:\/\/growshroom.hu\/wp-content\/uploads\/2026\/01\/dupla-xl-blokk-csomag-300x300.png",300,300,true],"woocommerce_single":["https:\/\/growshroom.hu\/wp-content\/uploads\/2026\/01\/dupla-xl-blokk-csomag-600x600.png",600,600,true],"woocommerce_gallery_thumbnail":["https:\/\/growshroom.hu\/wp-content\/uploads\/2026\/01\/dupla-xl-blokk-csomag-100x100.png",100,100,true]},"uagb_author_info":{"display_name":"growshroom","author_link":"https:\/\/growshroom.hu\/pt\/author"},"uagb_comment_info":0,"uagb_excerpt":"&nbsp; V\u00e1lassz 2 b\u00e1rmilyen XL term\u0151blokkot, \u00e9s rendeld meg 5% kedvezm\u00e9nnyel! &nbsp;","tiered_pricing_type":"fixed","tiered_pricing_fixed_rules":[],"tiered_pricing_product_settings":{"layout":"default","base_unit_name":{"singular":null,"plural":null},"default_variation":null},"tiered_pricing_minimum_quantity":null,"tiered_pricing_roles_data":[],"tiered_pricing_percentage_rules":[],"tiered_pricing_maximum_quantity":null,"tiered_pricing_quantity_step":null,"_links":{"self":[{"href":"https:\/\/growshroom.hu\/pt\/wp-json\/wp\/v2\/product\/5752","targetHints":{"allow":["GET"]}}],"collection":[{"href":"https:\/\/growshroom.hu\/pt\/wp-json\/wp\/v2\/product"}],"about":[{"href":"https:\/\/growshroom.hu\/pt\/wp-json\/wp\/v2\/types\/product"}],"replies":[{"embeddable":true,"href":"https:\/\/growshroom.hu\/pt\/wp-json\/wp\/v2\/comments?post=5752"}],"wp:featuredmedia":[{"embeddable":true,"href":"https:\/\/growshroom.hu\/pt\/wp-json\/wp\/v2\/media\/5753"}],"wp:attachment":[{"href":"https:\/\/growshroom.hu\/pt\/wp-json\/wp\/v2\/media?parent=5752"}],"wp:term":[{"taxonomy":"product_brand","embeddable":true,"href":"https:\/\/growshroom.hu\/pt\/wp-json\/wp\/v2\/product_brand?post=5752"},{"taxonomy":"product_cat","embeddable":true,"href":"https:\/\/growshroom.hu\/pt\/wp-json\/wp\/v2\/product_cat?post=5752"},{"taxonomy":"product_tag","embeddable":true,"href":"https:\/\/growshroom.hu\/pt\/wp-json\/wp\/v2\/product_tag?post=5752"}],"curies":[{"name":"wp","href":"https:\/\/api.w.org\/{rel}","templated":true}]}}