{"id":1904,"date":"2025-06-16T23:52:03","date_gmt":"2025-06-16T23:52:03","guid":{"rendered":"https:\/\/lightpink-jackal-170062.hostingersite.com\/?post_type=product&#038;p=1904"},"modified":"2026-04-11T20:48:47","modified_gmt":"2026-04-11T18:48:47","slug":"szurke-laskagomba-keszlet","status":"publish","type":"product","link":"https:\/\/growshroom.hu\/pt\/termekek\/szurke-laskagomba-keszlet","title":{"rendered":"Conjunto de cogumelos ostra cinzentos (Pleurotus ostreatus)"},"content":{"rendered":"<h4><img fetchpriority=\"high\" decoding=\"async\" class=\"aligncenter wp-image-4849\" src=\"https:\/\/growshroom.hu\/wp-content\/uploads\/2025\/11\/szurke-laska-uj-doboz-gif-1.gif\" alt=\"sz\u00fcrke laskagomba timelapse gif\" width=\"567\" height=\"708\" \/><\/h4>\n<details class=\"gs-acc\">\n<summary class=\"gs-h4\">Qual a diferen\u00e7a entre conjuntos em caixa e blocos de cultivo?<\/summary>\n<div class=\"gs-acc__content\">\n<p>Ambos os produtos cont\u00eam o mesmo bloco de cultivo de 2,2 kg, mas os conjuntos tamb\u00e9m v\u00eam com uma caixa de presente e um borrifador, sendo ideais para presentear.<\/p>\n<p>Al\u00e9m disso, as variedades dispon\u00edveis em kits s\u00e3o recomendadas para iniciantes, enquanto voc\u00ea tamb\u00e9m pode encontrar variedades mais avan\u00e7adas em blocos de cultivo. Algumas delas n\u00e3o crescem bem em uma bancada de cozinha, precisando de um ambiente controlado. Para melhores resultados, recomendamos o uso de uma sala ou tenda de cultivo. Se voc\u00ea n\u00e3o tem como controlar a temperatura, escolha um bloco adequado ao seu clima!<\/p>\n<p>Ao cultivar plantas na bancada da cozinha, usar blocos de cultivo \u00e9 t\u00e3o f\u00e1cil quanto usar kits prontos.<\/p>\n<p>Para obter informa\u00e7\u00f5es detalhadas, leia o <a href=\"https:\/\/growshroom.hu\/pt\/termoblokk-utmutato\/\">Guia de blocos de produ\u00e7\u00e3o<\/a> p\u00e1gina, onde voc\u00ea encontrar\u00e1 descri\u00e7\u00f5es e dicas para cada tipo. Se voc\u00ea tiver mais alguma d\u00favida, leia o <a href=\"https:\/\/growshroom.hu\/pt\/gyakran-ismetelt-kerdesek\/\">Perguntas frequentes<\/a> p\u00e1gina ou escreva-nos <a href=\"mailto:info@growshroom.hu\">por e-mail<\/a>.<\/p>\n<\/div>\n<\/details>\n<details class=\"gs-acc\">\n<summary class=\"gs-h4\">Quantos cogumelos ser\u00e3o produzidos?<\/summary>\n<div class=\"gs-acc__content\">\n<p>Nossos blocos de produ\u00e7\u00e3o t\u00eam tamanho comercial. Esses blocos de 2,2 kg render\u00e3o em m\u00e9dia de 400 a 600 g de cogumelos frescos na primeira colheita, em condi\u00e7\u00f5es ideais.<\/p>\n<p>A produtividade \u00e9 significativamente influenciada pelas condi\u00e7\u00f5es de cultivo, portanto, preste aten\u00e7\u00e3o ao ambiente recomendado para a esp\u00e9cie de cogumelo em quest\u00e3o, bem como \u00e0... <a href=\"https:\/\/growshroom.hu\/pt\/termoblokk-utmutato\/\">Bloco de produtos no guia<\/a> Conforme descrito, para evitar decep\u00e7\u00f5es.<\/p>\n<p>\u00c9 claro que existem diferen\u00e7as entre as diferentes esp\u00e9cies de cogumelos \u2013 por exemplo, alguns cogumelos ostra produzem corpos de frutifica\u00e7\u00e3o mais pesados do que outras variedades \u2013 mas com esses blocos grandes voc\u00ea pode ter certeza de uma primeira colheita farta e saborosa.<\/p>\n<p>Como os blocos cont\u00eam uma grande quantidade de nutrientes, eles podem produzir v\u00e1rias colheitas. Normalmente, voc\u00ea pode esperar de 2 a 3 colheitas, mas se tiver paci\u00eancia e persist\u00eancia, poder\u00e1 obter ainda mais.<br \/>\n<strong>A primeira colheita \u00e9 sempre a maior e mais r\u00e1pida, mas pode haver um intervalo de at\u00e9 v\u00e1rias semanas entre as colheitas subsequentes.<\/strong><\/p>\n<p><strong>N\u00f3s garantimos sua primeira colheita!<\/strong><\/p>\n<p>Se n\u00e3o houver nenhuma mudan\u00e7a 14 dias ap\u00f3s a abertura do bloco, envie-nos uma foto por e-mail e n\u00f3s o ajudaremos e, se necess\u00e1rio, enviaremos um novo bloco de produ\u00e7\u00e3o.<\/p>\n<p>Dica extra: ap\u00f3s algumas colheitas, o bloco colhido <strong>durante o per\u00edodo sem geadas<\/strong> Vale a pena coloc\u00e1-la em um local sombreado e protegido no jardim, mantendo-a \u00famida. Voc\u00ea tamb\u00e9m pode plant\u00e1-la superficialmente no solo e cobri-la com folhas ou palha picada. Este &quot;cemit\u00e9rio de cogumelos&quot; pode surpreend\u00ea-lo novamente com cogumelos frescos na temperatura certa ou ap\u00f3s uma chuva forte!<\/p>\n<\/div>\n<\/details>\n<h4 class=\"gs-h4\">O cl\u00e1ssico<\/h4>\n<p>Este cogumelo \u00e9 cinza s\u00f3 no nome! \u00c9 um dos cogumelos-ostra mais comuns em todo o mundo, tamb\u00e9m chamado de cogumelo-ostra tardio. \u00c9 carnudo e el\u00e1stico, mantendo sua textura mesmo ap\u00f3s o cozimento. Pode ser frito at\u00e9 ficar crocante, especialmente quando fatiado finamente. Seu sabor \u00e9 suave, com um leve toque de nozes.<\/p>\n<h4 class=\"gs-h4\">Como foi feito?<\/h4>\n<p>A base do kit \u00e9 um bloco de cultivo de palha tran\u00e7ado com mic\u00e9lio de cogumelo-ostra. A partir da cultura isolada do cogumelo, primeiro produzimos um broto de cogumelo de alta pureza em gr\u00e3os esterilizados e, em seguida, misturamos com palha picada para criar um bloco de cultivo. Deixamos a parte mais emocionante para voc\u00ea!<\/p>\n<p>O mic\u00e9lio que se entrela\u00e7a no bloco \u00e9 um organismo vivo que, ap\u00f3s digerir os nutrientes, apenas aguarda as condi\u00e7\u00f5es ambientais adequadas para formar um corpo frut\u00edfero, um cogumelo comest\u00edvel. O oxig\u00eanio e a umidade que v\u00eam com a abertura do saco sinalizam ao cogumelo que chegou a hora.<\/p>\n<h4 class=\"gs-h4\">Rendimento garantido<\/h4>\n<p>Com umidade regular e adequada, nossos kits de cultivo de cogumelos produzir\u00e3o de forma confi\u00e1vel, at\u00e9 3 a 4 vezes. A primeira colheita \u00e9 esperada em at\u00e9 14 dias ap\u00f3s a abertura do talh\u00e3o.<\/p>\n<p>N\u00f3s garantimos sua primeira colheita!<\/p>\n<p>Caso n\u00e3o haja nenhuma altera\u00e7\u00e3o ap\u00f3s 14 dias da abertura do kit, envie-nos uma foto por e-mail e n\u00f3s o ajudaremos e, se necess\u00e1rio, enviaremos um novo kit.<\/p>\n<p>Normalmente, cada safra subsequente \u00e9 ligeiramente menor que a anterior e surge ap\u00f3s um per\u00edodo de tempo mais longo. <strong>Pode haver um intervalo de v\u00e1rias semanas entre cada colheita, por favor, seja paciente!<\/strong> A forma como recomendamos iniciar culturas adicionais \u00e9 explicada no <a href=\"https:\/\/growshroom.hu\/pt\/reszletes-hasznalati-utmutato\/\">Manual do usu\u00e1rio detalhado<\/a> voc\u00ea pode ler.<\/p>\n<h4 class=\"gs-h4\">Um presente inteligente<\/h4>\n<p>N\u00e3o importa se voc\u00ea quer agradar gourmets ou jardineiros amadores, a vis\u00e3o de cogumelos crescendo dia ap\u00f3s dia pode impressionar adultos e crian\u00e7as!<\/p>\n<p><strong>Aten\u00e7\u00e3o: Se n\u00e3o for aberto em alguns dias, mantenha refrigerado!<\/strong><\/p>\n<p>Seu kit cont\u00e9m um organismo vivo, por isso recomendamos que voc\u00ea o abra ao receb\u00ea-lo. Caso n\u00e3o tenha a oportunidade de faz\u00ea-lo, voc\u00ea pode armazen\u00e1-lo fechado na geladeira por 4 semanas. O metabolismo do mic\u00e9lio desacelera significativamente durante esse per\u00edodo.<\/p>\n<p>Durante armazenamento prolongado ou em temperatura ambiente, pode come\u00e7ar a crescer mofo dentro da embalagem. Isso n\u00e3o afetar\u00e1 o uso posterior. Se o mofo estiver ao alcance, embaixo da \u00e1rea cortada, basta remov\u00ea-lo.<\/p>\n<p>Um bloco armazenado em temperatura ambiente por muito tempo consumir\u00e1 todos os nutrientes dispon\u00edveis depois de um tempo e ent\u00e3o come\u00e7ar\u00e1 a se decompor lentamente.<\/p>\n<h4 class=\"gs-h4\">Vale a pena avaliar<\/h4>\n<p>Fotografe sua colheita! Enviaremos um e-mail 14 dias ap\u00f3s a realiza\u00e7\u00e3o do seu pedido para que voc\u00ea possa avaliar o produto.<strong> fotogr\u00e1fico <\/strong>Voc\u00ea receber\u00e1 um cupom 20%, sem prazo de validade, de uso livre e transfer\u00edvel. Use-o ou compartilhe com algu\u00e9m!<\/p>\n<h4 class=\"gs-h4\">N\u00e3o se esque\u00e7a do manual do usu\u00e1rio!<\/h4>\n<p>Voc\u00ea tamb\u00e9m encontrar\u00e1 um breve manual de instru\u00e7\u00f5es na parte de tr\u00e1s da caixa, mas para obter melhores resultados, recomendamos a leitura das instru\u00e7\u00f5es antes do uso. <a href=\"https:\/\/growshroom.hu\/pt\/reszletes-hasznalati-utmutato-laskagomba\/\">Manual do usu\u00e1rio detalhado<\/a> e o <a href=\"https:\/\/growshroom.hu\/pt\/gyakran-ismetelt-kerdesek\/\">Perguntas frequentes<\/a> Tamb\u00e9m estou lendo.<\/p>","protected":false},"excerpt":{"rendered":"<p style=\"text-align: center;\">Torne-se um produtor de cogumelos <em>growshroom<\/em> Cogumelo ostra cinza (Pleurotus ostreatus) com s\u00e9palas!<\/p>\n<p style=\"text-align: center;\"><img decoding=\"async\" class=\"aligncenter wp-image-3191\" src=\"https:\/\/growshroom.hu\/wp-content\/uploads\/2025\/06\/infografika.svg\" alt=\"growshroom gombatermeszt\u0151 k\u00e9szlet haszn\u00e1lata h\u00e1rom l\u00e9p\u00e9sben: 1. perfor\u00e1ci\u00f3 let\u00e9p\u00e9se, 2. X forma bev\u00e1g\u00e1sa a term\u0151blokkba, 3. v\u00edzzel permetez\u00e9s a mell\u00e9kelt sz\u00f3r\u00f3fejes \u00fcvegb\u0151l\" width=\"598\" height=\"141\" \/><\/p>\n<p style=\"text-align: center;\">Abra a caixa na perfura\u00e7\u00e3o, corte um X no saco, borrife \u00e1gua do borrifador incluso 2 a 3 vezes ao dia e observe-os crescer!<\/p>\n<p style=\"text-align: center;\">","protected":false},"featured_media":4654,"comment_status":"open","ping_status":"closed","template":"","meta":{"_acf_changed":false,"inline_featured_image":false,"_uag_custom_page_level_css":"","site-sidebar-layout":"default","site-content-layout":"","ast-site-content-layout":"default","site-content-style":"default","site-sidebar-style":"default","ast-global-header-display":"","ast-banner-title-visibility":"","ast-main-header-display":"","ast-hfb-above-header-display":"","ast-hfb-below-header-display":"","ast-hfb-mobile-header-display":"","site-post-title":"","ast-breadcrumbs-content":"","ast-featured-img":"","footer-sml-layout":"","ast-disable-related-posts":"","theme-transparent-header-meta":"default","adv-header-id-meta":"","stick-header-meta":"","header-above-stick-meta":"","header-main-stick-meta":"","header-below-stick-meta":"","astra-migrate-meta-layouts":"set","ast-page-background-enabled":"default","ast-page-background-meta":{"desktop":{"background-color":"var(--ast-global-color-4)","background-image":"","background-repeat":"repeat","background-position":"center center","background-size":"auto","background-attachment":"scroll","background-type":"","background-media":"","overlay-type":"","overlay-color":"","overlay-opacity":"","overlay-gradient":""},"tablet":{"background-color":"","background-image":"","background-repeat":"repeat","background-position":"center center","background-size":"auto","background-attachment":"scroll","background-type":"","background-media":"","overlay-type":"","overlay-color":"","overlay-opacity":"","overlay-gradient":""},"mobile":{"background-color":"","background-image":"","background-repeat":"repeat","background-position":"center center","background-size":"auto","background-attachment":"scroll","background-type":"","background-media":"","overlay-type":"","overlay-color":"","overlay-opacity":"","overlay-gradient":""}},"ast-content-background-meta":{"desktop":{"background-color":"var(--ast-global-color-5)","background-image":"","background-repeat":"repeat","background-position":"center center","background-size":"auto","background-attachment":"scroll","background-type":"","background-media":"","overlay-type":"","overlay-color":"","overlay-opacity":"","overlay-gradient":""},"tablet":{"background-color":"var(--ast-global-color-5)","background-image":"","background-repeat":"repeat","background-position":"center center","background-size":"auto","background-attachment":"scroll","background-type":"","background-media":"","overlay-type":"","overlay-color":"","overlay-opacity":"","overlay-gradient":""},"mobile":{"background-color":"var(--ast-global-color-5)","background-image":"","background-repeat":"repeat","background-position":"center center","background-size":"auto","background-attachment":"scroll","background-type":"","background-media":"","overlay-type":"","overlay-color":"","overlay-opacity":"","overlay-gradient":""}}},"product_brand":[],"product_cat":[26],"product_tag":[],"class_list":{"0":"post-1904","1":"product","2":"type-product","3":"status-publish","4":"has-post-thumbnail","6":"product_cat-dobozos-keszletek","7":"desktop-align-center","8":"tablet-align-left","9":"mobile-align-left","11":"first","12":"instock","13":"shipping-taxable","14":"purchasable","15":"product-type-simple"},"acf":[],"uagb_featured_image_src":{"full":["https:\/\/growshroom.hu\/wp-content\/uploads\/2025\/06\/szurke-frontuveg.jpeg",1536,2048,false],"thumbnail":["https:\/\/growshroom.hu\/wp-content\/uploads\/2025\/06\/szurke-frontuveg-150x150.jpeg",150,150,true],"medium":["https:\/\/growshroom.hu\/wp-content\/uploads\/2025\/06\/szurke-frontuveg-225x300.jpeg",225,300,true],"medium_large":["https:\/\/growshroom.hu\/wp-content\/uploads\/2025\/06\/szurke-frontuveg-768x1024.jpeg",768,1024,true],"large":["https:\/\/growshroom.hu\/wp-content\/uploads\/2025\/06\/szurke-frontuveg-768x1024.jpeg",768,1024,true],"1536x1536":["https:\/\/growshroom.hu\/wp-content\/uploads\/2025\/06\/szurke-frontuveg-1152x1536.jpeg",1152,1536,true],"2048x2048":["https:\/\/growshroom.hu\/wp-content\/uploads\/2025\/06\/szurke-frontuveg.jpeg",1536,2048,false],"trp-custom-language-flag":["https:\/\/growshroom.hu\/wp-content\/uploads\/2025\/06\/szurke-frontuveg-9x12.jpeg",9,12,true],"woocommerce_thumbnail":["https:\/\/growshroom.hu\/wp-content\/uploads\/2025\/06\/szurke-frontuveg-300x400.jpeg",300,400,true],"woocommerce_single":["https:\/\/growshroom.hu\/wp-content\/uploads\/2025\/06\/szurke-frontuveg-600x800.jpeg",600,800,true],"woocommerce_gallery_thumbnail":["https:\/\/growshroom.hu\/wp-content\/uploads\/2025\/06\/szurke-frontuveg-100x100.jpeg",100,100,true]},"uagb_author_info":{"display_name":"growshroom","author_link":"https:\/\/growshroom.hu\/pt\/author"},"uagb_comment_info":20,"uagb_excerpt":"V\u00e1lj te is gombatermeszt\u0151v\u00e9 a growshroom Sz\u00fcrke laskagomba (Pleurotus ostreatus) k\u00e9szlettel! Nyisd ki a dobozt a perfor\u00e1ci\u00f3n\u00e1l, v\u00e1gj egy X-et a zacsk\u00f3ba, f\u00fajd be v\u00edzzel a mell\u00e9kelt sz\u00f3r\u00f3fejes \u00fcvegb\u0151l 2-3 alkalommal naponta, \u00e9s n\u00e9zd ahogy n\u0151nek!","tiered_pricing_type":"fixed","tiered_pricing_fixed_rules":[],"tiered_pricing_product_settings":{"layout":"default","base_unit_name":{"singular":null,"plural":null},"default_variation":null},"tiered_pricing_minimum_quantity":null,"tiered_pricing_roles_data":[],"tiered_pricing_percentage_rules":[],"tiered_pricing_maximum_quantity":null,"tiered_pricing_quantity_step":null,"_links":{"self":[{"href":"https:\/\/growshroom.hu\/pt\/wp-json\/wp\/v2\/product\/1904","targetHints":{"allow":["GET"]}}],"collection":[{"href":"https:\/\/growshroom.hu\/pt\/wp-json\/wp\/v2\/product"}],"about":[{"href":"https:\/\/growshroom.hu\/pt\/wp-json\/wp\/v2\/types\/product"}],"replies":[{"embeddable":true,"href":"https:\/\/growshroom.hu\/pt\/wp-json\/wp\/v2\/comments?post=1904"}],"wp:featuredmedia":[{"embeddable":true,"href":"https:\/\/growshroom.hu\/pt\/wp-json\/wp\/v2\/media\/4654"}],"wp:attachment":[{"href":"https:\/\/growshroom.hu\/pt\/wp-json\/wp\/v2\/media?parent=1904"}],"wp:term":[{"taxonomy":"product_brand","embeddable":true,"href":"https:\/\/growshroom.hu\/pt\/wp-json\/wp\/v2\/product_brand?post=1904"},{"taxonomy":"product_cat","embeddable":true,"href":"https:\/\/growshroom.hu\/pt\/wp-json\/wp\/v2\/product_cat?post=1904"},{"taxonomy":"product_tag","embeddable":true,"href":"https:\/\/growshroom.hu\/pt\/wp-json\/wp\/v2\/product_tag?post=1904"}],"curies":[{"name":"wp","href":"https:\/\/api.w.org\/{rel}","templated":true}]}}