{"id":5602,"date":"2026-01-17T20:05:04","date_gmt":"2026-01-17T18:05:04","guid":{"rendered":"https:\/\/growshroom.hu\/?post_type=product&#038;p=5602"},"modified":"2026-04-12T19:55:40","modified_gmt":"2026-04-12T17:55:40","slug":"aranysarga-laskagomba-termoblokk-pleurotus-citrinopileatus","status":"publish","type":"product","link":"https:\/\/growshroom.hu\/pl\/termekek\/aranysarga-laskagomba-termoblokk-pleurotus-citrinopileatus","title":{"rendered":"Z\u0142oty boczniak (Pleurotus citrinopileatus)"},"content":{"rendered":"<details class=\"gs-acc\">\n<summary class=\"gs-h4\">Jaka jest r\u00f3\u017cnica mi\u0119dzy zestawami pude\u0142kowymi a blokami uprawowymi?<\/summary>\n<div class=\"gs-acc__content\">\n<p>Oba produkty zawieraj\u0105 ten sam blok wzrostowy o wadze 2,2 kg, ale do zestawu do\u0142\u0105czone jest tak\u017ce pude\u0142ko prezentowe i butelka ze spryskiwaczem, dlatego idealnie nadaj\u0105 si\u0119 na prezent.<\/p>\n<p>Dodatkowo, odmiany dost\u0119pne w zestawach pude\u0142kowych s\u0105 polecane dla pocz\u0105tkuj\u0105cych, a bardziej zaawansowane odmiany mo\u017cna znale\u017a\u0107 w blokach uprawowych. Niekt\u00f3re z nich nie b\u0119d\u0105 dobrze ros\u0142y na blacie kuchennym i wymagaj\u0105 kontrolowanego \u015brodowiska. Dla uzyskania najlepszych rezultat\u00f3w zalecamy u\u017cycie pokoju uprawowego lub namiotu. Je\u015bli nie masz mo\u017cliwo\u015bci kontrolowania temperatury, wybierz blok odpowiedni do Twojego klimatu!<\/p>\n<p>W przypadku uprawy na blacie kuchennym, wykorzystanie blok\u00f3w uprawowych jest r\u00f3wnie \u0142atwe jak korzystanie z gotowych zestaw\u00f3w.<\/p>\n<p>Aby uzyska\u0107 szczeg\u00f3\u0142owe informacje, przeczytaj <a href=\"https:\/\/growshroom.hu\/pl\/termoblokk-utmutato\/\">Przewodnik po bloku produkcyjnym<\/a> strona, na kt\u00f3rej znajdziesz opisy i wskaz\u00f3wki dotycz\u0105ce ka\u017cdej odmiany. W razie dalszych pyta\u0144 prosimy o zapoznanie si\u0119 z <a href=\"https:\/\/growshroom.hu\/pl\/gyakran-ismetelt-kerdesek\/\">Cz\u0119sto zadawane pytania<\/a> strona lub napisz do nas <a href=\"mailto:info@growshroom.hu\">przez e-mail<\/a>.<\/p>\n<\/div>\n<\/details>\n<details class=\"gs-acc\">\n<summary class=\"gs-h4\">Ile grzyb\u00f3w wyprodukuje?<\/summary>\n<div class=\"gs-acc__content\">\n<p>Nasze bloki produkcyjne maj\u0105 rozmiar komercyjny. Te 2,2-kilogramowe bloki dadz\u0105 \u015brednio 400\u2013600 g \u015bwie\u017cych pieczarek podczas pierwszego zbioru w idealnych warunkach.<\/p>\n<p>Na plon w znacznym stopniu wp\u0142ywaj\u0105 warunki uprawy, dlatego nale\u017cy zwr\u00f3ci\u0107 uwag\u0119 na zalecane \u015brodowisko dla danego gatunku grzyba, a tak\u017ce <a href=\"https:\/\/growshroom.hu\/pl\/termoblokk-utmutato\/\">Blok produktu w przewodniku<\/a> zgodnie z opisem, aby unikn\u0105\u0107 rozczarowania.<\/p>\n<p>Oczywi\u015bcie, istniej\u0105 r\u00f3\u017cnice pomi\u0119dzy poszczeg\u00f3lnymi gatunkami grzyb\u00f3w \u2013 na przyk\u0142ad niekt\u00f3re pieczarki boczniaki wytwarzaj\u0105 ci\u0119\u017csze owocniki ni\u017c inne odmiany \u2013 ale w przypadku tych du\u017cych blok\u00f3w mo\u017cesz z pewno\u015bci\u0105 liczy\u0107 na \u0142adne, obfite pierwsze zbiory.<\/p>\n<p>Poniewa\u017c bloki zawieraj\u0105 du\u017c\u0105 ilo\u015b\u0107 sk\u0142adnik\u00f3w od\u017cywczych, mog\u0105 przynie\u015b\u0107 wiele plon\u00f3w. Zazwyczaj mo\u017cna spodziewa\u0107 si\u0119 2-3 plon\u00f3w, ale je\u015bli b\u0119dziesz cierpliwy i wytrwa\u0142y, mo\u017cesz uzyska\u0107 nawet wi\u0119cej.<br \/>\n<strong>Pierwsze zbiory s\u0105 zawsze najwi\u0119ksze i najszybsze, jednak mi\u0119dzy kolejnymi zbiorami mo\u017ce by\u0107 przerwa trwaj\u0105ca nawet kilka tygodni.<\/strong><\/p>\n<p><strong>Gwarantujemy pierwsze zbiory!<\/strong><\/p>\n<p>Je\u017celi w ci\u0105gu 14 dni od otwarcia bloku nie nast\u0105pi\u0142a \u017cadna zmiana, prosimy o przes\u0142anie zdj\u0119cia e-mailem, a my udzielimy Pa\u0144stwu pomocy i w razie potrzeby wy\u015blemy nowy blok produkcyjny.<\/p>\n<p>Dodatkowa wskaz\u00f3wka: po kilku zbiorach, zebrany blok <strong>w okresie bezmrozowym<\/strong> Warto umie\u015bci\u0107 go w zacienionym, os\u0142oni\u0119tym miejscu w ogrodzie i dba\u0107 o jego wilgotno\u015b\u0107. Mo\u017cna go r\u00f3wnie\u017c umie\u015bci\u0107 p\u0142ytko w ziemi i przykry\u0107 li\u015b\u0107mi lub posiekan\u0105 s\u0142om\u0105. To \u201egrzybowe cmentarzysko\u201d mo\u017ce ponownie zaskoczy\u0107 \u015bwie\u017cymi grzybami w odpowiedniej temperaturze lub po ulewnym deszczu!<\/p>\n<\/div>\n<\/details>\n<h4 class=\"gs-h4\">Wsch\u00f3d s\u0142o\u0144ca na Twoim talerzu<\/h4>\n<p>Boczniak ostrygowaty pochodzi z Azji Wschodniej. Jego kapelusz jest cienki i mi\u0119kki, lekko kruchy, a trzon grubszy. Zachowuje t\u0119 dwoisto\u015b\u0107 nawet po ugotowaniu \u2013 kapelusz staje si\u0119 chrupi\u0105cy, a trzon pozostaje bardziej mi\u0119sisty. Jego smak jest \u0142agodny, lekko s\u0142odki, przypominaj\u0105cy orzechy nerkowca. Dobrze komponuje si\u0119 z lekkimi daniami w stylu \u015br\u00f3dziemnomorskim, sa\u0142atkami, makaronami i dodatkami.<\/p>\n<p><strong>Boczniaki z\u0142ote rosn\u0105 nieco wolniej ni\u017c inne boczniaki. Najpierw tworz\u0105 k\u0119py, z kt\u00f3rych nast\u0119pnie rozwijaj\u0105 si\u0119 zawi\u0105zki, czyli ma\u0142e grzyby. Nie martw si\u0119, je\u015bli przez 5-7 dni po otwarciu nie zauwa\u017cysz wi\u0119kszych zmian \u2013 grzybnia nadal dzia\u0142a.<\/strong><\/p>\n<h4 class=\"gs-h4\">Jak to zosta\u0142o zrobione?<\/h4>\n<p>Blok nasion to nic innego jak s\u0142oma lub trociny skolonizowane grzybni\u0105. Z wyizolowanej kultury grzyb\u00f3w najpierw przygotowali\u015bmy wysokiej jako\u015bci tzw. zarodek grzyba na wysterylizowanym ziarnie, a nast\u0119pnie zmieszali\u015bmy go z posiekan\u0105 s\u0142om\u0105, aby stworzy\u0107 blok nasion. Ekscytuj\u0105c\u0105 cz\u0119\u015b\u0107 zostawili\u015bmy Wam!<\/p>\n<p>Grzybnia, kt\u00f3ra przeplata si\u0119 przez blok, to \u017cywy organizm, kt\u00f3ry po strawieniu sk\u0142adnik\u00f3w od\u017cywczych czeka na odpowiednie warunki \u015brodowiskowe, aby uformowa\u0107 owocnik \u2013 jadalny grzyb. Tlen i wilgo\u0107, kt\u00f3re pojawiaj\u0105 si\u0119 po otwarciu worka, sygnalizuj\u0105 grzybowi, \u017ce nadszed\u0142 czas.<\/p>\n<h4 class=\"gs-h4\">Sk\u0142adowanie<\/h4>\n<p><strong>Ostrze\u017cenie: Je\u015bli nie otworzysz opakowania w ci\u0105gu kilku dni, przechowuj je w lod\u00f3wce!<\/strong><\/p>\n<p>Tw\u00f3j zestaw zawiera \u017cywy organizm, dlatego zalecamy otwarcie go po otrzymaniu. Je\u015bli nie masz takiej mo\u017cliwo\u015bci, mo\u017cesz przechowywa\u0107 go nieotwartego w lod\u00f3wce przez 4 tygodnie. Metabolizm grzybni znacznie zwalnia w tym czasie.<\/p>\n<p>Podczas d\u0142ugotrwa\u0142ego przechowywania lub w temperaturze pokojowej wewn\u0105trz torebki mo\u017ce rozwin\u0105\u0107 si\u0119 ple\u015b\u0144. Nie wp\u0142ynie to na dalsze u\u017cytkowanie. Je\u015bli ple\u015b\u0144 znajduje si\u0119 w zasi\u0119gu r\u0119ki pod naci\u0119tym obszarem, po prostu j\u0105 usu\u0144.<\/p>\n<p>Blok przechowywany przez d\u0142u\u017cszy czas w temperaturze pokojowej po pewnym czasie zu\u017cyje wszystkie dost\u0119pne sk\u0142adniki od\u017cywcze, a nast\u0119pnie zacznie si\u0119 powoli rozk\u0142ada\u0107.<\/p>\n<h4 class=\"gs-h4\">Warto oceni\u0107<\/h4>\n<p>Zr\u00f3b zdj\u0119cie swoich plon\u00f3w! Wy\u015blemy Ci e-mail 14 dni po z\u0142o\u017ceniu zam\u00f3wienia, aby\u015b m\u00f3g\u0142 je oceni\u0107. Wszystkie<strong> fotograficzny <\/strong>Nagrodzimy Ci\u0119 kuponem 20%, bezterminowym, darmowym i zbywalnym. Wykorzystaj go lub przeka\u017c dalej!<\/p>","protected":false},"excerpt":{"rendered":"<div><\/div>\n<div class=\"gs-specs\"><\/div>","protected":false},"featured_media":5656,"comment_status":"open","ping_status":"closed","template":"","meta":{"_acf_changed":false,"inline_featured_image":false,"_uag_custom_page_level_css":"","site-sidebar-layout":"default","site-content-layout":"","ast-site-content-layout":"default","site-content-style":"default","site-sidebar-style":"default","ast-global-header-display":"","ast-banner-title-visibility":"","ast-main-header-display":"","ast-hfb-above-header-display":"","ast-hfb-below-header-display":"","ast-hfb-mobile-header-display":"","site-post-title":"","ast-breadcrumbs-content":"","ast-featured-img":"","footer-sml-layout":"","ast-disable-related-posts":"","theme-transparent-header-meta":"default","adv-header-id-meta":"","stick-header-meta":"","header-above-stick-meta":"","header-main-stick-meta":"","header-below-stick-meta":"","astra-migrate-meta-layouts":"set","ast-page-background-enabled":"default","ast-page-background-meta":{"desktop":{"background-color":"var(--ast-global-color-4)","background-image":"","background-repeat":"repeat","background-position":"center center","background-size":"auto","background-attachment":"scroll","background-type":"","background-media":"","overlay-type":"","overlay-color":"","overlay-opacity":"","overlay-gradient":""},"tablet":{"background-color":"","background-image":"","background-repeat":"repeat","background-position":"center center","background-size":"auto","background-attachment":"scroll","background-type":"","background-media":"","overlay-type":"","overlay-color":"","overlay-opacity":"","overlay-gradient":""},"mobile":{"background-color":"","background-image":"","background-repeat":"repeat","background-position":"center center","background-size":"auto","background-attachment":"scroll","background-type":"","background-media":"","overlay-type":"","overlay-color":"","overlay-opacity":"","overlay-gradient":""}},"ast-content-background-meta":{"desktop":{"background-color":"var(--ast-global-color-5)","background-image":"","background-repeat":"repeat","background-position":"center center","background-size":"auto","background-attachment":"scroll","background-type":"","background-media":"","overlay-type":"","overlay-color":"","overlay-opacity":"","overlay-gradient":""},"tablet":{"background-color":"var(--ast-global-color-5)","background-image":"","background-repeat":"repeat","background-position":"center center","background-size":"auto","background-attachment":"scroll","background-type":"","background-media":"","overlay-type":"","overlay-color":"","overlay-opacity":"","overlay-gradient":""},"mobile":{"background-color":"var(--ast-global-color-5)","background-image":"","background-repeat":"repeat","background-position":"center center","background-size":"auto","background-attachment":"scroll","background-type":"","background-media":"","overlay-type":"","overlay-color":"","overlay-opacity":"","overlay-gradient":""}}},"product_brand":[],"product_cat":[85],"product_tag":[],"class_list":{"0":"post-5602","1":"product","2":"type-product","3":"status-publish","4":"has-post-thumbnail","6":"product_cat-termoblokkok","7":"desktop-align-center","8":"tablet-align-left","9":"mobile-align-left","11":"first","12":"instock","13":"shipping-taxable","14":"purchasable","15":"product-type-simple"},"acf":[],"uagb_featured_image_src":{"full":["https:\/\/growshroom.hu\/wp-content\/uploads\/2026\/01\/gold_n.png",1080,1350,false],"thumbnail":["https:\/\/growshroom.hu\/wp-content\/uploads\/2026\/01\/gold_n-150x150.png",150,150,true],"medium":["https:\/\/growshroom.hu\/wp-content\/uploads\/2026\/01\/gold_n-240x300.png",240,300,true],"medium_large":["https:\/\/growshroom.hu\/wp-content\/uploads\/2026\/01\/gold_n-768x960.png",768,960,true],"large":["https:\/\/growshroom.hu\/wp-content\/uploads\/2026\/01\/gold_n-819x1024.png",819,1024,true],"1536x1536":["https:\/\/growshroom.hu\/wp-content\/uploads\/2026\/01\/gold_n.png",1080,1350,false],"2048x2048":["https:\/\/growshroom.hu\/wp-content\/uploads\/2026\/01\/gold_n.png",1080,1350,false],"trp-custom-language-flag":["https:\/\/growshroom.hu\/wp-content\/uploads\/2026\/01\/gold_n-10x12.png",10,12,true],"woocommerce_thumbnail":["https:\/\/growshroom.hu\/wp-content\/uploads\/2026\/01\/gold_n-300x375.png",300,375,true],"woocommerce_single":["https:\/\/growshroom.hu\/wp-content\/uploads\/2026\/01\/gold_n-600x750.png",600,750,true],"woocommerce_gallery_thumbnail":["https:\/\/growshroom.hu\/wp-content\/uploads\/2026\/01\/gold_n-100x100.png",100,100,true]},"uagb_author_info":{"display_name":"growshroom","author_link":"https:\/\/growshroom.hu\/pl\/author"},"uagb_comment_info":0,"uagb_excerpt":"[termesztesi_adatok]","tiered_pricing_type":"fixed","tiered_pricing_fixed_rules":[],"tiered_pricing_product_settings":{"layout":"default","base_unit_name":{"singular":null,"plural":null},"default_variation":null},"tiered_pricing_minimum_quantity":null,"tiered_pricing_roles_data":[],"tiered_pricing_percentage_rules":[],"tiered_pricing_maximum_quantity":null,"tiered_pricing_quantity_step":null,"_links":{"self":[{"href":"https:\/\/growshroom.hu\/pl\/wp-json\/wp\/v2\/product\/5602","targetHints":{"allow":["GET"]}}],"collection":[{"href":"https:\/\/growshroom.hu\/pl\/wp-json\/wp\/v2\/product"}],"about":[{"href":"https:\/\/growshroom.hu\/pl\/wp-json\/wp\/v2\/types\/product"}],"replies":[{"embeddable":true,"href":"https:\/\/growshroom.hu\/pl\/wp-json\/wp\/v2\/comments?post=5602"}],"wp:featuredmedia":[{"embeddable":true,"href":"https:\/\/growshroom.hu\/pl\/wp-json\/wp\/v2\/media\/5656"}],"wp:attachment":[{"href":"https:\/\/growshroom.hu\/pl\/wp-json\/wp\/v2\/media?parent=5602"}],"wp:term":[{"taxonomy":"product_brand","embeddable":true,"href":"https:\/\/growshroom.hu\/pl\/wp-json\/wp\/v2\/product_brand?post=5602"},{"taxonomy":"product_cat","embeddable":true,"href":"https:\/\/growshroom.hu\/pl\/wp-json\/wp\/v2\/product_cat?post=5602"},{"taxonomy":"product_tag","embeddable":true,"href":"https:\/\/growshroom.hu\/pl\/wp-json\/wp\/v2\/product_tag?post=5602"}],"curies":[{"name":"wp","href":"https:\/\/api.w.org\/{rel}","templated":true}]}}