{"id":4920,"date":"2025-11-16T14:42:46","date_gmt":"2025-11-16T12:42:46","guid":{"rendered":"https:\/\/growshroom.hu\/?post_type=product&#038;p=4920"},"modified":"2026-02-25T15:15:14","modified_gmt":"2026-02-25T13:15:14","slug":"tripla-keszlet-csomag","status":"publish","type":"product","link":"https:\/\/growshroom.hu\/pl\/termekek\/tripla-keszlet-csomag","title":{"rendered":"Zestaw do uprawy potr\u00f3jnych grzyb\u00f3w"},"content":{"rendered":"<details class=\"gs-acc\">\n<summary class=\"gs-h4\">Jaka jest r\u00f3\u017cnica mi\u0119dzy zestawami pude\u0142kowymi a blokami uprawowymi?<\/summary>\n<div class=\"gs-acc__content\">\n<p>Oba produkty zawieraj\u0105 ten sam blok wzrostowy o wadze 2,2 kg, ale do zestawu do\u0142\u0105czone jest tak\u017ce pude\u0142ko prezentowe i butelka ze spryskiwaczem, dlatego idealnie nadaj\u0105 si\u0119 na prezent.<\/p>\n<p>Dodatkowo, odmiany dost\u0119pne w zestawach pude\u0142kowych s\u0105 polecane dla pocz\u0105tkuj\u0105cych, a bardziej zaawansowane odmiany mo\u017cna znale\u017a\u0107 w blokach uprawowych. Niekt\u00f3re z nich nie b\u0119d\u0105 dobrze ros\u0142y na blacie kuchennym i wymagaj\u0105 kontrolowanego \u015brodowiska. Dla uzyskania najlepszych rezultat\u00f3w zalecamy u\u017cycie pokoju uprawowego lub namiotu. Je\u015bli nie masz mo\u017cliwo\u015bci kontrolowania temperatury, wybierz blok odpowiedni do Twojego klimatu!<\/p>\n<p>W przypadku uprawy na blacie kuchennym, wykorzystanie blok\u00f3w uprawowych jest r\u00f3wnie \u0142atwe jak korzystanie z gotowych zestaw\u00f3w.<\/p>\n<p>Aby uzyska\u0107 szczeg\u00f3\u0142owe informacje, przeczytaj <a href=\"https:\/\/growshroom.hu\/pl\/termoblokk-utmutato\/\">Przewodnik po bloku produkcyjnym<\/a> strona, na kt\u00f3rej znajdziesz opisy i wskaz\u00f3wki dotycz\u0105ce ka\u017cdej odmiany. W razie dalszych pyta\u0144 prosimy o zapoznanie si\u0119 z <a href=\"https:\/\/growshroom.hu\/pl\/gyakran-ismetelt-kerdesek\/\">Cz\u0119sto zadawane pytania<\/a> strona lub napisz do nas <a href=\"mailto:info@growshroom.hu\">przez e-mail<\/a>.<\/p>\n<\/div>\n<\/details>\n<details class=\"gs-acc\">\n<summary class=\"gs-h4\">Ile grzyb\u00f3w wyprodukuje?<\/summary>\n<div class=\"gs-acc__content\">\n<p>Nasze bloki produkcyjne maj\u0105 rozmiar komercyjny. Te 2,2-kilogramowe bloki dadz\u0105 \u015brednio 400\u2013600 g \u015bwie\u017cych pieczarek podczas pierwszego zbioru w idealnych warunkach.<\/p>\n<p>Na plon w znacznym stopniu wp\u0142ywaj\u0105 warunki uprawy, dlatego nale\u017cy zwr\u00f3ci\u0107 uwag\u0119 na zalecane \u015brodowisko dla danego gatunku grzyba, a tak\u017ce <a href=\"https:\/\/growshroom.hu\/pl\/termoblokk-utmutato\/\">Blok produktu w przewodniku<\/a> zgodnie z opisem, aby unikn\u0105\u0107 rozczarowania.<\/p>\n<p>Oczywi\u015bcie, istniej\u0105 r\u00f3\u017cnice pomi\u0119dzy poszczeg\u00f3lnymi gatunkami grzyb\u00f3w \u2013 na przyk\u0142ad niekt\u00f3re pieczarki boczniaki wytwarzaj\u0105 ci\u0119\u017csze owocniki ni\u017c inne odmiany \u2013 ale w przypadku tych du\u017cych blok\u00f3w mo\u017cesz z pewno\u015bci\u0105 liczy\u0107 na \u0142adne, obfite pierwsze zbiory.<\/p>\n<p>Poniewa\u017c bloki zawieraj\u0105 du\u017c\u0105 ilo\u015b\u0107 sk\u0142adnik\u00f3w od\u017cywczych, mog\u0105 przynie\u015b\u0107 wiele plon\u00f3w. Zazwyczaj mo\u017cna spodziewa\u0107 si\u0119 2-3 plon\u00f3w, ale je\u015bli b\u0119dziesz cierpliwy i wytrwa\u0142y, mo\u017cesz uzyska\u0107 nawet wi\u0119cej.<br \/>\n<strong>Pierwsze zbiory s\u0105 zawsze najwi\u0119ksze i najszybsze, jednak mi\u0119dzy kolejnymi zbiorami mo\u017ce by\u0107 przerwa trwaj\u0105ca nawet kilka tygodni.<\/strong><\/p>\n<p><strong>Gwarantujemy pierwsze zbiory!<\/strong><\/p>\n<p>Je\u017celi w ci\u0105gu 14 dni od otwarcia bloku nie nast\u0105pi\u0142a \u017cadna zmiana, prosimy o przes\u0142anie zdj\u0119cia e-mailem, a my udzielimy Pa\u0144stwu pomocy i w razie potrzeby wy\u015blemy nowy blok produkcyjny.<\/p>\n<p>Dodatkowa wskaz\u00f3wka: po kilku zbiorach, zebrany blok <strong>w okresie bezmrozowym<\/strong> Warto umie\u015bci\u0107 go w zacienionym, os\u0142oni\u0119tym miejscu w ogrodzie i dba\u0107 o jego wilgotno\u015b\u0107. Mo\u017cna go r\u00f3wnie\u017c umie\u015bci\u0107 p\u0142ytko w ziemi i przykry\u0107 li\u015b\u0107mi lub posiekan\u0105 s\u0142om\u0105. To \u201egrzybowe cmentarzysko\u201d mo\u017ce ponownie zaskoczy\u0107 \u015bwie\u017cymi grzybami w odpowiedniej temperaturze lub po ulewnym deszczu!<\/p>\n<\/div>\n<\/details>\n<h4 class=\"gs-h4\">Jak to zosta\u0142o zrobione?<\/h4>\n<p>Podstaw\u0105 zestawu jest blok uprawowy ze s\u0142omy lub drewna, spleciony z grzybni\u0105. Z wyizolowanej kultury grzyb\u00f3w najpierw stworzyli\u015bmy wysokiej jako\u015bci, tzw. kie\u0142ki grzyb\u00f3w na wysterylizowanym ziarnie, a nast\u0119pnie zmieszali\u015bmy je z posiekan\u0105 s\u0142om\u0105, aby stworzy\u0107 blok uprawowy. Ekscytuj\u0105c\u0105 cz\u0119\u015b\u0107 zostawili\u015bmy Wam!<\/p>\n<p>Grzybnia, kt\u00f3ra przeplata si\u0119 przez blok, to \u017cywy organizm, kt\u00f3ry po strawieniu sk\u0142adnik\u00f3w od\u017cywczych czeka na odpowiednie warunki \u015brodowiskowe, aby uformowa\u0107 owocnik \u2013 jadalny grzyb. Tlen i wilgo\u0107, kt\u00f3re pojawiaj\u0105 si\u0119 po otwarciu worka, sygnalizuj\u0105 grzybowi, \u017ce nadszed\u0142 czas.<\/p>\n<h4 class=\"gs-h4\">Gwarantowany plon<\/h4>\n<p>Przy regularnym i odpowiednim nawodnieniu nasze zestawy do uprawy pieczarek zapewni\u0105 niezawodn\u0105 wydajno\u015b\u0107, nawet 3-4 razy wi\u0119ksz\u0105. Pierwsze zbiory spodziewane s\u0105 w ci\u0105gu 14 dni od otwarcia bloku.<\/p>\n<p>Gwarantujemy pierwsze zbiory!<\/p>\n<p>Je\u017celi po 14 dniach od otwarcia zestawu nie nast\u0105pi \u017cadna zmiana, wy\u015blij nam zdj\u0119cie e-mailem, a my pomo\u017cemy Ci i w razie potrzeby wy\u015blemy nowy zestaw.<\/p>\n<p>Zazwyczaj ka\u017cdy kolejny plon jest nieco mniejszy od poprzedniego i pojawia si\u0119 po d\u0142u\u017cszym okresie czasu. <strong>Pomi\u0119dzy zbiorami mo\u017ce up\u0142yn\u0105\u0107 kilka tygodni, prosimy o cierpliwo\u015b\u0107!<\/strong> W jaki spos\u00f3b zalecamy rozpocz\u0119cie dodatkowych upraw, wyja\u015bniono w <a href=\"https:\/\/growshroom.hu\/pl\/reszletes-hasznalati-utmutato\/\">Szczeg\u00f3\u0142owa instrukcja obs\u0142ugi<\/a> potrafisz czyta\u0107.<\/p>\n<h4 class=\"gs-h4\">Sprytny prezent<\/h4>\n<p>Niezale\u017cnie od tego, czy chcesz zadowoli\u0107 smakoszy, czy hobbystycznych ogrodnik\u00f3w, widok rosn\u0105cych z dnia na dzie\u0144 grzyb\u00f3w mo\u017ce zrobi\u0107 wra\u017cenie zar\u00f3wno na doros\u0142ych, jak i na dzieciach!<\/p>\n<p><strong>Uwaga! Zestaw mo\u017cna przechowywa\u0107 tylko przez kilka tygodni!<\/strong><\/p>\n<p>Tw\u00f3j zestaw zawiera \u017cywy organizm, dlatego zalecamy otwarcie go po otrzymaniu. Je\u015bli nie masz takiej mo\u017cliwo\u015bci, mo\u017cesz przechowywa\u0107 go nieotwartego w lod\u00f3wce przez 4 tygodnie. Metabolizm grzybni znacznie zwalnia w tym czasie.<\/p>\n<p>Wyj\u0105tkiem od tej regu\u0142y jest <strong>r\u00f3\u017cowy boczniak, kt\u00f3ry jest grzybem tropikalnym, lubi\u0105cym ciep\u0142o, dlatego nie mo\u017cna go przechowywa\u0107 w lod\u00f3wce.<\/strong> Mo\u017cna przechowywa\u0107 nieotwarte w temperaturze pokojowej przez okres do 4 tygodni.<\/p>\n<p>Podczas d\u0142ugotrwa\u0142ego przechowywania lub w temperaturze pokojowej wewn\u0105trz torebki mo\u017ce rozwin\u0105\u0107 si\u0119 ple\u015b\u0144. Nie wp\u0142ynie to na dalsze u\u017cytkowanie. Je\u015bli ple\u015b\u0144 znajduje si\u0119 w zasi\u0119gu r\u0119ki pod naci\u0119tym obszarem, po prostu j\u0105 usu\u0144.<\/p>\n<p>Blok przechowywany przez d\u0142u\u017cszy czas w temperaturze pokojowej po pewnym czasie zu\u017cyje wszystkie dost\u0119pne sk\u0142adniki od\u017cywcze, a nast\u0119pnie zacznie si\u0119 powoli rozk\u0142ada\u0107.<\/p>\n<h4 class=\"gs-h4\">Warto oceni\u0107<\/h4>\n<p>Zr\u00f3b zdj\u0119cie swoich zbior\u00f3w! Wy\u015blemy Ci e-mail 14 dni po z\u0142o\u017ceniu zam\u00f3wienia, dzi\u0119ki czemu b\u0119dziesz m\u00f3g\u0142 oceni\u0107 towar. Wszystkie<strong> fotograficzny <\/strong>Nagrodzimy Ci\u0119 kuponem 20%, bezterminowym, darmowym i zbywalnym. Wykorzystaj go lub przeka\u017c dalej!<\/p>\n<h4 class=\"gs-h4\">Nie zapomnij o instrukcji obs\u0142ugi!<\/h4>\n<p>Kr\u00f3tk\u0105 instrukcj\u0119 znajdziesz r\u00f3wnie\u017c na odwrocie opakowania, jednak aby uzyska\u0107 najlepsze rezultaty, zalecamy przeczytanie instrukcji przed u\u017cyciem. <a href=\"https:\/\/growshroom.hu\/pl\/reszletes-hasznalati-utmutato-laskagomba\/\">Szczeg\u00f3\u0142owa instrukcja obs\u0142ugi<\/a> i <a href=\"https:\/\/growshroom.hu\/pl\/gyakran-ismetelt-kerdesek\/\">Cz\u0119sto zadawane pytania<\/a> te\u017c to czytam.<\/p>","protected":false},"excerpt":{"rendered":"<p>&nbsp;<\/p>\n<p style=\"text-align: center;\">Wybierz 3 zestawy dowolnego rodzaju i zam\u00f3w z rabatem 15%!<\/p>\n<p>&nbsp;<\/p>","protected":false},"featured_media":4921,"comment_status":"open","ping_status":"closed","template":"","meta":{"_acf_changed":false,"inline_featured_image":false,"_uag_custom_page_level_css":"","site-sidebar-layout":"default","site-content-layout":"","ast-site-content-layout":"default","site-content-style":"default","site-sidebar-style":"default","ast-global-header-display":"","ast-banner-title-visibility":"","ast-main-header-display":"","ast-hfb-above-header-display":"","ast-hfb-below-header-display":"","ast-hfb-mobile-header-display":"","site-post-title":"","ast-breadcrumbs-content":"","ast-featured-img":"","footer-sml-layout":"","ast-disable-related-posts":"","theme-transparent-header-meta":"default","adv-header-id-meta":"","stick-header-meta":"","header-above-stick-meta":"","header-main-stick-meta":"","header-below-stick-meta":"","astra-migrate-meta-layouts":"set","ast-page-background-enabled":"default","ast-page-background-meta":{"desktop":{"background-color":"var(--ast-global-color-4)","background-image":"","background-repeat":"repeat","background-position":"center center","background-size":"auto","background-attachment":"scroll","background-type":"","background-media":"","overlay-type":"","overlay-color":"","overlay-opacity":"","overlay-gradient":""},"tablet":{"background-color":"","background-image":"","background-repeat":"repeat","background-position":"center center","background-size":"auto","background-attachment":"scroll","background-type":"","background-media":"","overlay-type":"","overlay-color":"","overlay-opacity":"","overlay-gradient":""},"mobile":{"background-color":"","background-image":"","background-repeat":"repeat","background-position":"center center","background-size":"auto","background-attachment":"scroll","background-type":"","background-media":"","overlay-type":"","overlay-color":"","overlay-opacity":"","overlay-gradient":""}},"ast-content-background-meta":{"desktop":{"background-color":"var(--ast-global-color-5)","background-image":"","background-repeat":"repeat","background-position":"center center","background-size":"auto","background-attachment":"scroll","background-type":"","background-media":"","overlay-type":"","overlay-color":"","overlay-opacity":"","overlay-gradient":""},"tablet":{"background-color":"var(--ast-global-color-5)","background-image":"","background-repeat":"repeat","background-position":"center center","background-size":"auto","background-attachment":"scroll","background-type":"","background-media":"","overlay-type":"","overlay-color":"","overlay-opacity":"","overlay-gradient":""},"mobile":{"background-color":"var(--ast-global-color-5)","background-image":"","background-repeat":"repeat","background-position":"center center","background-size":"auto","background-attachment":"scroll","background-type":"","background-media":"","overlay-type":"","overlay-color":"","overlay-opacity":"","overlay-gradient":""}}},"product_brand":[],"product_cat":[26],"product_tag":[],"class_list":{"0":"post-4920","1":"product","2":"type-product","3":"status-publish","4":"has-post-thumbnail","6":"product_cat-dobozos-keszletek","7":"desktop-align-center","8":"tablet-align-left","9":"mobile-align-left","11":"first","12":"instock","13":"sale","14":"sold-individually","15":"shipping-taxable","16":"purchasable","17":"product-type-woosb"},"acf":[],"uagb_featured_image_src":{"full":["https:\/\/growshroom.hu\/wp-content\/uploads\/2025\/11\/tripla-keszlet-csomag.png",1000,1000,false],"thumbnail":["https:\/\/growshroom.hu\/wp-content\/uploads\/2025\/11\/tripla-keszlet-csomag-150x150.png",150,150,true],"medium":["https:\/\/growshroom.hu\/wp-content\/uploads\/2025\/11\/tripla-keszlet-csomag-300x300.png",300,300,true],"medium_large":["https:\/\/growshroom.hu\/wp-content\/uploads\/2025\/11\/tripla-keszlet-csomag-768x768.png",768,768,true],"large":["https:\/\/growshroom.hu\/wp-content\/uploads\/2025\/11\/tripla-keszlet-csomag.png",1000,1000,false],"1536x1536":["https:\/\/growshroom.hu\/wp-content\/uploads\/2025\/11\/tripla-keszlet-csomag.png",1000,1000,false],"2048x2048":["https:\/\/growshroom.hu\/wp-content\/uploads\/2025\/11\/tripla-keszlet-csomag.png",1000,1000,false],"trp-custom-language-flag":["https:\/\/growshroom.hu\/wp-content\/uploads\/2025\/11\/tripla-keszlet-csomag-12x12.png",12,12,true],"woocommerce_thumbnail":["https:\/\/growshroom.hu\/wp-content\/uploads\/2025\/11\/tripla-keszlet-csomag-300x300.png",300,300,true],"woocommerce_single":["https:\/\/growshroom.hu\/wp-content\/uploads\/2025\/11\/tripla-keszlet-csomag-600x600.png",600,600,true],"woocommerce_gallery_thumbnail":["https:\/\/growshroom.hu\/wp-content\/uploads\/2025\/11\/tripla-keszlet-csomag-100x100.png",100,100,true]},"uagb_author_info":{"display_name":"growshroom","author_link":"https:\/\/growshroom.hu\/pl\/author"},"uagb_comment_info":3,"uagb_excerpt":"&nbsp; V\u00e1lassz 3 b\u00e1rmilyen k\u00e9szletet, \u00e9s rendeld meg 15% kedvezm\u00e9nnyel! &nbsp;","tiered_pricing_type":"fixed","tiered_pricing_fixed_rules":[],"tiered_pricing_product_settings":{"layout":"default","base_unit_name":{"singular":null,"plural":null},"default_variation":null},"tiered_pricing_minimum_quantity":null,"tiered_pricing_roles_data":[],"tiered_pricing_percentage_rules":[],"tiered_pricing_maximum_quantity":null,"tiered_pricing_quantity_step":null,"_links":{"self":[{"href":"https:\/\/growshroom.hu\/pl\/wp-json\/wp\/v2\/product\/4920","targetHints":{"allow":["GET"]}}],"collection":[{"href":"https:\/\/growshroom.hu\/pl\/wp-json\/wp\/v2\/product"}],"about":[{"href":"https:\/\/growshroom.hu\/pl\/wp-json\/wp\/v2\/types\/product"}],"replies":[{"embeddable":true,"href":"https:\/\/growshroom.hu\/pl\/wp-json\/wp\/v2\/comments?post=4920"}],"wp:featuredmedia":[{"embeddable":true,"href":"https:\/\/growshroom.hu\/pl\/wp-json\/wp\/v2\/media\/4921"}],"wp:attachment":[{"href":"https:\/\/growshroom.hu\/pl\/wp-json\/wp\/v2\/media?parent=4920"}],"wp:term":[{"taxonomy":"product_brand","embeddable":true,"href":"https:\/\/growshroom.hu\/pl\/wp-json\/wp\/v2\/product_brand?post=4920"},{"taxonomy":"product_cat","embeddable":true,"href":"https:\/\/growshroom.hu\/pl\/wp-json\/wp\/v2\/product_cat?post=4920"},{"taxonomy":"product_tag","embeddable":true,"href":"https:\/\/growshroom.hu\/pl\/wp-json\/wp\/v2\/product_tag?post=4920"}],"curies":[{"name":"wp","href":"https:\/\/api.w.org\/{rel}","templated":true}]}}