{"id":1784,"date":"2025-06-16T13:48:33","date_gmt":"2025-06-16T13:48:33","guid":{"rendered":"https:\/\/growshroom.hu\/cookie-szabalyzat\/"},"modified":"2025-08-28T08:23:29","modified_gmt":"2025-08-28T06:23:29","slug":"cookie-tajekoztato","status":"publish","type":"page","link":"https:\/\/growshroom.hu\/pl\/cookie-tajekoztato","title":{"rendered":"Informacje o plikach cookie"},"content":{"rendered":"<h1 class=\"wp-block-heading\" style=\"border-top-style:none;border-top-width:0px;border-right-style:none;border-right-width:0px;border-bottom-width:1px;border-left-style:none;border-left-width:0px;margin-top:0rem;margin-bottom:var(--wp--preset--spacing--50);padding-bottom:var(--wp--preset--spacing--50)\">Informacje o plikach cookie<\/h1>\n\n\n\n<p class=\"body\"><strong>WCHODZI W \u017bYCIE: 13 CZERWCA 2025 R.<\/strong><\/p>\n\n\n\n<h5 class=\"wp-block-heading\">Aby korzysta\u0107 z serwisu i sk\u0142ada\u0107 zam\u00f3wienia, nale\u017cy zapozna\u0107 si\u0119 z polityk\u0105 dotycz\u0105c\u0105 plik\u00f3w cookie serwisu.<\/h5>\n\n\n\n<p><strong>Czym s\u0105 pliki cookie?<\/strong><\/p>\n\n\n\n<p>Pliki cookie to ma\u0142e pliki tekstowe zawieraj\u0105ce informacje, kt\u00f3re przegl\u0105darka zapisuje na komputerze, telefonie kom\u00f3rkowym lub innym urz\u0105dzeniu podczas odwiedzania strony internetowej. Pliki cookie wysy\u0142aj\u0105 informacje do danej strony internetowej za ka\u017cdym razem, gdy na ni\u0105 powracasz.<\/p>\n\n\n\n<p>Pliki cookie mog\u0105 by\u0107 trwa\u0142e, kt\u00f3re pozostaj\u0105 na komputerze u\u017cytkownika do momentu ich usuni\u0119cia, lub tymczasowe (tzw. pliki cookie sesyjne), kt\u00f3re s\u0105 przechowywane tylko do momentu zamkni\u0119cia przegl\u0105darki internetowej. Pliki cookie mog\u0105 by\u0107 wewn\u0119trzne, ustawione przez odwiedzan\u0105 stron\u0119 internetow\u0105, lub zewn\u0119trzne, tj. nieustawione przez odwiedzan\u0105 stron\u0119 internetow\u0105.<\/p>\n\n\n\n<p><strong>W jaki spos\u00f3b growshroom u\u017cywa plik\u00f3w cookie?<\/strong><\/p>\n\n\n\n<p>Nasz sklep internetowy wykorzystuje pliki cookie w celu poprawy oferowanych us\u0142ug, u\u0142atwienia nawigacji mi\u0119dzy stronami, zapisywania preferencji u\u017cytkownik\u00f3w i poprawy komfortu korzystania ze strony.<\/p>\n\n\n\n<p><strong>Pliki cookie u\u017cywane przez growshroom i ich cel<\/strong><\/p>\n\n\n\n<p>Pliki cookie u\u017cywane na naszych stronach internetowych dziel\u0105 si\u0119 na nast\u0119puj\u0105ce kategorie (zgodnie z wytycznymi Mi\u0119dzynarodowej Izby Handlowej dotycz\u0105cymi plik\u00f3w cookie):<\/p>\n\n\n\n<p><strong>Pliki cookie absolutnie niezb\u0119dne:<\/strong><\/p>\n\n\n\n<p>U\u017cycie niezb\u0119dnych plik\u00f3w cookie umo\u017cliwia u\u017cytkownikowi poruszanie si\u0119 po witrynie i korzystanie z potrzebnych mu us\u0142ug, na przyk\u0142ad w celu uzyskania dost\u0119pu do zabezpieczonych obszar\u00f3w witryny.<\/p>\n\n\n\n<p><strong>Pliki cookie s\u0142u\u017c\u0105ce do pomiaru wydajno\u015bci:<\/strong><\/p>\n\n\n\n<p>Pliki cookie wydajno\u015bciowe zbieraj\u0105 informacje mi\u0119dzy innymi o stronach internetowych, kt\u00f3re u\u017cytkownicy odwiedzaj\u0105 najcz\u0119\u015bciej, ale nie gromadz\u0105 danych pozwalaj\u0105cych na identyfikacj\u0119 poszczeg\u00f3lnych u\u017cytkownik\u00f3w. Gromadz\u0105 one dane wy\u0142\u0105cznie ze \u017ar\u00f3de\u0142 zagregowanych i anonimowych.<\/p>\n\n\n\n<p>Pliki cookie wykorzystujemy w celu: \u2013 gromadzenia danych statystycznych dotycz\u0105cych korzystania z naszych stron internetowych, \u2013 oraz pomiaru skuteczno\u015bci kampanii reklamowych w danej grupie docelowej.<\/p>\n\n\n\n<p>Pliki cookie wydajno\u015bciowe mog\u0105 by\u0107 trwa\u0142e lub tymczasowe i mog\u0105 by\u0107 ustawiane przez pliki cookie pierwszej lub trzeciej strony. Ich celem jest zbieranie anonimowych danych o odwiedzanych stronach internetowych i wy\u015bwietlanych reklamach.<\/p>\n\n\n\n<p><strong>Pliki cookie s\u0142u\u017c\u0105ce do ulepszania dzia\u0142a\u0144 reklamowych:<\/strong><\/p>\n\n\n\n<p>Pliki cookie pozwalaj\u0105 ograniczy\u0107 liczb\u0119 wy\u015bwietle\u0144 reklam i s\u0142u\u017c\u0105 do pomiaru skuteczno\u015bci kampanii reklamowych w danej grupie docelowej.<\/p>\n\n\n\n<p>Pliki cookie s\u0142u\u017c\u0105ce do ulepszania dzia\u0142a\u0144 reklamowych pozwalaj\u0105 nam zarz\u0105dza\u0107 reklamami wy\u015bwietlanymi na stronie internetowej.<\/p>\n\n\n\n<p>Pliki cookie s\u0142u\u017c\u0105ce do ulepszania dzia\u0142a\u0144 reklamowych to sta\u0142e lub tymczasowe pliki cookie umieszczane przez osoby trzecie, tj. reklamodawc\u00f3w i ich agent\u00f3w, kt\u00f3re s\u0105 w rzeczywisto\u015bci powi\u0105zane z us\u0142ugami reklamowymi umieszczanymi przez osoby trzecie na stronie internetowej growshroom.<\/p>\n\n\n\n<p><strong>Inne pliki cookie umieszczane przez osoby trzecie:<\/strong><\/p>\n\n\n\n<p>Niekt\u00f3re z naszych stron internetowych mog\u0105 wy\u015bwietla\u0107 tre\u015bci z serwis\u00f3w takich jak Facebook czy Instagram. Nale\u017cy pami\u0119ta\u0107, \u017ce nie mamy wp\u0142ywu na pliki cookie u\u017cywane przez te serwisy, dlatego warto sprawdzi\u0107 odpowiednie informacje na odpowiednich stronach zewn\u0119trznych.<\/p>\n\n\n\n<p><strong>Zarz\u0105dzanie plikami cookie i ich usuwanie<\/strong><\/p>\n\n\n\n<p>Je\u015bli chcesz ograniczy\u0107, zablokowa\u0107 lub usun\u0105\u0107 pliki cookie, mo\u017cesz to zrobi\u0107 w ustawieniach swojej przegl\u0105darki internetowej. W zale\u017cno\u015bci od u\u017cywanej przegl\u0105darki, kroki, kt\u00f3re nale\u017cy wykona\u0107, mog\u0105 si\u0119 nieznacznie r\u00f3\u017cni\u0107. Aby uzyska\u0107 wi\u0119cej informacji, kliknij jeden z poni\u017cszych link\u00f3w:<\/p>\n\n\n\n<p><strong>Internet Explorer<\/strong><\/p>\n\n\n\n<p><a href=\"http:\/\/support.microsoft.com\/kb\/196955\" target=\"_blank\" rel=\"noopener\">http:\/\/support.microsoft.com\/kb\/196955<\/a><\/p>\n\n\n\n<p><strong>Firefox<\/strong><\/p>\n\n\n\n<p><a href=\"http:\/\/support.mozilla.org\/HU\/kb\/Cookies\" target=\"_blank\" rel=\"noopener\">http:\/\/support.mozilla.org\/HU\/kb\/Cookies<\/a><\/p>\n\n\n\n<p><strong>Google Chrome<\/strong><\/p>\n\n\n\n<p><a href=\"http:\/\/support.google.com\/chrome\/bin\/answer.py?hl=hu&amp;answer=95647\" target=\"_blank\" rel=\"noopener\">http:\/\/support.google.com\/chrome\/bin\/answer.py?hl=hu&amp;answer=95647<\/a><\/p>\n\n\n\n<p><strong>Opera<\/strong><\/p>\n\n\n\n<p><a href=\"http:\/\/help.opera.com\/Windows\/9.63\/hu\/cookies.html\" target=\"_blank\" rel=\"noopener\">http:\/\/help.opera.com\/Windows\/9.63\/hu\/cookies.html<\/a><\/p>\n\n\n\n<p><strong>Safari<\/strong><\/p>\n\n\n\n<p><a href=\"http:\/\/support.apple.com\/kb\/PH5042\" target=\"_blank\" rel=\"noopener\">http:\/\/support.apple.com\/kb\/PH5042<\/a><\/p>\n\n\n\n<p><strong>Safari iOS (iPhone, iPad, iPod touch)<\/strong><\/p>\n\n\n\n<p><a href=\"http:\/\/support.apple.com\/kb\/HT1677?viewlocale=hu_HU\" target=\"_blank\" rel=\"noopener\">http:\/\/support.apple.com\/kb\/HT1677?viewlocale=hu_HU<\/a><\/p>\n\n\n\n<p>Je\u015bli nie u\u017cywasz \u017cadnej z wymienionych przegl\u0105darek internetowych, mo\u017cesz klikn\u0105\u0107 funkcj\u0119 \u201ePomoc\u201d w swojej przegl\u0105darce, aby uzyska\u0107 wi\u0119cej informacji na temat dalszych krok\u00f3w.<\/p>\n\n\n\n<p>A&nbsp;<a href=\"http:\/\/www.aboutcookies.org\/\" target=\"_blank\" rel=\"noopener\">http:\/\/www.aboutcookies.org<\/a>&nbsp;Po klikni\u0119ciu na link zostan\u0105 wy\u015bwietlone dodatkowe informacje na temat zarz\u0105dzania plikami cookie i ich usuwania w wielu r\u00f3\u017cnych przegl\u0105darkach internetowych.<\/p>\n\n\n\n<p>Nale\u017cy pami\u0119ta\u0107, \u017ce do niekt\u00f3rych cz\u0119\u015bci naszych stron internetowych mo\u017cna uzyska\u0107 dost\u0119p wy\u0142\u0105cznie za pomoc\u0105 plik\u00f3w cookie. Dlatego nale\u017cy mie\u0107 \u015bwiadomo\u015b\u0107, \u017ce po wy\u0142\u0105czeniu plik\u00f3w cookie dost\u0119p do niekt\u00f3rych tre\u015bci lub korzystanie ze wszystkich funkcji naszych stron internetowych w pe\u0142nym zakresie mo\u017ce by\u0107 niemo\u017cliwe.<\/p>\n\n\n\n<p>Je\u015bli chcesz dowiedzie\u0107 si\u0119, jak przegl\u0105darka w Twoim urz\u0105dzeniu mobilnym obs\u0142uguje pliki cookie, zapoznaj si\u0119 z instrukcj\u0105 obs\u0142ugi urz\u0105dzenia.<\/p>\n\n\n\n<p>Je\u017celi nasi u\u017cytkownicy korzystaj\u0105 z naszej witryny internetowej bez wy\u0142\u0105czania plik\u00f3w cookie i podobnych technologii internetowych, wyra\u017caj\u0105 tym samym zgod\u0119 na zbieranie i przetwarzanie ich danych przez witryn\u0119 growshroom za pomoc\u0105 takich technologii.<\/p>","protected":false},"excerpt":{"rendered":"<p>Cookie t\u00e1j\u00e9koztat\u00f3 HAT\u00c1LYOS: 2025. J\u00daNIUS 13. Az oldal haszn\u00e1lat\u00e1hoz \u00e9s rendel\u00e9sek lead\u00e1s\u00e1hoz sz\u00fcks\u00e9ges megismerned az oldal cookie szab\u00e1lyzat\u00e1t. Mi az a cookie? A cookie-k olyan, kis mennyis\u00e9g\u0171 inform\u00e1ci\u00f3t tartalmaz\u00f3sz\u00f6veges f\u00e1jlok, amelyeket a b\u00f6ng\u00e9sz\u0151 a sz\u00e1m\u00edt\u00f3g\u00e9pen, mobiltelefonon vagy egy\u00e9b eszk\u00f6z\u00f6n t\u00e1rol egy webhely megl\u00e1togat\u00e1sakor. A cookie-k a webhelyre val\u00f3 minden visszat\u00e9r\u00e9skor inform\u00e1ci\u00f3kat k\u00fcldenek az adott webhelynek. A cookie-k lehetnek \u00e1lland\u00f3 cookie-k, amelyek t\u00f6rl\u00e9s\u00fckig a felhaszn\u00e1l\u00f3 sz\u00e1m\u00edt\u00f3g\u00e9p\u00e9n maradnak, illetve ideiglenes (\u00fan. munkamenet-cookie-k), amelyeket csak a webb\u00f6ng\u00e9sz\u0151 bez\u00e1r\u00e1s\u00e1ig \u0151riz meg a rendszer. A cookie-k lehetnek bels\u0151, a felkeresett webhely \u00e1ltal be\u00e1ll\u00edtott cookie-k, vagy harmadik felek, azaz nem a felkeresett webhely \u00e1ltal be\u00e1ll\u00edtott cookie-k. Hogyan haszn\u00e1lja a growshroom a cookie-kat? Web\u00e1ruh\u00e1zunk a k\u00edn\u00e1lt szolg\u00e1ltat\u00e1sok jav\u00edt\u00e1sa, a lapok k\u00f6z\u00f6tti navig\u00e1ci\u00f3 megk\u00f6nny\u00edt\u00e9se, a felhaszn\u00e1l\u00f3be\u00e1ll\u00edt\u00e1sainak r\u00f6gz\u00edt\u00e9se \u00e9s a felhaszn\u00e1l\u00f3i \u00e9lm\u00e9ny jav\u00edt\u00e1sa c\u00e9lj\u00e1b\u00f3l haszn\u00e1l cookie-kat. A growshroom \u00e1ltal haszn\u00e1lt cookie-k \u00e9s azok rendeltet\u00e9se A webhelyeinken haszn\u00e1lt cookie-k a k\u00f6vetkez\u0151 kateg\u00f3ri\u00e1kba sorolhat\u00f3k (az International Chamber of Commerce cookie-kal kapcsolatos \u00fatmutat\u00e1sa szerint): Felt\u00e9tlen\u00fcl sz\u00fcks\u00e9ges cookie-k: A felt\u00e9tlen\u00fcl sz\u00fcks\u00e9ges cookie-k haszn\u00e1lata lehet\u0151v\u00e9 teszi a felhaszn\u00e1l\u00f3sz\u00e1m\u00e1ra a webhelyen t\u00f6rt\u00e9n\u0151 navig\u00e1ci\u00f3t, \u00e9s az \u00e1ltala ig\u00e9nyelt szolg\u00e1ltat\u00e1sok haszn\u00e1lat\u00e1t, p\u00e9ld\u00e1ul a webhely biztons\u00e1gos ter\u00fcleteinek hozz\u00e1f\u00e9r\u00e9se c\u00e9lj\u00e1b\u00f3l. Teljes\u00edtm\u00e9nym\u00e9r\u0151 cookie-k: A teljes\u00edtm\u00e9nym\u00e9r\u0151 cookie-k t\u00f6bbek k\u00f6z\u00f6tt a felhaszn\u00e1l\u00f3k \u00e1ltal leggyakrabban l\u00e1togatott webhelyekkel kapcsolatban gy\u0171jtenek inform\u00e1ci\u00f3kat, azonban ez az egy\u00e9ni l\u00e1togat\u00f3k azonos\u00edt\u00e1s\u00e1t el\u0151seg\u00edt\u0151 adatok gy\u0171jt\u00e9s\u00e9re nem terjed ki. Kiz\u00e1r\u00f3lag \u00f6sszes\u00edtett \u00e9s n\u00e9vtelen forr\u00e1sokb\u00f3l sz\u00e1rmaz\u00f3 adatokat gy\u0171jtenek. Ezeket a cookie-kat: \u2013 a webhelyeink haszn\u00e1lat\u00e1val kapcsolatos statisztikai adatok \u00f6ssze\u00e1ll\u00edt\u00e1sa, \u2013 valamint a hirdet\u00e9si kamp\u00e1nyok adott c\u00e9lcsoportban val\u00f3eredm\u00e9nyess\u00e9g\u00e9nek m\u00e9r\u00e9s\u00e9re haszn\u00e1ljuk. A teljes\u00edtm\u00e9nym\u00e9r\u0151 cookie-k \u00e1lland\u00f3 \u00e9s ideiglenes, valamint bels\u0151 vagy harmadik felek \u00e1ltal be\u00e1ll\u00edtott cookie-k is lehetnek, amelyek c\u00e9lja r\u00f6viden az, hogy a felkeresett webhelyekr\u0151l, valamint a megtekintett hirdet\u00e9sekr\u0151l n\u00e9vtelen adatokat gy\u0171jtsenek. Hirdet\u00e9si tev\u00e9kenys\u00e9g jav\u00edt\u00e1s\u00e1ra szolg\u00e1l\u00f3 cookie-k: Ezek a cookie-k lehet\u0151v\u00e9 teszik annak korl\u00e1toz\u00e1s\u00e1t, hogy a hirdet\u00e9sek h\u00e1ny alkalommal tekinthet\u0151k meg, valamint a hirdet\u00e9si kamp\u00e1nyok adott c\u00e9lcsoportban val\u00f3eredm\u00e9nyess\u00e9g\u00e9nek m\u00e9r\u00e9s\u00e9re szolg\u00e1lnak. A hirdet\u00e9si tev\u00e9kenys\u00e9g jav\u00edt\u00e1s\u00e1ra szolg\u00e1l\u00f3 cookie-k a webhelyen megjelen\u0151 hirdet\u00e9sek kezel\u00e9s\u00e9t teszik lehet\u0151v\u00e9. A hirdet\u00e9si tev\u00e9kenys\u00e9g jav\u00edt\u00e1s\u00e1ra szolg\u00e1l\u00f3 cookie-k harmadik felek, azaz hirdet\u0151k \u00e9s \u00fcgyn\u00f6keik \u00e1ltal elhelyezett \u00e1lland\u00f3 vagy ideiglenes cookie-k, amelyek tulajdonk\u00e9ppen a harmadik felek \u00e1ltal a growshroom webhely\u00e9n elhelyezett hirdet\u00e9si szolg\u00e1ltat\u00e1sokhoz kapcsol\u00f3dnak. Harmadik felek \u00e1ltal elhelyezett egy\u00e9b cookie-k: Egyes weboldalunkon t\u00f6bbek k\u00f6z\u00f6tt a Facebookr\u00f3l vagy az Instagramr\u00f3l \u00e9s egy\u00e9b szolg\u00e1ltat\u00e1sokr\u00f3l sz\u00e1rmaz\u00f3 tartalom jelenhet meg. K\u00e9rj\u00fck, vedd figyelembe, hogy az ilyen szolg\u00e1ltat\u00e1sok \u00e1ltal haszn\u00e1lt cookie-kra nincs semmilyen befoly\u00e1sunk, ez\u00e9rt \u00e9rdemes ellen\u0151rizni az adott k\u00fcls\u0151 webhelyeken szerepl\u0151 ezzel kapcsolatos inform\u00e1ci\u00f3kat. A cookie-k kezel\u00e9se \u00e9s elt\u00e1vol\u00edt\u00e1sa Ha szeretn\u00e9d korl\u00e1tozni, letiltani, vagy elt\u00e1vol\u00edtani a cookie-kat, akkor ezt a webb\u00f6ng\u00e9sz\u0151 be\u00e1ll\u00edt\u00e1saiban teheted meg. A b\u00f6ng\u00e9sz\u0151 fajt\u00e1j\u00e1t\u00f3l f\u00fcgg\u0151en a k\u00f6vetend\u0151 l\u00e9p\u00e9sek kism\u00e9rt\u00e9kben elt\u00e9rhetnek egym\u00e1st\u00f3l. Tov\u00e1bbi inform\u00e1ci\u00f3k\u00e9rt kattints az al\u00e1bbi hivatkoz\u00e1sok egyik\u00e9re: Internet Explorer http:\/\/support.microsoft.com\/kb\/196955 Firefox http:\/\/support.mozilla.org\/HU\/kb\/Cookies Google Chrome http:\/\/support.google.com\/chrome\/bin\/answer.py?hl=hu&amp;answer=95647 Opera http:\/\/help.opera.com\/Windows\/9.63\/hu\/cookies.html Safari http:\/\/support.apple.com\/kb\/PH5042 Safari iOS (iPhone, iPad, iPod touch) http:\/\/support.apple.com\/kb\/HT1677?viewlocale=hu_HU Ha a felsorolt webb\u00f6ng\u00e9sz\u0151k egyik\u00e9t sem haszn\u00e1lod, akkor a saj\u00e1t webb\u00f6ng\u00e9sz\u0151d \u201eHelp\u201d (S\u00fag\u00f3) funkci\u00f3j\u00e1ra kattintva tov\u00e1bbi inform\u00e1ci\u00f3kat olvashatsz a teend\u0151kr\u0151l. A&nbsp;http:\/\/www.aboutcookies.org&nbsp;hivatkoz\u00e1sra kattintva szint\u00e9n tov\u00e1bbi inform\u00e1ci\u00f3k jelennek meg a cookie-k kezel\u00e9s\u00e9vel \u00e9s elt\u00e1vol\u00edt\u00e1s\u00e1val kapcsolatban sz\u00e1mos k\u00fcl\u00f6nb\u00f6z\u0151 internetes b\u00f6ng\u00e9sz\u0151kre vonatkoz\u00f3an. K\u00e9rj\u00fck, vedd figyelembe, hogy webhelyeink egyes r\u00e9szei kiz\u00e1r\u00f3lag cookie-k haszn\u00e1lat\u00e1val \u00e9rhet\u0151k el, ez\u00e9rt tudnod kell, hogy a cookie-k letilt\u00e1s\u00e1val egyes tartalmakhoz nem f\u00e9rhetsz hozz\u00e1, \u00e9s nem haszn\u00e1lhatod teljes m\u00e9rt\u00e9kben webhelyeink minden funkci\u00f3j\u00e1t. Ha szeretn\u00e9d tudni, hogy a mobileszk\u00f6z\u00f6d\u00f6n tal\u00e1lhat\u00f3b\u00f6ng\u00e9sz\u0151 hogyan kezeli a cookie-kat, tekintsd \u00e1t az eszk\u00f6z \u00fatmutat\u00f3j\u00e1t. Ha felhaszn\u00e1l\u00f3ink a cookie-k \u00e9s hasonl\u00f3 online technol\u00f3gi\u00e1k letilt\u00e1sa n\u00e9lk\u00fcl haszn\u00e1lj\u00e1k weboldalunkat, hozz\u00e1j\u00e1rulnak ahhoz, hogy a growshroom weboldal ilyen technol\u00f3gi\u00e1k haszn\u00e1lata r\u00e9v\u00e9n gy\u0171jtse \u00e9s dolgozza fel adataikat.<\/p>","protected":false},"author":1,"featured_media":0,"parent":0,"menu_order":0,"comment_status":"closed","ping_status":"closed","template":"","meta":{"_acf_changed":false,"inline_featured_image":false,"_uag_custom_page_level_css":"","site-sidebar-layout":"default","site-content-layout":"","ast-site-content-layout":"default","site-content-style":"default","site-sidebar-style":"default","ast-global-header-display":"","ast-banner-title-visibility":"","ast-main-header-display":"","ast-hfb-above-header-display":"","ast-hfb-below-header-display":"","ast-hfb-mobile-header-display":"","site-post-title":"","ast-breadcrumbs-content":"","ast-featured-img":"","footer-sml-layout":"","ast-disable-related-posts":"","theme-transparent-header-meta":"","adv-header-id-meta":"","stick-header-meta":"","header-above-stick-meta":"","header-main-stick-meta":"","header-below-stick-meta":"","astra-migrate-meta-layouts":"set","ast-page-background-enabled":"default","ast-page-background-meta":{"desktop":{"background-color":"var(--ast-global-color-4)","background-image":"","background-repeat":"repeat","background-position":"center center","background-size":"auto","background-attachment":"scroll","background-type":"","background-media":"","overlay-type":"","overlay-color":"","overlay-opacity":"","overlay-gradient":""},"tablet":{"background-color":"","background-image":"","background-repeat":"repeat","background-position":"center center","background-size":"auto","background-attachment":"scroll","background-type":"","background-media":"","overlay-type":"","overlay-color":"","overlay-opacity":"","overlay-gradient":""},"mobile":{"background-color":"","background-image":"","background-repeat":"repeat","background-position":"center center","background-size":"auto","background-attachment":"scroll","background-type":"","background-media":"","overlay-type":"","overlay-color":"","overlay-opacity":"","overlay-gradient":""}},"ast-content-background-meta":{"desktop":{"background-color":"var(--ast-global-color-5)","background-image":"","background-repeat":"repeat","background-position":"center center","background-size":"auto","background-attachment":"scroll","background-type":"","background-media":"","overlay-type":"","overlay-color":"","overlay-opacity":"","overlay-gradient":""},"tablet":{"background-color":"var(--ast-global-color-5)","background-image":"","background-repeat":"repeat","background-position":"center center","background-size":"auto","background-attachment":"scroll","background-type":"","background-media":"","overlay-type":"","overlay-color":"","overlay-opacity":"","overlay-gradient":""},"mobile":{"background-color":"var(--ast-global-color-5)","background-image":"","background-repeat":"repeat","background-position":"center center","background-size":"auto","background-attachment":"scroll","background-type":"","background-media":"","overlay-type":"","overlay-color":"","overlay-opacity":"","overlay-gradient":""}},"footnotes":""},"class_list":["post-1784","page","type-page","status-publish","hentry"],"acf":[],"featured_image_src":null,"uagb_featured_image_src":{"full":false,"thumbnail":false,"medium":false,"medium_large":false,"large":false,"1536x1536":false,"2048x2048":false,"trp-custom-language-flag":false,"woocommerce_thumbnail":false,"woocommerce_single":false,"woocommerce_gallery_thumbnail":false},"uagb_author_info":{"display_name":"growshroom","author_link":"https:\/\/growshroom.hu\/pl\/author\/csome-attilagmail-com"},"uagb_comment_info":0,"uagb_excerpt":"Cookie t\u00e1j\u00e9koztat\u00f3 HAT\u00c1LYOS: 2025. J\u00daNIUS 13. Az oldal haszn\u00e1lat\u00e1hoz \u00e9s rendel\u00e9sek lead\u00e1s\u00e1hoz sz\u00fcks\u00e9ges megismerned az oldal cookie szab\u00e1lyzat\u00e1t. Mi az a cookie? A cookie-k olyan, kis mennyis\u00e9g\u0171 inform\u00e1ci\u00f3t tartalmaz\u00f3sz\u00f6veges f\u00e1jlok, amelyeket a b\u00f6ng\u00e9sz\u0151 a sz\u00e1m\u00edt\u00f3g\u00e9pen, mobiltelefonon vagy egy\u00e9b eszk\u00f6z\u00f6n t\u00e1rol egy webhely megl\u00e1togat\u00e1sakor. A cookie-k a webhelyre val\u00f3 minden visszat\u00e9r\u00e9skor inform\u00e1ci\u00f3kat k\u00fcldenek az adott webhelynek.&hellip;","_links":{"self":[{"href":"https:\/\/growshroom.hu\/pl\/wp-json\/wp\/v2\/pages\/1784","targetHints":{"allow":["GET"]}}],"collection":[{"href":"https:\/\/growshroom.hu\/pl\/wp-json\/wp\/v2\/pages"}],"about":[{"href":"https:\/\/growshroom.hu\/pl\/wp-json\/wp\/v2\/types\/page"}],"author":[{"embeddable":true,"href":"https:\/\/growshroom.hu\/pl\/wp-json\/wp\/v2\/users\/1"}],"replies":[{"embeddable":true,"href":"https:\/\/growshroom.hu\/pl\/wp-json\/wp\/v2\/comments?post=1784"}],"version-history":[{"count":13,"href":"https:\/\/growshroom.hu\/pl\/wp-json\/wp\/v2\/pages\/1784\/revisions"}],"predecessor-version":[{"id":4427,"href":"https:\/\/growshroom.hu\/pl\/wp-json\/wp\/v2\/pages\/1784\/revisions\/4427"}],"wp:attachment":[{"href":"https:\/\/growshroom.hu\/pl\/wp-json\/wp\/v2\/media?parent=1784"}],"curies":[{"name":"wp","href":"https:\/\/api.w.org\/{rel}","templated":true}]}}