{"id":5592,"date":"2026-01-16T19:56:55","date_gmt":"2026-01-16T17:56:55","guid":{"rendered":"https:\/\/growshroom.hu\/?post_type=product&#038;p=5592"},"modified":"2026-04-21T13:45:31","modified_gmt":"2026-04-21T11:45:31","slug":"rozsaszin-laskagomba-termoblokk-pleurotus-djamor","status":"publish","type":"product","link":"https:\/\/growshroom.hu\/nl\/termekek\/rozsaszin-laskagomba-termoblokk-pleurotus-djamor","title":{"rendered":"Kweekblok voor roze oesterzwammen (Pleurotus djamor)"},"content":{"rendered":"<details class=\"gs-acc\">\n<summary class=\"gs-h4\">Wat is het verschil tussen bouwpakketten en kweekblokken?<\/summary>\n<div class=\"gs-acc__content\">\n<p>Beide producten bevatten hetzelfde kweekblok van 2,2 kg, maar de sets worden ook geleverd met een geschenkverpakking en een spuitfles, waardoor ze ideaal zijn om cadeau te geven.<\/p>\n<p>Daarnaast zijn de soorten die in kweeksets verkrijgbaar zijn, aan te raden voor beginners, terwijl je ook meer geavanceerde soorten in kweekblokken kunt vinden. Sommige van deze soorten groeien niet goed op een aanrecht; ze hebben een gecontroleerde omgeving nodig. Voor de beste resultaten raden we een kweekruimte of kweektent aan. Als je de temperatuur niet kunt regelen, kies dan een kweekblok dat geschikt is voor jouw klimaat!<\/p>\n<p>Bij het kweken op het aanrecht is het gebruik van kweekblokken net zo eenvoudig als het gebruik van kant-en-klare kweeksets.<\/p>\n<p>Lees voor gedetailleerde informatie de volgende informatie. <a href=\"https:\/\/growshroom.hu\/nl\/termoblokk-utmutato\/\">Productieblokgids<\/a> Op deze pagina vindt u beschrijvingen en tips voor elke vari\u00ebteit. Mocht u nog vragen hebben, lees dan verder. <a href=\"https:\/\/growshroom.hu\/nl\/gyakran-ismetelt-kerdesek\/\">Veelgestelde vragen<\/a> pagina of schrijf ons <a href=\"mailto:info@growshroom.hu\">per e-mail<\/a>.<\/p>\n<\/div>\n<\/details>\n<details class=\"gs-acc\">\n<summary class=\"gs-h4\">Hoeveel paddenstoelen zal het produceren?<\/summary>\n<div class=\"gs-acc__content\">\n<p>Onze productieblokken hebben een commerci\u00eble afmeting. Deze blokken van 2,2 kg leveren onder ideale omstandigheden gemiddeld 400-600 gram verse champignons op bij de eerste oogst.<\/p>\n<p>De opbrengst wordt sterk be\u00efnvloed door de groeiomstandigheden, dus let goed op de aanbevolen omgeving voor de betreffende paddenstoelsoort, evenals de <a href=\"https:\/\/growshroom.hu\/nl\/termoblokk-utmutato\/\">Productblok in de handleiding<\/a> zoals beschreven om teleurstelling te voorkomen.<\/p>\n<p>Er zijn natuurlijk verschillen tussen de verschillende paddenstoelsoorten \u2013 sommige oesterzwammen produceren bijvoorbeeld zwaardere vruchtlichamen dan andere \u2013 maar met deze grote blokken kunt u zeker rekenen op een mooie, overvloedige eerste oogst.<\/p>\n<p>Omdat de blokken veel voedingsstoffen bevatten, kunnen ze meerdere gewassen opleveren. Normaal gesproken kun je 2-3 oogsten verwachten, maar met geduld en doorzettingsvermogen kun je er zelfs meer krijgen.<br \/>\n<strong>De eerste oogst is altijd de grootste en snelste, maar er kan een periode van enkele weken tussen de volgende oogsten zitten.<\/strong><\/p>\n<p><strong>Wij garanderen uw eerste oogst!<\/strong><\/p>\n<p>Als er 14 dagen na het openen van het blok geen verandering is opgetreden, stuur ons dan een foto per e-mail. Wij helpen u dan verder en sturen u indien nodig een nieuw productieblok.<\/p>\n<p>Extra tip: na een paar oogsten zal het geoogste blok <strong>gedurende de vorstvrije periode<\/strong> Het is aan te raden de bak op een schaduwrijke, beschutte plek in de tuin te zetten en vochtig te houden. Je kunt hem ook ondiep in de grond plaatsen en bedekken met bladeren of gehakte stro. Deze &quot;paddenstoelenbegraafplaats&quot; kan je bij de juiste temperatuur of na een flinke regenbui nog eens verrassen met verse paddenstoelen!<\/p>\n<\/div>\n<\/details>\n<h4 class=\"gs-h4\">De tropische hartenbreker<\/h4>\n<p>De roze oesterzwam maakt niet alleen indruk met zijn exotische uiterlijk, maar ook met zijn vlezige textuur en umami-aroma. Na het bakken kun je hem toevoegen aan pastagerechten of als pizzatopping, maar na het marineren is hij ook een uitstekende vleesvervanger. BBQ-sandwiches, burrito&#039;s, veganistische bacon? De keuze is aan jou!<\/p>\n<p>Deze oesterzwam is afkomstig uit de tropen en gedijt daarom het best bij warmere temperaturen, tussen 18 en 30 \u00b0C, en een hoge luchtvochtigheid. Hij kan het hele jaar door binnenshuis worden gekweekt.<\/p>\n<h4 class=\"gs-h4\">Hoe is het gemaakt?<\/h4>\n<p>Het entblok is niets meer dan stro of zaagsel gekoloniseerd met paddenstoelmycelium. Vanuit de ge\u00efsoleerde paddenstoelcultuur hebben we eerst een zeer zuivere zogenaamde paddenstoelkiem op gesteriliseerd graan gemaakt, die we vervolgens met gehakte stro hebben gemengd om een entblok te cre\u00ebren. Het spannende gedeelte laten we aan u over!<\/p>\n<p>Het mycelium dat zich door het blok heen weeft, is een levend organisme dat, na het verteren van voedingsstoffen, alleen nog maar wacht op de juiste omgevingsomstandigheden om een \u200b\u200bvruchtlichaam te vormen, een eetbare paddenstoel. De zuurstof en het vocht die vrijkomen bij het openen van de zak, geven de paddenstoel het signaal dat het zover is.<\/p>\n<h4 class=\"gs-h4\">Belt\u00e9ren \u00e9s k\u00fclt\u00e9ren<\/h4>\n<p>Ezt a blokkot nemcsak belt\u00e9ren haszn\u00e1lhatod, hanem eg\u00e9szben \u00e1gy\u00e1sokba, vagy egy\u00e9b \u00e1rny\u00e9kos, nedves kerti helyre ki is \u00fcltetheted. <strong>K\u00fclt\u00e9ri termeszt\u00e9se csak meleg id\u0151ben, k\u00e9s\u0151 tavaszt\u00f3l kora \u0151szig javasolt.<\/strong><\/p>\n<p>A leveles n\u00f6v\u00e9nyek \u00e1rny\u00e9ka j\u00f3 mikrokl\u00edm\u00e1t biztos\u00edt a gomb\u00e1knak, a mic\u00e9lium pedig jav\u00edtja a talajszerkezetet \u00e9s talaj\u00e9letet, \u00e9s t\u00e1panyagokat szabad\u00edt fel a n\u00f6v\u00e9nyek sz\u00e1m\u00e1ra.<\/p>\n<h4 class=\"gs-h4\">Opslag<\/h4>\n<p><strong>Let op! De set is slechts enkele weken houdbaar!<\/strong><\/p>\n<p>Omdat uw pakket een levend wezen bevat, raden wij u aan het pakket bij ontvangst uit te pakken. <strong>De roze oesterzwam is een tropische, warmteminnende paddenstoel. Deze set kan daarom niet in de koelkast bewaard worden.<\/strong> Kan ongeopend maximaal 4 weken bij kamertemperatuur bewaard worden.<\/p>\n<p>Bij langdurige opslag of bij kamertemperatuur kan er schimmel in de zak ontstaan. Dit heeft geen invloed op het verdere gebruik. Als de schimmel zich onder het snijvlak bevindt, verwijdert u deze eenvoudig.<\/p>\n<p>Een blok dat lange tijd op kamertemperatuur wordt bewaard, zal na verloop van tijd alle beschikbare voedingsstoffen verbruiken en vervolgens langzaam beginnen te ontbinden.<\/p>\n<h4 class=\"gs-h4\">De moeite waard om te evalueren<\/h4>\n<p>Maak een foto van je oogst! We sturen je 14 dagen na het plaatsen van je bestelling een e-mail waarin je je bestelling kunt beoordelen.<strong> fotografisch <\/strong>We belonen je met een 20% coupon die onbeperkt geldig is, vrij te gebruiken en overdraagbaar. Gebruik hem of geef hem door!<\/p>","protected":false},"excerpt":{"rendered":"<div class=\"gs-usecase-stack\">\n<div class=\"gs-usecase-stack__item\">\n<div class=\"gs-usecase-stack__title\">\ud83c\udfe0 Belt\u00e9ren<\/div>\n<div class=\"gs-usecase-stack__text\">\n      J\u00f3l szell\u0151z\u0151, vil\u00e1gos, melegebb helyen gyors \u00e9s l\u00e1tv\u00e1nyos n\u00f6veked\u00e9sre k\u00e9pes.\n    <\/div>\n<\/p><\/div>\n<div class=\"gs-usecase-stack__item\">\n<div class=\"gs-usecase-stack__title\">\ud83c\udf3f Kertben<\/div>\n<div class=\"gs-usecase-stack__text\">\n      Melegebb id\u0151ben \u00e1gy\u00e1sokba, \u00e1rny\u00e9kos, v\u00e9dett helyre el is \u00fcltetheted. H\u0171v\u00f6sebb id\u0151ben nem ide\u00e1lis.\n    <\/div>\n<\/p><\/div>\n<\/div>\n<div class=\"gs-specs\"><\/div>","protected":false},"featured_media":5655,"comment_status":"open","ping_status":"closed","template":"","meta":{"_acf_changed":false,"inline_featured_image":false,"_uag_custom_page_level_css":"","site-sidebar-layout":"default","site-content-layout":"","ast-site-content-layout":"default","site-content-style":"default","site-sidebar-style":"default","ast-global-header-display":"","ast-banner-title-visibility":"","ast-main-header-display":"","ast-hfb-above-header-display":"","ast-hfb-below-header-display":"","ast-hfb-mobile-header-display":"","site-post-title":"","ast-breadcrumbs-content":"","ast-featured-img":"","footer-sml-layout":"","ast-disable-related-posts":"","theme-transparent-header-meta":"default","adv-header-id-meta":"","stick-header-meta":"","header-above-stick-meta":"","header-main-stick-meta":"","header-below-stick-meta":"","astra-migrate-meta-layouts":"set","ast-page-background-enabled":"default","ast-page-background-meta":{"desktop":{"background-color":"var(--ast-global-color-4)","background-image":"","background-repeat":"repeat","background-position":"center center","background-size":"auto","background-attachment":"scroll","background-type":"","background-media":"","overlay-type":"","overlay-color":"","overlay-opacity":"","overlay-gradient":""},"tablet":{"background-color":"","background-image":"","background-repeat":"repeat","background-position":"center center","background-size":"auto","background-attachment":"scroll","background-type":"","background-media":"","overlay-type":"","overlay-color":"","overlay-opacity":"","overlay-gradient":""},"mobile":{"background-color":"","background-image":"","background-repeat":"repeat","background-position":"center center","background-size":"auto","background-attachment":"scroll","background-type":"","background-media":"","overlay-type":"","overlay-color":"","overlay-opacity":"","overlay-gradient":""}},"ast-content-background-meta":{"desktop":{"background-color":"var(--ast-global-color-5)","background-image":"","background-repeat":"repeat","background-position":"center center","background-size":"auto","background-attachment":"scroll","background-type":"","background-media":"","overlay-type":"","overlay-color":"","overlay-opacity":"","overlay-gradient":""},"tablet":{"background-color":"var(--ast-global-color-5)","background-image":"","background-repeat":"repeat","background-position":"center center","background-size":"auto","background-attachment":"scroll","background-type":"","background-media":"","overlay-type":"","overlay-color":"","overlay-opacity":"","overlay-gradient":""},"mobile":{"background-color":"var(--ast-global-color-5)","background-image":"","background-repeat":"repeat","background-position":"center center","background-size":"auto","background-attachment":"scroll","background-type":"","background-media":"","overlay-type":"","overlay-color":"","overlay-opacity":"","overlay-gradient":""}}},"product_brand":[],"product_cat":[85],"product_tag":[],"class_list":{"0":"post-5592","1":"product","2":"type-product","3":"status-publish","4":"has-post-thumbnail","6":"product_cat-termoblokkok","7":"desktop-align-center","8":"tablet-align-left","9":"mobile-align-left","11":"first","12":"instock","13":"shipping-taxable","14":"purchasable","15":"product-type-simple"},"acf":[],"uagb_featured_image_src":{"full":["https:\/\/growshroom.hu\/wp-content\/uploads\/2026\/01\/pink_n.png",1080,1350,false],"thumbnail":["https:\/\/growshroom.hu\/wp-content\/uploads\/2026\/01\/pink_n-150x150.png",150,150,true],"medium":["https:\/\/growshroom.hu\/wp-content\/uploads\/2026\/01\/pink_n-240x300.png",240,300,true],"medium_large":["https:\/\/growshroom.hu\/wp-content\/uploads\/2026\/01\/pink_n-768x960.png",768,960,true],"large":["https:\/\/growshroom.hu\/wp-content\/uploads\/2026\/01\/pink_n-819x1024.png",819,1024,true],"1536x1536":["https:\/\/growshroom.hu\/wp-content\/uploads\/2026\/01\/pink_n.png",1080,1350,false],"2048x2048":["https:\/\/growshroom.hu\/wp-content\/uploads\/2026\/01\/pink_n.png",1080,1350,false],"trp-custom-language-flag":["https:\/\/growshroom.hu\/wp-content\/uploads\/2026\/01\/pink_n-10x12.png",10,12,true],"mailpoet_newsletter_max":["https:\/\/growshroom.hu\/wp-content\/uploads\/2026\/01\/pink_n.png",1080,1350,false],"woocommerce_thumbnail":["https:\/\/growshroom.hu\/wp-content\/uploads\/2026\/01\/pink_n-300x375.png",300,375,true],"woocommerce_single":["https:\/\/growshroom.hu\/wp-content\/uploads\/2026\/01\/pink_n-600x750.png",600,750,true],"woocommerce_gallery_thumbnail":["https:\/\/growshroom.hu\/wp-content\/uploads\/2026\/01\/pink_n-100x100.png",100,100,true]},"uagb_author_info":{"display_name":"growshroom","author_link":"https:\/\/growshroom.hu\/nl\/author"},"uagb_comment_info":0,"uagb_excerpt":"\ud83c\udfe0 Belt\u00e9ren J\u00f3l szell\u0151z\u0151, vil\u00e1gos, melegebb helyen gyors \u00e9s l\u00e1tv\u00e1nyos n\u00f6veked\u00e9sre k\u00e9pes. \ud83c\udf3f Kertben Melegebb id\u0151ben \u00e1gy\u00e1sokba, \u00e1rny\u00e9kos, v\u00e9dett helyre el is \u00fcltetheted. H\u0171v\u00f6sebb id\u0151ben nem ide\u00e1lis. [termesztesi_adatok mod=\"rovid\"]","tiered_pricing_type":"fixed","tiered_pricing_fixed_rules":[],"tiered_pricing_product_settings":{"layout":"default","base_unit_name":{"singular":null,"plural":null},"default_variation":null},"tiered_pricing_minimum_quantity":null,"tiered_pricing_roles_data":[],"tiered_pricing_percentage_rules":[],"tiered_pricing_maximum_quantity":null,"tiered_pricing_quantity_step":null,"_links":{"self":[{"href":"https:\/\/growshroom.hu\/nl\/wp-json\/wp\/v2\/product\/5592","targetHints":{"allow":["GET"]}}],"collection":[{"href":"https:\/\/growshroom.hu\/nl\/wp-json\/wp\/v2\/product"}],"about":[{"href":"https:\/\/growshroom.hu\/nl\/wp-json\/wp\/v2\/types\/product"}],"replies":[{"embeddable":true,"href":"https:\/\/growshroom.hu\/nl\/wp-json\/wp\/v2\/comments?post=5592"}],"wp:featuredmedia":[{"embeddable":true,"href":"https:\/\/growshroom.hu\/nl\/wp-json\/wp\/v2\/media\/5655"}],"wp:attachment":[{"href":"https:\/\/growshroom.hu\/nl\/wp-json\/wp\/v2\/media?parent=5592"}],"wp:term":[{"taxonomy":"product_brand","embeddable":true,"href":"https:\/\/growshroom.hu\/nl\/wp-json\/wp\/v2\/product_brand?post=5592"},{"taxonomy":"product_cat","embeddable":true,"href":"https:\/\/growshroom.hu\/nl\/wp-json\/wp\/v2\/product_cat?post=5592"},{"taxonomy":"product_tag","embeddable":true,"href":"https:\/\/growshroom.hu\/nl\/wp-json\/wp\/v2\/product_tag?post=5592"}],"curies":[{"name":"wp","href":"https:\/\/api.w.org\/{rel}","templated":true}]}}