{"id":5662,"date":"2026-01-20T23:23:43","date_gmt":"2026-01-20T21:23:43","guid":{"rendered":"https:\/\/growshroom.hu\/?post_type=product&#038;p=5662"},"modified":"2026-04-08T11:55:19","modified_gmt":"2026-04-08T09:55:19","slug":"rozsaszin-laskagomba-xl-termoblokk-pleurotus-djamor","status":"publish","type":"product","link":"https:\/\/growshroom.hu\/lv\/termekek\/rozsaszin-laskagomba-xl-termoblokk-pleurotus-djamor","title":{"rendered":"Roz\u0101 austeru s\u0113\u0146u XL aug\u013cu bloks (Pleurotus djamor)"},"content":{"rendered":"<details class=\"gs-acc\">\n<summary class=\"gs-h4\">K\u0101da ir at\u0161\u0137ir\u012bba starp komplektiem kast\u0113s, audz\u0113\u0161anas blokiem un XL audz\u0113\u0161anas blokiem?<\/summary>\n<div class=\"gs-acc__content\">\n<p>Komplekti kast\u0113s un parastie audz\u0113\u0161anas bloki sver 2,2 kilogramus, un komplektiem ir pievienota d\u0101vanu kaste un smidzin\u0101\u0161anas pudele, t\u0101p\u0113c tie ir ide\u0101li piem\u0113roti d\u0101vin\u0101\u0161anai.<\/p>\n<p><strong>XL audz\u0113\u0161anas bloki sver 4,5 kilogramus, kas ir divreiz vair\u0101k nek\u0101 parastie bloki. T\u0101 k\u0101 tie satur vair\u0101k substr\u0101ta un bar\u012bbas vielu, tie var dot liel\u0101kas ra\u017eas un augst\u0101ku kop\u0113jo ra\u017eu.<\/strong><\/p>\n<p>XL bloki nera\u017eo \u0101tr\u0101k, bet tie ra\u017eo bag\u0101t\u012bg\u0101k.<\/p>\n<p>Turkl\u0101t ies\u0101c\u0113jiem ir ieteicamas \u0161\u0137irnes, kas pieejamas komplektos kast\u0113s, savuk\u0101rt audz\u0113\u0161anas blokos var atrast ar\u012b sare\u017e\u0123\u012bt\u0101kas \u0161\u0137irnes. Da\u017eas no t\u0101m neaugs labi uz virtuves letes, t\u0101m nepiecie\u0161ama kontrol\u0113ta vide. Lai ieg\u016btu lab\u0101kos rezult\u0101tus, iesak\u0101m izmantot audz\u0113\u0161anas telpu vai audz\u0113\u0161anas telti. Ja jums nav iesp\u0113jas kontrol\u0113t temperat\u016bru, izv\u0113lieties bloku, kas ir piem\u0113rots j\u016bsu klimatam!<\/p>\n<p>Audz\u0113jot uz virtuves letes, audz\u0113\u0161anas bloku izmanto\u0161ana ir tikpat vienk\u0101r\u0161a k\u0101 komplektu izmanto\u0161ana kast\u0113s.<\/p>\n<p>Lai ieg\u016btu detaliz\u0113tu inform\u0101ciju, l\u016bdzu, izlasiet <a href=\"https:\/\/growshroom.hu\/lv\/termoblokk-utmutato\/\">Ra\u017eo\u0161anas bloka ce\u013cvedis<\/a> lapu, kur atrad\u012bsiet katras \u0161\u0137irnes aprakstus un padomus. Ja jums ir v\u0113l k\u0101di jaut\u0101jumi, l\u016bdzu, izlasiet <a href=\"https:\/\/growshroom.hu\/lv\/gyakran-ismetelt-kerdesek\/\">Bie\u017ei uzdotie jaut\u0101jumi<\/a> lapu vai rakstiet mums <a href=\"mailto:info@growshroom.hu\">pa e-pastu<\/a>.<\/p>\n<\/div>\n<\/details>\n<details class=\"gs-acc\">\n<summary class=\"gs-h4\">Cik s\u0113\u0146u tas sara\u017eos?<\/summary>\n<div class=\"gs-acc__content\">\n<p>\u0160ie 4,5 kg \u012bpa\u0161i lielie bloki ide\u0101los apst\u0101k\u013cos dos gandr\u012bz divreiz vair\u0101k ra\u017eas nek\u0101 parastie bloki, pirmaj\u0101 ra\u017e\u0101 vid\u0113ji ieg\u016bstot 800\u20131200 g svaigu s\u0113\u0146u.<\/p>\n<p>Ra\u017eu b\u016btiski ietekm\u0113 audz\u0113\u0161anas apst\u0101k\u013ci, t\u0101p\u0113c, l\u016bdzu, piev\u0113rsiet uzman\u012bbu ieteicamajai videi konkr\u0113tajai s\u0113\u0146u sugai, k\u0101 ar\u012b <a href=\"https:\/\/growshroom.hu\/lv\/termoblokk-utmutato\/\">Produkta bloks ce\u013cved\u012b<\/a> k\u0101 aprakst\u012bts, lai izvair\u012btos no vil\u0161an\u0101s.<\/p>\n<p>Protams, past\u0101v at\u0161\u0137ir\u012bbas starp atsevi\u0161\u0137\u0101m s\u0113\u0146u sug\u0101m \u2013 piem\u0113ram, da\u017e\u0101m austeru s\u0113n\u0113m ir smag\u0101ki aug\u013c\u0137erme\u0146i nek\u0101 cit\u0101m \u0161\u0137irn\u0113m \u2013, ta\u010du ar \u0161iem lielajiem blokiem noteikti var pa\u013cauties uz jauku, bag\u0101t\u012bgu pirmo ra\u017eu.<\/p>\n<p>T\u0101 k\u0101 blokos ir daudz bar\u012bbas vielu, tie var dot vair\u0101kas ra\u017eas. Parasti var sagaid\u012bt 2\u20133 ra\u017eas, bet, ja esat paciet\u012bgs un neatlaid\u012bgs, varat ieg\u016bt pat vair\u0101k.<br \/>\n<strong>Pirm\u0101 ra\u017ea vienm\u0113r ir visliel\u0101k\u0101 un \u0101tr\u0101k\u0101, ta\u010du starp n\u0101kamaj\u0101m ra\u017e\u0101m var b\u016bt pat vair\u0101ku ned\u0113\u013cu interv\u0101ls.<\/strong><\/p>\n<p><strong>M\u0113s garant\u0113jam j\u016bsu pirmo ra\u017eu!<\/strong><\/p>\n<p>Ja 14 dienu laik\u0101 p\u0113c bloka atv\u0113r\u0161anas nav notiku\u0161as nek\u0101das izmai\u0146as, ats\u016btiet mums att\u0113lu pa e-pastu, un m\u0113s jums pal\u012bdz\u0113sim, un, ja nepiecie\u0161ams, nos\u016bt\u012bsim jums jaunu ra\u017eo\u0161anas bloku.<\/p>\n<p>Papildu padoms: p\u0113c da\u017e\u0101m ra\u017e\u0101m nov\u0101ktais bloks <strong>bez sala period\u0101<\/strong> Ir v\u0113rts to novietot \u0113nain\u0101, aizsarg\u0101t\u0101 viet\u0101 d\u0101rz\u0101 un uztur\u0113t mitru. Varat to ar\u012b sekli iest\u0101d\u012bt zem\u0113 un p\u0101rkl\u0101t ar lap\u0101m vai sasmalcin\u0101tiem salmiem. \u0160\u012b &quot;s\u0113\u0146u kaps\u0113ta&quot; var j\u016bs atkal p\u0101rsteigt ar svaig\u0101m s\u0113n\u0113m pareiz\u0101 temperat\u016br\u0101 vai p\u0113c stipra lietus!<\/p>\n<\/div>\n<\/details>\n<h4 class=\"gs-h4\">Tropu sir\u017eu lauz\u0113js<\/h4>\n<p>Roz\u0101 austeru s\u0113ne p\u0101rsteidz ne tikai ar savu eksotisko izskatu, bet ar\u012b ar ga\u013c\u012bgo tekst\u016bru un umami arom\u0101tiem. P\u0113c apcep\u0161anas to var pievienot makaronu \u0113dieniem vai k\u0101 picas piedevu, bet p\u0113c marin\u0113\u0161anas t\u0101 var b\u016bt ar\u012b lieliska ga\u013cas aizvietot\u0101ja. BBQ sviestmaizes, burrito, veg\u0101ns bekons? Tas ir atkar\u012bgs no j\u016bsu izt\u0113les!<\/p>\n<p>\u0160\u012b austeru s\u0113\u0146u suga n\u0101k no tropiem, t\u0101p\u0113c t\u0101 vislab\u0101k j\u016btas silt\u0101k\u0101 temperat\u016br\u0101 no 18 l\u012bdz 30\u00a0\u00b0C un ar augst\u0101ku mitruma l\u012bmeni. To var audz\u0113t telp\u0101s visu gadu.<\/p>\n<h4 class=\"gs-h4\">K\u0101 tas tika pagatavots?<\/h4>\n<p>S\u0113klu bloks nav nekas vair\u0101k k\u0101 salmi vai z\u0101\u0123u skaidas, kas koloniz\u0113tas ar s\u0113\u0146u mic\u0113liju. No izol\u0113t\u0101s s\u0113\u0146u kult\u016bras m\u0113s vispirms uz steriliz\u0113tiem graudiem sagatavoj\u0101m augstas t\u012br\u012bbas pak\u0101pes t\u0101 saukto s\u0113\u0146u d\u012bgli, p\u0113c tam sajauc\u0101m to ar sasmalcin\u0101tiem salmiem, lai izveidotu s\u0113klu bloku. Aizraujo\u0161o da\u013cu atst\u0101j\u0101m j\u016bsu zi\u0146\u0101!<\/p>\n<p>Mic\u0113lijs, kas vijas cauri blokam, ir dz\u012bvs organisms, kas p\u0113c bar\u012bbas vielu sagremo\u0161anas tikai gaida piem\u0113rotus vides apst\u0101k\u013cus, lai izveidotu aug\u013c\u0137ermeni \u2013 \u0113damu s\u0113ni. Sk\u0101beklis un mitrums, kas rodas, atverot maisi\u0146u, signaliz\u0113 s\u0113nei, ka ir pien\u0101cis laiks.<\/p>\n<h4 class=\"gs-h4\">Uzglab\u0101\u0161ana<\/h4>\n<p><strong>Uzman\u012bbu! Komplektu var uzglab\u0101t tikai da\u017eas ned\u0113\u013cas!<\/strong><\/p>\n<p>J\u016bsu komplekt\u0101 ir dz\u012bva b\u016btne, t\u0101p\u0113c iesak\u0101m to izpakot p\u0113c sa\u0146em\u0161anas. <strong>Roz\u0101 austeru s\u0113ne ir tropiska, siltumm\u012blo\u0161a s\u0113ne, t\u0101p\u0113c komplektu nevar uzglab\u0101t ledusskap\u012b.<\/strong> Neatv\u0113rtu iepakojumu var uzglab\u0101t istabas temperat\u016br\u0101 l\u012bdz 4 ned\u0113\u013c\u0101m.<\/p>\n<p>Ilgsto\u0161as uzglab\u0101\u0161anas laik\u0101 vai istabas temperat\u016br\u0101 maisi\u0146a iek\u0161pus\u0113 var s\u0101kt augt pel\u0113jums. Tas neietekm\u0113s t\u0101 turpm\u0101ko lieto\u0161anu. Ja pel\u0113jums atrodas zem griezuma vietas, vienk\u0101r\u0161i iz\u0146emiet to.<\/p>\n<p>Ilgsto\u0161i istabas temperat\u016br\u0101 uzglab\u0101ts bloks p\u0113c k\u0101da laika pat\u0113r\u0113s visas pieejam\u0101s bar\u012bbas vielas un p\u0113c tam l\u0113n\u0101m s\u0101ks sadal\u012bties.<\/p>\n<h4 class=\"gs-h4\">V\u0113rts nov\u0113rt\u0113t<\/h4>\n<p>Nofotograf\u0113jiet savu ra\u017eu! 14 dienas p\u0113c pas\u016bt\u012bjuma veik\u0161anas m\u0113s nos\u016bt\u012bsim jums e-pastu, kur\u0101 var\u0113siet nov\u0113rt\u0113t savu pas\u016bt\u012bjumu. Viss<strong> fotogr\u0101fisks <\/strong>M\u0113s j\u016bs apbalvosim ar 20% kuponu bez der\u012bguma termi\u0146a, br\u012bvi izmantojamu un nododamu. Izmantojiet to vai nododiet t\u0101l\u0101k!<\/p>","protected":false},"excerpt":{"rendered":"<div class=\"gs-specs\"><\/div>","protected":false},"featured_media":5664,"comment_status":"open","ping_status":"closed","template":"","meta":{"_acf_changed":false,"inline_featured_image":false,"_uag_custom_page_level_css":"","site-sidebar-layout":"default","site-content-layout":"","ast-site-content-layout":"default","site-content-style":"default","site-sidebar-style":"default","ast-global-header-display":"","ast-banner-title-visibility":"","ast-main-header-display":"","ast-hfb-above-header-display":"","ast-hfb-below-header-display":"","ast-hfb-mobile-header-display":"","site-post-title":"","ast-breadcrumbs-content":"","ast-featured-img":"","footer-sml-layout":"","ast-disable-related-posts":"","theme-transparent-header-meta":"default","adv-header-id-meta":"","stick-header-meta":"","header-above-stick-meta":"","header-main-stick-meta":"","header-below-stick-meta":"","astra-migrate-meta-layouts":"set","ast-page-background-enabled":"default","ast-page-background-meta":{"desktop":{"background-color":"var(--ast-global-color-4)","background-image":"","background-repeat":"repeat","background-position":"center center","background-size":"auto","background-attachment":"scroll","background-type":"","background-media":"","overlay-type":"","overlay-color":"","overlay-opacity":"","overlay-gradient":""},"tablet":{"background-color":"","background-image":"","background-repeat":"repeat","background-position":"center center","background-size":"auto","background-attachment":"scroll","background-type":"","background-media":"","overlay-type":"","overlay-color":"","overlay-opacity":"","overlay-gradient":""},"mobile":{"background-color":"","background-image":"","background-repeat":"repeat","background-position":"center center","background-size":"auto","background-attachment":"scroll","background-type":"","background-media":"","overlay-type":"","overlay-color":"","overlay-opacity":"","overlay-gradient":""}},"ast-content-background-meta":{"desktop":{"background-color":"var(--ast-global-color-5)","background-image":"","background-repeat":"repeat","background-position":"center center","background-size":"auto","background-attachment":"scroll","background-type":"","background-media":"","overlay-type":"","overlay-color":"","overlay-opacity":"","overlay-gradient":""},"tablet":{"background-color":"var(--ast-global-color-5)","background-image":"","background-repeat":"repeat","background-position":"center center","background-size":"auto","background-attachment":"scroll","background-type":"","background-media":"","overlay-type":"","overlay-color":"","overlay-opacity":"","overlay-gradient":""},"mobile":{"background-color":"var(--ast-global-color-5)","background-image":"","background-repeat":"repeat","background-position":"center center","background-size":"auto","background-attachment":"scroll","background-type":"","background-media":"","overlay-type":"","overlay-color":"","overlay-opacity":"","overlay-gradient":""}}},"product_brand":[],"product_cat":[88],"product_tag":[],"class_list":{"0":"post-5662","1":"product","2":"type-product","3":"status-publish","4":"has-post-thumbnail","6":"product_cat-xl-termoblokkok","7":"desktop-align-center","8":"tablet-align-left","9":"mobile-align-left","11":"first","12":"outofstock","13":"shipping-taxable","14":"purchasable","15":"product-type-simple"},"acf":[],"uagb_featured_image_src":{"full":["https:\/\/growshroom.hu\/wp-content\/uploads\/2026\/01\/pink_XL.png",1080,1080,false],"thumbnail":["https:\/\/growshroom.hu\/wp-content\/uploads\/2026\/01\/pink_XL-150x150.png",150,150,true],"medium":["https:\/\/growshroom.hu\/wp-content\/uploads\/2026\/01\/pink_XL-300x300.png",300,300,true],"medium_large":["https:\/\/growshroom.hu\/wp-content\/uploads\/2026\/01\/pink_XL-768x768.png",768,768,true],"large":["https:\/\/growshroom.hu\/wp-content\/uploads\/2026\/01\/pink_XL-1024x1024.png",1024,1024,true],"1536x1536":["https:\/\/growshroom.hu\/wp-content\/uploads\/2026\/01\/pink_XL.png",1080,1080,false],"2048x2048":["https:\/\/growshroom.hu\/wp-content\/uploads\/2026\/01\/pink_XL.png",1080,1080,false],"trp-custom-language-flag":["https:\/\/growshroom.hu\/wp-content\/uploads\/2026\/01\/pink_XL-12x12.png",12,12,true],"woocommerce_thumbnail":["https:\/\/growshroom.hu\/wp-content\/uploads\/2026\/01\/pink_XL-300x300.png",300,300,true],"woocommerce_single":["https:\/\/growshroom.hu\/wp-content\/uploads\/2026\/01\/pink_XL-600x600.png",600,600,true],"woocommerce_gallery_thumbnail":["https:\/\/growshroom.hu\/wp-content\/uploads\/2026\/01\/pink_XL-100x100.png",100,100,true]},"uagb_author_info":{"display_name":"growshroom","author_link":"https:\/\/growshroom.hu\/lv\/author"},"uagb_comment_info":0,"uagb_excerpt":"[termesztesi_adatok]","tiered_pricing_type":"fixed","tiered_pricing_fixed_rules":[],"tiered_pricing_product_settings":{"layout":"default","base_unit_name":{"singular":null,"plural":null},"default_variation":null},"tiered_pricing_minimum_quantity":null,"tiered_pricing_roles_data":[],"tiered_pricing_percentage_rules":[],"tiered_pricing_maximum_quantity":null,"tiered_pricing_quantity_step":null,"_links":{"self":[{"href":"https:\/\/growshroom.hu\/lv\/wp-json\/wp\/v2\/product\/5662","targetHints":{"allow":["GET"]}}],"collection":[{"href":"https:\/\/growshroom.hu\/lv\/wp-json\/wp\/v2\/product"}],"about":[{"href":"https:\/\/growshroom.hu\/lv\/wp-json\/wp\/v2\/types\/product"}],"replies":[{"embeddable":true,"href":"https:\/\/growshroom.hu\/lv\/wp-json\/wp\/v2\/comments?post=5662"}],"wp:featuredmedia":[{"embeddable":true,"href":"https:\/\/growshroom.hu\/lv\/wp-json\/wp\/v2\/media\/5664"}],"wp:attachment":[{"href":"https:\/\/growshroom.hu\/lv\/wp-json\/wp\/v2\/media?parent=5662"}],"wp:term":[{"taxonomy":"product_brand","embeddable":true,"href":"https:\/\/growshroom.hu\/lv\/wp-json\/wp\/v2\/product_brand?post=5662"},{"taxonomy":"product_cat","embeddable":true,"href":"https:\/\/growshroom.hu\/lv\/wp-json\/wp\/v2\/product_cat?post=5662"},{"taxonomy":"product_tag","embeddable":true,"href":"https:\/\/growshroom.hu\/lv\/wp-json\/wp\/v2\/product_tag?post=5662"}],"curies":[{"name":"wp","href":"https:\/\/api.w.org\/{rel}","templated":true}]}}