{"id":1784,"date":"2025-06-16T13:48:33","date_gmt":"2025-06-16T13:48:33","guid":{"rendered":"https:\/\/growshroom.hu\/cookie-szabalyzat\/"},"modified":"2025-08-28T08:23:29","modified_gmt":"2025-08-28T06:23:29","slug":"cookie-tajekoztato","status":"publish","type":"page","link":"https:\/\/growshroom.hu\/lv\/cookie-tajekoztato","title":{"rendered":"S\u012bkfailu inform\u0101cija"},"content":{"rendered":"<h1 class=\"wp-block-heading\" style=\"border-top-style:none;border-top-width:0px;border-right-style:none;border-right-width:0px;border-bottom-width:1px;border-left-style:none;border-left-width:0px;margin-top:0rem;margin-bottom:var(--wp--preset--spacing--50);padding-bottom:var(--wp--preset--spacing--50)\">S\u012bkfailu inform\u0101cija<\/h1>\n\n\n\n<p class=\"body\"><strong>SP\u0112K\u0100: 2025. GADA 13. J\u016aNIJ\u0100.<\/strong><\/p>\n\n\n\n<h5 class=\"wp-block-heading\">Lai izmantotu vietni un veiktu pas\u016bt\u012bjumus, jums j\u0101iepaz\u012bstas ar vietnes s\u012bkfailu politiku.<\/h5>\n\n\n\n<p><strong>Kas ir s\u012bkfaili?<\/strong><\/p>\n\n\n\n<p>S\u012bkfaili ir mazi teksta faili, kas satur inform\u0101ciju, ko j\u016bsu p\u0101rl\u016bkprogramma saglab\u0101 j\u016bsu dator\u0101, mobilaj\u0101 t\u0101lrun\u012b vai cit\u0101 ier\u012bc\u0113, kad apmekl\u0113jat t\u012bmek\u013ca vietni. S\u012bkfaili nos\u016bta inform\u0101ciju \u0161ai t\u012bmek\u013ca vietnei katru reizi, kad atgrie\u017eaties t\u012bmek\u013ca vietn\u0113.<\/p>\n\n\n\n<p>S\u012bkfaili var b\u016bt past\u0101v\u012bgi s\u012bkfaili, kas paliek lietot\u0101ja dator\u0101, l\u012bdz tie tiek dz\u0113sti, vai pagaidu (t\u0101 sauktie sesijas s\u012bkfaili), kas tiek saglab\u0101ti tikai l\u012bdz t\u012bmek\u013ca p\u0101rl\u016bkprogrammas aizv\u0113r\u0161anai. S\u012bkfaili var b\u016bt iek\u0161\u0113jie s\u012bkfaili, ko iestata apmekl\u0113t\u0101 t\u012bmek\u013ca vietne, vai tre\u0161o pu\u0161u s\u012bkfaili, t.\u00a0i., s\u012bkfaili, ko neiestata apmekl\u0113t\u0101 t\u012bmek\u013ca vietne.<\/p>\n\n\n\n<p><strong>K\u0101 growshroom izmanto s\u012bkfailus?<\/strong><\/p>\n\n\n\n<p>M\u016bsu interneta veikals izmanto s\u012bkfailus, lai uzlabotu pied\u0101v\u0101tos pakalpojumus, atvieglotu navig\u0101ciju starp lap\u0101m, re\u0123istr\u0113tu lietot\u0101ju preferences un uzlabotu lietot\u0101ja pieredzi.<\/p>\n\n\n\n<p><strong>Growshroom izmantot\u0101s s\u012bkdatnes un to m\u0113r\u0137is<\/strong><\/p>\n\n\n\n<p>M\u016bsu t\u012bmek\u013ca vietn\u0113s izmantot\u0101s s\u012bkdatnes iedal\u0101s \u0161\u0101d\u0101s kategorij\u0101s (saska\u0146\u0101 ar Starptautisk\u0101s Tirdzniec\u012bbas pal\u0101tas s\u012bkdat\u0146u vadl\u012bnij\u0101m):<\/p>\n\n\n\n<p><strong>Stingri nepiecie\u0161am\u0101s s\u012bkdatnes:<\/strong><\/p>\n\n\n\n<p>Stingri nepiecie\u0161amo s\u012bkfailu izmanto\u0161ana \u013cauj lietot\u0101jam p\u0101rvietoties t\u012bmek\u013ca vietn\u0113 un izmantot nepiecie\u0161amos pakalpojumus, piem\u0113ram, piek\u013c\u016bt t\u012bmek\u013ca vietnes dro\u0161aj\u0101m zon\u0101m.<\/p>\n\n\n\n<p><strong>Veiktsp\u0113jas m\u0113r\u012b\u0161anas s\u012bkfaili:<\/strong><\/p>\n\n\n\n<p>Veiktsp\u0113jas s\u012bkfaili apkopo inform\u0101ciju, cita starp\u0101, par t\u012bmek\u013ca vietn\u0113m, kuras lietot\u0101ji apmekl\u0113 visbie\u017e\u0101k, bet neapkopo datus, kas pal\u012bdz\u0113tu identific\u0113t atsevi\u0161\u0137us apmekl\u0113t\u0101jus. Tie apkopo datus tikai no apkopotiem un anon\u012bmiem avotiem.<\/p>\n\n\n\n<p>M\u0113s izmantojam \u0161\u012bs s\u012bkdatnes, lai: \u2013 apkopotu statistikas datus par m\u016bsu t\u012bmek\u013ca viet\u0146u lieto\u0161anu, \u2013 un nov\u0113rt\u0113tu rekl\u0101mas kampa\u0146u efektivit\u0101ti noteikt\u0101 m\u0113r\u0137grup\u0101.<\/p>\n\n\n\n<p>Veiktsp\u0113jas s\u012bkfaili var b\u016bt past\u0101v\u012bgi vai pagaidu, un tos var iestat\u012bt pirm\u0101s vai tre\u0161\u0101s puses s\u012bkfaili, un to m\u0113r\u0137is ir apkopot anon\u012bmus datus par j\u016bsu apmekl\u0113taj\u0101m t\u012bmek\u013ca vietn\u0113m un skat\u012btaj\u0101m rekl\u0101m\u0101m.<\/p>\n\n\n\n<p><strong>S\u012bkfaili, kas tiek izmantoti rekl\u0101mas darb\u012bbas uzlabo\u0161anai:<\/strong><\/p>\n\n\n\n<p>\u0160\u012bs s\u012bkdatnes \u013cauj ierobe\u017eot rekl\u0101mu skat\u012b\u0161anas rei\u017eu skaitu un tiek izmantotas, lai nov\u0113rt\u0113tu rekl\u0101mas kampa\u0146u efektivit\u0101ti noteikt\u0101 m\u0113r\u0137grup\u0101.<\/p>\n\n\n\n<p>S\u012bkfaili rekl\u0101mas aktivit\u0101\u0161u uzlabo\u0161anai \u013cauj mums p\u0101rvald\u012bt t\u012bmek\u013ca vietn\u0113 redzam\u0101s rekl\u0101mas.<\/p>\n\n\n\n<p>S\u012bkfaili, ko izmanto rekl\u0101mas aktivit\u0101\u0161u uzlabo\u0161anai, ir past\u0101v\u012bgi vai pagaidu s\u012bkfaili, ko ievieto tre\u0161\u0101s puses, t.\u00a0i., rekl\u0101mdev\u0113ji un vi\u0146u p\u0101rst\u0101vji, un kas faktiski ir saist\u012bti ar rekl\u0101mas pakalpojumiem, ko tre\u0161\u0101s puses ievieto growshroom vietn\u0113.<\/p>\n\n\n\n<p><strong>Citas tre\u0161o pu\u0161u ievietot\u0101s s\u012bkdatnes:<\/strong><\/p>\n\n\n\n<p>Da\u017e\u0101s m\u016bsu t\u012bmek\u013ca vietn\u0113s var tikt r\u0101d\u012bts saturs no t\u0101diem pakalpojumiem k\u0101 Facebook vai Instagram. L\u016bdzu, \u0146emiet v\u0113r\u0101, ka mums nav nek\u0101das ietekmes uz s\u012bkfailiem, ko izmanto \u0161ie pakalpojumi, t\u0101p\u0113c ir v\u0113rts p\u0101rbaud\u012bt attiec\u012bgo inform\u0101ciju attiec\u012bgaj\u0101s \u0101r\u0113j\u0101s t\u012bmek\u013ca vietn\u0113s.<\/p>\n\n\n\n<p><strong>S\u012bkfailu p\u0101rvald\u012bba un no\u0146em\u0161ana<\/strong><\/p>\n\n\n\n<p>Ja v\u0113laties ierobe\u017eot, blo\u0137\u0113t vai no\u0146emt s\u012bkfailus, varat to izdar\u012bt savas t\u012bmek\u013ca p\u0101rl\u016bkprogrammas iestat\u012bjumos. Atkar\u012bb\u0101 no izmantot\u0101s p\u0101rl\u016bkprogrammas veida veicam\u0101s darb\u012bbas var nedaudz at\u0161\u0137irties. Lai ieg\u016btu pla\u0161\u0101ku inform\u0101ciju, noklik\u0161\u0137iniet uz vienas no t\u0101l\u0101k nor\u0101d\u012btaj\u0101m sait\u0113m:<\/p>\n\n\n\n<p><strong>Internet Explorer<\/strong><\/p>\n\n\n\n<p><a href=\"http:\/\/support.microsoft.com\/kb\/196955\" target=\"_blank\" rel=\"noopener\">http:\/\/support.microsoft.com\/kb\/196955<\/a><\/p>\n\n\n\n<p><strong>Firefox<\/strong><\/p>\n\n\n\n<p><a href=\"http:\/\/support.mozilla.org\/HU\/kb\/Cookies\" target=\"_blank\" rel=\"noopener\">http:\/\/support.mozilla.org\/HU\/kb\/Cookies<\/a><\/p>\n\n\n\n<p><strong>Google Chrome<\/strong><\/p>\n\n\n\n<p><a href=\"http:\/\/support.google.com\/chrome\/bin\/answer.py?hl=hu&amp;answer=95647\" target=\"_blank\" rel=\"noopener\">http:\/\/support.google.com\/chrome\/bin\/answer.py?hl=hu&amp;answer=95647<\/a><\/p>\n\n\n\n<p><strong>Opera<\/strong><\/p>\n\n\n\n<p><a href=\"http:\/\/help.opera.com\/Windows\/9.63\/hu\/cookies.html\" target=\"_blank\" rel=\"noopener\">http:\/\/help.opera.com\/Windows\/9.63\/hu\/cookies.html<\/a><\/p>\n\n\n\n<p><strong>Safari<\/strong><\/p>\n\n\n\n<p><a href=\"http:\/\/support.apple.com\/kb\/PH5042\" target=\"_blank\" rel=\"noopener\">http:\/\/support.apple.com\/kb\/PH5042<\/a><\/p>\n\n\n\n<p><strong>Safari iOS (iPhone, iPad, iPod touch)<\/strong><\/p>\n\n\n\n<p><a href=\"http:\/\/support.apple.com\/kb\/HT1677?viewlocale=hu_HU\" target=\"_blank\" rel=\"noopener\">http:\/\/support.apple.com\/kb\/HT1677?viewlocale=hu_HU<\/a><\/p>\n\n\n\n<p>Ja neizmantojat nevienu no uzskait\u012btaj\u0101m t\u012bmek\u013ca p\u0101rl\u016bkprogramm\u0101m, varat noklik\u0161\u0137in\u0101t uz funkcijas \u201cPal\u012bdz\u012bba\u201d sav\u0101 t\u012bmek\u013ca p\u0101rl\u016bkprogramm\u0101, lai ieg\u016btu pla\u0161\u0101ku inform\u0101ciju par to, k\u0101 r\u012bkoties.<\/p>\n\n\n\n<p>A&nbsp;<a href=\"http:\/\/www.aboutcookies.org\/\" target=\"_blank\" rel=\"noopener\">http:\/\/www.aboutcookies.org<\/a>&nbsp;Noklik\u0161\u0137inot uz saites, tiks par\u0101d\u012bta ar\u012b papildu inform\u0101cija par to, k\u0101 p\u0101rvald\u012bt un no\u0146emt s\u012bkfailus daudz\u0101s da\u017e\u0101d\u0101s interneta p\u0101rl\u016bkprogramm\u0101s.<\/p>\n\n\n\n<p>L\u016bdzu, \u0146emiet v\u0113r\u0101, ka da\u017e\u0101m m\u016bsu t\u012bmek\u013ca viet\u0146u da\u013c\u0101m var piek\u013c\u016bt tikai, izmantojot s\u012bkfailus, t\u0101p\u0113c jums j\u0101zina, ka, atsp\u0113jojot s\u012bkfailus, j\u016bs, iesp\u0113jams, nevar\u0113siet piek\u013c\u016bt da\u013cai satura vai piln\u012bb\u0101 izmantot visas m\u016bsu t\u012bmek\u013ca viet\u0146u funkcijas.<\/p>\n\n\n\n<p>Ja v\u0113laties uzzin\u0101t, k\u0101 j\u016bsu mobil\u0101s ier\u012bces p\u0101rl\u016bkprogramma apstr\u0101d\u0101 s\u012bkfailus, l\u016bdzu, p\u0101rskatiet ier\u012bces rokasgr\u0101matu.<\/p>\n\n\n\n<p>Ja m\u016bsu lietot\u0101ji izmanto m\u016bsu t\u012bmek\u013ca vietni, neatsp\u0113jojot s\u012bkfailus un l\u012bdz\u012bgas tie\u0161saistes tehnolo\u0123ijas, vi\u0146i piekr\u012bt, ka growshroom t\u012bmek\u013ca vietne v\u0101c un apstr\u0101d\u0101 vi\u0146u datus, izmantojot \u0161\u0101das tehnolo\u0123ijas.<\/p>","protected":false},"excerpt":{"rendered":"<p>Cookie t\u00e1j\u00e9koztat\u00f3 HAT\u00c1LYOS: 2025. J\u00daNIUS 13. Az oldal haszn\u00e1lat\u00e1hoz \u00e9s rendel\u00e9sek lead\u00e1s\u00e1hoz sz\u00fcks\u00e9ges megismerned az oldal cookie szab\u00e1lyzat\u00e1t. Mi az a cookie? A cookie-k olyan, kis mennyis\u00e9g\u0171 inform\u00e1ci\u00f3t tartalmaz\u00f3sz\u00f6veges f\u00e1jlok, amelyeket a b\u00f6ng\u00e9sz\u0151 a sz\u00e1m\u00edt\u00f3g\u00e9pen, mobiltelefonon vagy egy\u00e9b eszk\u00f6z\u00f6n t\u00e1rol egy webhely megl\u00e1togat\u00e1sakor. A cookie-k a webhelyre val\u00f3 minden visszat\u00e9r\u00e9skor inform\u00e1ci\u00f3kat k\u00fcldenek az adott webhelynek. A cookie-k lehetnek \u00e1lland\u00f3 cookie-k, amelyek t\u00f6rl\u00e9s\u00fckig a felhaszn\u00e1l\u00f3 sz\u00e1m\u00edt\u00f3g\u00e9p\u00e9n maradnak, illetve ideiglenes (\u00fan. munkamenet-cookie-k), amelyeket csak a webb\u00f6ng\u00e9sz\u0151 bez\u00e1r\u00e1s\u00e1ig \u0151riz meg a rendszer. A cookie-k lehetnek bels\u0151, a felkeresett webhely \u00e1ltal be\u00e1ll\u00edtott cookie-k, vagy harmadik felek, azaz nem a felkeresett webhely \u00e1ltal be\u00e1ll\u00edtott cookie-k. Hogyan haszn\u00e1lja a growshroom a cookie-kat? Web\u00e1ruh\u00e1zunk a k\u00edn\u00e1lt szolg\u00e1ltat\u00e1sok jav\u00edt\u00e1sa, a lapok k\u00f6z\u00f6tti navig\u00e1ci\u00f3 megk\u00f6nny\u00edt\u00e9se, a felhaszn\u00e1l\u00f3be\u00e1ll\u00edt\u00e1sainak r\u00f6gz\u00edt\u00e9se \u00e9s a felhaszn\u00e1l\u00f3i \u00e9lm\u00e9ny jav\u00edt\u00e1sa c\u00e9lj\u00e1b\u00f3l haszn\u00e1l cookie-kat. A growshroom \u00e1ltal haszn\u00e1lt cookie-k \u00e9s azok rendeltet\u00e9se A webhelyeinken haszn\u00e1lt cookie-k a k\u00f6vetkez\u0151 kateg\u00f3ri\u00e1kba sorolhat\u00f3k (az International Chamber of Commerce cookie-kal kapcsolatos \u00fatmutat\u00e1sa szerint): Felt\u00e9tlen\u00fcl sz\u00fcks\u00e9ges cookie-k: A felt\u00e9tlen\u00fcl sz\u00fcks\u00e9ges cookie-k haszn\u00e1lata lehet\u0151v\u00e9 teszi a felhaszn\u00e1l\u00f3sz\u00e1m\u00e1ra a webhelyen t\u00f6rt\u00e9n\u0151 navig\u00e1ci\u00f3t, \u00e9s az \u00e1ltala ig\u00e9nyelt szolg\u00e1ltat\u00e1sok haszn\u00e1lat\u00e1t, p\u00e9ld\u00e1ul a webhely biztons\u00e1gos ter\u00fcleteinek hozz\u00e1f\u00e9r\u00e9se c\u00e9lj\u00e1b\u00f3l. Teljes\u00edtm\u00e9nym\u00e9r\u0151 cookie-k: A teljes\u00edtm\u00e9nym\u00e9r\u0151 cookie-k t\u00f6bbek k\u00f6z\u00f6tt a felhaszn\u00e1l\u00f3k \u00e1ltal leggyakrabban l\u00e1togatott webhelyekkel kapcsolatban gy\u0171jtenek inform\u00e1ci\u00f3kat, azonban ez az egy\u00e9ni l\u00e1togat\u00f3k azonos\u00edt\u00e1s\u00e1t el\u0151seg\u00edt\u0151 adatok gy\u0171jt\u00e9s\u00e9re nem terjed ki. Kiz\u00e1r\u00f3lag \u00f6sszes\u00edtett \u00e9s n\u00e9vtelen forr\u00e1sokb\u00f3l sz\u00e1rmaz\u00f3 adatokat gy\u0171jtenek. Ezeket a cookie-kat: \u2013 a webhelyeink haszn\u00e1lat\u00e1val kapcsolatos statisztikai adatok \u00f6ssze\u00e1ll\u00edt\u00e1sa, \u2013 valamint a hirdet\u00e9si kamp\u00e1nyok adott c\u00e9lcsoportban val\u00f3eredm\u00e9nyess\u00e9g\u00e9nek m\u00e9r\u00e9s\u00e9re haszn\u00e1ljuk. A teljes\u00edtm\u00e9nym\u00e9r\u0151 cookie-k \u00e1lland\u00f3 \u00e9s ideiglenes, valamint bels\u0151 vagy harmadik felek \u00e1ltal be\u00e1ll\u00edtott cookie-k is lehetnek, amelyek c\u00e9lja r\u00f6viden az, hogy a felkeresett webhelyekr\u0151l, valamint a megtekintett hirdet\u00e9sekr\u0151l n\u00e9vtelen adatokat gy\u0171jtsenek. Hirdet\u00e9si tev\u00e9kenys\u00e9g jav\u00edt\u00e1s\u00e1ra szolg\u00e1l\u00f3 cookie-k: Ezek a cookie-k lehet\u0151v\u00e9 teszik annak korl\u00e1toz\u00e1s\u00e1t, hogy a hirdet\u00e9sek h\u00e1ny alkalommal tekinthet\u0151k meg, valamint a hirdet\u00e9si kamp\u00e1nyok adott c\u00e9lcsoportban val\u00f3eredm\u00e9nyess\u00e9g\u00e9nek m\u00e9r\u00e9s\u00e9re szolg\u00e1lnak. A hirdet\u00e9si tev\u00e9kenys\u00e9g jav\u00edt\u00e1s\u00e1ra szolg\u00e1l\u00f3 cookie-k a webhelyen megjelen\u0151 hirdet\u00e9sek kezel\u00e9s\u00e9t teszik lehet\u0151v\u00e9. A hirdet\u00e9si tev\u00e9kenys\u00e9g jav\u00edt\u00e1s\u00e1ra szolg\u00e1l\u00f3 cookie-k harmadik felek, azaz hirdet\u0151k \u00e9s \u00fcgyn\u00f6keik \u00e1ltal elhelyezett \u00e1lland\u00f3 vagy ideiglenes cookie-k, amelyek tulajdonk\u00e9ppen a harmadik felek \u00e1ltal a growshroom webhely\u00e9n elhelyezett hirdet\u00e9si szolg\u00e1ltat\u00e1sokhoz kapcsol\u00f3dnak. Harmadik felek \u00e1ltal elhelyezett egy\u00e9b cookie-k: Egyes weboldalunkon t\u00f6bbek k\u00f6z\u00f6tt a Facebookr\u00f3l vagy az Instagramr\u00f3l \u00e9s egy\u00e9b szolg\u00e1ltat\u00e1sokr\u00f3l sz\u00e1rmaz\u00f3 tartalom jelenhet meg. K\u00e9rj\u00fck, vedd figyelembe, hogy az ilyen szolg\u00e1ltat\u00e1sok \u00e1ltal haszn\u00e1lt cookie-kra nincs semmilyen befoly\u00e1sunk, ez\u00e9rt \u00e9rdemes ellen\u0151rizni az adott k\u00fcls\u0151 webhelyeken szerepl\u0151 ezzel kapcsolatos inform\u00e1ci\u00f3kat. A cookie-k kezel\u00e9se \u00e9s elt\u00e1vol\u00edt\u00e1sa Ha szeretn\u00e9d korl\u00e1tozni, letiltani, vagy elt\u00e1vol\u00edtani a cookie-kat, akkor ezt a webb\u00f6ng\u00e9sz\u0151 be\u00e1ll\u00edt\u00e1saiban teheted meg. A b\u00f6ng\u00e9sz\u0151 fajt\u00e1j\u00e1t\u00f3l f\u00fcgg\u0151en a k\u00f6vetend\u0151 l\u00e9p\u00e9sek kism\u00e9rt\u00e9kben elt\u00e9rhetnek egym\u00e1st\u00f3l. Tov\u00e1bbi inform\u00e1ci\u00f3k\u00e9rt kattints az al\u00e1bbi hivatkoz\u00e1sok egyik\u00e9re: Internet Explorer http:\/\/support.microsoft.com\/kb\/196955 Firefox http:\/\/support.mozilla.org\/HU\/kb\/Cookies Google Chrome http:\/\/support.google.com\/chrome\/bin\/answer.py?hl=hu&amp;answer=95647 Opera http:\/\/help.opera.com\/Windows\/9.63\/hu\/cookies.html Safari http:\/\/support.apple.com\/kb\/PH5042 Safari iOS (iPhone, iPad, iPod touch) http:\/\/support.apple.com\/kb\/HT1677?viewlocale=hu_HU Ha a felsorolt webb\u00f6ng\u00e9sz\u0151k egyik\u00e9t sem haszn\u00e1lod, akkor a saj\u00e1t webb\u00f6ng\u00e9sz\u0151d \u201eHelp\u201d (S\u00fag\u00f3) funkci\u00f3j\u00e1ra kattintva tov\u00e1bbi inform\u00e1ci\u00f3kat olvashatsz a teend\u0151kr\u0151l. A&nbsp;http:\/\/www.aboutcookies.org&nbsp;hivatkoz\u00e1sra kattintva szint\u00e9n tov\u00e1bbi inform\u00e1ci\u00f3k jelennek meg a cookie-k kezel\u00e9s\u00e9vel \u00e9s elt\u00e1vol\u00edt\u00e1s\u00e1val kapcsolatban sz\u00e1mos k\u00fcl\u00f6nb\u00f6z\u0151 internetes b\u00f6ng\u00e9sz\u0151kre vonatkoz\u00f3an. K\u00e9rj\u00fck, vedd figyelembe, hogy webhelyeink egyes r\u00e9szei kiz\u00e1r\u00f3lag cookie-k haszn\u00e1lat\u00e1val \u00e9rhet\u0151k el, ez\u00e9rt tudnod kell, hogy a cookie-k letilt\u00e1s\u00e1val egyes tartalmakhoz nem f\u00e9rhetsz hozz\u00e1, \u00e9s nem haszn\u00e1lhatod teljes m\u00e9rt\u00e9kben webhelyeink minden funkci\u00f3j\u00e1t. Ha szeretn\u00e9d tudni, hogy a mobileszk\u00f6z\u00f6d\u00f6n tal\u00e1lhat\u00f3b\u00f6ng\u00e9sz\u0151 hogyan kezeli a cookie-kat, tekintsd \u00e1t az eszk\u00f6z \u00fatmutat\u00f3j\u00e1t. Ha felhaszn\u00e1l\u00f3ink a cookie-k \u00e9s hasonl\u00f3 online technol\u00f3gi\u00e1k letilt\u00e1sa n\u00e9lk\u00fcl haszn\u00e1lj\u00e1k weboldalunkat, hozz\u00e1j\u00e1rulnak ahhoz, hogy a growshroom weboldal ilyen technol\u00f3gi\u00e1k haszn\u00e1lata r\u00e9v\u00e9n gy\u0171jtse \u00e9s dolgozza fel adataikat.<\/p>","protected":false},"author":1,"featured_media":0,"parent":0,"menu_order":0,"comment_status":"closed","ping_status":"closed","template":"","meta":{"_acf_changed":false,"inline_featured_image":false,"_uag_custom_page_level_css":"","site-sidebar-layout":"default","site-content-layout":"","ast-site-content-layout":"default","site-content-style":"default","site-sidebar-style":"default","ast-global-header-display":"","ast-banner-title-visibility":"","ast-main-header-display":"","ast-hfb-above-header-display":"","ast-hfb-below-header-display":"","ast-hfb-mobile-header-display":"","site-post-title":"","ast-breadcrumbs-content":"","ast-featured-img":"","footer-sml-layout":"","ast-disable-related-posts":"","theme-transparent-header-meta":"","adv-header-id-meta":"","stick-header-meta":"","header-above-stick-meta":"","header-main-stick-meta":"","header-below-stick-meta":"","astra-migrate-meta-layouts":"set","ast-page-background-enabled":"default","ast-page-background-meta":{"desktop":{"background-color":"var(--ast-global-color-4)","background-image":"","background-repeat":"repeat","background-position":"center center","background-size":"auto","background-attachment":"scroll","background-type":"","background-media":"","overlay-type":"","overlay-color":"","overlay-opacity":"","overlay-gradient":""},"tablet":{"background-color":"","background-image":"","background-repeat":"repeat","background-position":"center center","background-size":"auto","background-attachment":"scroll","background-type":"","background-media":"","overlay-type":"","overlay-color":"","overlay-opacity":"","overlay-gradient":""},"mobile":{"background-color":"","background-image":"","background-repeat":"repeat","background-position":"center center","background-size":"auto","background-attachment":"scroll","background-type":"","background-media":"","overlay-type":"","overlay-color":"","overlay-opacity":"","overlay-gradient":""}},"ast-content-background-meta":{"desktop":{"background-color":"var(--ast-global-color-5)","background-image":"","background-repeat":"repeat","background-position":"center center","background-size":"auto","background-attachment":"scroll","background-type":"","background-media":"","overlay-type":"","overlay-color":"","overlay-opacity":"","overlay-gradient":""},"tablet":{"background-color":"var(--ast-global-color-5)","background-image":"","background-repeat":"repeat","background-position":"center center","background-size":"auto","background-attachment":"scroll","background-type":"","background-media":"","overlay-type":"","overlay-color":"","overlay-opacity":"","overlay-gradient":""},"mobile":{"background-color":"var(--ast-global-color-5)","background-image":"","background-repeat":"repeat","background-position":"center center","background-size":"auto","background-attachment":"scroll","background-type":"","background-media":"","overlay-type":"","overlay-color":"","overlay-opacity":"","overlay-gradient":""}},"footnotes":""},"class_list":["post-1784","page","type-page","status-publish","hentry"],"acf":[],"featured_image_src":null,"uagb_featured_image_src":{"full":false,"thumbnail":false,"medium":false,"medium_large":false,"large":false,"1536x1536":false,"2048x2048":false,"trp-custom-language-flag":false,"woocommerce_thumbnail":false,"woocommerce_single":false,"woocommerce_gallery_thumbnail":false},"uagb_author_info":{"display_name":"growshroom","author_link":"https:\/\/growshroom.hu\/lv\/author\/csome-attilagmail-com"},"uagb_comment_info":0,"uagb_excerpt":"Cookie t\u00e1j\u00e9koztat\u00f3 HAT\u00c1LYOS: 2025. J\u00daNIUS 13. Az oldal haszn\u00e1lat\u00e1hoz \u00e9s rendel\u00e9sek lead\u00e1s\u00e1hoz sz\u00fcks\u00e9ges megismerned az oldal cookie szab\u00e1lyzat\u00e1t. Mi az a cookie? A cookie-k olyan, kis mennyis\u00e9g\u0171 inform\u00e1ci\u00f3t tartalmaz\u00f3sz\u00f6veges f\u00e1jlok, amelyeket a b\u00f6ng\u00e9sz\u0151 a sz\u00e1m\u00edt\u00f3g\u00e9pen, mobiltelefonon vagy egy\u00e9b eszk\u00f6z\u00f6n t\u00e1rol egy webhely megl\u00e1togat\u00e1sakor. A cookie-k a webhelyre val\u00f3 minden visszat\u00e9r\u00e9skor inform\u00e1ci\u00f3kat k\u00fcldenek az adott webhelynek.&hellip;","_links":{"self":[{"href":"https:\/\/growshroom.hu\/lv\/wp-json\/wp\/v2\/pages\/1784","targetHints":{"allow":["GET"]}}],"collection":[{"href":"https:\/\/growshroom.hu\/lv\/wp-json\/wp\/v2\/pages"}],"about":[{"href":"https:\/\/growshroom.hu\/lv\/wp-json\/wp\/v2\/types\/page"}],"author":[{"embeddable":true,"href":"https:\/\/growshroom.hu\/lv\/wp-json\/wp\/v2\/users\/1"}],"replies":[{"embeddable":true,"href":"https:\/\/growshroom.hu\/lv\/wp-json\/wp\/v2\/comments?post=1784"}],"version-history":[{"count":13,"href":"https:\/\/growshroom.hu\/lv\/wp-json\/wp\/v2\/pages\/1784\/revisions"}],"predecessor-version":[{"id":4427,"href":"https:\/\/growshroom.hu\/lv\/wp-json\/wp\/v2\/pages\/1784\/revisions\/4427"}],"wp:attachment":[{"href":"https:\/\/growshroom.hu\/lv\/wp-json\/wp\/v2\/media?parent=1784"}],"curies":[{"name":"wp","href":"https:\/\/api.w.org\/{rel}","templated":true}]}}