{"id":5662,"date":"2026-01-20T23:23:43","date_gmt":"2026-01-20T21:23:43","guid":{"rendered":"https:\/\/growshroom.hu\/?post_type=product&#038;p=5662"},"modified":"2026-04-08T11:55:19","modified_gmt":"2026-04-08T09:55:19","slug":"rozsaszin-laskagomba-xl-termoblokk-pleurotus-djamor","status":"publish","type":"product","link":"https:\/\/growshroom.hu\/lt\/termekek\/rozsaszin-laskagomba-xl-termoblokk-pleurotus-djamor","title":{"rendered":"Ro\u017eini\u0173 austri\u0173 gryb\u0173 XL vaisi\u0173 blokas (Pleurotus djamor)"},"content":{"rendered":"<details class=\"gs-acc\">\n<summary class=\"gs-h4\">Kuo skiriasi d\u0117\u017eut\u0117se esantys rinkiniai, auginimo blokeliai ir XL auginimo blokeliai?<\/summary>\n<div class=\"gs-acc__content\">\n<p>D\u0117\u017eut\u0117se supakuoti rinkiniai ir \u012fprasti auginimo blokeliai sveria 2,2 kilogramo, o rinkiniai parduodami su dovan\u0173 d\u0117\u017eute ir pur\u0161kimo buteliuku, tod\u0117l puikiai tinka dovanoti.<\/p>\n<p><strong>XL dyd\u017eio auginimo blokeliai sveria 4,5 kilogramo \u2013 dvigubai daugiau nei \u012fprasti blokeliai. Kadangi juose yra daugiau substrato ir maistini\u0173 med\u017eiag\u0173, jie gali i\u0161auginti didesn\u012f derli\u0173 ir u\u017etikrinti didesn\u012f bendr\u0105 derli\u0173.<\/strong><\/p>\n<p>XL blokeliai neduoda derliaus grei\u010diau, bet duoda gausiau.<\/p>\n<p>Be to, pradedantiesiems rekomenduojamos d\u0117\u017eut\u0117se esan\u010dios veisl\u0117s, o auginimo blokuose galite rasti ir pa\u017eangesni\u0173 veisli\u0173. Kai kurios i\u0161 j\u0173 neaugs gerai ant virtuv\u0117s stalvir\u0161io, joms reikia kontroliuojamos aplinkos. Geriausiems rezultatams pasiekti rekomenduojame naudoti auginimo kambar\u012f arba auginimo palapin\u0119. Jei negalite kontroliuoti temperat\u016bros, rinkit\u0117s blok\u0105, kuris tinka j\u016bs\u0173 klimatui!<\/p>\n<p>Auginant ant virtuv\u0117s stalvir\u0161io, naudoti auginimo blokelius yra taip pat paprasta, kaip ir naudoti d\u0117\u017eut\u0117se esan\u010dius rinkinius.<\/p>\n<p>I\u0161samesn\u0117s informacijos ie\u0161kokite <a href=\"https:\/\/growshroom.hu\/lt\/termoblokk-utmutato\/\">Gamybos bloko vadovas<\/a> puslapyje, kuriame rasite kiekvienos veisl\u0117s apra\u0161ymus ir patarimus. Jei turite daugiau klausim\u0173, perskaitykite <a href=\"https:\/\/growshroom.hu\/lt\/gyakran-ismetelt-kerdesek\/\">Da\u017enai u\u017eduodami klausimai<\/a> puslapyje arba para\u0161ykite mums <a href=\"mailto:info@growshroom.hu\">el. pa\u0161tu<\/a>.<\/p>\n<\/div>\n<\/details>\n<details class=\"gs-acc\">\n<summary class=\"gs-h4\">Kiek gryb\u0173 jis u\u017eaugins?<\/summary>\n<div class=\"gs-acc__content\">\n<p>Idealiomis s\u0105lygomis \u0161ie 4,5 kg sveriantys ypa\u010d dideli blokai duos beveik dvigubai daugiau derliaus nei \u012fprasti blokai, o per pirm\u0105j\u012f derli\u0173 vidutini\u0161kai bus galima gauti 800\u20131200 g \u0161vie\u017ei\u0173 gryb\u0173.<\/p>\n<p>Derliui didel\u0119 \u012ftak\u0105 daro auginimo s\u0105lygos, tod\u0117l atkreipkite d\u0117mes\u012f \u012f rekomenduojam\u0105 aplink\u0105 atitinkamai gryb\u0173 r\u016b\u0161iai, taip pat \u012f <a href=\"https:\/\/growshroom.hu\/lt\/termoblokk-utmutato\/\">Produkto blokas vadove<\/a> kaip apra\u0161yta, kad i\u0161vengtum\u0117te nusivylimo.<\/p>\n<p>\u017dinoma, tarp atskir\u0173 gryb\u0173 r\u016b\u0161i\u0173 yra skirtum\u0173 \u2013 pavyzd\u017eiui, kai kurie austri\u0173 grybai i\u0161augina sunkesnius vaisiak\u016bnius nei kitos veisl\u0117s, \u2013 ta\u010diau su \u0161iais dideliais blokais tikrai galite tik\u0117tis gra\u017eaus, gausaus pirmojo derliaus.<\/p>\n<p>Kadangi blokeliuose yra daug maistini\u0173 med\u017eiag\u0173, jie gali duoti daug derliaus. Paprastai galite tik\u0117tis 2\u20133 derli\u0173, bet jei esate kantr\u016bs ir atkakl\u016bs, galite gauti ir daugiau.<br \/>\n<strong>Pirmasis derlius visada b\u016bna did\u017eiausias ir grei\u010diausias, ta\u010diau tarp v\u0117lesni\u0173 derli\u0173 gali b\u016bti iki keli\u0173 savai\u010di\u0173 tarpas.<\/strong><\/p>\n<p><strong>Garantuojame J\u016bs\u0173 pirm\u0105j\u012f derli\u0173!<\/strong><\/p>\n<p>Jei per 14 dien\u0173 nuo bloko atidarymo niekas nepasikeit\u0117, atsi\u0173skite mums nuotrauk\u0105 el. pa\u0161tu ir mes jums pad\u0117sime, o prireikus atsi\u0173sime nauj\u0105 gamybos blok\u0105.<\/p>\n<p>Papildomas patarimas: po keli\u0173 derli\u0173 nuimtas blokas <strong>laikotarpiu be \u0161aln\u0173<\/strong> Verta j\u012f pastatyti \u0161e\u0161\u0117lin\u0117je, apsaugotoje sodo vietoje ir palaikyti dr\u0117gn\u0105. Taip pat galite j\u012f negiliai \u012fsodinti \u012f \u017eem\u0119 ir u\u017edengti lapais arba smulkintais \u0161iaudais. \u0160ios \u201egryb\u0173 kapin\u0117s\u201d tinkamoje temperat\u016broje arba po stipraus lietaus gali jus v\u0117l nustebinti \u0161vie\u017eiais grybais!<\/p>\n<\/div>\n<\/details>\n<h4 class=\"gs-h4\">Tropinis \u0161ird\u017ei\u0173 \u0117d\u0117jas<\/h4>\n<p>Ro\u017einis austri\u0173 grybas \u017eavi ne tik egzoti\u0161ka i\u0161vaizda, bet ir m\u0117singa tekst\u016bra bei umami aromatais. I\u0161kept\u0105 galite d\u0117ti \u012f makaron\u0173 patiekalus ar kaip picos u\u017epil\u0105, o pamarinuot\u0105 \u2013 puikiai pakeisti m\u0117s\u0105. BBQ sumu\u0161tiniai, buritai, vegani\u0161ka \u0161onin\u0117? Viskas priklauso nuo j\u016bs\u0173 vaizduot\u0117s!<\/p>\n<p>\u0160i austri\u0173 gryb\u0173 r\u016b\u0161is kilusi i\u0161 tropik\u0173, tod\u0117l geriausiai jau\u010diasi \u0161iltesn\u0117je, 18\u201330 \u00b0C, temperat\u016broje ir esant didesnei dr\u0117gmei. J\u012f galima auginti patalpose i\u0161tisus metus.<\/p>\n<h4 class=\"gs-h4\">Kaip tai buvo pagaminta?<\/h4>\n<p>S\u0117kl\u0173 blokas t\u0117ra \u0161iaudai arba pjuvenos, kolonizuotos gryb\u0173 grybiena. I\u0161 izoliuotos gryb\u0173 kult\u016bros pirmiausia ant sterilizuot\u0173 gr\u016bd\u0173 paruo\u0161\u0117me labai gryn\u0105 vadinam\u0105j\u012f gryb\u0173 gembal\u0105, tada sumai\u0161\u0117me j\u012f su smulkintais \u0161iaudais, kad sukurtume s\u0117kl\u0173 blok\u0105. Jaudinan\u010di\u0105 dal\u012f palikome jums!<\/p>\n<p>Grybiena, aud\u017eianti per blok\u0105, yra gyvas organizmas, kuris, suvir\u0161kin\u0119s maistines med\u017eiagas, tik ir laukia tinkam\u0173 aplinkos s\u0105lyg\u0173, kad suformuot\u0173 vaisiak\u016bn\u012f \u2013 valgom\u0105j\u012f gryb\u0105. Deguonis ir dr\u0117gm\u0117, atsirandantys atidarius mai\u0161el\u012f, signalizuoja grybui, kad at\u0117jo laikas.<\/p>\n<h4 class=\"gs-h4\">Sand\u0117liavimas<\/h4>\n<p><strong>D\u0117mesio! Rinkin\u012f galima laikyti tik kelias savaites!<\/strong><\/p>\n<p>J\u016bs\u0173 rinkinyje yra gyvas padaras, tod\u0117l rekomenduojame j\u012f i\u0161pakuoti gavus. <strong>Ro\u017einis austri\u0173 grybas yra tropinis, \u0161ilum\u0105 m\u0117gstantis grybas, tod\u0117l rinkinio negalima laikyti \u0161aldytuve.<\/strong> Neatidaryt\u0105 pakuot\u0119 kambario temperat\u016broje galima laikyti iki 4 savai\u010di\u0173.<\/p>\n<p>Ilgai laikant arba kambario temperat\u016broje, mai\u0161elio viduje gali prad\u0117ti augti pel\u0117sis. Tai netur\u0117s \u012ftakos tolesniam naudojimui. Jei pel\u0117sis yra pasiekiamoje vietoje po \u012fpjova, tiesiog j\u012f pa\u0161alinkite.<\/p>\n<p>Ilg\u0105 laik\u0105 kambario temperat\u016broje laikomas blokas po kurio laiko sunaudos visas turimas maistines med\u017eiagas ir tada l\u0117tai prad\u0117s irti.<\/p>\n<h4 class=\"gs-h4\">Verta \u012fvertinti<\/h4>\n<p>Nufotografuokite savo derli\u0173! Pra\u0117jus 14 dien\u0173 nuo u\u017esakymo pateikimo, atsi\u0173sime jums el. lai\u0161k\u0105, kuriame gal\u0117site \u012fvertinti savo u\u017esakym\u0105. Viskas<strong> fotografijos <\/strong>Apdovanosime jus 20% kuponu be galiojimo laiko, kur\u012f galima laisvai naudoti ir perleisti. Naudokite j\u012f arba perduokite!<\/p>","protected":false},"excerpt":{"rendered":"<div class=\"gs-specs\"><\/div>","protected":false},"featured_media":5664,"comment_status":"open","ping_status":"closed","template":"","meta":{"_acf_changed":false,"inline_featured_image":false,"_uag_custom_page_level_css":"","site-sidebar-layout":"default","site-content-layout":"","ast-site-content-layout":"default","site-content-style":"default","site-sidebar-style":"default","ast-global-header-display":"","ast-banner-title-visibility":"","ast-main-header-display":"","ast-hfb-above-header-display":"","ast-hfb-below-header-display":"","ast-hfb-mobile-header-display":"","site-post-title":"","ast-breadcrumbs-content":"","ast-featured-img":"","footer-sml-layout":"","ast-disable-related-posts":"","theme-transparent-header-meta":"default","adv-header-id-meta":"","stick-header-meta":"","header-above-stick-meta":"","header-main-stick-meta":"","header-below-stick-meta":"","astra-migrate-meta-layouts":"set","ast-page-background-enabled":"default","ast-page-background-meta":{"desktop":{"background-color":"var(--ast-global-color-4)","background-image":"","background-repeat":"repeat","background-position":"center center","background-size":"auto","background-attachment":"scroll","background-type":"","background-media":"","overlay-type":"","overlay-color":"","overlay-opacity":"","overlay-gradient":""},"tablet":{"background-color":"","background-image":"","background-repeat":"repeat","background-position":"center center","background-size":"auto","background-attachment":"scroll","background-type":"","background-media":"","overlay-type":"","overlay-color":"","overlay-opacity":"","overlay-gradient":""},"mobile":{"background-color":"","background-image":"","background-repeat":"repeat","background-position":"center center","background-size":"auto","background-attachment":"scroll","background-type":"","background-media":"","overlay-type":"","overlay-color":"","overlay-opacity":"","overlay-gradient":""}},"ast-content-background-meta":{"desktop":{"background-color":"var(--ast-global-color-5)","background-image":"","background-repeat":"repeat","background-position":"center center","background-size":"auto","background-attachment":"scroll","background-type":"","background-media":"","overlay-type":"","overlay-color":"","overlay-opacity":"","overlay-gradient":""},"tablet":{"background-color":"var(--ast-global-color-5)","background-image":"","background-repeat":"repeat","background-position":"center center","background-size":"auto","background-attachment":"scroll","background-type":"","background-media":"","overlay-type":"","overlay-color":"","overlay-opacity":"","overlay-gradient":""},"mobile":{"background-color":"var(--ast-global-color-5)","background-image":"","background-repeat":"repeat","background-position":"center center","background-size":"auto","background-attachment":"scroll","background-type":"","background-media":"","overlay-type":"","overlay-color":"","overlay-opacity":"","overlay-gradient":""}}},"product_brand":[],"product_cat":[88],"product_tag":[],"class_list":{"0":"post-5662","1":"product","2":"type-product","3":"status-publish","4":"has-post-thumbnail","6":"product_cat-xl-termoblokkok","7":"desktop-align-center","8":"tablet-align-left","9":"mobile-align-left","11":"first","12":"outofstock","13":"shipping-taxable","14":"purchasable","15":"product-type-simple"},"acf":[],"uagb_featured_image_src":{"full":["https:\/\/growshroom.hu\/wp-content\/uploads\/2026\/01\/pink_XL.png",1080,1080,false],"thumbnail":["https:\/\/growshroom.hu\/wp-content\/uploads\/2026\/01\/pink_XL-150x150.png",150,150,true],"medium":["https:\/\/growshroom.hu\/wp-content\/uploads\/2026\/01\/pink_XL-300x300.png",300,300,true],"medium_large":["https:\/\/growshroom.hu\/wp-content\/uploads\/2026\/01\/pink_XL-768x768.png",768,768,true],"large":["https:\/\/growshroom.hu\/wp-content\/uploads\/2026\/01\/pink_XL-1024x1024.png",1024,1024,true],"1536x1536":["https:\/\/growshroom.hu\/wp-content\/uploads\/2026\/01\/pink_XL.png",1080,1080,false],"2048x2048":["https:\/\/growshroom.hu\/wp-content\/uploads\/2026\/01\/pink_XL.png",1080,1080,false],"trp-custom-language-flag":["https:\/\/growshroom.hu\/wp-content\/uploads\/2026\/01\/pink_XL-12x12.png",12,12,true],"woocommerce_thumbnail":["https:\/\/growshroom.hu\/wp-content\/uploads\/2026\/01\/pink_XL-300x300.png",300,300,true],"woocommerce_single":["https:\/\/growshroom.hu\/wp-content\/uploads\/2026\/01\/pink_XL-600x600.png",600,600,true],"woocommerce_gallery_thumbnail":["https:\/\/growshroom.hu\/wp-content\/uploads\/2026\/01\/pink_XL-100x100.png",100,100,true]},"uagb_author_info":{"display_name":"growshroom","author_link":"https:\/\/growshroom.hu\/lt\/author"},"uagb_comment_info":0,"uagb_excerpt":"[termesztesi_adatok]","tiered_pricing_type":"fixed","tiered_pricing_fixed_rules":[],"tiered_pricing_product_settings":{"layout":"default","base_unit_name":{"singular":null,"plural":null},"default_variation":null},"tiered_pricing_minimum_quantity":null,"tiered_pricing_roles_data":[],"tiered_pricing_percentage_rules":[],"tiered_pricing_maximum_quantity":null,"tiered_pricing_quantity_step":null,"_links":{"self":[{"href":"https:\/\/growshroom.hu\/lt\/wp-json\/wp\/v2\/product\/5662","targetHints":{"allow":["GET"]}}],"collection":[{"href":"https:\/\/growshroom.hu\/lt\/wp-json\/wp\/v2\/product"}],"about":[{"href":"https:\/\/growshroom.hu\/lt\/wp-json\/wp\/v2\/types\/product"}],"replies":[{"embeddable":true,"href":"https:\/\/growshroom.hu\/lt\/wp-json\/wp\/v2\/comments?post=5662"}],"wp:featuredmedia":[{"embeddable":true,"href":"https:\/\/growshroom.hu\/lt\/wp-json\/wp\/v2\/media\/5664"}],"wp:attachment":[{"href":"https:\/\/growshroom.hu\/lt\/wp-json\/wp\/v2\/media?parent=5662"}],"wp:term":[{"taxonomy":"product_brand","embeddable":true,"href":"https:\/\/growshroom.hu\/lt\/wp-json\/wp\/v2\/product_brand?post=5662"},{"taxonomy":"product_cat","embeddable":true,"href":"https:\/\/growshroom.hu\/lt\/wp-json\/wp\/v2\/product_cat?post=5662"},{"taxonomy":"product_tag","embeddable":true,"href":"https:\/\/growshroom.hu\/lt\/wp-json\/wp\/v2\/product_tag?post=5662"}],"curies":[{"name":"wp","href":"https:\/\/api.w.org\/{rel}","templated":true}]}}