{"id":1904,"date":"2025-06-16T23:52:03","date_gmt":"2025-06-16T23:52:03","guid":{"rendered":"https:\/\/lightpink-jackal-170062.hostingersite.com\/?post_type=product&#038;p=1904"},"modified":"2026-04-11T20:48:47","modified_gmt":"2026-04-11T18:48:47","slug":"szurke-laskagomba-keszlet","status":"publish","type":"product","link":"https:\/\/growshroom.hu\/lt\/termekek\/szurke-laskagomba-keszlet","title":{"rendered":"Pilk\u0173j\u0173 austri\u0173 gryb\u0173 rinkinys (Pleurotus ostreatus)"},"content":{"rendered":"<h4><img fetchpriority=\"high\" decoding=\"async\" class=\"aligncenter wp-image-4849\" src=\"https:\/\/growshroom.hu\/wp-content\/uploads\/2025\/11\/szurke-laska-uj-doboz-gif-1.gif\" alt=\"sz\u00fcrke laskagomba timelapse gif\" width=\"567\" height=\"708\" \/><\/h4>\n<details class=\"gs-acc\">\n<summary class=\"gs-h4\">Kuo skiriasi d\u0117\u017eut\u0117se esantys rinkiniai ir auginimo blokai?<\/summary>\n<div class=\"gs-acc__content\">\n<p>Abu produktai turi t\u0105 pat\u012f 2,2 kg auginimo blokel\u012f, ta\u010diau rinkiniai taip pat turi dovan\u0173 d\u0117\u017eut\u0119 ir pur\u0161kimo buteliuk\u0105, tod\u0117l jie idealiai tinka dovanoti.<\/p>\n<p>Be to, pradedantiesiems rekomenduojamos d\u0117\u017eut\u0117se esan\u010dios veisl\u0117s, o auginimo blokuose galite rasti ir pa\u017eangesni\u0173 veisli\u0173. Kai kurios i\u0161 j\u0173 neaugs gerai ant virtuv\u0117s stalvir\u0161io, joms reikia kontroliuojamos aplinkos. Geriausiems rezultatams pasiekti rekomenduojame naudoti auginimo kambar\u012f arba auginimo palapin\u0119. Jei negalite kontroliuoti temperat\u016bros, rinkit\u0117s blok\u0105, kuris tinka j\u016bs\u0173 klimatui!<\/p>\n<p>Auginant ant virtuv\u0117s stalvir\u0161io, naudoti auginimo blokelius yra taip pat paprasta, kaip ir naudoti d\u0117\u017eut\u0117se esan\u010dius rinkinius.<\/p>\n<p>I\u0161samesn\u0117s informacijos ie\u0161kokite <a href=\"https:\/\/growshroom.hu\/lt\/termoblokk-utmutato\/\">Gamybos bloko vadovas<\/a> puslapyje, kuriame rasite kiekvienos veisl\u0117s apra\u0161ymus ir patarimus. Jei turite daugiau klausim\u0173, perskaitykite <a href=\"https:\/\/growshroom.hu\/lt\/gyakran-ismetelt-kerdesek\/\">Da\u017enai u\u017eduodami klausimai<\/a> puslapyje arba para\u0161ykite mums <a href=\"mailto:info@growshroom.hu\">el. pa\u0161tu<\/a>.<\/p>\n<\/div>\n<\/details>\n<details class=\"gs-acc\">\n<summary class=\"gs-h4\">Kiek gryb\u0173 jis u\u017eaugins?<\/summary>\n<div class=\"gs-acc__content\">\n<p>M\u016bs\u0173 gamybos blokai yra komercinio dyd\u017eio. Idealiomis s\u0105lygomis i\u0161 \u0161i\u0173 2,2 kg blok\u0173 per pirm\u0105j\u012f derli\u0173 vidutini\u0161kai i\u0161augs 400\u2013600 g \u0161vie\u017ei\u0173 gryb\u0173.<\/p>\n<p>Derliui didel\u0119 \u012ftak\u0105 daro auginimo s\u0105lygos, tod\u0117l atkreipkite d\u0117mes\u012f \u012f rekomenduojam\u0105 aplink\u0105 atitinkamai gryb\u0173 r\u016b\u0161iai, taip pat \u012f <a href=\"https:\/\/growshroom.hu\/lt\/termoblokk-utmutato\/\">Produkto blokas vadove<\/a> kaip apra\u0161yta, kad i\u0161vengtum\u0117te nusivylimo.<\/p>\n<p>\u017dinoma, tarp atskir\u0173 gryb\u0173 r\u016b\u0161i\u0173 yra skirtum\u0173 \u2013 pavyzd\u017eiui, kai kurie austri\u0173 grybai i\u0161augina sunkesnius vaisiak\u016bnius nei kitos veisl\u0117s, \u2013 ta\u010diau su \u0161iais dideliais blokais tikrai galite tik\u0117tis gra\u017eaus, gausaus pirmojo derliaus.<\/p>\n<p>Kadangi blokeliuose yra daug maistini\u0173 med\u017eiag\u0173, jie gali duoti daug derliaus. Paprastai galite tik\u0117tis 2\u20133 derli\u0173, bet jei esate kantr\u016bs ir atkakl\u016bs, galite gauti ir daugiau.<br \/>\n<strong>Pirmasis derlius visada b\u016bna did\u017eiausias ir grei\u010diausias, ta\u010diau tarp v\u0117lesni\u0173 derli\u0173 gali b\u016bti iki keli\u0173 savai\u010di\u0173 tarpas.<\/strong><\/p>\n<p><strong>Garantuojame J\u016bs\u0173 pirm\u0105j\u012f derli\u0173!<\/strong><\/p>\n<p>Jei per 14 dien\u0173 nuo bloko atidarymo niekas nepasikeit\u0117, atsi\u0173skite mums nuotrauk\u0105 el. pa\u0161tu ir mes jums pad\u0117sime, o prireikus atsi\u0173sime nauj\u0105 gamybos blok\u0105.<\/p>\n<p>Papildomas patarimas: po keli\u0173 derli\u0173 nuimtas blokas <strong>laikotarpiu be \u0161aln\u0173<\/strong> Verta j\u012f pastatyti \u0161e\u0161\u0117lin\u0117je, apsaugotoje sodo vietoje ir palaikyti dr\u0117gn\u0105. Taip pat galite j\u012f negiliai \u012fsodinti \u012f \u017eem\u0119 ir u\u017edengti lapais arba smulkintais \u0161iaudais. \u0160ios \u201egryb\u0173 kapin\u0117s\u201d tinkamoje temperat\u016broje arba po stipraus lietaus gali jus v\u0117l nustebinti \u0161vie\u017eiais grybais!<\/p>\n<\/div>\n<\/details>\n<h4 class=\"gs-h4\">Klasika<\/h4>\n<p>\u0160is grybas pilkas tik pavadinimu! Tai vienas i\u0161 labiausiai paplitusi\u0173 austri\u0173 gryb\u0173 visame pasaulyje, dar vadinamas v\u0117lyvuoju austri\u0173 grybu. Jis m\u0117singas ir elastingas, i\u0161laiko savo tekst\u016br\u0105 net ir po virimo. J\u012f galima kepti iki tra\u0161kumo, ypa\u010d supjaustius plonais grie\u017ein\u0117liais. Jo skonis \u0161velnus, \u0161iek tiek rie\u0161utinis.<\/p>\n<h4 class=\"gs-h4\">Kaip tai buvo pagaminta?<\/h4>\n<p>Rinkinio pagrindas \u2013 \u0161iaudinis auginimo blokelis, i\u0161austas i\u0161 austri\u0173 gryb\u0173 grybienos. I\u0161 izoliuotos gryb\u0173 kult\u016bros pirmiausia ant sterilizuot\u0173 gr\u016bd\u0173 pagaminome labai gryn\u0105 grybo daig\u0105, o tada sumai\u0161\u0117me j\u012f su susmulkintais \u0161iaudais, kad sukurtume auginimo blokel\u012f. Jaudinan\u010di\u0105 dal\u012f palikome jums!<\/p>\n<p>Grybiena, aud\u017eianti per blok\u0105, yra gyvas organizmas, kuris, suvir\u0161kin\u0119s maistines med\u017eiagas, tik ir laukia tinkam\u0173 aplinkos s\u0105lyg\u0173, kad suformuot\u0173 vaisiak\u016bn\u012f \u2013 valgom\u0105j\u012f gryb\u0105. Deguonis ir dr\u0117gm\u0117, atsirandantys atidarius mai\u0161el\u012f, signalizuoja grybui, kad at\u0117jo laikas.<\/p>\n<h4 class=\"gs-h4\">Garantuotas derlius<\/h4>\n<p>Reguliariai ir tinkamai dr\u0117gm\u0119 u\u017etikrinant, m\u016bs\u0173 gryb\u0173 auginimo rinkiniai patikimai duos derli\u0173 iki 3\u20134 kart\u0173. Pirmojo derliaus tikimasi per 14 dien\u0173 nuo bloko atidarymo.<\/p>\n<p>Garantuojame J\u016bs\u0173 pirm\u0105j\u012f derli\u0173!<\/p>\n<p>Jei per 14 dien\u0173 nuo rinkinio atidarymo nepasteb\u0117site joki\u0173 poky\u010di\u0173, atsi\u0173skite mums nuotrauk\u0105 el. pa\u0161tu ir mes jums pad\u0117sime bei, jei reik\u0117s, atsi\u0173sime nauj\u0105 rinkin\u012f.<\/p>\n<p>Paprastai kiekvienas paskesnis derlius yra \u0161iek tiek ma\u017eesnis u\u017e ankstesn\u012f ir pasirodo po ilgesnio laiko. <strong>Tarp kiekvieno derliaus nu\u0117mimo gali praeiti kelios savait\u0117s, pra\u0161ome kantryb\u0117s!<\/strong> Kaip rekomenduojame prad\u0117ti papildomai pas\u0117ti, paai\u0161kinta <a href=\"https:\/\/growshroom.hu\/lt\/reszletes-hasznalati-utmutato\/\">I\u0161samus naudotojo vadovas<\/a> galite skaityti.<\/p>\n<h4 class=\"gs-h4\">I\u0161radinga dovana<\/h4>\n<p>Nesvarbu, ar norite \u012ftikti gurmanams, ar m\u0117g\u0117jams sodininkams, diena i\u0161 dienos augan\u010di\u0173 gryb\u0173 vaizdas gali su\u017eav\u0117ti tiek suaugusiuosius, tiek vaikus!<\/p>\n<p><strong>\u012esp\u0117jimas: Jei neatidarysite per kelias dienas, laikykite \u0161aldytuve!<\/strong><\/p>\n<p>J\u016bs\u0173 rinkinyje yra gyvas organizmas, tod\u0117l rekomenduojame j\u012f atidaryti gavus. Jei neturite galimyb\u0117s to padaryti, neatidaryt\u0105 rinkin\u012f galite laikyti \u0161aldytuve 4 savaites. Per \u0161\u012f laik\u0105 grybienos metabolizmas labai sul\u0117t\u0117ja.<\/p>\n<p>Ilgai laikant arba kambario temperat\u016broje, mai\u0161elio viduje gali prad\u0117ti augti pel\u0117sis. Tai netur\u0117s \u012ftakos tolesniam naudojimui. Jei pel\u0117sis yra pasiekiamoje vietoje po \u012fpjova, tiesiog j\u012f pa\u0161alinkite.<\/p>\n<p>Ilg\u0105 laik\u0105 kambario temperat\u016broje laikomas blokas po kurio laiko sunaudos visas turimas maistines med\u017eiagas ir tada l\u0117tai prad\u0117s irti.<\/p>\n<h4 class=\"gs-h4\">Verta \u012fvertinti<\/h4>\n<p>Nufotografuokite savo derli\u0173! Pra\u0117jus 14 dien\u0173 nuo u\u017esakymo pateikimo, atsi\u0173sime jums el. lai\u0161k\u0105, kuriame gal\u0117site \u012fvertinti esam\u0105 produkcij\u0105. Viskas<strong> fotografijos <\/strong>Apdovanosime jus 20% kuponu be galiojimo laiko, kur\u012f galima laisvai naudoti ir perleisti. Naudokite j\u012f arba perduokite!<\/p>\n<h4 class=\"gs-h4\">Nepamir\u0161kite naudojimo instrukcijos!<\/h4>\n<p>D\u0117\u017eut\u0117s gale taip pat rasite trump\u0105 instrukcij\u0105, ta\u010diau norint gauti geriausius rezultatus, rekomenduojame prie\u0161 naudojim\u0105 perskaityti instrukcijas. <a href=\"https:\/\/growshroom.hu\/lt\/reszletes-hasznalati-utmutato-laskagomba\/\">I\u0161samus naudotojo vadovas<\/a> ir <a href=\"https:\/\/growshroom.hu\/lt\/gyakran-ismetelt-kerdesek\/\">Da\u017enai u\u017eduodami klausimai<\/a> taip pat j\u012f skaitant.<\/p>","protected":false},"excerpt":{"rendered":"<p style=\"text-align: center;\">Tapk gryb\u0173 augintoju pats <em>growshroom<\/em> Pilkoji austri\u0173 gryb\u0117 (Pleurotus ostreatus) su rinkiniu!<\/p>\n<p style=\"text-align: center;\"><img decoding=\"async\" class=\"aligncenter wp-image-3191\" src=\"https:\/\/growshroom.hu\/wp-content\/uploads\/2025\/06\/infografika.svg\" alt=\"growshroom gombatermeszt\u0151 k\u00e9szlet haszn\u00e1lata h\u00e1rom l\u00e9p\u00e9sben: 1. perfor\u00e1ci\u00f3 let\u00e9p\u00e9se, 2. X forma bev\u00e1g\u00e1sa a term\u0151blokkba, 3. v\u00edzzel permetez\u00e9s a mell\u00e9kelt sz\u00f3r\u00f3fejes \u00fcvegb\u0151l\" width=\"598\" height=\"141\" \/><\/p>\n<p style=\"text-align: center;\">Atidarykite d\u0117\u017eut\u0119 ties perforacija, \u012fpjaukite mai\u0161el\u012f X raide, 2\u20133 kartus per dien\u0105 apipurk\u0161kite vandeniu i\u0161 prid\u0117to pur\u0161kimo buteliuko ir steb\u0117kite, kaip jie auga!<\/p>\n<p style=\"text-align: center;\">","protected":false},"featured_media":4654,"comment_status":"open","ping_status":"closed","template":"","meta":{"_acf_changed":false,"inline_featured_image":false,"_uag_custom_page_level_css":"","site-sidebar-layout":"default","site-content-layout":"","ast-site-content-layout":"default","site-content-style":"default","site-sidebar-style":"default","ast-global-header-display":"","ast-banner-title-visibility":"","ast-main-header-display":"","ast-hfb-above-header-display":"","ast-hfb-below-header-display":"","ast-hfb-mobile-header-display":"","site-post-title":"","ast-breadcrumbs-content":"","ast-featured-img":"","footer-sml-layout":"","ast-disable-related-posts":"","theme-transparent-header-meta":"default","adv-header-id-meta":"","stick-header-meta":"","header-above-stick-meta":"","header-main-stick-meta":"","header-below-stick-meta":"","astra-migrate-meta-layouts":"set","ast-page-background-enabled":"default","ast-page-background-meta":{"desktop":{"background-color":"var(--ast-global-color-4)","background-image":"","background-repeat":"repeat","background-position":"center center","background-size":"auto","background-attachment":"scroll","background-type":"","background-media":"","overlay-type":"","overlay-color":"","overlay-opacity":"","overlay-gradient":""},"tablet":{"background-color":"","background-image":"","background-repeat":"repeat","background-position":"center center","background-size":"auto","background-attachment":"scroll","background-type":"","background-media":"","overlay-type":"","overlay-color":"","overlay-opacity":"","overlay-gradient":""},"mobile":{"background-color":"","background-image":"","background-repeat":"repeat","background-position":"center center","background-size":"auto","background-attachment":"scroll","background-type":"","background-media":"","overlay-type":"","overlay-color":"","overlay-opacity":"","overlay-gradient":""}},"ast-content-background-meta":{"desktop":{"background-color":"var(--ast-global-color-5)","background-image":"","background-repeat":"repeat","background-position":"center center","background-size":"auto","background-attachment":"scroll","background-type":"","background-media":"","overlay-type":"","overlay-color":"","overlay-opacity":"","overlay-gradient":""},"tablet":{"background-color":"var(--ast-global-color-5)","background-image":"","background-repeat":"repeat","background-position":"center center","background-size":"auto","background-attachment":"scroll","background-type":"","background-media":"","overlay-type":"","overlay-color":"","overlay-opacity":"","overlay-gradient":""},"mobile":{"background-color":"var(--ast-global-color-5)","background-image":"","background-repeat":"repeat","background-position":"center center","background-size":"auto","background-attachment":"scroll","background-type":"","background-media":"","overlay-type":"","overlay-color":"","overlay-opacity":"","overlay-gradient":""}}},"product_brand":[],"product_cat":[26],"product_tag":[],"class_list":{"0":"post-1904","1":"product","2":"type-product","3":"status-publish","4":"has-post-thumbnail","6":"product_cat-dobozos-keszletek","7":"desktop-align-center","8":"tablet-align-left","9":"mobile-align-left","11":"first","12":"instock","13":"shipping-taxable","14":"purchasable","15":"product-type-simple"},"acf":[],"uagb_featured_image_src":{"full":["https:\/\/growshroom.hu\/wp-content\/uploads\/2025\/06\/szurke-frontuveg.jpeg",1536,2048,false],"thumbnail":["https:\/\/growshroom.hu\/wp-content\/uploads\/2025\/06\/szurke-frontuveg-150x150.jpeg",150,150,true],"medium":["https:\/\/growshroom.hu\/wp-content\/uploads\/2025\/06\/szurke-frontuveg-225x300.jpeg",225,300,true],"medium_large":["https:\/\/growshroom.hu\/wp-content\/uploads\/2025\/06\/szurke-frontuveg-768x1024.jpeg",768,1024,true],"large":["https:\/\/growshroom.hu\/wp-content\/uploads\/2025\/06\/szurke-frontuveg-768x1024.jpeg",768,1024,true],"1536x1536":["https:\/\/growshroom.hu\/wp-content\/uploads\/2025\/06\/szurke-frontuveg-1152x1536.jpeg",1152,1536,true],"2048x2048":["https:\/\/growshroom.hu\/wp-content\/uploads\/2025\/06\/szurke-frontuveg.jpeg",1536,2048,false],"trp-custom-language-flag":["https:\/\/growshroom.hu\/wp-content\/uploads\/2025\/06\/szurke-frontuveg-9x12.jpeg",9,12,true],"woocommerce_thumbnail":["https:\/\/growshroom.hu\/wp-content\/uploads\/2025\/06\/szurke-frontuveg-300x400.jpeg",300,400,true],"woocommerce_single":["https:\/\/growshroom.hu\/wp-content\/uploads\/2025\/06\/szurke-frontuveg-600x800.jpeg",600,800,true],"woocommerce_gallery_thumbnail":["https:\/\/growshroom.hu\/wp-content\/uploads\/2025\/06\/szurke-frontuveg-100x100.jpeg",100,100,true]},"uagb_author_info":{"display_name":"growshroom","author_link":"https:\/\/growshroom.hu\/lt\/author"},"uagb_comment_info":20,"uagb_excerpt":"V\u00e1lj te is gombatermeszt\u0151v\u00e9 a growshroom Sz\u00fcrke laskagomba (Pleurotus ostreatus) k\u00e9szlettel! Nyisd ki a dobozt a perfor\u00e1ci\u00f3n\u00e1l, v\u00e1gj egy X-et a zacsk\u00f3ba, f\u00fajd be v\u00edzzel a mell\u00e9kelt sz\u00f3r\u00f3fejes \u00fcvegb\u0151l 2-3 alkalommal naponta, \u00e9s n\u00e9zd ahogy n\u0151nek!","tiered_pricing_type":"fixed","tiered_pricing_fixed_rules":[],"tiered_pricing_product_settings":{"layout":"default","base_unit_name":{"singular":null,"plural":null},"default_variation":null},"tiered_pricing_minimum_quantity":null,"tiered_pricing_roles_data":[],"tiered_pricing_percentage_rules":[],"tiered_pricing_maximum_quantity":null,"tiered_pricing_quantity_step":null,"_links":{"self":[{"href":"https:\/\/growshroom.hu\/lt\/wp-json\/wp\/v2\/product\/1904","targetHints":{"allow":["GET"]}}],"collection":[{"href":"https:\/\/growshroom.hu\/lt\/wp-json\/wp\/v2\/product"}],"about":[{"href":"https:\/\/growshroom.hu\/lt\/wp-json\/wp\/v2\/types\/product"}],"replies":[{"embeddable":true,"href":"https:\/\/growshroom.hu\/lt\/wp-json\/wp\/v2\/comments?post=1904"}],"wp:featuredmedia":[{"embeddable":true,"href":"https:\/\/growshroom.hu\/lt\/wp-json\/wp\/v2\/media\/4654"}],"wp:attachment":[{"href":"https:\/\/growshroom.hu\/lt\/wp-json\/wp\/v2\/media?parent=1904"}],"wp:term":[{"taxonomy":"product_brand","embeddable":true,"href":"https:\/\/growshroom.hu\/lt\/wp-json\/wp\/v2\/product_brand?post=1904"},{"taxonomy":"product_cat","embeddable":true,"href":"https:\/\/growshroom.hu\/lt\/wp-json\/wp\/v2\/product_cat?post=1904"},{"taxonomy":"product_tag","embeddable":true,"href":"https:\/\/growshroom.hu\/lt\/wp-json\/wp\/v2\/product_tag?post=1904"}],"curies":[{"name":"wp","href":"https:\/\/api.w.org\/{rel}","templated":true}]}}