{"id":5748,"date":"2026-01-28T12:38:54","date_gmt":"2026-01-28T10:38:54","guid":{"rendered":"https:\/\/growshroom.hu\/?post_type=product&#038;p=5748"},"modified":"2026-02-25T15:15:40","modified_gmt":"2026-02-25T13:15:40","slug":"dupla-termoblokk-csomag","status":"publish","type":"product","link":"https:\/\/growshroom.hu\/it\/termekek\/dupla-termoblokk-csomag","title":{"rendered":"Pacchetto di blocchi di produzione doppi"},"content":{"rendered":"<details class=\"gs-acc\">\n<summary class=\"gs-h4\">Qual \u00e8 la differenza tra i set in scatola e i blocchi di coltivazione?<\/summary>\n<div class=\"gs-acc__content\">\n<p>Entrambi i prodotti contengono lo stesso blocco di coltivazione da 2,2 kg, ma i set sono dotati anche di una confezione regalo e di un flacone spray, quindi sono ideali come regalo.<\/p>\n<p>Inoltre, le variet\u00e0 disponibili in kit sono consigliate ai principianti, mentre \u00e8 possibile trovare anche variet\u00e0 pi\u00f9 avanzate in blocchi di coltivazione. Alcune di queste non crescono bene sul tavolo della cucina, necessitano di un ambiente controllato. Per risultati ottimali, consigliamo di utilizzare una grow room o una tenda da coltivazione. Se non si ha la possibilit\u00e0 di controllare la temperatura, scegliere un blocco adatto al proprio clima!<\/p>\n<p>Quando si coltiva sul tavolo della cucina, usare i blocchi di coltivazione \u00e8 facile quanto usare i kit in scatola.<\/p>\n<p>Per informazioni dettagliate, si prega di leggere il <a href=\"https:\/\/growshroom.hu\/it\/termoblokk-utmutato\/\">Guida al blocco di produzione<\/a> pagina, dove troverete descrizioni e consigli per ogni variet\u00e0. Se avete ulteriori domande, leggete la <a href=\"https:\/\/growshroom.hu\/it\/gyakran-ismetelt-kerdesek\/\">Domande frequenti<\/a> pagina o scrivici <a href=\"mailto:info@growshroom.hu\">via e-mail<\/a>.<\/p>\n<\/div>\n<\/details>\n<details class=\"gs-acc\">\n<summary class=\"gs-h4\">Quanti funghi produrr\u00e0?<\/summary>\n<div class=\"gs-acc__content\">\n<p>I nostri blocchi di produzione hanno dimensioni commerciali. Questi blocchi da 2,2 kg producono in media 400-600 g di funghi freschi al primo raccolto, in condizioni ideali.<\/p>\n<p>La resa \u00e8 notevolmente influenzata dalle condizioni di crescita, quindi si prega di prestare attenzione all&#039;ambiente consigliato per la specie di fungo in questione, nonch\u00e9 <a href=\"https:\/\/growshroom.hu\/it\/termoblokk-utmutato\/\">Blocco prodotto nella guida<\/a> come descritto per evitare delusioni.<\/p>\n<p>Naturalmente ci sono delle differenze tra le singole specie di funghi: ad esempio, alcuni funghi ostrica producono corpi fruttiferi pi\u00f9 pesanti rispetto ad altre variet\u00e0, ma con questi grandi blocchi si pu\u00f2 sicuramente contare su un primo raccolto abbondante e abbondante.<\/p>\n<p>Poich\u00e9 i blocchi contengono un&#039;elevata quantit\u00e0 di nutrienti, possono produrre pi\u00f9 raccolti. In genere, si possono ottenere 2-3 raccolti, ma con pazienza e perseveranza, si possono ottenere anche di pi\u00f9.<br \/>\n<strong>Il primo raccolto \u00e8 sempre il pi\u00f9 abbondante e veloce, ma tra i raccolti successivi possono trascorrere anche diverse settimane.<\/strong><\/p>\n<p><strong>Ti garantiamo il primo raccolto!<\/strong><\/p>\n<p>Se non si sono verificati cambiamenti entro 14 giorni dall&#039;apertura del blocco, inviaci una foto via e-mail e ti aiuteremo e, se necessario, ti invieremo un nuovo blocco di produzione.<\/p>\n<p>Consiglio extra: dopo alcuni raccolti, il blocco raccolto <strong>durante il periodo senza gelo<\/strong> Vale la pena posizionarlo in un luogo ombreggiato e protetto del giardino e mantenerlo umido. Potete anche piantarlo poco profondo nel terreno e coprirlo con foglie o paglia tritata. Questo &quot;cimitero dei funghi&quot; pu\u00f2 sorprendervi ancora una volta con funghi freschi alla giusta temperatura o dopo una forte pioggia!<\/p>\n<\/div>\n<\/details>\n<h4 class=\"gs-h4\">Come \u00e8 stato realizzato?<\/h4>\n<p>Il blocco di semi non \u00e8 altro che paglia o segatura colonizzata dal micelio del fungo. Dalla coltura di funghi isolata, abbiamo prima preparato un cosiddetto germe di fungo ad alta purezza su grano sterilizzato, poi lo abbiamo mescolato con paglia tritata per creare un blocco di semi. La parte pi\u00f9 emozionante l&#039;abbiamo lasciata a voi!<\/p>\n<p>Il micelio che si snoda attraverso il blocco \u00e8 un organismo vivente che, dopo aver digerito i nutrienti, attende solo le giuste condizioni ambientali per formare un corpo fruttifero, un fungo commestibile. L'ossigeno e l'umidit\u00e0 che si formano all'apertura del sacchetto segnalano al fungo che \u00e8 giunto il momento.<\/p>\n<h4 class=\"gs-h4\">Magazzinaggio<\/h4>\n<p><strong>Attenzione: se non lo apri entro qualche giorno, conservalo in frigorifero!<\/strong><\/p>\n<p>Il tuo kit contiene un organismo vivente, quindi ti consigliamo di aprirlo al momento della ricezione. Se non hai la possibilit\u00e0 di farlo, puoi conservarlo chiuso in frigorifero per 4 settimane. Il metabolismo del micelio rallenta significativamente durante questo periodo.<\/p>\n<p>L&#039;eccezione a questo \u00e8 il <strong>fungo ostrica rosa, che \u00e8 un fungo tropicale che ama il caldo, quindi il set non pu\u00f2 essere conservato in frigorifero.<\/strong> Conservare la confezione chiusa a temperatura ambiente fino a 4 settimane.<\/p>\n<p>Durante una conservazione prolungata o a temperatura ambiente, potrebbe formarsi della muffa all&#039;interno del sacchetto. Ci\u00f2 non comprometter\u00e0 l&#039;ulteriore utilizzo. Se la muffa \u00e8 a portata di mano sotto la zona tagliata, \u00e8 sufficiente rimuoverla.<\/p>\n<p>Un blocco conservato a temperatura ambiente per lungo tempo consumer\u00e0 dopo un po' tutti i nutrienti disponibili e poi inizier\u00e0 lentamente a decomporsi.<\/p>\n<h4 class=\"gs-h4\">Vale la pena valutare<\/h4>\n<p>Scatta una foto del tuo raccolto! Ti invieremo un&#039;e-mail 14 giorni dopo aver effettuato l&#039;ordine, per consentirti di valutare il tuo ordine. Tutti<strong> fotografico <\/strong>Ti premiamo con un coupon da 20%, senza scadenza, liberamente utilizzabile e trasferibile. Usalo o cedibile!<\/p>","protected":false},"excerpt":{"rendered":"<p>&nbsp;<\/p>\n<p style=\"text-align: center;\">Scegli 2 blocchi di produzione a tua scelta e ordinali con uno sconto di 5%!<\/p>\n<p>&nbsp;<\/p>","protected":false},"featured_media":5749,"comment_status":"open","ping_status":"closed","template":"","meta":{"_acf_changed":false,"inline_featured_image":false,"_uag_custom_page_level_css":"","site-sidebar-layout":"default","site-content-layout":"","ast-site-content-layout":"default","site-content-style":"default","site-sidebar-style":"default","ast-global-header-display":"","ast-banner-title-visibility":"","ast-main-header-display":"","ast-hfb-above-header-display":"","ast-hfb-below-header-display":"","ast-hfb-mobile-header-display":"","site-post-title":"","ast-breadcrumbs-content":"","ast-featured-img":"","footer-sml-layout":"","ast-disable-related-posts":"","theme-transparent-header-meta":"default","adv-header-id-meta":"","stick-header-meta":"","header-above-stick-meta":"","header-main-stick-meta":"","header-below-stick-meta":"","astra-migrate-meta-layouts":"set","ast-page-background-enabled":"default","ast-page-background-meta":{"desktop":{"background-color":"var(--ast-global-color-4)","background-image":"","background-repeat":"repeat","background-position":"center center","background-size":"auto","background-attachment":"scroll","background-type":"","background-media":"","overlay-type":"","overlay-color":"","overlay-opacity":"","overlay-gradient":""},"tablet":{"background-color":"","background-image":"","background-repeat":"repeat","background-position":"center center","background-size":"auto","background-attachment":"scroll","background-type":"","background-media":"","overlay-type":"","overlay-color":"","overlay-opacity":"","overlay-gradient":""},"mobile":{"background-color":"","background-image":"","background-repeat":"repeat","background-position":"center center","background-size":"auto","background-attachment":"scroll","background-type":"","background-media":"","overlay-type":"","overlay-color":"","overlay-opacity":"","overlay-gradient":""}},"ast-content-background-meta":{"desktop":{"background-color":"var(--ast-global-color-5)","background-image":"","background-repeat":"repeat","background-position":"center center","background-size":"auto","background-attachment":"scroll","background-type":"","background-media":"","overlay-type":"","overlay-color":"","overlay-opacity":"","overlay-gradient":""},"tablet":{"background-color":"var(--ast-global-color-5)","background-image":"","background-repeat":"repeat","background-position":"center center","background-size":"auto","background-attachment":"scroll","background-type":"","background-media":"","overlay-type":"","overlay-color":"","overlay-opacity":"","overlay-gradient":""},"mobile":{"background-color":"var(--ast-global-color-5)","background-image":"","background-repeat":"repeat","background-position":"center center","background-size":"auto","background-attachment":"scroll","background-type":"","background-media":"","overlay-type":"","overlay-color":"","overlay-opacity":"","overlay-gradient":""}}},"product_brand":[],"product_cat":[85],"product_tag":[],"class_list":{"0":"post-5748","1":"product","2":"type-product","3":"status-publish","4":"has-post-thumbnail","6":"product_cat-termoblokkok","7":"desktop-align-center","8":"tablet-align-left","9":"mobile-align-left","11":"first","12":"instock","13":"sale","14":"sold-individually","15":"shipping-taxable","16":"purchasable","17":"product-type-woosb"},"acf":[],"uagb_featured_image_src":{"full":["https:\/\/growshroom.hu\/wp-content\/uploads\/2026\/01\/dupla-blokk-csomag.png",1000,1000,false],"thumbnail":["https:\/\/growshroom.hu\/wp-content\/uploads\/2026\/01\/dupla-blokk-csomag-150x150.png",150,150,true],"medium":["https:\/\/growshroom.hu\/wp-content\/uploads\/2026\/01\/dupla-blokk-csomag-300x300.png",300,300,true],"medium_large":["https:\/\/growshroom.hu\/wp-content\/uploads\/2026\/01\/dupla-blokk-csomag-768x768.png",768,768,true],"large":["https:\/\/growshroom.hu\/wp-content\/uploads\/2026\/01\/dupla-blokk-csomag.png",1000,1000,false],"1536x1536":["https:\/\/growshroom.hu\/wp-content\/uploads\/2026\/01\/dupla-blokk-csomag.png",1000,1000,false],"2048x2048":["https:\/\/growshroom.hu\/wp-content\/uploads\/2026\/01\/dupla-blokk-csomag.png",1000,1000,false],"trp-custom-language-flag":["https:\/\/growshroom.hu\/wp-content\/uploads\/2026\/01\/dupla-blokk-csomag-12x12.png",12,12,true],"woocommerce_thumbnail":["https:\/\/growshroom.hu\/wp-content\/uploads\/2026\/01\/dupla-blokk-csomag-300x300.png",300,300,true],"woocommerce_single":["https:\/\/growshroom.hu\/wp-content\/uploads\/2026\/01\/dupla-blokk-csomag-600x600.png",600,600,true],"woocommerce_gallery_thumbnail":["https:\/\/growshroom.hu\/wp-content\/uploads\/2026\/01\/dupla-blokk-csomag-100x100.png",100,100,true]},"uagb_author_info":{"display_name":"growshroom","author_link":"https:\/\/growshroom.hu\/it\/author"},"uagb_comment_info":0,"uagb_excerpt":"&nbsp; V\u00e1lassz 2 b\u00e1rmilyen term\u0151blokkot, \u00e9s rendeld meg 5% kedvezm\u00e9nnyel! &nbsp;","tiered_pricing_type":"fixed","tiered_pricing_fixed_rules":[],"tiered_pricing_product_settings":{"layout":"default","base_unit_name":{"singular":null,"plural":null},"default_variation":null},"tiered_pricing_minimum_quantity":null,"tiered_pricing_roles_data":[],"tiered_pricing_percentage_rules":[],"tiered_pricing_maximum_quantity":null,"tiered_pricing_quantity_step":null,"_links":{"self":[{"href":"https:\/\/growshroom.hu\/it\/wp-json\/wp\/v2\/product\/5748","targetHints":{"allow":["GET"]}}],"collection":[{"href":"https:\/\/growshroom.hu\/it\/wp-json\/wp\/v2\/product"}],"about":[{"href":"https:\/\/growshroom.hu\/it\/wp-json\/wp\/v2\/types\/product"}],"replies":[{"embeddable":true,"href":"https:\/\/growshroom.hu\/it\/wp-json\/wp\/v2\/comments?post=5748"}],"wp:featuredmedia":[{"embeddable":true,"href":"https:\/\/growshroom.hu\/it\/wp-json\/wp\/v2\/media\/5749"}],"wp:attachment":[{"href":"https:\/\/growshroom.hu\/it\/wp-json\/wp\/v2\/media?parent=5748"}],"wp:term":[{"taxonomy":"product_brand","embeddable":true,"href":"https:\/\/growshroom.hu\/it\/wp-json\/wp\/v2\/product_brand?post=5748"},{"taxonomy":"product_cat","embeddable":true,"href":"https:\/\/growshroom.hu\/it\/wp-json\/wp\/v2\/product_cat?post=5748"},{"taxonomy":"product_tag","embeddable":true,"href":"https:\/\/growshroom.hu\/it\/wp-json\/wp\/v2\/product_tag?post=5748"}],"curies":[{"name":"wp","href":"https:\/\/api.w.org\/{rel}","templated":true}]}}