{"id":1904,"date":"2025-06-16T23:52:03","date_gmt":"2025-06-16T23:52:03","guid":{"rendered":"https:\/\/lightpink-jackal-170062.hostingersite.com\/?post_type=product&#038;p=1904"},"modified":"2026-04-11T20:48:47","modified_gmt":"2026-04-11T18:48:47","slug":"szurke-laskagomba-keszlet","status":"publish","type":"product","link":"https:\/\/growshroom.hu\/it\/termekek\/szurke-laskagomba-keszlet","title":{"rendered":"Insieme di funghi ostrica grigi (Pleurotus ostreatus)"},"content":{"rendered":"<h4><img fetchpriority=\"high\" decoding=\"async\" class=\"aligncenter wp-image-4849\" src=\"https:\/\/growshroom.hu\/wp-content\/uploads\/2025\/11\/szurke-laska-uj-doboz-gif-1.gif\" alt=\"sz\u00fcrke laskagomba timelapse gif\" width=\"567\" height=\"708\" \/><\/h4>\n<details class=\"gs-acc\">\n<summary class=\"gs-h4\">Qual \u00e8 la differenza tra i set in scatola e i blocchi di coltivazione?<\/summary>\n<div class=\"gs-acc__content\">\n<p>Entrambi i prodotti contengono lo stesso blocco di coltivazione da 2,2 kg, ma i set sono dotati anche di una confezione regalo e di un flacone spray, quindi sono ideali come regalo.<\/p>\n<p>Inoltre, le variet\u00e0 disponibili in kit sono consigliate ai principianti, mentre \u00e8 possibile trovare anche variet\u00e0 pi\u00f9 avanzate in blocchi di coltivazione. Alcune di queste non crescono bene sul tavolo della cucina, necessitano di un ambiente controllato. Per risultati ottimali, consigliamo di utilizzare una grow room o una tenda da coltivazione. Se non si ha la possibilit\u00e0 di controllare la temperatura, scegliere un blocco adatto al proprio clima!<\/p>\n<p>Quando si coltiva sul tavolo della cucina, usare i blocchi di coltivazione \u00e8 facile quanto usare i kit in scatola.<\/p>\n<p>Per informazioni dettagliate, si prega di leggere il <a href=\"https:\/\/growshroom.hu\/it\/termoblokk-utmutato\/\">Guida al blocco di produzione<\/a> pagina, dove troverete descrizioni e consigli per ogni variet\u00e0. Se avete ulteriori domande, leggete la <a href=\"https:\/\/growshroom.hu\/it\/gyakran-ismetelt-kerdesek\/\">Domande frequenti<\/a> pagina o scrivici <a href=\"mailto:info@growshroom.hu\">via e-mail<\/a>.<\/p>\n<\/div>\n<\/details>\n<details class=\"gs-acc\">\n<summary class=\"gs-h4\">Quanti funghi produrr\u00e0?<\/summary>\n<div class=\"gs-acc__content\">\n<p>I nostri blocchi di produzione hanno dimensioni commerciali. Questi blocchi da 2,2 kg producono in media 400-600 g di funghi freschi al primo raccolto, in condizioni ideali.<\/p>\n<p>La resa \u00e8 notevolmente influenzata dalle condizioni di crescita, quindi si prega di prestare attenzione all&#039;ambiente consigliato per la specie di fungo in questione, nonch\u00e9 <a href=\"https:\/\/growshroom.hu\/it\/termoblokk-utmutato\/\">Blocco prodotto nella guida<\/a> come descritto per evitare delusioni.<\/p>\n<p>Naturalmente ci sono delle differenze tra le singole specie di funghi: ad esempio, alcuni funghi ostrica producono corpi fruttiferi pi\u00f9 pesanti rispetto ad altre variet\u00e0, ma con questi grandi blocchi si pu\u00f2 sicuramente contare su un primo raccolto abbondante e abbondante.<\/p>\n<p>Poich\u00e9 i blocchi contengono un&#039;elevata quantit\u00e0 di nutrienti, possono produrre pi\u00f9 raccolti. In genere, si possono ottenere 2-3 raccolti, ma con pazienza e perseveranza, si possono ottenere anche di pi\u00f9.<br \/>\n<strong>Il primo raccolto \u00e8 sempre il pi\u00f9 abbondante e veloce, ma tra i raccolti successivi possono trascorrere anche diverse settimane.<\/strong><\/p>\n<p><strong>Ti garantiamo il primo raccolto!<\/strong><\/p>\n<p>Se non si sono verificati cambiamenti entro 14 giorni dall&#039;apertura del blocco, inviaci una foto via e-mail e ti aiuteremo e, se necessario, ti invieremo un nuovo blocco di produzione.<\/p>\n<p>Consiglio extra: dopo alcuni raccolti, il blocco raccolto <strong>durante il periodo senza gelo<\/strong> Vale la pena posizionarlo in un luogo ombreggiato e protetto del giardino e mantenerlo umido. Potete anche piantarlo poco profondo nel terreno e coprirlo con foglie o paglia tritata. Questo &quot;cimitero dei funghi&quot; pu\u00f2 sorprendervi ancora una volta con funghi freschi alla giusta temperatura o dopo una forte pioggia!<\/p>\n<\/div>\n<\/details>\n<h4 class=\"gs-h4\">Il classico<\/h4>\n<p>Questo fungo \u00e8 grigio solo di nome! \u00c8 uno dei funghi ostrica pi\u00f9 comuni al mondo, chiamato anche fungo ostrica tardivo. \u00c8 carnoso ed elastico e mantiene la sua consistenza anche dopo la cottura. Pu\u00f2 essere fritto fino a renderlo croccante, soprattutto se tagliato a fettine sottili. Il suo sapore \u00e8 delicato, leggermente nocciolato.<\/p>\n<h4 class=\"gs-h4\">Come \u00e8 stato realizzato?<\/h4>\n<p>La base del kit \u00e8 un blocco di paglia intrecciata con micelio di fungo ostrica. Dalla coltura di funghi isolata, abbiamo prima ottenuto un germoglio di fungo ad alta purezza su grano sterilizzato, poi lo abbiamo mescolato con paglia tritata per creare un blocco di crescita. La parte pi\u00f9 emozionante l'abbiamo lasciata a voi!<\/p>\n<p>Il micelio che si snoda attraverso il blocco \u00e8 un organismo vivente che, dopo aver digerito i nutrienti, attende solo le giuste condizioni ambientali per formare un corpo fruttifero, un fungo commestibile. L'ossigeno e l'umidit\u00e0 che si formano all'apertura del sacchetto segnalano al fungo che \u00e8 giunto il momento.<\/p>\n<h4 class=\"gs-h4\">Rendimento garantito<\/h4>\n<p>Con un'umidit\u00e0 regolare e adeguata, i nostri kit per la coltivazione di funghi produrranno in modo affidabile, fino a 3-4 volte. Il primo raccolto \u00e8 previsto entro 14 giorni dall'apertura del blocco.<\/p>\n<p>Ti garantiamo il primo raccolto!<\/p>\n<p>Se dopo 14 giorni dall'apertura del kit non si notano cambiamenti, inviateci una foto via e-mail e vi aiuteremo e, se necessario, vi invieremo un nuovo kit.<\/p>\n<p>In genere, ogni raccolto successivo \u00e8 leggermente pi\u00f9 piccolo del precedente e compare dopo un periodo di tempo pi\u00f9 lungo. <strong>Potrebbero volerci diverse settimane tra un raccolto e l&#039;altro, quindi siate pazienti!<\/strong> Come consigliamo di iniziare colture aggiuntive \u00e8 spiegato nel <a href=\"https:\/\/growshroom.hu\/it\/reszletes-hasznalati-utmutato\/\">Manuale utente dettagliato<\/a> puoi leggere.<\/p>\n<h4 class=\"gs-h4\">Un regalo intelligente<\/h4>\n<p>Che si voglia accontentare i buongustai o gli amanti del giardinaggio, la vista dei funghi che crescono giorno dopo giorno pu\u00f2 stupire sia gli adulti che i bambini!<\/p>\n<p><strong>Attenzione: se non lo apri entro qualche giorno, conservalo in frigorifero!<\/strong><\/p>\n<p>Il tuo kit contiene un organismo vivente, quindi ti consigliamo di aprirlo al momento della ricezione. Se non hai la possibilit\u00e0 di farlo, puoi conservarlo chiuso in frigorifero per 4 settimane. Il metabolismo del micelio rallenta significativamente durante questo periodo.<\/p>\n<p>Durante una conservazione prolungata o a temperatura ambiente, potrebbe formarsi della muffa all&#039;interno del sacchetto. Ci\u00f2 non comprometter\u00e0 l&#039;ulteriore utilizzo. Se la muffa \u00e8 a portata di mano sotto la zona tagliata, \u00e8 sufficiente rimuoverla.<\/p>\n<p>Un blocco conservato a temperatura ambiente per lungo tempo consumer\u00e0 dopo un po' tutti i nutrienti disponibili e poi inizier\u00e0 lentamente a decomporsi.<\/p>\n<h4 class=\"gs-h4\">Vale la pena valutare<\/h4>\n<p>Scatta una foto del tuo raccolto! Ti invieremo un&#039;e-mail 14 giorni dopo aver effettuato l&#039;ordine, per consentirti di valutare la disponibilit\u00e0. Tutti<strong> fotografico <\/strong>Ti premiamo con un coupon da 20%, senza scadenza, liberamente utilizzabile e trasferibile. Usalo o cedibile!<\/p>\n<h4 class=\"gs-h4\">Non dimenticare il manuale d&#039;uso!<\/h4>\n<p>Sul retro della confezione troverete anche delle brevi istruzioni, ma per ottenere risultati ottimali, vi consigliamo di leggerle prima dell&#039;uso. <a href=\"https:\/\/growshroom.hu\/it\/reszletes-hasznalati-utmutato-laskagomba\/\">Manuale utente dettagliato<\/a> e il <a href=\"https:\/\/growshroom.hu\/it\/gyakran-ismetelt-kerdesek\/\">Domande frequenti<\/a> leggendolo anch&#039;io.<\/p>","protected":false},"excerpt":{"rendered":"<p style=\"text-align: center;\">Diventa tu stesso un coltivatore di funghi <em>growshroom<\/em> Fungo ostrica grigio (Pleurotus ostreatus) con set!<\/p>\n<p style=\"text-align: center;\"><img decoding=\"async\" class=\"aligncenter wp-image-3191\" src=\"https:\/\/growshroom.hu\/wp-content\/uploads\/2025\/06\/infografika.svg\" alt=\"growshroom gombatermeszt\u0151 k\u00e9szlet haszn\u00e1lata h\u00e1rom l\u00e9p\u00e9sben: 1. perfor\u00e1ci\u00f3 let\u00e9p\u00e9se, 2. X forma bev\u00e1g\u00e1sa a term\u0151blokkba, 3. v\u00edzzel permetez\u00e9s a mell\u00e9kelt sz\u00f3r\u00f3fejes \u00fcvegb\u0151l\" width=\"598\" height=\"141\" \/><\/p>\n<p style=\"text-align: center;\">Apri la scatola nel punto perforato, fai un taglio a X nel sacchetto, spruzza con acqua dal flacone spray incluso 2-3 volte al giorno e guardali crescere!<\/p>\n<p style=\"text-align: center;\">","protected":false},"featured_media":4654,"comment_status":"open","ping_status":"closed","template":"","meta":{"_acf_changed":false,"inline_featured_image":false,"_uag_custom_page_level_css":"","site-sidebar-layout":"default","site-content-layout":"","ast-site-content-layout":"default","site-content-style":"default","site-sidebar-style":"default","ast-global-header-display":"","ast-banner-title-visibility":"","ast-main-header-display":"","ast-hfb-above-header-display":"","ast-hfb-below-header-display":"","ast-hfb-mobile-header-display":"","site-post-title":"","ast-breadcrumbs-content":"","ast-featured-img":"","footer-sml-layout":"","ast-disable-related-posts":"","theme-transparent-header-meta":"default","adv-header-id-meta":"","stick-header-meta":"","header-above-stick-meta":"","header-main-stick-meta":"","header-below-stick-meta":"","astra-migrate-meta-layouts":"set","ast-page-background-enabled":"default","ast-page-background-meta":{"desktop":{"background-color":"var(--ast-global-color-4)","background-image":"","background-repeat":"repeat","background-position":"center center","background-size":"auto","background-attachment":"scroll","background-type":"","background-media":"","overlay-type":"","overlay-color":"","overlay-opacity":"","overlay-gradient":""},"tablet":{"background-color":"","background-image":"","background-repeat":"repeat","background-position":"center center","background-size":"auto","background-attachment":"scroll","background-type":"","background-media":"","overlay-type":"","overlay-color":"","overlay-opacity":"","overlay-gradient":""},"mobile":{"background-color":"","background-image":"","background-repeat":"repeat","background-position":"center center","background-size":"auto","background-attachment":"scroll","background-type":"","background-media":"","overlay-type":"","overlay-color":"","overlay-opacity":"","overlay-gradient":""}},"ast-content-background-meta":{"desktop":{"background-color":"var(--ast-global-color-5)","background-image":"","background-repeat":"repeat","background-position":"center center","background-size":"auto","background-attachment":"scroll","background-type":"","background-media":"","overlay-type":"","overlay-color":"","overlay-opacity":"","overlay-gradient":""},"tablet":{"background-color":"var(--ast-global-color-5)","background-image":"","background-repeat":"repeat","background-position":"center center","background-size":"auto","background-attachment":"scroll","background-type":"","background-media":"","overlay-type":"","overlay-color":"","overlay-opacity":"","overlay-gradient":""},"mobile":{"background-color":"var(--ast-global-color-5)","background-image":"","background-repeat":"repeat","background-position":"center center","background-size":"auto","background-attachment":"scroll","background-type":"","background-media":"","overlay-type":"","overlay-color":"","overlay-opacity":"","overlay-gradient":""}}},"product_brand":[],"product_cat":[26],"product_tag":[],"class_list":{"0":"post-1904","1":"product","2":"type-product","3":"status-publish","4":"has-post-thumbnail","6":"product_cat-dobozos-keszletek","7":"desktop-align-center","8":"tablet-align-left","9":"mobile-align-left","11":"first","12":"instock","13":"shipping-taxable","14":"purchasable","15":"product-type-simple"},"acf":[],"uagb_featured_image_src":{"full":["https:\/\/growshroom.hu\/wp-content\/uploads\/2025\/06\/szurke-frontuveg.jpeg",1536,2048,false],"thumbnail":["https:\/\/growshroom.hu\/wp-content\/uploads\/2025\/06\/szurke-frontuveg-150x150.jpeg",150,150,true],"medium":["https:\/\/growshroom.hu\/wp-content\/uploads\/2025\/06\/szurke-frontuveg-225x300.jpeg",225,300,true],"medium_large":["https:\/\/growshroom.hu\/wp-content\/uploads\/2025\/06\/szurke-frontuveg-768x1024.jpeg",768,1024,true],"large":["https:\/\/growshroom.hu\/wp-content\/uploads\/2025\/06\/szurke-frontuveg-768x1024.jpeg",768,1024,true],"1536x1536":["https:\/\/growshroom.hu\/wp-content\/uploads\/2025\/06\/szurke-frontuveg-1152x1536.jpeg",1152,1536,true],"2048x2048":["https:\/\/growshroom.hu\/wp-content\/uploads\/2025\/06\/szurke-frontuveg.jpeg",1536,2048,false],"trp-custom-language-flag":["https:\/\/growshroom.hu\/wp-content\/uploads\/2025\/06\/szurke-frontuveg-9x12.jpeg",9,12,true],"woocommerce_thumbnail":["https:\/\/growshroom.hu\/wp-content\/uploads\/2025\/06\/szurke-frontuveg-300x400.jpeg",300,400,true],"woocommerce_single":["https:\/\/growshroom.hu\/wp-content\/uploads\/2025\/06\/szurke-frontuveg-600x800.jpeg",600,800,true],"woocommerce_gallery_thumbnail":["https:\/\/growshroom.hu\/wp-content\/uploads\/2025\/06\/szurke-frontuveg-100x100.jpeg",100,100,true]},"uagb_author_info":{"display_name":"growshroom","author_link":"https:\/\/growshroom.hu\/it\/author"},"uagb_comment_info":20,"uagb_excerpt":"V\u00e1lj te is gombatermeszt\u0151v\u00e9 a growshroom Sz\u00fcrke laskagomba (Pleurotus ostreatus) k\u00e9szlettel! Nyisd ki a dobozt a perfor\u00e1ci\u00f3n\u00e1l, v\u00e1gj egy X-et a zacsk\u00f3ba, f\u00fajd be v\u00edzzel a mell\u00e9kelt sz\u00f3r\u00f3fejes \u00fcvegb\u0151l 2-3 alkalommal naponta, \u00e9s n\u00e9zd ahogy n\u0151nek!","tiered_pricing_type":"fixed","tiered_pricing_fixed_rules":[],"tiered_pricing_product_settings":{"layout":"default","base_unit_name":{"singular":null,"plural":null},"default_variation":null},"tiered_pricing_minimum_quantity":null,"tiered_pricing_roles_data":[],"tiered_pricing_percentage_rules":[],"tiered_pricing_maximum_quantity":null,"tiered_pricing_quantity_step":null,"_links":{"self":[{"href":"https:\/\/growshroom.hu\/it\/wp-json\/wp\/v2\/product\/1904","targetHints":{"allow":["GET"]}}],"collection":[{"href":"https:\/\/growshroom.hu\/it\/wp-json\/wp\/v2\/product"}],"about":[{"href":"https:\/\/growshroom.hu\/it\/wp-json\/wp\/v2\/types\/product"}],"replies":[{"embeddable":true,"href":"https:\/\/growshroom.hu\/it\/wp-json\/wp\/v2\/comments?post=1904"}],"wp:featuredmedia":[{"embeddable":true,"href":"https:\/\/growshroom.hu\/it\/wp-json\/wp\/v2\/media\/4654"}],"wp:attachment":[{"href":"https:\/\/growshroom.hu\/it\/wp-json\/wp\/v2\/media?parent=1904"}],"wp:term":[{"taxonomy":"product_brand","embeddable":true,"href":"https:\/\/growshroom.hu\/it\/wp-json\/wp\/v2\/product_brand?post=1904"},{"taxonomy":"product_cat","embeddable":true,"href":"https:\/\/growshroom.hu\/it\/wp-json\/wp\/v2\/product_cat?post=1904"},{"taxonomy":"product_tag","embeddable":true,"href":"https:\/\/growshroom.hu\/it\/wp-json\/wp\/v2\/product_tag?post=1904"}],"curies":[{"name":"wp","href":"https:\/\/api.w.org\/{rel}","templated":true}]}}