{"id":5748,"date":"2026-01-28T12:38:54","date_gmt":"2026-01-28T10:38:54","guid":{"rendered":"https:\/\/growshroom.hu\/?post_type=product&#038;p=5748"},"modified":"2026-02-25T15:15:40","modified_gmt":"2026-02-25T13:15:40","slug":"dupla-termoblokk-csomag","status":"publish","type":"product","link":"https:\/\/growshroom.hu\/hr\/termekek\/dupla-termoblokk-csomag","title":{"rendered":"Dvostruki proizvodni blok paket"},"content":{"rendered":"<details class=\"gs-acc\">\n<summary class=\"gs-h4\">Koja je razlika izme\u0111u kutijastih setova i blokova za uzgoj?<\/summary>\n<div class=\"gs-acc__content\">\n<p>Oba proizvoda sadr\u017ee isti blok za uzgoj od 2,2 kg, ali setovi dolaze i s poklon kutijom i bo\u010dicom s raspr\u0161iva\u010dem, pa su idealni za darivanje.<\/p>\n<p>Osim toga, sorte dostupne u kutijama preporu\u010duju se po\u010detnicima, dok naprednije sorte mo\u017eete prona\u0107i i u blokovima za uzgoj. Neke od njih ne\u0107e dobro rasti na kuhinjskom pultu, potrebno im je kontrolirano okru\u017eenje. Za najbolje rezultate preporu\u010dujemo kori\u0161tenje sobe za uzgoj ili \u0161atora za uzgoj. Ako nemate mogu\u0107nost kontrole temperature, odaberite blok koji je prikladan za va\u0161u klimu!<\/p>\n<p>Prilikom uzgoja na kuhinjskom pultu, kori\u0161tenje blokova za uzgoj jednako je jednostavno kao i kori\u0161tenje setova u kutijama.<\/p>\n<p>Za detaljne informacije, molimo pro\u010ditajte <a href=\"https:\/\/growshroom.hu\/hr\/termoblokk-utmutato\/\">Vodi\u010d za proizvodne blokove<\/a> stranicu na kojoj \u0107ete prona\u0107i opise i savjete za svaku sortu. Ako imate dodatnih pitanja, pro\u010ditajte <a href=\"https:\/\/growshroom.hu\/hr\/gyakran-ismetelt-kerdesek\/\">\u010cesto postavljana pitanja<\/a> stranicu ili nam pi\u0161ite <a href=\"mailto:info@growshroom.hu\">putem e-po\u0161te<\/a>.<\/p>\n<\/div>\n<\/details>\n<details class=\"gs-acc\">\n<summary class=\"gs-h4\">Koliko \u0107e gljiva proizvesti?<\/summary>\n<div class=\"gs-acc__content\">\n<p>Na\u0161i proizvodni blokovi su komercijalne veli\u010dine. Ovi blokovi od 2,2 kg dat \u0107e prosje\u010dno 400-600 g svje\u017eih gljiva tijekom prve berbe pod idealnim uvjetima.<\/p>\n<p>Na prinos zna\u010dajno utje\u010du uvjeti uzgoja, stoga obratite pozornost na preporu\u010deno okru\u017eenje za odre\u0111enu vrstu gljiva, kao i na <a href=\"https:\/\/growshroom.hu\/hr\/termoblokk-utmutato\/\">Blok proizvoda u vodi\u010du<\/a> kako je opisano kako bi se izbjeglo razo\u010daranje.<\/p>\n<p>Naravno, postoje razlike izme\u0111u pojedinih vrsta gljiva - na primjer, neke bukova\u010de proizvode te\u017ea plodi\u0161ta od drugih sorti - ali s ovim velikim blokovima definitivno mo\u017eete ra\u010dunati na lijep, obilan prvi urod.<\/p>\n<p>Budu\u0107i da blokovi sadr\u017ee veliku koli\u010dinu hranjivih tvari, mogu dati vi\u0161e usjeva. Obi\u010dno mo\u017eete o\u010dekivati 2-3 uroda, ali ako ste strpljivi i uporni, mo\u017eete dobiti i vi\u0161e.<br \/>\n<strong>Prva berba je uvijek najve\u0107a i najbr\u017ea, ali izme\u0111u sljede\u0107ih berbi mo\u017ee postojati razmak od nekoliko tjedana.<\/strong><\/p>\n<p><strong>Jam\u010dimo vam va\u0161u prvu \u017eetvu!<\/strong><\/p>\n<p>Ako nije bilo promjene 14 dana nakon otvaranja bloka, po\u0161aljite nam sliku e-po\u0161tom i mi \u0107emo vam pomo\u0107i, a ako je potrebno, poslat \u0107emo vam novi proizvodni blok.<\/p>\n<p>Dodatni savjet: nakon nekoliko berbi, ubrani blok <strong>tijekom razdoblja bez mraza<\/strong> Vrijedi ga smjestiti na sjenovito, za\u0161ti\u0107eno mjesto u vrtu i odr\u017eavati ga vla\u017enim. Mo\u017eete ga i plitko zakopati u zemlju i prekriti li\u0161\u0107em ili nasjeckanom slamom. Ovo \u201egroblje gljiva\u201d mo\u017ee vas ponovno iznenaditi svje\u017eim gljivama na pravoj temperaturi ili nakon obilne ki\u0161e!<\/p>\n<\/div>\n<\/details>\n<h4 class=\"gs-h4\">Kako je napravljeno?<\/h4>\n<p>Sjemenski blok nije ni\u0161ta vi\u0161e od slame ili piljevine kolonizirane micelijom gljiva. Iz izolirane kulture gljiva prvo smo pripremili visoko\u010distu takozvanu gljivi\u010dnu klicu na steriliziranom zrnu, a zatim je pomije\u0161ali sa sjeckanom slamom kako bismo stvorili sjemenski blok. Uzbudljivi dio prepustili smo vama!<\/p>\n<p>Micelij koji se provla\u010di kroz blok je \u017eivi organizam koji, nakon \u0161to probavi hranjive tvari, samo \u010deka prave uvjete okoline kako bi formirao plodno tijelo, jestivu gljivu. Kisik i vlaga koji dolaze otvaranjem vre\u0107ice signaliziraju gljivi da je do\u0161lo vrijeme.<\/p>\n<h4 class=\"gs-h4\">Pohrana<\/h4>\n<p><strong>Upozorenje: Ako ga ne otvorite u roku od nekoliko dana, stavite ga u hladnjak!<\/strong><\/p>\n<p>Va\u0161 komplet sadr\u017ei \u017eivi organizam, stoga preporu\u010dujemo da ga otvorite po primitku. Ako nemate priliku za to, mo\u017eete ga neotvorenog \u010duvati u hladnjaku 4 tjedna. Metabolizam micelija se tijekom tog vremena zna\u010dajno usporava.<\/p>\n<p>Iznimka od ovoga je <strong>ru\u017ei\u010dasta bukova\u010da, koja je tropska gljiva koja voli toplinu, pa se set ne mo\u017ee \u010duvati u hladnjaku.<\/strong> Mo\u017ee se \u010duvati neotvoreno na sobnoj temperaturi do 4 tjedna.<\/p>\n<p>Tijekom duljeg skladi\u0161tenja ili na sobnoj temperaturi, plijesan se mo\u017ee po\u010deti stvarati unutar vre\u0107ice. To ne\u0107e utjecati na daljnju upotrebu. Ako je plijesan u dohvatu ispod podru\u010dja koje ste izrezali, jednostavno je uklonite.<\/p>\n<p>Blok koji se dugo \u010duva na sobnoj temperaturi nakon nekog vremena \u0107e potro\u0161iti sve dostupne hranjive tvari, a zatim \u0107e se polako po\u010deti raspadati.<\/p>\n<h4 class=\"gs-h4\">Vrijedi procijeniti<\/h4>\n<p>Fotografirajte svoj urod! Poslat \u0107emo vam e-poruku 14 dana nakon narud\u017ebe kako biste mogli ocijeniti svoju narud\u017ebu. Sve<strong> fotografski <\/strong>Nagradit \u0107emo vas kuponom broj 20%, koji nema rok trajanja, a mo\u017eete ga slobodno koristiti i prenositi. Iskoristite ga ili ga proslijedite dalje!<\/p>","protected":false},"excerpt":{"rendered":"<p>&nbsp;<\/p>\n<p style=\"text-align: center;\">Odaberite 2 bilo koja proizvodna bloka i naru\u010dite ih s popustom od 5%!<\/p>\n<p>&nbsp;<\/p>","protected":false},"featured_media":5749,"comment_status":"open","ping_status":"closed","template":"","meta":{"_acf_changed":false,"inline_featured_image":false,"_uag_custom_page_level_css":"","site-sidebar-layout":"default","site-content-layout":"","ast-site-content-layout":"default","site-content-style":"default","site-sidebar-style":"default","ast-global-header-display":"","ast-banner-title-visibility":"","ast-main-header-display":"","ast-hfb-above-header-display":"","ast-hfb-below-header-display":"","ast-hfb-mobile-header-display":"","site-post-title":"","ast-breadcrumbs-content":"","ast-featured-img":"","footer-sml-layout":"","ast-disable-related-posts":"","theme-transparent-header-meta":"default","adv-header-id-meta":"","stick-header-meta":"","header-above-stick-meta":"","header-main-stick-meta":"","header-below-stick-meta":"","astra-migrate-meta-layouts":"set","ast-page-background-enabled":"default","ast-page-background-meta":{"desktop":{"background-color":"var(--ast-global-color-4)","background-image":"","background-repeat":"repeat","background-position":"center center","background-size":"auto","background-attachment":"scroll","background-type":"","background-media":"","overlay-type":"","overlay-color":"","overlay-opacity":"","overlay-gradient":""},"tablet":{"background-color":"","background-image":"","background-repeat":"repeat","background-position":"center center","background-size":"auto","background-attachment":"scroll","background-type":"","background-media":"","overlay-type":"","overlay-color":"","overlay-opacity":"","overlay-gradient":""},"mobile":{"background-color":"","background-image":"","background-repeat":"repeat","background-position":"center center","background-size":"auto","background-attachment":"scroll","background-type":"","background-media":"","overlay-type":"","overlay-color":"","overlay-opacity":"","overlay-gradient":""}},"ast-content-background-meta":{"desktop":{"background-color":"var(--ast-global-color-5)","background-image":"","background-repeat":"repeat","background-position":"center center","background-size":"auto","background-attachment":"scroll","background-type":"","background-media":"","overlay-type":"","overlay-color":"","overlay-opacity":"","overlay-gradient":""},"tablet":{"background-color":"var(--ast-global-color-5)","background-image":"","background-repeat":"repeat","background-position":"center center","background-size":"auto","background-attachment":"scroll","background-type":"","background-media":"","overlay-type":"","overlay-color":"","overlay-opacity":"","overlay-gradient":""},"mobile":{"background-color":"var(--ast-global-color-5)","background-image":"","background-repeat":"repeat","background-position":"center center","background-size":"auto","background-attachment":"scroll","background-type":"","background-media":"","overlay-type":"","overlay-color":"","overlay-opacity":"","overlay-gradient":""}}},"product_brand":[],"product_cat":[85],"product_tag":[],"class_list":{"0":"post-5748","1":"product","2":"type-product","3":"status-publish","4":"has-post-thumbnail","6":"product_cat-termoblokkok","7":"desktop-align-center","8":"tablet-align-left","9":"mobile-align-left","11":"first","12":"instock","13":"sale","14":"sold-individually","15":"shipping-taxable","16":"purchasable","17":"product-type-woosb"},"acf":[],"uagb_featured_image_src":{"full":["https:\/\/growshroom.hu\/wp-content\/uploads\/2026\/01\/dupla-blokk-csomag.png",1000,1000,false],"thumbnail":["https:\/\/growshroom.hu\/wp-content\/uploads\/2026\/01\/dupla-blokk-csomag-150x150.png",150,150,true],"medium":["https:\/\/growshroom.hu\/wp-content\/uploads\/2026\/01\/dupla-blokk-csomag-300x300.png",300,300,true],"medium_large":["https:\/\/growshroom.hu\/wp-content\/uploads\/2026\/01\/dupla-blokk-csomag-768x768.png",768,768,true],"large":["https:\/\/growshroom.hu\/wp-content\/uploads\/2026\/01\/dupla-blokk-csomag.png",1000,1000,false],"1536x1536":["https:\/\/growshroom.hu\/wp-content\/uploads\/2026\/01\/dupla-blokk-csomag.png",1000,1000,false],"2048x2048":["https:\/\/growshroom.hu\/wp-content\/uploads\/2026\/01\/dupla-blokk-csomag.png",1000,1000,false],"trp-custom-language-flag":["https:\/\/growshroom.hu\/wp-content\/uploads\/2026\/01\/dupla-blokk-csomag-12x12.png",12,12,true],"woocommerce_thumbnail":["https:\/\/growshroom.hu\/wp-content\/uploads\/2026\/01\/dupla-blokk-csomag-300x300.png",300,300,true],"woocommerce_single":["https:\/\/growshroom.hu\/wp-content\/uploads\/2026\/01\/dupla-blokk-csomag-600x600.png",600,600,true],"woocommerce_gallery_thumbnail":["https:\/\/growshroom.hu\/wp-content\/uploads\/2026\/01\/dupla-blokk-csomag-100x100.png",100,100,true]},"uagb_author_info":{"display_name":"growshroom","author_link":"https:\/\/growshroom.hu\/hr\/author"},"uagb_comment_info":0,"uagb_excerpt":"&nbsp; V\u00e1lassz 2 b\u00e1rmilyen term\u0151blokkot, \u00e9s rendeld meg 5% kedvezm\u00e9nnyel! &nbsp;","tiered_pricing_type":"fixed","tiered_pricing_fixed_rules":[],"tiered_pricing_product_settings":{"layout":"default","base_unit_name":{"singular":null,"plural":null},"default_variation":null},"tiered_pricing_minimum_quantity":null,"tiered_pricing_roles_data":[],"tiered_pricing_percentage_rules":[],"tiered_pricing_maximum_quantity":null,"tiered_pricing_quantity_step":null,"_links":{"self":[{"href":"https:\/\/growshroom.hu\/hr\/wp-json\/wp\/v2\/product\/5748","targetHints":{"allow":["GET"]}}],"collection":[{"href":"https:\/\/growshroom.hu\/hr\/wp-json\/wp\/v2\/product"}],"about":[{"href":"https:\/\/growshroom.hu\/hr\/wp-json\/wp\/v2\/types\/product"}],"replies":[{"embeddable":true,"href":"https:\/\/growshroom.hu\/hr\/wp-json\/wp\/v2\/comments?post=5748"}],"wp:featuredmedia":[{"embeddable":true,"href":"https:\/\/growshroom.hu\/hr\/wp-json\/wp\/v2\/media\/5749"}],"wp:attachment":[{"href":"https:\/\/growshroom.hu\/hr\/wp-json\/wp\/v2\/media?parent=5748"}],"wp:term":[{"taxonomy":"product_brand","embeddable":true,"href":"https:\/\/growshroom.hu\/hr\/wp-json\/wp\/v2\/product_brand?post=5748"},{"taxonomy":"product_cat","embeddable":true,"href":"https:\/\/growshroom.hu\/hr\/wp-json\/wp\/v2\/product_cat?post=5748"},{"taxonomy":"product_tag","embeddable":true,"href":"https:\/\/growshroom.hu\/hr\/wp-json\/wp\/v2\/product_tag?post=5748"}],"curies":[{"name":"radni list","href":"https:\/\/api.w.org\/{rel}","templated":true}]}}