{"id":4920,"date":"2025-11-16T14:42:46","date_gmt":"2025-11-16T12:42:46","guid":{"rendered":"https:\/\/growshroom.hu\/?post_type=product&#038;p=4920"},"modified":"2026-02-25T15:15:14","modified_gmt":"2026-02-25T13:15:14","slug":"tripla-keszlet-csomag","status":"publish","type":"product","link":"https:\/\/growshroom.hu\/fr\/termekek\/tripla-keszlet-csomag","title":{"rendered":"Kit de culture de champignons triple"},"content":{"rendered":"<details class=\"gs-acc\">\n<summary class=\"gs-h4\">Quelle est la diff\u00e9rence entre les coffrets et les blocs de culture ?<\/summary>\n<div class=\"gs-acc__content\">\n<p>Les deux produits contiennent le m\u00eame bloc de culture de 2,2 kg, mais les coffrets comprennent \u00e9galement une bo\u00eete cadeau et un flacon pulv\u00e9risateur, ce qui les rend id\u00e9aux pour offrir en cadeau.<\/p>\n<p>De plus, les vari\u00e9t\u00e9s disponibles en kits sont recommand\u00e9es aux d\u00e9butants, tandis que des vari\u00e9t\u00e9s plus avanc\u00e9es sont propos\u00e9es en blocs de culture. Certaines de ces plantes ne se d\u00e9velopperont pas correctement sur un plan de travail\u00a0; elles n\u00e9cessitent un environnement contr\u00f4l\u00e9. Pour un r\u00e9sultat optimal, nous recommandons l\u2019utilisation d\u2019une chambre de culture ou d\u2019une tente de culture. Si vous ne pouvez pas contr\u00f4ler la temp\u00e9rature, choisissez un bloc adapt\u00e9 \u00e0 votre climat\u00a0!<\/p>\n<p>Cultiver des plantes sur le plan de travail de la cuisine avec des blocs de culture est tout aussi simple qu&#039;avec des kits en bo\u00eete.<\/p>\n<p>Pour plus d&#039;informations, veuillez lire le <a href=\"https:\/\/growshroom.hu\/fr\/termoblokk-utmutato\/\">Guide des blocs de production<\/a> La page contient des descriptions et des conseils pour chaque vari\u00e9t\u00e9. Pour toute question suppl\u00e9mentaire, veuillez consulter la page suivante\u00a0: <a href=\"https:\/\/growshroom.hu\/fr\/gyakran-ismetelt-kerdesek\/\">Questions fr\u00e9quemment pos\u00e9es<\/a> page ou \u00e9crivez-nous <a href=\"mailto:info@growshroom.hu\">par courriel<\/a>.<\/p>\n<\/div>\n<\/details>\n<details class=\"gs-acc\">\n<summary class=\"gs-h4\">Combien de champignons produira-t-il ?<\/summary>\n<div class=\"gs-acc__content\">\n<p>Nos blocs de production sont de taille commerciale. Ces blocs de 2,2 kg donneront en moyenne 400 \u00e0 600 g de champignons frais lors de la premi\u00e8re r\u00e9colte, dans des conditions id\u00e9ales.<\/p>\n<p>Le rendement est fortement influenc\u00e9 par les conditions de culture\u00a0; veuillez donc pr\u00eater attention \u00e0 l\u2019environnement recommand\u00e9 pour l\u2019esp\u00e8ce de champignon concern\u00e9e, ainsi qu\u2019aux <a href=\"https:\/\/growshroom.hu\/fr\/termoblokk-utmutato\/\">Bloc produit dans le guide<\/a> comme d\u00e9crit afin d&#039;\u00e9viter toute d\u00e9ception.<\/p>\n<p>Il existe bien s\u00fbr des diff\u00e9rences entre les diff\u00e9rentes esp\u00e8ces de champignons \u2013 par exemple, certaines pleurotes produisent des fructifications plus lourdes que d&#039;autres vari\u00e9t\u00e9s \u2013 mais avec ces gros blocs, vous pouvez assur\u00e9ment compter sur une premi\u00e8re r\u00e9colte abondante et r\u00e9ussie.<\/p>\n<p>Comme ces blocs sont riches en nutriments, ils permettent de r\u00e9colter plusieurs fois. En g\u00e9n\u00e9ral, vous pouvez esp\u00e9rer 2 \u00e0 3 r\u00e9coltes, mais avec de la patience et de la pers\u00e9v\u00e9rance, vous pouvez en obtenir davantage.<br \/>\n<strong>La premi\u00e8re r\u00e9colte est toujours la plus importante et la plus rapide, mais il peut s&#039;\u00e9couler jusqu&#039;\u00e0 plusieurs semaines entre les r\u00e9coltes suivantes.<\/strong><\/p>\n<p><strong>Nous vous garantissons votre premi\u00e8re r\u00e9colte !<\/strong><\/p>\n<p>Si aucun changement n&#039;est constat\u00e9 14 jours apr\u00e8s l&#039;ouverture du bloc, envoyez-nous une photo par e-mail et nous vous aiderons. Si n\u00e9cessaire, nous vous enverrons un nouveau bloc de production.<\/p>\n<p>Conseil suppl\u00e9mentaire\u00a0: apr\u00e8s quelques r\u00e9coltes, le bloc r\u00e9colt\u00e9 <strong>pendant la p\u00e9riode sans gel<\/strong> Il est conseill\u00e9 de le placer dans un endroit ombrag\u00e9 et abrit\u00e9 du jardin et de le maintenir humide. Vous pouvez aussi l&#039;enfouir l\u00e9g\u00e8rement dans le sol et le recouvrir de feuilles mortes ou de paille hach\u00e9e. Ce \u201e\u00a0cimeti\u00e8re \u00e0 champignons\u00a0\u201d vous offrira de nouveau de beaux champignons frais \u00e0 la bonne temp\u00e9rature ou apr\u00e8s une forte pluie\u00a0!<\/p>\n<\/div>\n<\/details>\n<h4 class=\"gs-h4\">Comment a-t-il \u00e9t\u00e9 fabriqu\u00e9 ?<\/h4>\n<p>Le kit repose sur un bloc de culture en paille ou en bois impr\u00e9gn\u00e9 de myc\u00e9lium. \u00c0 partir d&#039;une culture de champignons isol\u00e9e, nous obtenons d&#039;abord des germes de haute puret\u00e9 sur des grains st\u00e9rilis\u00e9s, puis nous les m\u00e9langeons \u00e0 de la paille hach\u00e9e pour cr\u00e9er le bloc de culture. \u00c0 vous de jouer\u00a0!<\/p>\n<p>Le myc\u00e9lium qui tisse le bloc est un organisme vivant qui, apr\u00e8s avoir dig\u00e9r\u00e9 les nutriments, attend les conditions environnementales propices pour former une fructification, un champignon comestible. L'oxyg\u00e8ne et l'humidit\u00e9 qui s'accumulent \u00e0 l'ouverture du sachet signalent au champignon que le moment est venu.<\/p>\n<h4 class=\"gs-h4\">Rendement garanti<\/h4>\n<p>Avec une humidit\u00e9 r\u00e9guli\u00e8re et ad\u00e9quate, nos kits de culture de champignons produiront jusqu'\u00e0 3 \u00e0 4 fois plus de champignons. La premi\u00e8re r\u00e9colte est pr\u00e9vue dans les 14 jours suivant l'ouverture du bloc.<\/p>\n<p>Nous vous garantissons votre premi\u00e8re r\u00e9colte !<\/p>\n<p>S'il n'y a pas de changement apr\u00e8s 14 jours d'ouverture du kit, envoyez-nous une photo par email et nous vous aiderons et, si n\u00e9cessaire, vous enverrons un nouveau kit.<\/p>\n<p>En g\u00e9n\u00e9ral, chaque r\u00e9colte suivante est l\u00e9g\u00e8rement plus petite que la pr\u00e9c\u00e9dente et appara\u00eet apr\u00e8s une p\u00e9riode plus longue. <strong>Il peut s&#039;\u00e9couler plusieurs semaines entre chaque r\u00e9colte, veuillez patienter !<\/strong> La mani\u00e8re dont nous recommandons de d\u00e9marrer des cultures suppl\u00e9mentaires est expliqu\u00e9e dans le <a href=\"https:\/\/growshroom.hu\/fr\/reszletes-hasznalati-utmutato\/\">Manuel d'utilisation d\u00e9taill\u00e9<\/a> tu peux lire.<\/p>\n<h4 class=\"gs-h4\">Un cadeau intelligent<\/h4>\n<p>Que vous souhaitiez faire plaisir aux gourmets ou aux jardiniers amateurs, la vue des champignons poussant de jour en jour peut impressionner petits et grands !<\/p>\n<p><strong>Attention ! Le kit ne peut \u00eatre stock\u00e9 que pendant quelques semaines !<\/strong><\/p>\n<p>Votre kit contient un organisme vivant\u00a0; nous vous recommandons donc de l'ouvrir d\u00e8s r\u00e9ception. Si vous n'avez pas la possibilit\u00e9 de le faire, vous pouvez le conserver ferm\u00e9 au r\u00e9frig\u00e9rateur pendant 4\u00a0semaines. Le m\u00e9tabolisme du myc\u00e9lium ralentit consid\u00e9rablement pendant cette p\u00e9riode.<\/p>\n<p>L&#039;exception \u00e0 cette r\u00e8gle est la <strong>Le pleurote rose est un champignon tropical qui aime la chaleur ; par cons\u00e9quent, ce produit ne peut pas \u00eatre conserv\u00e9 au r\u00e9frig\u00e9rateur.<\/strong> Peut \u00eatre conserv\u00e9 non ouvert \u00e0 temp\u00e9rature ambiante pendant 4 semaines maximum.<\/p>\n<p>Lors d&#039;un stockage prolong\u00e9 ou \u00e0 temp\u00e9rature ambiante, de la moisissure peut se d\u00e9velopper \u00e0 l&#039;int\u00e9rieur du sac. Cela n&#039;affectera pas son utilisation ult\u00e9rieure. Si la moisissure est accessible sous la zone d\u00e9coup\u00e9e, retirez-la simplement.<\/p>\n<p>Un bloc stock\u00e9 \u00e0 temp\u00e9rature ambiante pendant une longue p\u00e9riode consommera tous les nutriments disponibles apr\u00e8s un certain temps, puis commencera lentement \u00e0 se d\u00e9composer.<\/p>\n<h4 class=\"gs-h4\">\u00c0 \u00e9valuer<\/h4>\n<p>Prenez une photo de votre r\u00e9colte ! Nous vous enverrons un courriel 14 jours apr\u00e8s votre commande, vous permettant d&#039;\u00e9valuer les produits.<strong> photographique <\/strong>Nous vous offrons un coupon 20%, sans date d&#039;expiration, utilisable et transf\u00e9rable librement. Utilisez-le ou partagez-le !<\/p>\n<h4 class=\"gs-h4\">N&#039;oubliez pas le manuel d&#039;utilisation !<\/h4>\n<p>Vous trouverez \u00e9galement une br\u00e8ve notice d&#039;utilisation au dos de la bo\u00eete, mais pour un r\u00e9sultat optimal, nous vous recommandons de lire attentivement la notice avant utilisation. <a href=\"https:\/\/growshroom.hu\/fr\/reszletes-hasznalati-utmutato-laskagomba\/\">Manuel d'utilisation d\u00e9taill\u00e9<\/a> et le <a href=\"https:\/\/growshroom.hu\/fr\/gyakran-ismetelt-kerdesek\/\">Questions fr\u00e9quemment pos\u00e9es<\/a> Je le lis aussi.<\/p>","protected":false},"excerpt":{"rendered":"<p>&nbsp;<\/p>\n<p style=\"text-align: center;\">Choisissez 3 ensembles de n&#039;importe quel type et commandez avec une r\u00e9duction 15% !<\/p>\n<p>&nbsp;<\/p>","protected":false},"featured_media":4921,"comment_status":"open","ping_status":"closed","template":"","meta":{"_acf_changed":false,"inline_featured_image":false,"_uag_custom_page_level_css":"","site-sidebar-layout":"default","site-content-layout":"","ast-site-content-layout":"default","site-content-style":"default","site-sidebar-style":"default","ast-global-header-display":"","ast-banner-title-visibility":"","ast-main-header-display":"","ast-hfb-above-header-display":"","ast-hfb-below-header-display":"","ast-hfb-mobile-header-display":"","site-post-title":"","ast-breadcrumbs-content":"","ast-featured-img":"","footer-sml-layout":"","ast-disable-related-posts":"","theme-transparent-header-meta":"default","adv-header-id-meta":"","stick-header-meta":"","header-above-stick-meta":"","header-main-stick-meta":"","header-below-stick-meta":"","astra-migrate-meta-layouts":"set","ast-page-background-enabled":"default","ast-page-background-meta":{"desktop":{"background-color":"var(--ast-global-color-4)","background-image":"","background-repeat":"repeat","background-position":"center center","background-size":"auto","background-attachment":"scroll","background-type":"","background-media":"","overlay-type":"","overlay-color":"","overlay-opacity":"","overlay-gradient":""},"tablet":{"background-color":"","background-image":"","background-repeat":"repeat","background-position":"center center","background-size":"auto","background-attachment":"scroll","background-type":"","background-media":"","overlay-type":"","overlay-color":"","overlay-opacity":"","overlay-gradient":""},"mobile":{"background-color":"","background-image":"","background-repeat":"repeat","background-position":"center center","background-size":"auto","background-attachment":"scroll","background-type":"","background-media":"","overlay-type":"","overlay-color":"","overlay-opacity":"","overlay-gradient":""}},"ast-content-background-meta":{"desktop":{"background-color":"var(--ast-global-color-5)","background-image":"","background-repeat":"repeat","background-position":"center center","background-size":"auto","background-attachment":"scroll","background-type":"","background-media":"","overlay-type":"","overlay-color":"","overlay-opacity":"","overlay-gradient":""},"tablet":{"background-color":"var(--ast-global-color-5)","background-image":"","background-repeat":"repeat","background-position":"center center","background-size":"auto","background-attachment":"scroll","background-type":"","background-media":"","overlay-type":"","overlay-color":"","overlay-opacity":"","overlay-gradient":""},"mobile":{"background-color":"var(--ast-global-color-5)","background-image":"","background-repeat":"repeat","background-position":"center center","background-size":"auto","background-attachment":"scroll","background-type":"","background-media":"","overlay-type":"","overlay-color":"","overlay-opacity":"","overlay-gradient":""}}},"product_brand":[],"product_cat":[26],"product_tag":[],"class_list":{"0":"post-4920","1":"product","2":"type-product","3":"status-publish","4":"has-post-thumbnail","6":"product_cat-dobozos-keszletek","7":"desktop-align-center","8":"tablet-align-left","9":"mobile-align-left","11":"first","12":"instock","13":"sale","14":"sold-individually","15":"shipping-taxable","16":"purchasable","17":"product-type-woosb"},"acf":[],"uagb_featured_image_src":{"full":["https:\/\/growshroom.hu\/wp-content\/uploads\/2025\/11\/tripla-keszlet-csomag.png",1000,1000,false],"thumbnail":["https:\/\/growshroom.hu\/wp-content\/uploads\/2025\/11\/tripla-keszlet-csomag-150x150.png",150,150,true],"medium":["https:\/\/growshroom.hu\/wp-content\/uploads\/2025\/11\/tripla-keszlet-csomag-300x300.png",300,300,true],"medium_large":["https:\/\/growshroom.hu\/wp-content\/uploads\/2025\/11\/tripla-keszlet-csomag-768x768.png",768,768,true],"large":["https:\/\/growshroom.hu\/wp-content\/uploads\/2025\/11\/tripla-keszlet-csomag.png",1000,1000,false],"1536x1536":["https:\/\/growshroom.hu\/wp-content\/uploads\/2025\/11\/tripla-keszlet-csomag.png",1000,1000,false],"2048x2048":["https:\/\/growshroom.hu\/wp-content\/uploads\/2025\/11\/tripla-keszlet-csomag.png",1000,1000,false],"trp-custom-language-flag":["https:\/\/growshroom.hu\/wp-content\/uploads\/2025\/11\/tripla-keszlet-csomag-12x12.png",12,12,true],"woocommerce_thumbnail":["https:\/\/growshroom.hu\/wp-content\/uploads\/2025\/11\/tripla-keszlet-csomag-300x300.png",300,300,true],"woocommerce_single":["https:\/\/growshroom.hu\/wp-content\/uploads\/2025\/11\/tripla-keszlet-csomag-600x600.png",600,600,true],"woocommerce_gallery_thumbnail":["https:\/\/growshroom.hu\/wp-content\/uploads\/2025\/11\/tripla-keszlet-csomag-100x100.png",100,100,true]},"uagb_author_info":{"display_name":"growshroom","author_link":"https:\/\/growshroom.hu\/fr\/author"},"uagb_comment_info":3,"uagb_excerpt":"&nbsp; V\u00e1lassz 3 b\u00e1rmilyen k\u00e9szletet, \u00e9s rendeld meg 15% kedvezm\u00e9nnyel! &nbsp;","tiered_pricing_type":"fixed","tiered_pricing_fixed_rules":[],"tiered_pricing_product_settings":{"layout":"default","base_unit_name":{"singular":null,"plural":null},"default_variation":null},"tiered_pricing_minimum_quantity":null,"tiered_pricing_roles_data":[],"tiered_pricing_percentage_rules":[],"tiered_pricing_maximum_quantity":null,"tiered_pricing_quantity_step":null,"_links":{"self":[{"href":"https:\/\/growshroom.hu\/fr\/wp-json\/wp\/v2\/product\/4920","targetHints":{"allow":["GET"]}}],"collection":[{"href":"https:\/\/growshroom.hu\/fr\/wp-json\/wp\/v2\/product"}],"about":[{"href":"https:\/\/growshroom.hu\/fr\/wp-json\/wp\/v2\/types\/product"}],"replies":[{"embeddable":true,"href":"https:\/\/growshroom.hu\/fr\/wp-json\/wp\/v2\/comments?post=4920"}],"wp:featuredmedia":[{"embeddable":true,"href":"https:\/\/growshroom.hu\/fr\/wp-json\/wp\/v2\/media\/4921"}],"wp:attachment":[{"href":"https:\/\/growshroom.hu\/fr\/wp-json\/wp\/v2\/media?parent=4920"}],"wp:term":[{"taxonomy":"product_brand","embeddable":true,"href":"https:\/\/growshroom.hu\/fr\/wp-json\/wp\/v2\/product_brand?post=4920"},{"taxonomy":"product_cat","embeddable":true,"href":"https:\/\/growshroom.hu\/fr\/wp-json\/wp\/v2\/product_cat?post=4920"},{"taxonomy":"product_tag","embeddable":true,"href":"https:\/\/growshroom.hu\/fr\/wp-json\/wp\/v2\/product_tag?post=4920"}],"curies":[{"name":"wp","href":"https:\/\/api.w.org\/{rel}","templated":true}]}}