{"id":4833,"date":"2025-11-12T12:08:58","date_gmt":"2025-11-12T10:08:58","guid":{"rendered":"https:\/\/growshroom.hu\/?post_type=product&#038;p=4833"},"modified":"2026-02-25T15:14:45","modified_gmt":"2026-02-25T13:14:45","slug":"dupla-keszlet-csomag","status":"publish","type":"product","link":"https:\/\/growshroom.hu\/fi\/termekek\/dupla-keszlet-csomag","title":{"rendered":"Tuplasienen kasvatuspakkaus"},"content":{"rendered":"<details class=\"gs-acc\">\n<summary class=\"gs-h4\">Mit\u00e4 eroa on laatikkosettien ja kasvatuspalikoiden v\u00e4lill\u00e4?<\/summary>\n<div class=\"gs-acc__content\">\n<p>Molemmat tuotteet sis\u00e4lt\u00e4v\u00e4t saman 2,2 kg:n kasvatuspalikan, mutta settien mukana tulee my\u00f6s lahjapakkaus ja suihkepullo, joten ne sopivat erinomaisesti lahjaksi.<\/p>\n<p>Lis\u00e4ksi laatikkopakkauksissa saatavilla olevat lajikkeet sopivat aloittelijoille, ja kasvatuslohkoista l\u00f6ytyy my\u00f6s edistyneempi\u00e4 lajikkeita. Jotkut n\u00e4ist\u00e4 eiv\u00e4t kasva hyvin keitti\u00f6n tiskill\u00e4, vaan ne tarvitsevat kontrolloidun ymp\u00e4rist\u00f6n. Parhaan tuloksen saavuttamiseksi suosittelemme kasvatushuoneen tai kasvatusteltan k\u00e4ytt\u00f6\u00e4. Jos et pysty hallitsemaan l\u00e4mp\u00f6tilaa, valitse ilmastoosi sopiva lohko!<\/p>\n<p>Keitti\u00f6n tiskill\u00e4 kasvattaessa kasvatuspalikoiden k\u00e4ytt\u00f6 on aivan yht\u00e4 helppoa kuin laatikkopakkausten k\u00e4ytt\u00f6.<\/p>\n<p>Saat tarkempia tietoja lukemalla <a href=\"https:\/\/growshroom.hu\/fi\/termoblokk-utmutato\/\">Tuotantolohko-opas<\/a> sivu, josta l\u00f6yd\u00e4t kuvaukset ja vinkkej\u00e4 kullekin lajikkeelle. Jos sinulla on kysytt\u00e4v\u00e4\u00e4, lue <a href=\"https:\/\/growshroom.hu\/fi\/gyakran-ismetelt-kerdesek\/\">Usein kysytyt kysymykset<\/a> sivu tai kirjoita meille <a href=\"mailto:info@growshroom.hu\">s\u00e4hk\u00f6postitse<\/a>.<\/p>\n<\/div>\n<\/details>\n<details class=\"gs-acc\">\n<summary class=\"gs-h4\">Kuinka monta sient\u00e4 se tuottaa?<\/summary>\n<div class=\"gs-acc__content\">\n<p>Tuotantolohkomme ovat kaupallisen kokoisia. N\u00e4ist\u00e4 2,2 kg:n lohkoista saadaan ihanteellisissa olosuhteissa keskim\u00e4\u00e4rin 400\u2013600 g tuoreita sieni\u00e4 ensimm\u00e4isen sadon aikana.<\/p>\n<p>Kasvuolosuhteet vaikuttavat merkitt\u00e4v\u00e4sti satoon, joten kiinnit\u00e4th\u00e4n huomiota kyseisen sienilajin suositeltuun ymp\u00e4rist\u00f6\u00f6n sek\u00e4 <a href=\"https:\/\/growshroom.hu\/fi\/termoblokk-utmutato\/\">Tuotelohko oppaassa<\/a> kuten on kuvattu pettymysten v\u00e4ltt\u00e4miseksi.<\/p>\n<p>Yksitt\u00e4isten sienilajien v\u00e4lill\u00e4 on toki eroja \u2013 esimerkiksi jotkut osterivinokkaat tuottavat painavampia iti\u00f6emi\u00e4 kuin toiset lajikkeet \u2013 mutta n\u00e4iden suurten palojen avulla voit ehdottomasti luottaa mukavaan ja runsaaseen ensimm\u00e4iseen satoon.<\/p>\n<p>Koska lohkot sis\u00e4lt\u00e4v\u00e4t paljon ravinteita, ne voivat tuottaa useita satoja. Yleens\u00e4 voit odottaa saavasi 2\u20133 satoa, mutta k\u00e4rsiv\u00e4llisyydell\u00e4 ja sinnikkyydell\u00e4 voit saada jopa enemm\u00e4n.<br \/>\n<strong>Ensimm\u00e4inen sato on aina suurin ja nopein, mutta seuraavien satojen v\u00e4lill\u00e4 voi olla jopa useiden viikkojen tauko.<\/strong><\/p>\n<p><strong>Takaamme ensimm\u00e4isen satosi!<\/strong><\/p>\n<p>Jos avaamisen j\u00e4lkeen ei ole tapahtunut muutosta 14 p\u00e4iv\u00e4n kuluessa, l\u00e4het\u00e4 meille kuva s\u00e4hk\u00f6postitse, niin autamme sinua ja tarvittaessa l\u00e4het\u00e4mme sinulle uuden tuotantolohkon.<\/p>\n<p>Lis\u00e4vinkki: muutaman sadonkorjuun j\u00e4lkeen korjattu lohko <strong>pakkasen aikana<\/strong> Se kannattaa sijoittaa varjoisaan, suojaisaan paikkaan puutarhassa ja pit\u00e4\u00e4 se kosteana. Voit my\u00f6s istuttaa sen matalalle maahan ja peitt\u00e4\u00e4 sen lehdill\u00e4 tai silputulla oljella. T\u00e4m\u00e4 &quot;sienihautausmaa&quot; voi yll\u00e4tt\u00e4\u00e4 sinut uudelleen tuoreilla sienill\u00e4 oikeassa l\u00e4mp\u00f6tilassa tai rankkasateen j\u00e4lkeen!<\/p>\n<\/div>\n<\/details>\n<h4 class=\"gs-h4\">Miten se tehtiin?<\/h4>\n<p>Pakkauksen perustana on olki- tai puupohjainen kasvatusalusta, johon on kudottu rihmastoa. Eristetyst\u00e4 sieniviljelm\u00e4st\u00e4 valmistimme ensin steriloidulle jyv\u00e4lle eritt\u00e4in puhtaan niin sanotun sienitukan ja sekoitimme sen sitten silputun oljen kanssa kasvatusalustaksi. J\u00e4timme j\u00e4nnitt\u00e4v\u00e4n osan sinulle!<\/p>\n<p>Sienenpalan l\u00e4pi kutova rihmasto on el\u00e4v\u00e4 organismi, joka ravinteiden sulattamisen j\u00e4lkeen vain odottaa oikeita ymp\u00e4rist\u00f6olosuhteita muodostaakseen iti\u00f6em\u00e4n, sy\u00f6t\u00e4v\u00e4n sienen. Pussin avaamisen yhteydess\u00e4 tuleva happi ja kosteus viestiv\u00e4t sienelle, ett\u00e4 aika on koittanut.<\/p>\n<h4 class=\"gs-h4\">Taattu tuotto<\/h4>\n<p>S\u00e4\u00e4nn\u00f6llisen ja riitt\u00e4v\u00e4n kosteuden avulla sienikasvatuspakkauksemme tuottavat luotettavasti satoa jopa 3\u20134 kertaa. Ensimm\u00e4isen sadon odotetaan olevan 14 p\u00e4iv\u00e4n kuluessa avaamisesta.<\/p>\n<p>Takaamme ensimm\u00e4isen satosi!<\/p>\n<p>Jos avaamisesta ei ole tapahtunut muutosta 14 p\u00e4iv\u00e4n kuluessa, l\u00e4het\u00e4 meille kuva s\u00e4hk\u00f6postitse, niin autamme sinua ja l\u00e4het\u00e4mme tarvittaessa uuden pakkauksen.<\/p>\n<p>Tyypillisesti jokainen seuraava sato on hieman pienempi kuin edellinen ja ilmestyy pidemm\u00e4n ajan kuluttua. <strong>Sadonkorjuun v\u00e4lill\u00e4 voi kest\u00e4\u00e4 useita viikkoja, ole k\u00e4rsiv\u00e4llinen!<\/strong> Miten suosittelemme lis\u00e4kasvien aloittamista, on selitetty kohdassa <a href=\"https:\/\/growshroom.hu\/fi\/reszletes-hasznalati-utmutato\/\">Yksityiskohtainen k\u00e4ytt\u00f6ohje<\/a> osaat lukea.<\/p>\n<h4 class=\"gs-h4\">\u00c4lyk\u00e4s lahja<\/h4>\n<p>Halusitpa sitten miellytt\u00e4\u00e4 herkkusuita tai harrastelijapuutarhureita, p\u00e4iv\u00e4 p\u00e4iv\u00e4lt\u00e4 kasvavien sienten n\u00e4ky voi tehd\u00e4 vaikutuksen niin aikuisiin kuin lapsiinkin!<\/p>\n<p><strong>Huomio! Pakkaus s\u00e4ilyy vain muutaman viikon!<\/strong><\/p>\n<p>Pakkaus sis\u00e4lt\u00e4\u00e4 el\u00e4v\u00e4n organismin, joten suosittelemme avaamaan sen heti vastaanottamisen j\u00e4lkeen. Jos sinulla ei ole siihen mahdollisuutta, voit s\u00e4ilytt\u00e4\u00e4 sit\u00e4 avaamattomana j\u00e4\u00e4kaapissa 4 viikkoa. Rihmaston aineenvaihdunta hidastuu merkitt\u00e4v\u00e4sti t\u00e4n\u00e4 aikana.<\/p>\n<p>Poikkeuksena t\u00e4st\u00e4 on <strong>vaaleanpunainen osterivinokas, joka on trooppinen, l\u00e4mp\u00f6\u00e4 rakastava sieni, joten sarjaa ei voi s\u00e4ilytt\u00e4\u00e4 j\u00e4\u00e4kaapissa.<\/strong> S\u00e4ilyy avaamattomana huoneenl\u00e4mm\u00f6ss\u00e4 jopa 4 viikkoa.<\/p>\n<p>Pitk\u00e4aikaisen s\u00e4ilytyksen aikana tai huoneenl\u00e4mm\u00f6ss\u00e4 pussin sis\u00e4\u00e4n voi alkaa kasvaa hometta. T\u00e4m\u00e4 ei vaikuta sen jatkok\u00e4ytt\u00f6\u00f6n. Jos hometta on leikatun kohdan alla, poista se yksinkertaisesti.<\/p>\n<p>Huoneenl\u00e4mm\u00f6ss\u00e4 pitk\u00e4\u00e4n s\u00e4ilytetty lohko kuluttaa kaikki k\u00e4ytett\u00e4viss\u00e4 olevat ravinteet jonkin ajan kuluttua ja alkaa sitten hitaasti hajota.<\/p>\n<h4 class=\"gs-h4\">Arvioinnin arvoinen<\/h4>\n<p>Ota kuva sadostasi! L\u00e4het\u00e4mme sinulle s\u00e4hk\u00f6postia 14 p\u00e4iv\u00e4n kuluttua tilauksestasi, jolloin voit arvioida varastotilanteen. Kaikki<strong> valokuvaus <\/strong>Palkitsemme sinut 20%-kupongilla, jolla ei ole vanhenemisaikaa, jota voi k\u00e4ytt\u00e4\u00e4 vapaasti ja siirt\u00e4\u00e4. K\u00e4yt\u00e4 se tai anna se eteenp\u00e4in!<\/p>\n<h4 class=\"gs-h4\">\u00c4l\u00e4 unohda k\u00e4ytt\u00f6ohjetta!<\/h4>\n<p>L\u00f6yd\u00e4t my\u00f6s lyhyet ohjeet pakkauksen takaa, mutta parhaan tuloksen saavuttamiseksi suosittelemme lukemaan ohjeet ennen k\u00e4ytt\u00f6\u00e4. <a href=\"https:\/\/growshroom.hu\/fi\/reszletes-hasznalati-utmutato-laskagomba\/\">Yksityiskohtainen k\u00e4ytt\u00f6ohje<\/a> ja <a href=\"https:\/\/growshroom.hu\/fi\/gyakran-ismetelt-kerdesek\/\">Usein kysytyt kysymykset<\/a> lukemassa sit\u00e4 my\u00f6s.<\/p>","protected":false},"excerpt":{"rendered":"<p>&nbsp;<\/p>\n<p style=\"text-align: center;\">Valitse kaksi mink\u00e4 tahansa tyyppist\u00e4 sienenkasvatuspakkausta ja tilaa ne 10%-alennuksella!<\/p>\n<p>&nbsp;<\/p>","protected":false},"featured_media":4901,"comment_status":"open","ping_status":"closed","template":"","meta":{"_acf_changed":false,"inline_featured_image":false,"_uag_custom_page_level_css":"","site-sidebar-layout":"default","site-content-layout":"","ast-site-content-layout":"default","site-content-style":"default","site-sidebar-style":"default","ast-global-header-display":"","ast-banner-title-visibility":"","ast-main-header-display":"","ast-hfb-above-header-display":"","ast-hfb-below-header-display":"","ast-hfb-mobile-header-display":"","site-post-title":"","ast-breadcrumbs-content":"","ast-featured-img":"","footer-sml-layout":"","ast-disable-related-posts":"","theme-transparent-header-meta":"default","adv-header-id-meta":"","stick-header-meta":"","header-above-stick-meta":"","header-main-stick-meta":"","header-below-stick-meta":"","astra-migrate-meta-layouts":"set","ast-page-background-enabled":"default","ast-page-background-meta":{"desktop":{"background-color":"var(--ast-global-color-4)","background-image":"","background-repeat":"repeat","background-position":"center center","background-size":"auto","background-attachment":"scroll","background-type":"","background-media":"","overlay-type":"","overlay-color":"","overlay-opacity":"","overlay-gradient":""},"tablet":{"background-color":"","background-image":"","background-repeat":"repeat","background-position":"center center","background-size":"auto","background-attachment":"scroll","background-type":"","background-media":"","overlay-type":"","overlay-color":"","overlay-opacity":"","overlay-gradient":""},"mobile":{"background-color":"","background-image":"","background-repeat":"repeat","background-position":"center center","background-size":"auto","background-attachment":"scroll","background-type":"","background-media":"","overlay-type":"","overlay-color":"","overlay-opacity":"","overlay-gradient":""}},"ast-content-background-meta":{"desktop":{"background-color":"var(--ast-global-color-5)","background-image":"","background-repeat":"repeat","background-position":"center center","background-size":"auto","background-attachment":"scroll","background-type":"","background-media":"","overlay-type":"","overlay-color":"","overlay-opacity":"","overlay-gradient":""},"tablet":{"background-color":"var(--ast-global-color-5)","background-image":"","background-repeat":"repeat","background-position":"center center","background-size":"auto","background-attachment":"scroll","background-type":"","background-media":"","overlay-type":"","overlay-color":"","overlay-opacity":"","overlay-gradient":""},"mobile":{"background-color":"var(--ast-global-color-5)","background-image":"","background-repeat":"repeat","background-position":"center center","background-size":"auto","background-attachment":"scroll","background-type":"","background-media":"","overlay-type":"","overlay-color":"","overlay-opacity":"","overlay-gradient":""}}},"product_brand":[],"product_cat":[26],"product_tag":[],"class_list":{"0":"post-4833","1":"product","2":"type-product","3":"status-publish","4":"has-post-thumbnail","6":"product_cat-dobozos-keszletek","7":"desktop-align-center","8":"tablet-align-left","9":"mobile-align-left","11":"first","12":"instock","13":"sale","14":"sold-individually","15":"shipping-taxable","16":"purchasable","17":"product-type-woosb"},"acf":[],"uagb_featured_image_src":{"full":["https:\/\/growshroom.hu\/wp-content\/uploads\/2025\/11\/dupla-keszlet-csomag-1.png",1000,1000,false],"thumbnail":["https:\/\/growshroom.hu\/wp-content\/uploads\/2025\/11\/dupla-keszlet-csomag-1-150x150.png",150,150,true],"medium":["https:\/\/growshroom.hu\/wp-content\/uploads\/2025\/11\/dupla-keszlet-csomag-1-300x300.png",300,300,true],"medium_large":["https:\/\/growshroom.hu\/wp-content\/uploads\/2025\/11\/dupla-keszlet-csomag-1-768x768.png",768,768,true],"large":["https:\/\/growshroom.hu\/wp-content\/uploads\/2025\/11\/dupla-keszlet-csomag-1.png",1000,1000,false],"1536x1536":["https:\/\/growshroom.hu\/wp-content\/uploads\/2025\/11\/dupla-keszlet-csomag-1.png",1000,1000,false],"2048x2048":["https:\/\/growshroom.hu\/wp-content\/uploads\/2025\/11\/dupla-keszlet-csomag-1.png",1000,1000,false],"trp-custom-language-flag":["https:\/\/growshroom.hu\/wp-content\/uploads\/2025\/11\/dupla-keszlet-csomag-1-12x12.png",12,12,true],"woocommerce_thumbnail":["https:\/\/growshroom.hu\/wp-content\/uploads\/2025\/11\/dupla-keszlet-csomag-1-300x300.png",300,300,true],"woocommerce_single":["https:\/\/growshroom.hu\/wp-content\/uploads\/2025\/11\/dupla-keszlet-csomag-1-600x600.png",600,600,true],"woocommerce_gallery_thumbnail":["https:\/\/growshroom.hu\/wp-content\/uploads\/2025\/11\/dupla-keszlet-csomag-1-100x100.png",100,100,true]},"uagb_author_info":{"display_name":"growshroom","author_link":"https:\/\/growshroom.hu\/fi\/author"},"uagb_comment_info":3,"uagb_excerpt":"&nbsp; V\u00e1lassz 2 b\u00e1rmilyen gombatermeszt\u0151 k\u00e9szletet, \u00e9s rendeld meg 10% kedvezm\u00e9nnyel! &nbsp;","tiered_pricing_type":"fixed","tiered_pricing_fixed_rules":[],"tiered_pricing_product_settings":{"layout":"default","base_unit_name":{"singular":null,"plural":null},"default_variation":null},"tiered_pricing_minimum_quantity":null,"tiered_pricing_roles_data":[],"tiered_pricing_percentage_rules":[],"tiered_pricing_maximum_quantity":null,"tiered_pricing_quantity_step":null,"_links":{"self":[{"href":"https:\/\/growshroom.hu\/fi\/wp-json\/wp\/v2\/product\/4833","targetHints":{"allow":["GET"]}}],"collection":[{"href":"https:\/\/growshroom.hu\/fi\/wp-json\/wp\/v2\/product"}],"about":[{"href":"https:\/\/growshroom.hu\/fi\/wp-json\/wp\/v2\/types\/product"}],"replies":[{"embeddable":true,"href":"https:\/\/growshroom.hu\/fi\/wp-json\/wp\/v2\/comments?post=4833"}],"wp:featuredmedia":[{"embeddable":true,"href":"https:\/\/growshroom.hu\/fi\/wp-json\/wp\/v2\/media\/4901"}],"wp:attachment":[{"href":"https:\/\/growshroom.hu\/fi\/wp-json\/wp\/v2\/media?parent=4833"}],"wp:term":[{"taxonomy":"product_brand","embeddable":true,"href":"https:\/\/growshroom.hu\/fi\/wp-json\/wp\/v2\/product_brand?post=4833"},{"taxonomy":"product_cat","embeddable":true,"href":"https:\/\/growshroom.hu\/fi\/wp-json\/wp\/v2\/product_cat?post=4833"},{"taxonomy":"product_tag","embeddable":true,"href":"https:\/\/growshroom.hu\/fi\/wp-json\/wp\/v2\/product_tag?post=4833"}],"curies":[{"name":"wp","href":"https:\/\/api.w.org\/{rel}","templated":true}]}}