{"id":5887,"date":"2026-02-17T16:05:31","date_gmt":"2026-02-17T14:05:31","guid":{"rendered":"https:\/\/growshroom.hu\/?post_type=product&#038;p=5887"},"modified":"2026-04-12T22:24:51","modified_gmt":"2026-04-12T20:24:51","slug":"sungomba-keszlet-hericium-erinaceus","status":"publish","type":"product","link":"https:\/\/growshroom.hu\/et\/termekek\/sungomba-keszlet-hericium-erinaceus","title":{"rendered":"Siilseene komplekt (Hericium erinaceus)"},"content":{"rendered":"<details class=\"gs-acc\">\n<summary class=\"gs-h4\">Mis vahe on karbikomplektidel ja kasvuplokkidel?<\/summary>\n<div class=\"gs-acc__content\">\n<p>M\u00f5lemad tooted sisaldavad sama 2,2 kg kasvuplokki, aga komplektidega on kaasas ka kinkekarp ja pihustipudel, seega sobivad need ideaalselt kingituseks.<\/p>\n<p>Lisaks on karbis olevad sordid soovitatavad algajatele, samas kui kasvatusplokkidest leiate ka edasij\u00f5udnutele m\u00f5eldud sorte. M\u00f5ned neist ei kasva k\u00f6\u00f6giletil h\u00e4sti, nad vajavad kontrollitud keskkonda. Parima tulemuse saavutamiseks soovitame kasutada kasvatusruumi v\u00f5i kasvatustelki. Kui teil pole v\u00f5imalik temperatuuri reguleerida, valige oma kliimale sobiv plokk!<\/p>\n<p>K\u00f6\u00f6giletil kasvatades on kasvuplokkide kasutamine sama lihtne kui karbikomplektide kasutamine.<\/p>\n<p>T\u00e4psema teabe saamiseks lugege palun <a href=\"https:\/\/growshroom.hu\/et\/termoblokk-utmutato\/\">Tootmisploki juhend<\/a> lehek\u00fclg, kust leiate iga sordi kirjelduse ja n\u00e4pun\u00e4ited. Kui teil on lisak\u00fcsimusi, lugege palun <a href=\"https:\/\/growshroom.hu\/et\/gyakran-ismetelt-kerdesek\/\">Korduma kippuvad k\u00fcsimused<\/a> lehele v\u00f5i kirjuta meile <a href=\"mailto:info@growshroom.hu\">e-posti teel<\/a>.<\/p>\n<\/div>\n<\/details>\n<details class=\"gs-acc\">\n<summary class=\"gs-h4\">Mitu seeni see annab?<\/summary>\n<div class=\"gs-acc__content\">\n<p>Meie tootmisplokid on kaubandusliku suurusega. Need 2,2 kg plokid annavad ideaalsetes tingimustes esimese saagikoristuse ajal keskmiselt 400\u2013600 g v\u00e4rskeid seeni.<\/p>\n<p>Saagikus s\u00f5ltub oluliselt kasvutingimustest, seega palun p\u00f6\u00f6rake t\u00e4helepanu antud seeneliigi jaoks soovitatavale keskkonnale ja ka... <a href=\"https:\/\/growshroom.hu\/et\/termoblokk-utmutato\/\">Tooteplokk juhendis<\/a> nagu kirjeldatud, et pettumust v\u00e4ltida.<\/p>\n<p>Muidugi on \u00fcksikute seeneliikide vahel erinevusi \u2013 n\u00e4iteks m\u00f5ned austerservikud annavad raskemaid viljakehi kui teised sordid \u2013, kuid nende suurte klotsidega v\u00f5ite kindlasti loota kenale ja rikkalikule esimesele saagile.<\/p>\n<p>Kuna klotsid sisaldavad suures koguses toitaineid, v\u00f5ivad need anda mitu saaki. Tavaliselt v\u00f5ite oodata 2-3 saaki, aga kui olete kannatlik ja j\u00e4rjekindel, v\u00f5ite saada isegi rohkem.<br \/>\n<strong>Esimene saak on alati k\u00f5ige suurem ja kiirem, kuid j\u00e4rgnevate saakide vahel v\u00f5ib olla kuni mitmen\u00e4dalane vahe.<\/strong><\/p>\n<p><strong>Garanteerime teie esimese saagi!<\/strong><\/p>\n<p>Kui 14 p\u00e4eva jooksul p\u00e4rast ploki avamist pole muutusi toimunud, saatke meile pilt e-posti teel ja me aitame teid ning vajadusel saadame teile uue tootmisploki.<\/p>\n<p>Lisanipp: p\u00e4rast paari saagikoristust koristatud plokk <strong>k\u00fclmavaba perioodi jooksul<\/strong> Tasub see asetada aias varjulisse ja kaitstud kohta ning hoida niiskena. Samuti v\u00f5ite selle madalalt mulda istutada ja katta lehtede v\u00f5i hakitud \u00f5lgedega. See \u201eseente surnuaed\u201d v\u00f5ib teid \u00f5igel temperatuuril v\u00f5i p\u00e4rast tugevat vihma taas v\u00e4rskete seentega \u00fcllatada!<\/p>\n<\/div>\n<\/details>\n<h4 class=\"gs-h4\">Siil v\u00f5i l\u00f5vi?<\/h4>\n<p data-start=\"81\" data-end=\"343\">Puravik, tuntud ka kui l\u00f5vilakk, on p\u00e4rit Ida-Aasiast, aga teda leidub ka Euroopas ja P\u00f5hja-Ameerikas. Seda on lihtne \u00e4ra tunda iseloomulike valgete, laka meenutavate rippuvate okaste j\u00e4rgi. See on kergelt magus ja paljud inimesed v\u00f5rdlevad seda mereandidega (nt krabi, homaar). Selle viljaliha on tihke, kuid mahlane ja k\u00fcpsetamisel annab see kiulise, lihaka tekstuuri.<\/p>\n<p data-start=\"81\" data-end=\"343\">See ainulaadse v\u00e4limuse ja gastronoomiliselt p\u00f5nevate omadustega seen pole mitte ainult maitsev, vaid ka \u00fcha populaarsem funktsionaalse toiduna. Uuringute kohaselt v\u00f5ivad selle bioaktiivsed \u00fchendid (heritsenoonid, erinatsiinid) toetada n\u00e4rvis\u00fcsteemi talitlust, keskendumisv\u00f5imet ja m\u00e4luprotsesse. Samuti omistatakse sellele immuunsust tugevdavaid ja p\u00f5letikuvastaseid omadusi.<\/p>\n<h4 class=\"gs-h4\">Kuidas see tehti?<\/h4>\n<p>Komplekti aluseks on puidup\u00f5hine kasvuplokk, mis on p\u00f5imitud seeneniidistikuga. Isoleeritud seenekultuurist valmistasime esmalt steriliseeritud teraviljal k\u00f5rge puhtusastmega nn seeneidu, seej\u00e4rel segasime selle puidup\u00f5hise s\u00f6\u00f6tmega, et luua kasvuplokk. P\u00f5neva osa j\u00e4tsime teie hooleks!<\/p>\n<p>Seeneniidistik, mis l\u00e4bi klotsi lookleb, on elusorganism, mis p\u00e4rast toitainete seedimist ootab vaid sobivaid keskkonnatingimusi, et moodustada viljakeha ehk s\u00f6\u00f6dav seen. Koti avamisega kaasnev hapnik ja niiskus annavad seenele m\u00e4rku, et aeg on k\u00e4es.<\/p>\n<h4 class=\"gs-h4\">Garanteeritud saagikus<\/h4>\n<p>Regulaarse ja piisava niiskuse korral annavad meie seenekasvatuskomplektid usaldusv\u00e4\u00e4rselt saaki kuni 3-4 korda. Esimest saaki on oodata 14 p\u00e4eva jooksul p\u00e4rast paki avamist.<\/p>\n<p>Garanteerime teie esimese saagi!<\/p>\n<p>Kui 14 p\u00e4eva jooksul p\u00e4rast komplekti avamist muutusi ei toimu, saatke meile pilt e-posti teel ja me aitame teid ning vajadusel saadame teile uue komplekti.<\/p>\n<p>Tavaliselt on iga j\u00e4rgnev saak eelmisest veidi v\u00e4iksem ja ilmub pikema aja m\u00f6\u00f6dudes. <strong>Iga saagikoristuse vahel v\u00f5ib kuluda mitu n\u00e4dalat, palun olge kannatlikud!<\/strong> Kuidas soovitame lisakultuuride kasvatamist alustada, on selgitatud jaotises <a href=\"https:\/\/growshroom.hu\/et\/reszletes-hasznalati-utmutato\/\">P\u00f5hjalik kasutusjuhend<\/a> sa oskad lugeda.<\/p>\n<h4 class=\"gs-h4\">Nutikas kingitus<\/h4>\n<p>Olenemata sellest, kas soovite r\u00f5\u00f5mustada gurmaane v\u00f5i hobiaednikke, v\u00f5ib p\u00e4evast p\u00e4eva kasvavate seente vaatepilt avaldada muljet nii t\u00e4iskasvanutele kui ka lastele!<\/p>\n<p><strong>Hoiatus: Kui te seda m\u00f5ne p\u00e4eva jooksul ei ava, pange see k\u00fclmkappi!<\/strong><\/p>\n<p>Teie komplekt sisaldab elusorganismi, seega soovitame teil see k\u00e4ttesaamisel avada. Kui teil pole selleks v\u00f5imalust, v\u00f5ite seda avamata kujul k\u00fclmkapis 4 n\u00e4dalat hoida. Selle aja jooksul aeglustub seeneniidistiku ainevahetus m\u00e4rkimisv\u00e4\u00e4rselt.<\/p>\n<p>Pikaajalisel hoiustamisel v\u00f5i toatemperatuuril v\u00f5ib koti sisse hakata hallitus kasvama. See ei m\u00f5juta edasist kasutamist. Kui hallitus on l\u00f5ikekoha all k\u00e4eulatuses, eemalda see lihtsalt.<\/p>\n<p>Toatemperatuuril pikka aega hoitud plokk tarbib m\u00f5ne aja p\u00e4rast k\u00f5ik k\u00e4ttesaadavad toitained \u00e4ra ja hakkab seej\u00e4rel aeglaselt lagunema.<\/p>\n<h4 class=\"gs-h4\">Tasub hinnata<\/h4>\n<p>Tee oma saagist pilt! Saadame sulle 14 p\u00e4eva p\u00e4rast tellimuse esitamist e-kirja, mis v\u00f5imaldab sul laoseisu hinnata. K\u00f5ik<strong> fotograafiline <\/strong>Premeerime teid 20% kupongiga, millel pole aegumist\u00e4htaega, mida saab vabalt kasutada ja \u00fcle anda. Kasutage seda v\u00f5i andke edasi!<\/p>\n<h4 class=\"gs-h4\">\u00c4ra unusta kasutusjuhendit!<\/h4>\n<p>Karbi tagak\u00fcljelt leiate ka l\u00fchikese juhendi, kuid parimate tulemuste saavutamiseks soovitame enne kasutamist juhiseid lugeda. <a href=\"https:\/\/growshroom.hu\/et\/reszletes-hasznalati-utmutato-laskagomba\/\">P\u00f5hjalik kasutusjuhend<\/a> ja <a href=\"https:\/\/growshroom.hu\/et\/gyakran-ismetelt-kerdesek\/\">Korduma kippuvad k\u00fcsimused<\/a> seda ka lugedes.<\/p>","protected":false},"excerpt":{"rendered":"<p style=\"text-align: center;\">Hakka ise seenekasvatajaks <em>growshroom<\/em> Siilseen (Hericium erinaceus) komplektiga!<\/p>\n<p style=\"text-align: center;\"><img decoding=\"async\" class=\"alignnone wp-image-5888\" src=\"https:\/\/growshroom.hu\/wp-content\/uploads\/2026\/02\/infografika-sungomba.svg\" alt=\"\" width=\"598\" height=\"71\" \/><\/p>\n<p style=\"text-align: center;\">Ava karp perforatsiooni juurest, l\u00f5ika kotist v\u00e4lja v\u00e4ike 1x1 cm X-kujuline t\u00fckk, pihusta kaasasolevast pihustuspudelist veega 2-3 korda p\u00e4evas ja vaata, kuidas nad kasvavad!<\/p>","protected":false},"featured_media":5929,"comment_status":"open","ping_status":"closed","template":"","meta":{"_acf_changed":false,"inline_featured_image":false,"_uag_custom_page_level_css":"","site-sidebar-layout":"default","site-content-layout":"","ast-site-content-layout":"default","site-content-style":"default","site-sidebar-style":"default","ast-global-header-display":"","ast-banner-title-visibility":"","ast-main-header-display":"","ast-hfb-above-header-display":"","ast-hfb-below-header-display":"","ast-hfb-mobile-header-display":"","site-post-title":"","ast-breadcrumbs-content":"","ast-featured-img":"","footer-sml-layout":"","ast-disable-related-posts":"","theme-transparent-header-meta":"default","adv-header-id-meta":"","stick-header-meta":"","header-above-stick-meta":"","header-main-stick-meta":"","header-below-stick-meta":"","astra-migrate-meta-layouts":"set","ast-page-background-enabled":"default","ast-page-background-meta":{"desktop":{"background-color":"var(--ast-global-color-4)","background-image":"","background-repeat":"repeat","background-position":"center center","background-size":"auto","background-attachment":"scroll","background-type":"","background-media":"","overlay-type":"","overlay-color":"","overlay-opacity":"","overlay-gradient":""},"tablet":{"background-color":"","background-image":"","background-repeat":"repeat","background-position":"center center","background-size":"auto","background-attachment":"scroll","background-type":"","background-media":"","overlay-type":"","overlay-color":"","overlay-opacity":"","overlay-gradient":""},"mobile":{"background-color":"","background-image":"","background-repeat":"repeat","background-position":"center center","background-size":"auto","background-attachment":"scroll","background-type":"","background-media":"","overlay-type":"","overlay-color":"","overlay-opacity":"","overlay-gradient":""}},"ast-content-background-meta":{"desktop":{"background-color":"var(--ast-global-color-5)","background-image":"","background-repeat":"repeat","background-position":"center center","background-size":"auto","background-attachment":"scroll","background-type":"","background-media":"","overlay-type":"","overlay-color":"","overlay-opacity":"","overlay-gradient":""},"tablet":{"background-color":"var(--ast-global-color-5)","background-image":"","background-repeat":"repeat","background-position":"center center","background-size":"auto","background-attachment":"scroll","background-type":"","background-media":"","overlay-type":"","overlay-color":"","overlay-opacity":"","overlay-gradient":""},"mobile":{"background-color":"var(--ast-global-color-5)","background-image":"","background-repeat":"repeat","background-position":"center center","background-size":"auto","background-attachment":"scroll","background-type":"","background-media":"","overlay-type":"","overlay-color":"","overlay-opacity":"","overlay-gradient":""}}},"product_brand":[],"product_cat":[26],"product_tag":[],"class_list":{"0":"post-5887","1":"product","2":"type-product","3":"status-publish","4":"has-post-thumbnail","6":"product_cat-dobozos-keszletek","7":"desktop-align-center","8":"tablet-align-left","9":"mobile-align-left","11":"first","12":"instock","13":"shipping-taxable","14":"purchasable","15":"product-type-simple"},"acf":[],"uagb_featured_image_src":{"full":["https:\/\/growshroom.hu\/wp-content\/uploads\/2026\/02\/sungomba_front.png",1536,2048,false],"thumbnail":["https:\/\/growshroom.hu\/wp-content\/uploads\/2026\/02\/sungomba_front-150x150.png",150,150,true],"medium":["https:\/\/growshroom.hu\/wp-content\/uploads\/2026\/02\/sungomba_front-225x300.png",225,300,true],"medium_large":["https:\/\/growshroom.hu\/wp-content\/uploads\/2026\/02\/sungomba_front-768x1024.png",768,1024,true],"large":["https:\/\/growshroom.hu\/wp-content\/uploads\/2026\/02\/sungomba_front-768x1024.png",768,1024,true],"1536x1536":["https:\/\/growshroom.hu\/wp-content\/uploads\/2026\/02\/sungomba_front-1152x1536.png",1152,1536,true],"2048x2048":["https:\/\/growshroom.hu\/wp-content\/uploads\/2026\/02\/sungomba_front.png",1536,2048,false],"trp-custom-language-flag":["https:\/\/growshroom.hu\/wp-content\/uploads\/2026\/02\/sungomba_front-9x12.png",9,12,true],"woocommerce_thumbnail":["https:\/\/growshroom.hu\/wp-content\/uploads\/2026\/02\/sungomba_front-300x400.png",300,400,true],"woocommerce_single":["https:\/\/growshroom.hu\/wp-content\/uploads\/2026\/02\/sungomba_front-600x800.png",600,800,true],"woocommerce_gallery_thumbnail":["https:\/\/growshroom.hu\/wp-content\/uploads\/2026\/02\/sungomba_front-100x100.png",100,100,true]},"uagb_author_info":{"display_name":"growshroom","author_link":"https:\/\/growshroom.hu\/et\/author"},"uagb_comment_info":0,"uagb_excerpt":"V\u00e1lj te is gombatermeszt\u0151v\u00e9 a growshroom S\u00fcngomba (Hericium erinaceus) k\u00e9szlettel! Nyisd ki a dobozt a perfor\u00e1ci\u00f3n\u00e1l, v\u00e1gj egy kicsi, 1x1cm-es X form\u00e1t a zacsk\u00f3ba, f\u00fajd be v\u00edzzel a mell\u00e9kelt sz\u00f3r\u00f3fejes \u00fcvegb\u0151l 2-3 alkalommal naponta, \u00e9s n\u00e9zd ahogy n\u0151nek!","tiered_pricing_type":"fixed","tiered_pricing_fixed_rules":[],"tiered_pricing_product_settings":{"layout":"default","base_unit_name":{"singular":null,"plural":null},"default_variation":null},"tiered_pricing_minimum_quantity":null,"tiered_pricing_roles_data":[],"tiered_pricing_percentage_rules":[],"tiered_pricing_maximum_quantity":null,"tiered_pricing_quantity_step":null,"_links":{"self":[{"href":"https:\/\/growshroom.hu\/et\/wp-json\/wp\/v2\/product\/5887","targetHints":{"allow":["GET"]}}],"collection":[{"href":"https:\/\/growshroom.hu\/et\/wp-json\/wp\/v2\/product"}],"about":[{"href":"https:\/\/growshroom.hu\/et\/wp-json\/wp\/v2\/types\/product"}],"replies":[{"embeddable":true,"href":"https:\/\/growshroom.hu\/et\/wp-json\/wp\/v2\/comments?post=5887"}],"wp:featuredmedia":[{"embeddable":true,"href":"https:\/\/growshroom.hu\/et\/wp-json\/wp\/v2\/media\/5929"}],"wp:attachment":[{"href":"https:\/\/growshroom.hu\/et\/wp-json\/wp\/v2\/media?parent=5887"}],"wp:term":[{"taxonomy":"product_brand","embeddable":true,"href":"https:\/\/growshroom.hu\/et\/wp-json\/wp\/v2\/product_brand?post=5887"},{"taxonomy":"product_cat","embeddable":true,"href":"https:\/\/growshroom.hu\/et\/wp-json\/wp\/v2\/product_cat?post=5887"},{"taxonomy":"product_tag","embeddable":true,"href":"https:\/\/growshroom.hu\/et\/wp-json\/wp\/v2\/product_tag?post=5887"}],"curies":[{"name":"wp","href":"https:\/\/api.w.org\/{rel}","templated":true}]}}