{"id":5657,"date":"2026-01-19T16:00:37","date_gmt":"2026-01-19T14:00:37","guid":{"rendered":"https:\/\/growshroom.hu\/?post_type=product&#038;p=5657"},"modified":"2026-04-11T10:20:24","modified_gmt":"2026-04-11T08:20:24","slug":"szurke-laskagomba-xl-termoblokk-pleurotus-ostreatus","status":"publish","type":"product","link":"https:\/\/growshroom.hu\/et\/termekek\/szurke-laskagomba-xl-termoblokk-pleurotus-ostreatus","title":{"rendered":"Halli austerserviku XL viljaplokk (Pleurotus ostreatus)"},"content":{"rendered":"<details class=\"gs-acc\">\n<summary class=\"gs-h4\">Mis vahe on karbikomplektidel, kasvuplokkidel ja XL kasvuplokkidel?<\/summary>\n<div class=\"gs-acc__content\">\n<p>Karbis olevad komplektid ja tavalised kasvuplokid kaaluvad 2,2 kilogrammi ning komplektidega on kaasas kinkekarp ja pihustuspudel, mist\u00f5ttu sobivad need ideaalselt kingituseks.<\/p>\n<p><strong>XL kasvuplokid kaaluvad 4,5 kilogrammi, mis on kaks korda suurem kui tavalised plokid. Kuna need sisaldavad rohkem substraati ja toitaineid, saavad nad toota suuremaid saake ja pakkuda k\u00f5rgemat kogusaaki.<\/strong><\/p>\n<p>XL-klotsid ei anna k\u00fcll kiiremini, aga annavad rikkalikumalt.<\/p>\n<p>Lisaks on karbis olevad sordid soovitatavad algajatele, samas kui kasvatusplokkidest leiate ka edasij\u00f5udnutele m\u00f5eldud sorte. M\u00f5ned neist ei kasva k\u00f6\u00f6giletil h\u00e4sti, nad vajavad kontrollitud keskkonda. Parima tulemuse saavutamiseks soovitame kasutada kasvatusruumi v\u00f5i kasvatustelki. Kui teil pole v\u00f5imalik temperatuuri reguleerida, valige oma kliimale sobiv plokk!<\/p>\n<p>K\u00f6\u00f6giletil kasvatades on kasvuplokkide kasutamine sama lihtne kui karbikomplektide kasutamine.<\/p>\n<p>T\u00e4psema teabe saamiseks lugege palun <a href=\"https:\/\/growshroom.hu\/et\/termoblokk-utmutato\/\">Tootmisploki juhend<\/a> lehek\u00fclg, kust leiate iga sordi kirjelduse ja n\u00e4pun\u00e4ited. Kui teil on lisak\u00fcsimusi, lugege palun <a href=\"https:\/\/growshroom.hu\/et\/gyakran-ismetelt-kerdesek\/\">Korduma kippuvad k\u00fcsimused<\/a> lehele v\u00f5i kirjuta meile <a href=\"mailto:info@growshroom.hu\">e-posti teel<\/a>.<\/p>\n<\/div>\n<\/details>\n<details class=\"gs-acc\">\n<summary class=\"gs-h4\">Mitu seeni see annab?<\/summary>\n<div class=\"gs-acc__content\">\n<p>Need 4,5 kg kaaluvad eriti suured klotsid annavad ideaalsetes tingimustes peaaegu kaks korda rohkem saaki kui tavalised klotsid, esimesel saagil keskmiselt 800\u20131200 g v\u00e4rskeid seeni.<\/p>\n<p>Saagikus s\u00f5ltub oluliselt kasvutingimustest, seega palun p\u00f6\u00f6rake t\u00e4helepanu antud seeneliigi jaoks soovitatavale keskkonnale ja ka... <a href=\"https:\/\/growshroom.hu\/et\/termoblokk-utmutato\/\">Tooteplokk juhendis<\/a> nagu kirjeldatud, et pettumust v\u00e4ltida.<\/p>\n<p>Muidugi on \u00fcksikute seeneliikide vahel erinevusi \u2013 n\u00e4iteks m\u00f5ned austerservikud annavad raskemaid viljakehi kui teised sordid \u2013, kuid nende suurte klotsidega v\u00f5ite kindlasti loota kenale ja rikkalikule esimesele saagile.<\/p>\n<p>Kuna klotsid sisaldavad suures koguses toitaineid, v\u00f5ivad need anda mitu saaki. Tavaliselt v\u00f5ite oodata 2-3 saaki, aga kui olete kannatlik ja j\u00e4rjekindel, v\u00f5ite saada isegi rohkem.<br \/>\n<strong>Esimene saak on alati k\u00f5ige suurem ja kiirem, kuid j\u00e4rgnevate saakide vahel v\u00f5ib olla kuni mitmen\u00e4dalane vahe.<\/strong><\/p>\n<p><strong>Garanteerime teie esimese saagi!<\/strong><\/p>\n<p>Kui 14 p\u00e4eva jooksul p\u00e4rast ploki avamist pole muutusi toimunud, saatke meile pilt e-posti teel ja me aitame teid ning vajadusel saadame teile uue tootmisploki.<\/p>\n<p>Lisanipp: p\u00e4rast paari saagikoristust koristatud plokk <strong>k\u00fclmavaba perioodi jooksul<\/strong> Tasub see asetada aias varjulisse ja kaitstud kohta ning hoida niiskena. Samuti v\u00f5ite selle madalalt mulda istutada ja katta lehtede v\u00f5i hakitud \u00f5lgedega. See \u201eseente surnuaed\u201d v\u00f5ib teid \u00f5igel temperatuuril v\u00f5i p\u00e4rast tugevat vihma taas v\u00e4rskete seentega \u00fcllatada!<\/p>\n<\/div>\n<\/details>\n<h4 class=\"gs-h4\">Klassika<\/h4>\n<p>See seen on hall ainult nime poolest! See on \u00fcks levinumaid austerservikuid maailmas, mida nimetatakse ka hiliseks austerservikuks. See on lihakas ja elastne ning s\u00e4ilitab oma tekstuuri ka p\u00e4rast keetmist. Seda saab praadida kr\u00f5bedaks, eriti \u00f5hukeselt viilutatud kujul. Selle maitse on mahe, kergelt p\u00e4hkline.<\/p>\n<h4 class=\"gs-h4\">Kuidas see tehti?<\/h4>\n<p>Seemneplokk ei ole midagi muud kui seeneniidistikuga koloniseeritud \u00f5led v\u00f5i saepuru. Isoleeritud seenekultuurist valmistasime esmalt steriliseeritud teraviljal k\u00f5rge puhtusastmega nn seeneidu, seej\u00e4rel segasime selle hakitud \u00f5lgedega, et luua seemneplokk. P\u00f5neva osa j\u00e4tsime teie hooleks!<\/p>\n<p>Seeneniidistik, mis l\u00e4bi klotsi lookleb, on elusorganism, mis p\u00e4rast toitainete seedimist ootab vaid sobivaid keskkonnatingimusi, et moodustada viljakeha ehk s\u00f6\u00f6dav seen. Koti avamisega kaasnev hapnik ja niiskus annavad seenele m\u00e4rku, et aeg on k\u00e4es.<\/p>\n<h4 class=\"gs-h4\">Ladustamine<\/h4>\n<p><strong>Hoiatus: Kui te seda m\u00f5ne p\u00e4eva jooksul ei ava, pange see k\u00fclmkappi!<\/strong><\/p>\n<p>Teie komplekt sisaldab elusorganismi, seega soovitame teil see k\u00e4ttesaamisel avada. Kui teil pole selleks v\u00f5imalust, v\u00f5ite seda avamata kujul k\u00fclmkapis 4 n\u00e4dalat hoida. Selle aja jooksul aeglustub seeneniidistiku ainevahetus m\u00e4rkimisv\u00e4\u00e4rselt.<\/p>\n<p>Pikaajalisel hoiustamisel v\u00f5i toatemperatuuril v\u00f5ib koti sisse hakata hallitus kasvama. See ei m\u00f5juta edasist kasutamist. Kui hallitus on l\u00f5ikekoha all k\u00e4eulatuses, eemalda see lihtsalt.<\/p>\n<p>Toatemperatuuril pikka aega hoitud plokk tarbib m\u00f5ne aja p\u00e4rast k\u00f5ik k\u00e4ttesaadavad toitained \u00e4ra ja hakkab seej\u00e4rel aeglaselt lagunema.<\/p>\n<h4 class=\"gs-h4\">Tasub hinnata<\/h4>\n<p>Tee oma saagist pilt! Saadame sulle 14 p\u00e4eva p\u00e4rast tellimuse esitamist e-kirja, mis v\u00f5imaldab sul oma tellimust hinnata. K\u00f5ik<strong> fotograafiline <\/strong>Premeerime teid 20% kupongiga, millel pole aegumist\u00e4htaega, mida saab vabalt kasutada ja \u00fcle anda. Kasutage seda v\u00f5i andke edasi!<\/p>","protected":false},"excerpt":{"rendered":"<div class=\"gs-specs\"><\/div>","protected":false},"featured_media":5658,"comment_status":"open","ping_status":"closed","template":"","meta":{"_acf_changed":false,"inline_featured_image":false,"_uag_custom_page_level_css":"","site-sidebar-layout":"default","site-content-layout":"","ast-site-content-layout":"default","site-content-style":"default","site-sidebar-style":"default","ast-global-header-display":"","ast-banner-title-visibility":"","ast-main-header-display":"","ast-hfb-above-header-display":"","ast-hfb-below-header-display":"","ast-hfb-mobile-header-display":"","site-post-title":"","ast-breadcrumbs-content":"","ast-featured-img":"","footer-sml-layout":"","ast-disable-related-posts":"","theme-transparent-header-meta":"default","adv-header-id-meta":"","stick-header-meta":"","header-above-stick-meta":"","header-main-stick-meta":"","header-below-stick-meta":"","astra-migrate-meta-layouts":"set","ast-page-background-enabled":"default","ast-page-background-meta":{"desktop":{"background-color":"var(--ast-global-color-4)","background-image":"","background-repeat":"repeat","background-position":"center center","background-size":"auto","background-attachment":"scroll","background-type":"","background-media":"","overlay-type":"","overlay-color":"","overlay-opacity":"","overlay-gradient":""},"tablet":{"background-color":"","background-image":"","background-repeat":"repeat","background-position":"center center","background-size":"auto","background-attachment":"scroll","background-type":"","background-media":"","overlay-type":"","overlay-color":"","overlay-opacity":"","overlay-gradient":""},"mobile":{"background-color":"","background-image":"","background-repeat":"repeat","background-position":"center center","background-size":"auto","background-attachment":"scroll","background-type":"","background-media":"","overlay-type":"","overlay-color":"","overlay-opacity":"","overlay-gradient":""}},"ast-content-background-meta":{"desktop":{"background-color":"var(--ast-global-color-5)","background-image":"","background-repeat":"repeat","background-position":"center center","background-size":"auto","background-attachment":"scroll","background-type":"","background-media":"","overlay-type":"","overlay-color":"","overlay-opacity":"","overlay-gradient":""},"tablet":{"background-color":"var(--ast-global-color-5)","background-image":"","background-repeat":"repeat","background-position":"center center","background-size":"auto","background-attachment":"scroll","background-type":"","background-media":"","overlay-type":"","overlay-color":"","overlay-opacity":"","overlay-gradient":""},"mobile":{"background-color":"var(--ast-global-color-5)","background-image":"","background-repeat":"repeat","background-position":"center center","background-size":"auto","background-attachment":"scroll","background-type":"","background-media":"","overlay-type":"","overlay-color":"","overlay-opacity":"","overlay-gradient":""}}},"product_brand":[],"product_cat":[88],"product_tag":[],"class_list":{"0":"post-5657","1":"product","2":"type-product","3":"status-publish","4":"has-post-thumbnail","6":"product_cat-xl-termoblokkok","7":"desktop-align-center","8":"tablet-align-left","9":"mobile-align-left","11":"first","12":"outofstock","13":"shipping-taxable","14":"purchasable","15":"product-type-simple"},"acf":[],"uagb_featured_image_src":{"full":["https:\/\/growshroom.hu\/wp-content\/uploads\/2026\/01\/grey_XL.png",1080,1080,false],"thumbnail":["https:\/\/growshroom.hu\/wp-content\/uploads\/2026\/01\/grey_XL-150x150.png",150,150,true],"medium":["https:\/\/growshroom.hu\/wp-content\/uploads\/2026\/01\/grey_XL-300x300.png",300,300,true],"medium_large":["https:\/\/growshroom.hu\/wp-content\/uploads\/2026\/01\/grey_XL-768x768.png",768,768,true],"large":["https:\/\/growshroom.hu\/wp-content\/uploads\/2026\/01\/grey_XL-1024x1024.png",1024,1024,true],"1536x1536":["https:\/\/growshroom.hu\/wp-content\/uploads\/2026\/01\/grey_XL.png",1080,1080,false],"2048x2048":["https:\/\/growshroom.hu\/wp-content\/uploads\/2026\/01\/grey_XL.png",1080,1080,false],"trp-custom-language-flag":["https:\/\/growshroom.hu\/wp-content\/uploads\/2026\/01\/grey_XL-12x12.png",12,12,true],"woocommerce_thumbnail":["https:\/\/growshroom.hu\/wp-content\/uploads\/2026\/01\/grey_XL-300x300.png",300,300,true],"woocommerce_single":["https:\/\/growshroom.hu\/wp-content\/uploads\/2026\/01\/grey_XL-600x600.png",600,600,true],"woocommerce_gallery_thumbnail":["https:\/\/growshroom.hu\/wp-content\/uploads\/2026\/01\/grey_XL-100x100.png",100,100,true]},"uagb_author_info":{"display_name":"growshroom","author_link":"https:\/\/growshroom.hu\/et\/author"},"uagb_comment_info":0,"uagb_excerpt":"[termesztesi_adatok]","tiered_pricing_type":"fixed","tiered_pricing_fixed_rules":[],"tiered_pricing_product_settings":{"layout":"default","base_unit_name":{"singular":null,"plural":null},"default_variation":null},"tiered_pricing_minimum_quantity":null,"tiered_pricing_roles_data":[],"tiered_pricing_percentage_rules":[],"tiered_pricing_maximum_quantity":null,"tiered_pricing_quantity_step":null,"_links":{"self":[{"href":"https:\/\/growshroom.hu\/et\/wp-json\/wp\/v2\/product\/5657","targetHints":{"allow":["GET"]}}],"collection":[{"href":"https:\/\/growshroom.hu\/et\/wp-json\/wp\/v2\/product"}],"about":[{"href":"https:\/\/growshroom.hu\/et\/wp-json\/wp\/v2\/types\/product"}],"replies":[{"embeddable":true,"href":"https:\/\/growshroom.hu\/et\/wp-json\/wp\/v2\/comments?post=5657"}],"wp:featuredmedia":[{"embeddable":true,"href":"https:\/\/growshroom.hu\/et\/wp-json\/wp\/v2\/media\/5658"}],"wp:attachment":[{"href":"https:\/\/growshroom.hu\/et\/wp-json\/wp\/v2\/media?parent=5657"}],"wp:term":[{"taxonomy":"product_brand","embeddable":true,"href":"https:\/\/growshroom.hu\/et\/wp-json\/wp\/v2\/product_brand?post=5657"},{"taxonomy":"product_cat","embeddable":true,"href":"https:\/\/growshroom.hu\/et\/wp-json\/wp\/v2\/product_cat?post=5657"},{"taxonomy":"product_tag","embeddable":true,"href":"https:\/\/growshroom.hu\/et\/wp-json\/wp\/v2\/product_tag?post=5657"}],"curies":[{"name":"wp","href":"https:\/\/api.w.org\/{rel}","templated":true}]}}