{"id":1784,"date":"2025-06-16T13:48:33","date_gmt":"2025-06-16T13:48:33","guid":{"rendered":"https:\/\/growshroom.hu\/cookie-szabalyzat\/"},"modified":"2025-08-28T08:23:29","modified_gmt":"2025-08-28T06:23:29","slug":"cookie-tajekoztato","status":"publish","type":"page","link":"https:\/\/growshroom.hu\/et\/cookie-tajekoztato","title":{"rendered":"K\u00fcpsiste teave"},"content":{"rendered":"<h1 class=\"wp-block-heading\" style=\"border-top-style:none;border-top-width:0px;border-right-style:none;border-right-width:0px;border-bottom-width:1px;border-left-style:none;border-left-width:0px;margin-top:0rem;margin-bottom:var(--wp--preset--spacing--50);padding-bottom:var(--wp--preset--spacing--50)\">K\u00fcpsiste teave<\/h1>\n\n\n\n<p class=\"body\"><strong>J\u00d5USTUB: 13. JUUNIL 2025.<\/strong><\/p>\n\n\n\n<h5 class=\"wp-block-heading\">Saidi kasutamiseks ja tellimuste esitamiseks peate tutvuma saidi k\u00fcpsiste kasutamise p\u00f5him\u00f5tetega.<\/h5>\n\n\n\n<p><strong>Mis on k\u00fcpsised?<\/strong><\/p>\n\n\n\n<p>K\u00fcpsised on v\u00e4ikesed tekstifailid, mis sisaldavad teavet, mille teie brauser salvestab teie arvutisse, mobiiltelefoni v\u00f5i muusse seadmesse, kui k\u00fclastate veebisaiti. K\u00fcpsised saadavad teavet sellele veebisaidile iga kord, kui te veebisaidile tagasi p\u00f6\u00f6rdute.<\/p>\n\n\n\n<p>K\u00fcpsised v\u00f5ivad olla p\u00fcsivad k\u00fcpsised, mis j\u00e4\u00e4vad kasutaja arvutisse kuni kustutamiseni, v\u00f5i ajutised k\u00fcpsised (nn seansik\u00fcpsised), mida s\u00e4ilitatakse ainult veebibrauseri sulgemiseni. K\u00fcpsised v\u00f5ivad olla sisemised k\u00fcpsised, mille on m\u00e4\u00e4ranud k\u00fclastatav veebisait, v\u00f5i kolmanda osapoole k\u00fcpsised, st k\u00fcpsised, mida k\u00fclastatav veebisait ei ole m\u00e4\u00e4ranud.<\/p>\n\n\n\n<p><strong>Kuidas growshroom k\u00fcpsiseid kasutab?<\/strong><\/p>\n\n\n\n<p>Meie veebipood kasutab k\u00fcpsiseid pakutavate teenuste t\u00e4iustamiseks, lehtede vahel navigeerimise h\u00f5lbustamiseks, kasutaja eelistuste salvestamiseks ja kasutuskogemuse parandamiseks.<\/p>\n\n\n\n<p><strong>Growshroomi kasutatavad k\u00fcpsised ja nende eesm\u00e4rk<\/strong><\/p>\n\n\n\n<p>Meie veebisaitidel kasutatavad k\u00fcpsised kuuluvad j\u00e4rgmistesse kategooriatesse (vastavalt Rahvusvahelise Kaubanduskoja k\u00fcpsiste suunistele):<\/p>\n\n\n\n<p><strong>Rangelt vajalikud k\u00fcpsised:<\/strong><\/p>\n\n\n\n<p>Rangelt vajalike k\u00fcpsiste kasutamine v\u00f5imaldab kasutajal veebisaidil navigeerida ja kasutada vajalikke teenuseid, n\u00e4iteks p\u00e4\u00e4seda juurde veebisaidi turvalistele aladele.<\/p>\n\n\n\n<p><strong>Toimivuse m\u00f5\u00f5tmise k\u00fcpsised:<\/strong><\/p>\n\n\n\n<p>Toimivusk\u00fcpsised koguvad teavet muu hulgas veebisaitide kohta, mida kasutajad k\u00f5ige sagedamini k\u00fclastavad, kuid ei kogu andmeid, mis aitaksid tuvastada \u00fcksikuid k\u00fclastajaid. Need koguvad andmeid ainult koondatud ja anon\u00fc\u00fcmsetest allikatest.<\/p>\n\n\n\n<p>Me kasutame neid k\u00fcpsiseid j\u00e4rgmistel eesm\u00e4rkidel: \u2013 meie veebisaitide kasutamise kohta statistiliste andmete kogumine, \u2013 reklaamikampaaniate t\u00f5hususe m\u00f5\u00f5tmine antud sihtr\u00fchmas.<\/p>\n\n\n\n<p>Toimivusk\u00fcpsised v\u00f5ivad olla p\u00fcsivad v\u00f5i ajutised ning neid v\u00f5ivad m\u00e4\u00e4rata esimese v\u00f5i kolmanda osapoole k\u00fcpsised ning nende eesm\u00e4rk on koguda anon\u00fc\u00fcmseid andmeid teie k\u00fclastatavate veebisaitide ja vaadatavate reklaamide kohta.<\/p>\n\n\n\n<p><strong>Reklaamitegevuse parandamiseks kasutatavad k\u00fcpsised:<\/strong><\/p>\n\n\n\n<p>Need k\u00fcpsised v\u00f5imaldavad teil piirata reklaamide vaatamiste arvu ja neid kasutatakse reklaamikampaaniate t\u00f5hususe m\u00f5\u00f5tmiseks antud sihtr\u00fchmas.<\/p>\n\n\n\n<p>Reklaamitegevuse parandamiseks m\u00f5eldud k\u00fcpsised v\u00f5imaldavad meil hallata veebisaidil kuvatavaid reklaame.<\/p>\n\n\n\n<p>Reklaamitegevuse parandamiseks kasutatavad k\u00fcpsised on p\u00fcsivad v\u00f5i ajutised k\u00fcpsised, mille paigutavad kolmandad osapooled, st reklaamijad ja nende esindajad, ning mis on tegelikult seotud reklaamiteenustega, mida kolmandad osapooled Growshroomi veebisaidile paigutavad.<\/p>\n\n\n\n<p><strong>Muud kolmandate osapoolte paigutatud k\u00fcpsised:<\/strong><\/p>\n\n\n\n<p>M\u00f5ned meie veebisaidid v\u00f5ivad kuvada sisu sellistelt teenustelt nagu Facebook v\u00f5i Instagram. Pange t\u00e4hele, et meil puudub kontroll nende teenuste poolt kasutatavate k\u00fcpsiste \u00fcle, seega tasub kontrollida teavet nende kolmandate osapoolte veebisaitidel.<\/p>\n\n\n\n<p><strong>K\u00fcpsiste haldamine ja eemaldamine<\/strong><\/p>\n\n\n\n<p>Kui soovite k\u00fcpsiseid piirata, blokeerida v\u00f5i eemaldada, saate seda teha oma veebibrauseri seadetes. S\u00f5ltuvalt teie kasutatavast brauserist v\u00f5ivad j\u00e4rgitavad sammud veidi erineda. Lisateabe saamiseks kl\u00f5psake \u00fchel allolevatest linkidest:<\/p>\n\n\n\n<p><strong>Internet Explorer<\/strong><\/p>\n\n\n\n<p><a href=\"http:\/\/support.microsoft.com\/kb\/196955\" target=\"_blank\" rel=\"noopener\">http:\/\/support.microsoft.com\/kb\/196955<\/a><\/p>\n\n\n\n<p><strong>Firefox<\/strong><\/p>\n\n\n\n<p><a href=\"http:\/\/support.mozilla.org\/HU\/kb\/Cookies\" target=\"_blank\" rel=\"noopener\">http:\/\/support.mozilla.org\/HU\/kb\/Cookies<\/a><\/p>\n\n\n\n<p><strong>Google Chrome<\/strong><\/p>\n\n\n\n<p><a href=\"http:\/\/support.google.com\/chrome\/bin\/answer.py?hl=hu&amp;answer=95647\" target=\"_blank\" rel=\"noopener\">http:\/\/support.google.com\/chrome\/bin\/answer.py?hl=hu&amp;answer=95647<\/a><\/p>\n\n\n\n<p><strong>Ooper<\/strong><\/p>\n\n\n\n<p><a href=\"http:\/\/help.opera.com\/Windows\/9.63\/hu\/cookies.html\" target=\"_blank\" rel=\"noopener\">http:\/\/help.opera.com\/Windows\/9.63\/hu\/cookies.html<\/a><\/p>\n\n\n\n<p><strong>Safari<\/strong><\/p>\n\n\n\n<p><a href=\"http:\/\/support.apple.com\/kb\/PH5042\" target=\"_blank\" rel=\"noopener\">http:\/\/support.apple.com\/kb\/PH5042<\/a><\/p>\n\n\n\n<p><strong>Safari iOS-is (iPhone, iPad, iPod touch)<\/strong><\/p>\n\n\n\n<p><a href=\"http:\/\/support.apple.com\/kb\/HT1677?viewlocale=hu_HU\" target=\"_blank\" rel=\"noopener\">http:\/\/support.apple.com\/kb\/HT1677?viewlocale=hu_HU<\/a><\/p>\n\n\n\n<p>Kui te ei kasuta \u00fchtegi loetletud veebibrauserit, saate lisateabe saamiseks kl\u00f5psata oma veebibrauseris funktsioonil \u201eAbi\u201c.<\/p>\n\n\n\n<p>A&nbsp;<a href=\"http:\/\/www.aboutcookies.org\/\" target=\"_blank\" rel=\"noopener\">http:\/\/www.aboutcookies.org<\/a>&nbsp;Lingil kl\u00f5psates kuvatakse ka lisateavet k\u00fcpsiste haldamise ja eemaldamise kohta paljudes erinevates internetibrauserites.<\/p>\n\n\n\n<p>Pange t\u00e4hele, et meie veebisaitide m\u00f5nele osale p\u00e4\u00e4seb ligi ainult k\u00fcpsiste abil, seega peaksite teadma, et k\u00fcpsiste keelamise korral ei pruugi te p\u00e4\u00e4seda juurde teatud sisule v\u00f5i kasutada k\u00f5iki meie veebisaitide funktsioone t\u00e4iel m\u00e4\u00e4ral.<\/p>\n\n\n\n<p>Kui soovite teada, kuidas teie mobiilseadme brauser k\u00fcpsiseid haldab, vaadake palun seadme kasutusjuhendit.<\/p>\n\n\n\n<p>Kui meie kasutajad kasutavad meie veebisaiti k\u00fcpsiseid ja sarnaseid veebitehnoloogiaid keelamata, n\u00f5ustuvad nad oma andmete kogumise ja t\u00f6\u00f6tlemisega growshroomi veebisaidi poolt selliste tehnoloogiate abil.<\/p>","protected":false},"excerpt":{"rendered":"<p>Cookie t\u00e1j\u00e9koztat\u00f3 HAT\u00c1LYOS: 2025. J\u00daNIUS 13. Az oldal haszn\u00e1lat\u00e1hoz \u00e9s rendel\u00e9sek lead\u00e1s\u00e1hoz sz\u00fcks\u00e9ges megismerned az oldal cookie szab\u00e1lyzat\u00e1t. Mi az a cookie? A cookie-k olyan, kis mennyis\u00e9g\u0171 inform\u00e1ci\u00f3t tartalmaz\u00f3sz\u00f6veges f\u00e1jlok, amelyeket a b\u00f6ng\u00e9sz\u0151 a sz\u00e1m\u00edt\u00f3g\u00e9pen, mobiltelefonon vagy egy\u00e9b eszk\u00f6z\u00f6n t\u00e1rol egy webhely megl\u00e1togat\u00e1sakor. A cookie-k a webhelyre val\u00f3 minden visszat\u00e9r\u00e9skor inform\u00e1ci\u00f3kat k\u00fcldenek az adott webhelynek. A cookie-k lehetnek \u00e1lland\u00f3 cookie-k, amelyek t\u00f6rl\u00e9s\u00fckig a felhaszn\u00e1l\u00f3 sz\u00e1m\u00edt\u00f3g\u00e9p\u00e9n maradnak, illetve ideiglenes (\u00fan. munkamenet-cookie-k), amelyeket csak a webb\u00f6ng\u00e9sz\u0151 bez\u00e1r\u00e1s\u00e1ig \u0151riz meg a rendszer. A cookie-k lehetnek bels\u0151, a felkeresett webhely \u00e1ltal be\u00e1ll\u00edtott cookie-k, vagy harmadik felek, azaz nem a felkeresett webhely \u00e1ltal be\u00e1ll\u00edtott cookie-k. Hogyan haszn\u00e1lja a growshroom a cookie-kat? Web\u00e1ruh\u00e1zunk a k\u00edn\u00e1lt szolg\u00e1ltat\u00e1sok jav\u00edt\u00e1sa, a lapok k\u00f6z\u00f6tti navig\u00e1ci\u00f3 megk\u00f6nny\u00edt\u00e9se, a felhaszn\u00e1l\u00f3be\u00e1ll\u00edt\u00e1sainak r\u00f6gz\u00edt\u00e9se \u00e9s a felhaszn\u00e1l\u00f3i \u00e9lm\u00e9ny jav\u00edt\u00e1sa c\u00e9lj\u00e1b\u00f3l haszn\u00e1l cookie-kat. A growshroom \u00e1ltal haszn\u00e1lt cookie-k \u00e9s azok rendeltet\u00e9se A webhelyeinken haszn\u00e1lt cookie-k a k\u00f6vetkez\u0151 kateg\u00f3ri\u00e1kba sorolhat\u00f3k (az International Chamber of Commerce cookie-kal kapcsolatos \u00fatmutat\u00e1sa szerint): Felt\u00e9tlen\u00fcl sz\u00fcks\u00e9ges cookie-k: A felt\u00e9tlen\u00fcl sz\u00fcks\u00e9ges cookie-k haszn\u00e1lata lehet\u0151v\u00e9 teszi a felhaszn\u00e1l\u00f3sz\u00e1m\u00e1ra a webhelyen t\u00f6rt\u00e9n\u0151 navig\u00e1ci\u00f3t, \u00e9s az \u00e1ltala ig\u00e9nyelt szolg\u00e1ltat\u00e1sok haszn\u00e1lat\u00e1t, p\u00e9ld\u00e1ul a webhely biztons\u00e1gos ter\u00fcleteinek hozz\u00e1f\u00e9r\u00e9se c\u00e9lj\u00e1b\u00f3l. Teljes\u00edtm\u00e9nym\u00e9r\u0151 cookie-k: A teljes\u00edtm\u00e9nym\u00e9r\u0151 cookie-k t\u00f6bbek k\u00f6z\u00f6tt a felhaszn\u00e1l\u00f3k \u00e1ltal leggyakrabban l\u00e1togatott webhelyekkel kapcsolatban gy\u0171jtenek inform\u00e1ci\u00f3kat, azonban ez az egy\u00e9ni l\u00e1togat\u00f3k azonos\u00edt\u00e1s\u00e1t el\u0151seg\u00edt\u0151 adatok gy\u0171jt\u00e9s\u00e9re nem terjed ki. Kiz\u00e1r\u00f3lag \u00f6sszes\u00edtett \u00e9s n\u00e9vtelen forr\u00e1sokb\u00f3l sz\u00e1rmaz\u00f3 adatokat gy\u0171jtenek. Ezeket a cookie-kat: \u2013 a webhelyeink haszn\u00e1lat\u00e1val kapcsolatos statisztikai adatok \u00f6ssze\u00e1ll\u00edt\u00e1sa, \u2013 valamint a hirdet\u00e9si kamp\u00e1nyok adott c\u00e9lcsoportban val\u00f3eredm\u00e9nyess\u00e9g\u00e9nek m\u00e9r\u00e9s\u00e9re haszn\u00e1ljuk. A teljes\u00edtm\u00e9nym\u00e9r\u0151 cookie-k \u00e1lland\u00f3 \u00e9s ideiglenes, valamint bels\u0151 vagy harmadik felek \u00e1ltal be\u00e1ll\u00edtott cookie-k is lehetnek, amelyek c\u00e9lja r\u00f6viden az, hogy a felkeresett webhelyekr\u0151l, valamint a megtekintett hirdet\u00e9sekr\u0151l n\u00e9vtelen adatokat gy\u0171jtsenek. Hirdet\u00e9si tev\u00e9kenys\u00e9g jav\u00edt\u00e1s\u00e1ra szolg\u00e1l\u00f3 cookie-k: Ezek a cookie-k lehet\u0151v\u00e9 teszik annak korl\u00e1toz\u00e1s\u00e1t, hogy a hirdet\u00e9sek h\u00e1ny alkalommal tekinthet\u0151k meg, valamint a hirdet\u00e9si kamp\u00e1nyok adott c\u00e9lcsoportban val\u00f3eredm\u00e9nyess\u00e9g\u00e9nek m\u00e9r\u00e9s\u00e9re szolg\u00e1lnak. A hirdet\u00e9si tev\u00e9kenys\u00e9g jav\u00edt\u00e1s\u00e1ra szolg\u00e1l\u00f3 cookie-k a webhelyen megjelen\u0151 hirdet\u00e9sek kezel\u00e9s\u00e9t teszik lehet\u0151v\u00e9. A hirdet\u00e9si tev\u00e9kenys\u00e9g jav\u00edt\u00e1s\u00e1ra szolg\u00e1l\u00f3 cookie-k harmadik felek, azaz hirdet\u0151k \u00e9s \u00fcgyn\u00f6keik \u00e1ltal elhelyezett \u00e1lland\u00f3 vagy ideiglenes cookie-k, amelyek tulajdonk\u00e9ppen a harmadik felek \u00e1ltal a growshroom webhely\u00e9n elhelyezett hirdet\u00e9si szolg\u00e1ltat\u00e1sokhoz kapcsol\u00f3dnak. Harmadik felek \u00e1ltal elhelyezett egy\u00e9b cookie-k: Egyes weboldalunkon t\u00f6bbek k\u00f6z\u00f6tt a Facebookr\u00f3l vagy az Instagramr\u00f3l \u00e9s egy\u00e9b szolg\u00e1ltat\u00e1sokr\u00f3l sz\u00e1rmaz\u00f3 tartalom jelenhet meg. K\u00e9rj\u00fck, vedd figyelembe, hogy az ilyen szolg\u00e1ltat\u00e1sok \u00e1ltal haszn\u00e1lt cookie-kra nincs semmilyen befoly\u00e1sunk, ez\u00e9rt \u00e9rdemes ellen\u0151rizni az adott k\u00fcls\u0151 webhelyeken szerepl\u0151 ezzel kapcsolatos inform\u00e1ci\u00f3kat. A cookie-k kezel\u00e9se \u00e9s elt\u00e1vol\u00edt\u00e1sa Ha szeretn\u00e9d korl\u00e1tozni, letiltani, vagy elt\u00e1vol\u00edtani a cookie-kat, akkor ezt a webb\u00f6ng\u00e9sz\u0151 be\u00e1ll\u00edt\u00e1saiban teheted meg. A b\u00f6ng\u00e9sz\u0151 fajt\u00e1j\u00e1t\u00f3l f\u00fcgg\u0151en a k\u00f6vetend\u0151 l\u00e9p\u00e9sek kism\u00e9rt\u00e9kben elt\u00e9rhetnek egym\u00e1st\u00f3l. Tov\u00e1bbi inform\u00e1ci\u00f3k\u00e9rt kattints az al\u00e1bbi hivatkoz\u00e1sok egyik\u00e9re: Internet Explorer http:\/\/support.microsoft.com\/kb\/196955 Firefox http:\/\/support.mozilla.org\/HU\/kb\/Cookies Google Chrome http:\/\/support.google.com\/chrome\/bin\/answer.py?hl=hu&amp;answer=95647 Opera http:\/\/help.opera.com\/Windows\/9.63\/hu\/cookies.html Safari http:\/\/support.apple.com\/kb\/PH5042 Safari iOS (iPhone, iPad, iPod touch) http:\/\/support.apple.com\/kb\/HT1677?viewlocale=hu_HU Ha a felsorolt webb\u00f6ng\u00e9sz\u0151k egyik\u00e9t sem haszn\u00e1lod, akkor a saj\u00e1t webb\u00f6ng\u00e9sz\u0151d \u201eHelp\u201d (S\u00fag\u00f3) funkci\u00f3j\u00e1ra kattintva tov\u00e1bbi inform\u00e1ci\u00f3kat olvashatsz a teend\u0151kr\u0151l. A&nbsp;http:\/\/www.aboutcookies.org&nbsp;hivatkoz\u00e1sra kattintva szint\u00e9n tov\u00e1bbi inform\u00e1ci\u00f3k jelennek meg a cookie-k kezel\u00e9s\u00e9vel \u00e9s elt\u00e1vol\u00edt\u00e1s\u00e1val kapcsolatban sz\u00e1mos k\u00fcl\u00f6nb\u00f6z\u0151 internetes b\u00f6ng\u00e9sz\u0151kre vonatkoz\u00f3an. K\u00e9rj\u00fck, vedd figyelembe, hogy webhelyeink egyes r\u00e9szei kiz\u00e1r\u00f3lag cookie-k haszn\u00e1lat\u00e1val \u00e9rhet\u0151k el, ez\u00e9rt tudnod kell, hogy a cookie-k letilt\u00e1s\u00e1val egyes tartalmakhoz nem f\u00e9rhetsz hozz\u00e1, \u00e9s nem haszn\u00e1lhatod teljes m\u00e9rt\u00e9kben webhelyeink minden funkci\u00f3j\u00e1t. Ha szeretn\u00e9d tudni, hogy a mobileszk\u00f6z\u00f6d\u00f6n tal\u00e1lhat\u00f3b\u00f6ng\u00e9sz\u0151 hogyan kezeli a cookie-kat, tekintsd \u00e1t az eszk\u00f6z \u00fatmutat\u00f3j\u00e1t. Ha felhaszn\u00e1l\u00f3ink a cookie-k \u00e9s hasonl\u00f3 online technol\u00f3gi\u00e1k letilt\u00e1sa n\u00e9lk\u00fcl haszn\u00e1lj\u00e1k weboldalunkat, hozz\u00e1j\u00e1rulnak ahhoz, hogy a growshroom weboldal ilyen technol\u00f3gi\u00e1k haszn\u00e1lata r\u00e9v\u00e9n gy\u0171jtse \u00e9s dolgozza fel adataikat.<\/p>","protected":false},"author":1,"featured_media":0,"parent":0,"menu_order":0,"comment_status":"closed","ping_status":"closed","template":"","meta":{"_acf_changed":false,"inline_featured_image":false,"_uag_custom_page_level_css":"","site-sidebar-layout":"default","site-content-layout":"","ast-site-content-layout":"default","site-content-style":"default","site-sidebar-style":"default","ast-global-header-display":"","ast-banner-title-visibility":"","ast-main-header-display":"","ast-hfb-above-header-display":"","ast-hfb-below-header-display":"","ast-hfb-mobile-header-display":"","site-post-title":"","ast-breadcrumbs-content":"","ast-featured-img":"","footer-sml-layout":"","ast-disable-related-posts":"","theme-transparent-header-meta":"","adv-header-id-meta":"","stick-header-meta":"","header-above-stick-meta":"","header-main-stick-meta":"","header-below-stick-meta":"","astra-migrate-meta-layouts":"set","ast-page-background-enabled":"default","ast-page-background-meta":{"desktop":{"background-color":"var(--ast-global-color-4)","background-image":"","background-repeat":"repeat","background-position":"center center","background-size":"auto","background-attachment":"scroll","background-type":"","background-media":"","overlay-type":"","overlay-color":"","overlay-opacity":"","overlay-gradient":""},"tablet":{"background-color":"","background-image":"","background-repeat":"repeat","background-position":"center center","background-size":"auto","background-attachment":"scroll","background-type":"","background-media":"","overlay-type":"","overlay-color":"","overlay-opacity":"","overlay-gradient":""},"mobile":{"background-color":"","background-image":"","background-repeat":"repeat","background-position":"center center","background-size":"auto","background-attachment":"scroll","background-type":"","background-media":"","overlay-type":"","overlay-color":"","overlay-opacity":"","overlay-gradient":""}},"ast-content-background-meta":{"desktop":{"background-color":"var(--ast-global-color-5)","background-image":"","background-repeat":"repeat","background-position":"center center","background-size":"auto","background-attachment":"scroll","background-type":"","background-media":"","overlay-type":"","overlay-color":"","overlay-opacity":"","overlay-gradient":""},"tablet":{"background-color":"var(--ast-global-color-5)","background-image":"","background-repeat":"repeat","background-position":"center center","background-size":"auto","background-attachment":"scroll","background-type":"","background-media":"","overlay-type":"","overlay-color":"","overlay-opacity":"","overlay-gradient":""},"mobile":{"background-color":"var(--ast-global-color-5)","background-image":"","background-repeat":"repeat","background-position":"center center","background-size":"auto","background-attachment":"scroll","background-type":"","background-media":"","overlay-type":"","overlay-color":"","overlay-opacity":"","overlay-gradient":""}},"footnotes":""},"class_list":["post-1784","page","type-page","status-publish","hentry"],"acf":[],"featured_image_src":null,"uagb_featured_image_src":{"full":false,"thumbnail":false,"medium":false,"medium_large":false,"large":false,"1536x1536":false,"2048x2048":false,"trp-custom-language-flag":false,"mailpoet_newsletter_max":false,"woocommerce_thumbnail":false,"woocommerce_single":false,"woocommerce_gallery_thumbnail":false},"uagb_author_info":{"display_name":"growshroom","author_link":"https:\/\/growshroom.hu\/et\/author\/csome-attilagmail-com"},"uagb_comment_info":0,"uagb_excerpt":"Cookie t\u00e1j\u00e9koztat\u00f3 HAT\u00c1LYOS: 2025. J\u00daNIUS 13. Az oldal haszn\u00e1lat\u00e1hoz \u00e9s rendel\u00e9sek lead\u00e1s\u00e1hoz sz\u00fcks\u00e9ges megismerned az oldal cookie szab\u00e1lyzat\u00e1t. Mi az a cookie? A cookie-k olyan, kis mennyis\u00e9g\u0171 inform\u00e1ci\u00f3t tartalmaz\u00f3sz\u00f6veges f\u00e1jlok, amelyeket a b\u00f6ng\u00e9sz\u0151 a sz\u00e1m\u00edt\u00f3g\u00e9pen, mobiltelefonon vagy egy\u00e9b eszk\u00f6z\u00f6n t\u00e1rol egy webhely megl\u00e1togat\u00e1sakor. A cookie-k a webhelyre val\u00f3 minden visszat\u00e9r\u00e9skor inform\u00e1ci\u00f3kat k\u00fcldenek az adott webhelynek.&hellip;","_links":{"self":[{"href":"https:\/\/growshroom.hu\/et\/wp-json\/wp\/v2\/pages\/1784","targetHints":{"allow":["GET"]}}],"collection":[{"href":"https:\/\/growshroom.hu\/et\/wp-json\/wp\/v2\/pages"}],"about":[{"href":"https:\/\/growshroom.hu\/et\/wp-json\/wp\/v2\/types\/page"}],"author":[{"embeddable":true,"href":"https:\/\/growshroom.hu\/et\/wp-json\/wp\/v2\/users\/1"}],"replies":[{"embeddable":true,"href":"https:\/\/growshroom.hu\/et\/wp-json\/wp\/v2\/comments?post=1784"}],"version-history":[{"count":13,"href":"https:\/\/growshroom.hu\/et\/wp-json\/wp\/v2\/pages\/1784\/revisions"}],"predecessor-version":[{"id":4427,"href":"https:\/\/growshroom.hu\/et\/wp-json\/wp\/v2\/pages\/1784\/revisions\/4427"}],"wp:attachment":[{"href":"https:\/\/growshroom.hu\/et\/wp-json\/wp\/v2\/media?parent=1784"}],"curies":[{"name":"wp","href":"https:\/\/api.w.org\/{rel}","templated":true}]}}