{"id":5748,"date":"2026-01-28T12:38:54","date_gmt":"2026-01-28T10:38:54","guid":{"rendered":"https:\/\/growshroom.hu\/?post_type=product&#038;p=5748"},"modified":"2026-02-25T15:15:40","modified_gmt":"2026-02-25T13:15:40","slug":"dupla-termoblokk-csomag","status":"publish","type":"product","link":"https:\/\/growshroom.hu\/es\/termekek\/dupla-termoblokk-csomag","title":{"rendered":"Paquete de bloque de producci\u00f3n doble"},"content":{"rendered":"<details class=\"gs-acc\">\n<summary class=\"gs-h4\">\u00bfCu\u00e1l es la diferencia entre los sets en caja y los bloques de cultivo?<\/summary>\n<div class=\"gs-acc__content\">\n<p>Ambos productos contienen el mismo bloque de cultivo de 2,2 kg, pero los sets tambi\u00e9n vienen con una caja de regalo y una botella con atomizador, por lo que son ideales para regalar.<\/p>\n<p>Adem\u00e1s, las variedades disponibles en kits en caja se recomiendan para principiantes, aunque tambi\u00e9n puedes encontrar variedades m\u00e1s avanzadas en bloques de cultivo. Algunas no crecen bien en la encimera de la cocina; necesitan un ambiente controlado. Para obtener los mejores resultados, recomendamos usar un cuarto o armario de cultivo. Si no puedes controlar la temperatura, elige un bloque adecuado para tu clima.<\/p>\n<p>Al cultivar en la encimera de la cocina, utilizar bloques de cultivo es tan f\u00e1cil como utilizar kits en caja.<\/p>\n<p>Para obtener informaci\u00f3n detallada, lea el <a href=\"https:\/\/growshroom.hu\/es\/termoblokk-utmutato\/\">Gu\u00eda de bloques de producci\u00f3n<\/a> p\u00e1gina, donde encontrar\u00e1 descripciones y consejos para cada variedad. Si tiene alguna pregunta, lea la <a href=\"https:\/\/growshroom.hu\/es\/gyakran-ismetelt-kerdesek\/\">Preguntas frecuentes<\/a> Pagina o escribenos <a href=\"mailto:info@growshroom.hu\">por correo electr\u00f3nico<\/a>.<\/p>\n<\/div>\n<\/details>\n<details class=\"gs-acc\">\n<summary class=\"gs-h4\">\u00bfCu\u00e1ntos hongos producir\u00e1?<\/summary>\n<div class=\"gs-acc__content\">\n<p>Nuestros bloques de producci\u00f3n son de tama\u00f1o comercial. Estos bloques de 2,2 kg producir\u00e1n un promedio de 400 a 600 g de hongos frescos durante la primera cosecha en condiciones ideales.<\/p>\n<p>El rendimiento se ve significativamente influenciado por las condiciones de crecimiento, por lo que se debe prestar atenci\u00f3n al entorno recomendado para la especie de hongo en cuesti\u00f3n, as\u00ed como a las <a href=\"https:\/\/growshroom.hu\/es\/termoblokk-utmutato\/\">Bloque de producto en la gu\u00eda<\/a> Tal como se describe para evitar decepciones.<\/p>\n<p>Por supuesto, existen diferencias entre las distintas especies de hongos (por ejemplo, algunos hongos ostra producen cuerpos fruct\u00edferos m\u00e1s pesados que otras variedades), pero con estos grandes bloques definitivamente puedes contar con una primera cosecha agradable y abundante.<\/p>\n<p>Dado que los bloques contienen una gran cantidad de nutrientes, pueden producir m\u00faltiples cosechas. Normalmente, se pueden esperar de 2 a 3, pero con paciencia y perseverancia, se pueden obtener incluso m\u00e1s.<br \/>\n<strong>La primera cosecha es siempre la m\u00e1s grande y la m\u00e1s r\u00e1pida, pero puede haber un intervalo de hasta varias semanas entre cosechas posteriores.<\/strong><\/p>\n<p><strong>\u00a1Garantizamos tu primera cosecha!<\/strong><\/p>\n<p>Si 14 d\u00edas despu\u00e9s de abrir el bloque no ha habido ning\u00fan cambio, env\u00edanos una foto por email y te ayudaremos, y si es necesario te enviaremos un nuevo bloque de producci\u00f3n.<\/p>\n<p>Consejo extra: despu\u00e9s de algunas cosechas, el bloque cosechado <strong>durante el per\u00edodo libre de heladas<\/strong> Conviene colocarlo en un lugar sombreado y protegido del jard\u00edn, manteni\u00e9ndolo h\u00famedo. Tambi\u00e9n puedes enterrarlo superficialmente y cubrirlo con hojas o paja picada. \u00a1Este &quot;cementerio de setas&quot; te sorprender\u00e1 con setas frescas a la temperatura ideal o despu\u00e9s de una lluvia intensa!<\/p>\n<\/div>\n<\/details>\n<h4 class=\"gs-h4\">\u00bfC\u00f3mo se hizo?<\/h4>\n<p>El bloque de semillas no es m\u00e1s que paja o aserr\u00edn colonizado con micelio de hongos. A partir del cultivo aislado de hongos, primero preparamos un germen de hongo de alta pureza en grano esterilizado, y luego lo mezclamos con paja picada para crear un bloque de semillas. \u00a1Les dejamos la parte emocionante!<\/p>\n<p>El micelio que se extiende por el bloque es un organismo vivo que, tras digerir los nutrientes, espera las condiciones ambientales adecuadas para formar un cuerpo fruct\u00edfero, un hongo comestible. El ox\u00edgeno y la humedad que se obtienen al abrir la bolsa le indican al hongo que ha llegado el momento.<\/p>\n<h4 class=\"gs-h4\">Almacenamiento<\/h4>\n<p><strong>Advertencia: Si no lo abres en unos d\u00edas, \u00a1refrig\u00e9ralo!<\/strong><\/p>\n<p>Su kit contiene un organismo vivo, por lo que le recomendamos abrirlo al recibirlo. Si no puede hacerlo, puede conservarlo sin abrir en el refrigerador durante 4 semanas. El metabolismo del micelio se ralentiza considerablemente durante este tiempo.<\/p>\n<p>La excepci\u00f3n a esto es la <strong>hongo ostra rosado, que es un hongo tropical que ama el calor, por lo que el conjunto no se puede almacenar en el refrigerador.<\/strong> Se puede conservar sin abrir a temperatura ambiente hasta 4 semanas.<\/p>\n<p>Durante el almacenamiento prolongado o a temperatura ambiente, puede empezar a formarse moho dentro de la bolsa. Esto no afectar\u00e1 su uso posterior. Si el moho est\u00e1 al alcance debajo del \u00e1rea que cort\u00f3, simplemente ret\u00edrelo.<\/p>\n<p>Un bloque almacenado a temperatura ambiente durante mucho tiempo consumir\u00e1 todos los nutrientes disponibles despu\u00e9s de un tiempo y luego comenzar\u00e1 a descomponerse lentamente.<\/p>\n<h4 class=\"gs-h4\">Vale la pena evaluar<\/h4>\n<p>\u00a1Toma una foto de tu cosecha! Te enviaremos un correo electr\u00f3nico 14 d\u00edas despu\u00e9s de realizar tu pedido para que puedas calificarlo.<strong> fotogr\u00e1fico <\/strong>Te recompensaremos con un cup\u00f3n 20% sin vencimiento, de libre uso y transferible. \u00a1\u00dasalo o comp\u00e1rtelo!<\/p>","protected":false},"excerpt":{"rendered":"<p>&nbsp;<\/p>\n<p style=\"text-align: center;\">\u00a1Elige 2 de cualquier bloque de producci\u00f3n y p\u00eddelos con un descuento de 5%!<\/p>\n<p>&nbsp;<\/p>","protected":false},"featured_media":5749,"comment_status":"open","ping_status":"closed","template":"","meta":{"_acf_changed":false,"inline_featured_image":false,"_uag_custom_page_level_css":"","site-sidebar-layout":"default","site-content-layout":"","ast-site-content-layout":"default","site-content-style":"default","site-sidebar-style":"default","ast-global-header-display":"","ast-banner-title-visibility":"","ast-main-header-display":"","ast-hfb-above-header-display":"","ast-hfb-below-header-display":"","ast-hfb-mobile-header-display":"","site-post-title":"","ast-breadcrumbs-content":"","ast-featured-img":"","footer-sml-layout":"","ast-disable-related-posts":"","theme-transparent-header-meta":"default","adv-header-id-meta":"","stick-header-meta":"","header-above-stick-meta":"","header-main-stick-meta":"","header-below-stick-meta":"","astra-migrate-meta-layouts":"set","ast-page-background-enabled":"default","ast-page-background-meta":{"desktop":{"background-color":"var(--ast-global-color-4)","background-image":"","background-repeat":"repeat","background-position":"center center","background-size":"auto","background-attachment":"scroll","background-type":"","background-media":"","overlay-type":"","overlay-color":"","overlay-opacity":"","overlay-gradient":""},"tablet":{"background-color":"","background-image":"","background-repeat":"repeat","background-position":"center center","background-size":"auto","background-attachment":"scroll","background-type":"","background-media":"","overlay-type":"","overlay-color":"","overlay-opacity":"","overlay-gradient":""},"mobile":{"background-color":"","background-image":"","background-repeat":"repeat","background-position":"center center","background-size":"auto","background-attachment":"scroll","background-type":"","background-media":"","overlay-type":"","overlay-color":"","overlay-opacity":"","overlay-gradient":""}},"ast-content-background-meta":{"desktop":{"background-color":"var(--ast-global-color-5)","background-image":"","background-repeat":"repeat","background-position":"center center","background-size":"auto","background-attachment":"scroll","background-type":"","background-media":"","overlay-type":"","overlay-color":"","overlay-opacity":"","overlay-gradient":""},"tablet":{"background-color":"var(--ast-global-color-5)","background-image":"","background-repeat":"repeat","background-position":"center center","background-size":"auto","background-attachment":"scroll","background-type":"","background-media":"","overlay-type":"","overlay-color":"","overlay-opacity":"","overlay-gradient":""},"mobile":{"background-color":"var(--ast-global-color-5)","background-image":"","background-repeat":"repeat","background-position":"center center","background-size":"auto","background-attachment":"scroll","background-type":"","background-media":"","overlay-type":"","overlay-color":"","overlay-opacity":"","overlay-gradient":""}}},"product_brand":[],"product_cat":[85],"product_tag":[],"class_list":{"0":"post-5748","1":"product","2":"type-product","3":"status-publish","4":"has-post-thumbnail","6":"product_cat-termoblokkok","7":"desktop-align-center","8":"tablet-align-left","9":"mobile-align-left","11":"first","12":"instock","13":"sale","14":"sold-individually","15":"shipping-taxable","16":"purchasable","17":"product-type-woosb"},"acf":[],"uagb_featured_image_src":{"full":["https:\/\/growshroom.hu\/wp-content\/uploads\/2026\/01\/dupla-blokk-csomag.png",1000,1000,false],"thumbnail":["https:\/\/growshroom.hu\/wp-content\/uploads\/2026\/01\/dupla-blokk-csomag-150x150.png",150,150,true],"medium":["https:\/\/growshroom.hu\/wp-content\/uploads\/2026\/01\/dupla-blokk-csomag-300x300.png",300,300,true],"medium_large":["https:\/\/growshroom.hu\/wp-content\/uploads\/2026\/01\/dupla-blokk-csomag-768x768.png",768,768,true],"large":["https:\/\/growshroom.hu\/wp-content\/uploads\/2026\/01\/dupla-blokk-csomag.png",1000,1000,false],"1536x1536":["https:\/\/growshroom.hu\/wp-content\/uploads\/2026\/01\/dupla-blokk-csomag.png",1000,1000,false],"2048x2048":["https:\/\/growshroom.hu\/wp-content\/uploads\/2026\/01\/dupla-blokk-csomag.png",1000,1000,false],"trp-custom-language-flag":["https:\/\/growshroom.hu\/wp-content\/uploads\/2026\/01\/dupla-blokk-csomag-12x12.png",12,12,true],"woocommerce_thumbnail":["https:\/\/growshroom.hu\/wp-content\/uploads\/2026\/01\/dupla-blokk-csomag-300x300.png",300,300,true],"woocommerce_single":["https:\/\/growshroom.hu\/wp-content\/uploads\/2026\/01\/dupla-blokk-csomag-600x600.png",600,600,true],"woocommerce_gallery_thumbnail":["https:\/\/growshroom.hu\/wp-content\/uploads\/2026\/01\/dupla-blokk-csomag-100x100.png",100,100,true]},"uagb_author_info":{"display_name":"growshroom","author_link":"https:\/\/growshroom.hu\/es\/author"},"uagb_comment_info":0,"uagb_excerpt":"&nbsp; V\u00e1lassz 2 b\u00e1rmilyen term\u0151blokkot, \u00e9s rendeld meg 5% kedvezm\u00e9nnyel! &nbsp;","tiered_pricing_type":"fixed","tiered_pricing_fixed_rules":[],"tiered_pricing_product_settings":{"layout":"default","base_unit_name":{"singular":null,"plural":null},"default_variation":null},"tiered_pricing_minimum_quantity":null,"tiered_pricing_roles_data":[],"tiered_pricing_percentage_rules":[],"tiered_pricing_maximum_quantity":null,"tiered_pricing_quantity_step":null,"_links":{"self":[{"href":"https:\/\/growshroom.hu\/es\/wp-json\/wp\/v2\/product\/5748","targetHints":{"allow":["GET"]}}],"collection":[{"href":"https:\/\/growshroom.hu\/es\/wp-json\/wp\/v2\/product"}],"about":[{"href":"https:\/\/growshroom.hu\/es\/wp-json\/wp\/v2\/types\/product"}],"replies":[{"embeddable":true,"href":"https:\/\/growshroom.hu\/es\/wp-json\/wp\/v2\/comments?post=5748"}],"wp:featuredmedia":[{"embeddable":true,"href":"https:\/\/growshroom.hu\/es\/wp-json\/wp\/v2\/media\/5749"}],"wp:attachment":[{"href":"https:\/\/growshroom.hu\/es\/wp-json\/wp\/v2\/media?parent=5748"}],"wp:term":[{"taxonomy":"product_brand","embeddable":true,"href":"https:\/\/growshroom.hu\/es\/wp-json\/wp\/v2\/product_brand?post=5748"},{"taxonomy":"product_cat","embeddable":true,"href":"https:\/\/growshroom.hu\/es\/wp-json\/wp\/v2\/product_cat?post=5748"},{"taxonomy":"product_tag","embeddable":true,"href":"https:\/\/growshroom.hu\/es\/wp-json\/wp\/v2\/product_tag?post=5748"}],"curies":[{"name":"wp","href":"https:\/\/api.w.org\/{rel}","templated":true}]}}