{"id":3879,"date":"2025-08-05T15:12:40","date_gmt":"2025-08-05T13:12:40","guid":{"rendered":"https:\/\/growshroom.hu\/?post_type=product&#038;p=3879"},"modified":"2026-04-15T17:49:16","modified_gmt":"2026-04-15T15:49:16","slug":"aranysarga-laskagomba-keszlet-pleurotus-citrinopileatus","status":"publish","type":"product","link":"https:\/\/growshroom.hu\/es\/termekek\/aranysarga-laskagomba-keszlet-pleurotus-citrinopileatus","title":{"rendered":"Seta ostra dorada (Pleurotus citrinopileatus)"},"content":{"rendered":"<details class=\"gs-acc\">\n<summary class=\"gs-h4\">\u00bfCu\u00e1l es la diferencia entre los sets en caja y los bloques de cultivo?<\/summary>\n<div class=\"gs-acc__content\">\n<p>Ambos productos contienen el mismo bloque de cultivo de 2,2 kg, pero los sets tambi\u00e9n vienen con una caja de regalo y una botella con atomizador, por lo que son ideales para regalar.<\/p>\n<p>Adem\u00e1s, las variedades disponibles en kits en caja se recomiendan para principiantes, aunque tambi\u00e9n puedes encontrar variedades m\u00e1s avanzadas en bloques de cultivo. Algunas no crecen bien en la encimera de la cocina; necesitan un ambiente controlado. Para obtener los mejores resultados, recomendamos usar un cuarto o armario de cultivo. Si no puedes controlar la temperatura, elige un bloque adecuado para tu clima.<\/p>\n<p>Al cultivar en la encimera de la cocina, utilizar bloques de cultivo es tan f\u00e1cil como utilizar kits en caja.<\/p>\n<p>Para obtener informaci\u00f3n detallada, lea el <a href=\"https:\/\/growshroom.hu\/es\/termoblokk-utmutato\/\">Gu\u00eda de bloques de producci\u00f3n<\/a> p\u00e1gina, donde encontrar\u00e1 descripciones y consejos para cada variedad. Si tiene alguna pregunta, lea la <a href=\"https:\/\/growshroom.hu\/es\/gyakran-ismetelt-kerdesek\/\">Preguntas frecuentes<\/a> Pagina o escribenos <a href=\"mailto:info@growshroom.hu\">por correo electr\u00f3nico<\/a>.<\/p>\n<\/div>\n<\/details>\n<details class=\"gs-acc\">\n<summary class=\"gs-h4\">\u00bfCu\u00e1ntos hongos producir\u00e1?<\/summary>\n<div class=\"gs-acc__content\">\n<p>Nuestros bloques de producci\u00f3n son de tama\u00f1o comercial. Estos bloques de 2,2 kg producir\u00e1n un promedio de 400 a 600 g de hongos frescos durante la primera cosecha en condiciones ideales.<\/p>\n<p>El rendimiento se ve significativamente influenciado por las condiciones de crecimiento, por lo que se debe prestar atenci\u00f3n al entorno recomendado para la especie de hongo en cuesti\u00f3n, as\u00ed como a las <a href=\"https:\/\/growshroom.hu\/es\/termoblokk-utmutato\/\">Bloque de producto en la gu\u00eda<\/a> Tal como se describe para evitar decepciones.<\/p>\n<p>Por supuesto, existen diferencias entre las distintas especies de hongos (por ejemplo, algunos hongos ostra producen cuerpos fruct\u00edferos m\u00e1s pesados que otras variedades), pero con estos grandes bloques definitivamente puedes contar con una primera cosecha agradable y abundante.<\/p>\n<p>Dado que los bloques contienen una gran cantidad de nutrientes, pueden producir m\u00faltiples cosechas. Normalmente, se pueden esperar de 2 a 3, pero con paciencia y perseverancia, se pueden obtener incluso m\u00e1s.<br \/>\n<strong>La primera cosecha es siempre la m\u00e1s grande y la m\u00e1s r\u00e1pida, pero puede haber un intervalo de hasta varias semanas entre cosechas posteriores.<\/strong><\/p>\n<p><strong>\u00a1Garantizamos tu primera cosecha!<\/strong><\/p>\n<p>Si 14 d\u00edas despu\u00e9s de abrir el bloque no ha habido ning\u00fan cambio, env\u00edanos una foto por email y te ayudaremos, y si es necesario te enviaremos un nuevo bloque de producci\u00f3n.<\/p>\n<p>Consejo extra: despu\u00e9s de algunas cosechas, el bloque cosechado <strong>durante el per\u00edodo libre de heladas<\/strong> Conviene colocarlo en un lugar sombreado y protegido del jard\u00edn, manteni\u00e9ndolo h\u00famedo. Tambi\u00e9n puedes enterrarlo superficialmente y cubrirlo con hojas o paja picada. \u00a1Este &quot;cementerio de setas&quot; te sorprender\u00e1 con setas frescas a la temperatura ideal o despu\u00e9s de una lluvia intensa!<\/p>\n<\/div>\n<\/details>\n<h4 class=\"gs-h4\">Amanecer en tu plato<\/h4>\n<p>El hongo ostra dorado es originario del este de Asia. Su sombrero es fino y suave, ligeramente fr\u00e1gil, mientras que su pie es m\u00e1s grueso. Conserva esta dualidad incluso al cocinarlo: su sombrero se vuelve crujiente, mientras que el pie conserva su carnosidad. Su sabor es suave, ligeramente dulce, que recuerda al de los anacardos. Combina bien con platos ligeros de estilo mediterr\u00e1neo, ensaladas, pastas o guarniciones.<\/p>\n<p><strong>Las setas ostra doradas crecen un poco m\u00e1s lento que otras setas ostra. Primero forman grupos, que luego se convertir\u00e1n en primordios, o setas beb\u00e9. No te preocupes si no observas muchos cambios durante 5-7 d\u00edas despu\u00e9s de abrirlas; el micelio sigue activo.<\/strong><\/p>\n<h4 class=\"gs-h4\">\u00bfC\u00f3mo se hizo?<\/h4>\n<p>La base del kit es un bloque de cultivo de paja tejido con micelio de hongo ostra. A partir del cultivo aislado, primero generamos un brote de hongo de alta pureza en grano esterilizado y luego lo mezclamos con paja picada para crear el bloque de cultivo. \u00a1Les dejamos la parte emocionante a ustedes!<\/p>\n<p>El micelio que se extiende por el bloque es un organismo vivo que, tras digerir los nutrientes, espera las condiciones ambientales adecuadas para formar un cuerpo fruct\u00edfero, un hongo comestible. El ox\u00edgeno y la humedad que se obtienen al abrir la bolsa le indican al hongo que ha llegado el momento.<\/p>\n<h4 class=\"gs-h4\">Rendimiento garantizado<\/h4>\n<p>Con una humedad adecuada y regular, nuestros kits de cultivo de hongos producir\u00e1n hasta 3 o 4 veces m\u00e1s. La primera cosecha se espera en 14 d\u00edas tras la apertura del bloque.<\/p>\n<p>\u00a1Garantizamos tu primera cosecha!<\/p>\n<p>Si despu\u00e9s de 14 d\u00edas de abrir el kit no hay ning\u00fan cambio, env\u00edanos una foto por email y te ayudaremos y si es necesario te enviaremos un nuevo kit.<\/p>\n<p>Por lo general, cada cosecha posterior es ligeramente m\u00e1s peque\u00f1a que la anterior y aparece despu\u00e9s de un per\u00edodo de tiempo m\u00e1s largo. <strong>\u00a1Pueden pasar varias semanas entre cada cosecha, por favor tenga paciencia!<\/strong> En el siguiente apartado se explica c\u00f3mo recomendamos iniciar cultivos adicionales. <a href=\"https:\/\/growshroom.hu\/es\/reszletes-hasznalati-utmutato\/\">Manual de usuario detallado<\/a> Puedes leer.<\/p>\n<h4 class=\"gs-h4\">Un regalo inteligente<\/h4>\n<p>Ya sea que desee complacer a los gourmets o a los jardineros aficionados, \u00a1el espect\u00e1culo de los hongos creciendo d\u00eda a d\u00eda puede impresionar tanto a adultos como a ni\u00f1os!<\/p>\n<p><strong>Advertencia: Si no lo abres en unos d\u00edas, \u00a1refrig\u00e9ralo!<\/strong><\/p>\n<p>Su kit contiene un organismo vivo, por lo que le recomendamos abrirlo al recibirlo. Si no puede hacerlo, puede conservarlo sin abrir en el refrigerador durante 4 semanas. El metabolismo del micelio se ralentiza considerablemente durante este tiempo.<\/p>\n<p>Durante el almacenamiento prolongado o a temperatura ambiente, puede empezar a formarse moho dentro de la bolsa. Esto no afectar\u00e1 su uso posterior. Si el moho est\u00e1 al alcance debajo del \u00e1rea que cort\u00f3, simplemente ret\u00edrelo.<\/p>\n<p>Un bloque almacenado a temperatura ambiente durante mucho tiempo consumir\u00e1 todos los nutrientes disponibles despu\u00e9s de un tiempo y luego comenzar\u00e1 a descomponerse lentamente.<\/p>\n<h4 class=\"gs-h4\">Vale la pena evaluar<\/h4>\n<p>\u00a1Toma una foto de tu cosecha! Te enviaremos un correo electr\u00f3nico 14 d\u00edas despu\u00e9s de realizar tu pedido para que puedas evaluar el stock.<strong> fotogr\u00e1fico <\/strong>Te recompensaremos con un cup\u00f3n 20% sin vencimiento, de libre uso y transferible. \u00a1\u00dasalo o comp\u00e1rtelo!<\/p>\n<h4 class=\"gs-h4\">\u00a1No olvides el manual de usuario!<\/h4>\n<p>Tambi\u00e9n encontrar\u00e1 una breve instrucci\u00f3n en la parte posterior de la caja, pero para obtener mejores resultados, recomendamos leer las instrucciones antes de usar. <a href=\"https:\/\/growshroom.hu\/es\/reszletes-hasznalati-utmutato-laskagomba\/\">Manual de usuario detallado<\/a> y el <a href=\"https:\/\/growshroom.hu\/es\/gyakran-ismetelt-kerdesek\/\">Preguntas frecuentes<\/a> ley\u00e9ndolo tambi\u00e9n.<\/p>","protected":false},"excerpt":{"rendered":"<p style=\"text-align: center;\">Convi\u00e9rtete en un cultivador de hongos <em>growshroom<\/em> Seta ostra dorada (Pleurotus citrinopileatus) con set!<\/p>\n<p style=\"text-align: center;\"><img fetchpriority=\"high\" decoding=\"async\" class=\"aligncenter wp-image-3191\" src=\"https:\/\/growshroom.hu\/wp-content\/uploads\/2025\/06\/infografika.svg\" alt=\"growshroom gombatermeszt\u0151 k\u00e9szlet haszn\u00e1lata h\u00e1rom l\u00e9p\u00e9sben: 1. perfor\u00e1ci\u00f3 let\u00e9p\u00e9se, 2. X forma bev\u00e1g\u00e1sa a term\u0151blokkba, 3. v\u00edzzel permetez\u00e9s a mell\u00e9kelt sz\u00f3r\u00f3fejes \u00fcvegb\u0151l\" width=\"598\" height=\"141\" \/><\/p>\n<p style=\"text-align: center;\">Abra la caja por la perforaci\u00f3n, corte una X en la bolsa, roc\u00ede con agua de la botella rociadora incluida 2 o 3 veces al d\u00eda, \u00a1y observe c\u00f3mo crecen!<\/p>","protected":false},"featured_media":4658,"comment_status":"open","ping_status":"closed","template":"","meta":{"_acf_changed":false,"inline_featured_image":false,"_uag_custom_page_level_css":"","site-sidebar-layout":"default","site-content-layout":"","ast-site-content-layout":"default","site-content-style":"default","site-sidebar-style":"default","ast-global-header-display":"","ast-banner-title-visibility":"","ast-main-header-display":"","ast-hfb-above-header-display":"","ast-hfb-below-header-display":"","ast-hfb-mobile-header-display":"","site-post-title":"","ast-breadcrumbs-content":"","ast-featured-img":"","footer-sml-layout":"","ast-disable-related-posts":"","theme-transparent-header-meta":"default","adv-header-id-meta":"","stick-header-meta":"","header-above-stick-meta":"","header-main-stick-meta":"","header-below-stick-meta":"","astra-migrate-meta-layouts":"set","ast-page-background-enabled":"default","ast-page-background-meta":{"desktop":{"background-color":"var(--ast-global-color-4)","background-image":"","background-repeat":"repeat","background-position":"center center","background-size":"auto","background-attachment":"scroll","background-type":"","background-media":"","overlay-type":"","overlay-color":"","overlay-opacity":"","overlay-gradient":""},"tablet":{"background-color":"","background-image":"","background-repeat":"repeat","background-position":"center center","background-size":"auto","background-attachment":"scroll","background-type":"","background-media":"","overlay-type":"","overlay-color":"","overlay-opacity":"","overlay-gradient":""},"mobile":{"background-color":"","background-image":"","background-repeat":"repeat","background-position":"center center","background-size":"auto","background-attachment":"scroll","background-type":"","background-media":"","overlay-type":"","overlay-color":"","overlay-opacity":"","overlay-gradient":""}},"ast-content-background-meta":{"desktop":{"background-color":"var(--ast-global-color-5)","background-image":"","background-repeat":"repeat","background-position":"center center","background-size":"auto","background-attachment":"scroll","background-type":"","background-media":"","overlay-type":"","overlay-color":"","overlay-opacity":"","overlay-gradient":""},"tablet":{"background-color":"var(--ast-global-color-5)","background-image":"","background-repeat":"repeat","background-position":"center center","background-size":"auto","background-attachment":"scroll","background-type":"","background-media":"","overlay-type":"","overlay-color":"","overlay-opacity":"","overlay-gradient":""},"mobile":{"background-color":"var(--ast-global-color-5)","background-image":"","background-repeat":"repeat","background-position":"center center","background-size":"auto","background-attachment":"scroll","background-type":"","background-media":"","overlay-type":"","overlay-color":"","overlay-opacity":"","overlay-gradient":""}}},"product_brand":[],"product_cat":[26],"product_tag":[],"class_list":{"0":"post-3879","1":"product","2":"type-product","3":"status-publish","4":"has-post-thumbnail","6":"product_cat-dobozos-keszletek","7":"desktop-align-center","8":"tablet-align-left","9":"mobile-align-left","11":"first","12":"instock","13":"shipping-taxable","14":"purchasable","15":"product-type-simple"},"acf":[],"uagb_featured_image_src":{"full":["https:\/\/growshroom.hu\/wp-content\/uploads\/2025\/08\/arany-frontuveg.jpeg",1536,2048,false],"thumbnail":["https:\/\/growshroom.hu\/wp-content\/uploads\/2025\/08\/arany-frontuveg-150x150.jpeg",150,150,true],"medium":["https:\/\/growshroom.hu\/wp-content\/uploads\/2025\/08\/arany-frontuveg-225x300.jpeg",225,300,true],"medium_large":["https:\/\/growshroom.hu\/wp-content\/uploads\/2025\/08\/arany-frontuveg-768x1024.jpeg",768,1024,true],"large":["https:\/\/growshroom.hu\/wp-content\/uploads\/2025\/08\/arany-frontuveg-768x1024.jpeg",768,1024,true],"1536x1536":["https:\/\/growshroom.hu\/wp-content\/uploads\/2025\/08\/arany-frontuveg-1152x1536.jpeg",1152,1536,true],"2048x2048":["https:\/\/growshroom.hu\/wp-content\/uploads\/2025\/08\/arany-frontuveg.jpeg",1536,2048,false],"trp-custom-language-flag":["https:\/\/growshroom.hu\/wp-content\/uploads\/2025\/08\/arany-frontuveg-9x12.jpeg",9,12,true],"woocommerce_thumbnail":["https:\/\/growshroom.hu\/wp-content\/uploads\/2025\/08\/arany-frontuveg-300x400.jpeg",300,400,true],"woocommerce_single":["https:\/\/growshroom.hu\/wp-content\/uploads\/2025\/08\/arany-frontuveg-600x800.jpeg",600,800,true],"woocommerce_gallery_thumbnail":["https:\/\/growshroom.hu\/wp-content\/uploads\/2025\/08\/arany-frontuveg-100x100.jpeg",100,100,true]},"uagb_author_info":{"display_name":"growshroom","author_link":"https:\/\/growshroom.hu\/es\/author"},"uagb_comment_info":7,"uagb_excerpt":"V\u00e1lj te is gombatermeszt\u0151v\u00e9 a growshroom Aranys\u00e1rga laskagomba (Pleurotus citrinopileatus) k\u00e9szlettel! Nyisd ki a dobozt a perfor\u00e1ci\u00f3n\u00e1l, v\u00e1gj egy X-et a zacsk\u00f3ba, f\u00fajd be v\u00edzzel a mell\u00e9kelt sz\u00f3r\u00f3fejes \u00fcvegb\u0151l 2-3 alkalommal naponta, \u00e9s n\u00e9zd ahogy n\u0151nek!","tiered_pricing_type":"fixed","tiered_pricing_fixed_rules":[],"tiered_pricing_product_settings":{"layout":"default","base_unit_name":{"singular":null,"plural":null},"default_variation":null},"tiered_pricing_minimum_quantity":null,"tiered_pricing_roles_data":[],"tiered_pricing_percentage_rules":[],"tiered_pricing_maximum_quantity":null,"tiered_pricing_quantity_step":null,"_links":{"self":[{"href":"https:\/\/growshroom.hu\/es\/wp-json\/wp\/v2\/product\/3879","targetHints":{"allow":["GET"]}}],"collection":[{"href":"https:\/\/growshroom.hu\/es\/wp-json\/wp\/v2\/product"}],"about":[{"href":"https:\/\/growshroom.hu\/es\/wp-json\/wp\/v2\/types\/product"}],"replies":[{"embeddable":true,"href":"https:\/\/growshroom.hu\/es\/wp-json\/wp\/v2\/comments?post=3879"}],"wp:featuredmedia":[{"embeddable":true,"href":"https:\/\/growshroom.hu\/es\/wp-json\/wp\/v2\/media\/4658"}],"wp:attachment":[{"href":"https:\/\/growshroom.hu\/es\/wp-json\/wp\/v2\/media?parent=3879"}],"wp:term":[{"taxonomy":"product_brand","embeddable":true,"href":"https:\/\/growshroom.hu\/es\/wp-json\/wp\/v2\/product_brand?post=3879"},{"taxonomy":"product_cat","embeddable":true,"href":"https:\/\/growshroom.hu\/es\/wp-json\/wp\/v2\/product_cat?post=3879"},{"taxonomy":"product_tag","embeddable":true,"href":"https:\/\/growshroom.hu\/es\/wp-json\/wp\/v2\/product_tag?post=3879"}],"curies":[{"name":"wp","href":"https:\/\/api.w.org\/{rel}","templated":true}]}}