{"id":1784,"date":"2025-06-16T13:48:33","date_gmt":"2025-06-16T13:48:33","guid":{"rendered":"https:\/\/growshroom.hu\/cookie-szabalyzat\/"},"modified":"2025-08-28T08:23:29","modified_gmt":"2025-08-28T06:23:29","slug":"cookie-tajekoztato","status":"publish","type":"page","link":"https:\/\/growshroom.hu\/en\/cookie-tajekoztato","title":{"rendered":"Cookie Information"},"content":{"rendered":"<h1 class=\"wp-block-heading\" style=\"border-top-style:none;border-top-width:0px;border-right-style:none;border-right-width:0px;border-bottom-width:1px;border-left-style:none;border-left-width:0px;margin-top:0rem;margin-bottom:var(--wp--preset--spacing--50);padding-bottom:var(--wp--preset--spacing--50)\">Cookie Information<\/h1>\n\n\n\n<p class=\"body\"><strong>EFFECTIVE: JUNE 13, 2025.<\/strong><\/p>\n\n\n\n<h5 class=\"wp-block-heading\">To use the site and place orders, you need to familiarize yourself with the site's cookie policy.<\/h5>\n\n\n\n<p><strong>What are cookies?<\/strong><\/p>\n\n\n\n<p>Cookies are small text files containing information that your browser stores on your computer, mobile phone or other device when you visit a website. Cookies send information to that website each time you return to the website.<\/p>\n\n\n\n<p>Cookies can be permanent cookies, which remain on the user&#039;s computer until they are deleted, or temporary (so-called session cookies), which are only retained until the web browser is closed. Cookies can be internal cookies, set by the website you are visiting, or third-party cookies, i.e. cookies not set by the website you are visiting.<\/p>\n\n\n\n<p><strong>How does growshroom use cookies?<\/strong><\/p>\n\n\n\n<p>Our web store uses cookies to improve the services offered, facilitate navigation between pages, record user preferences, and improve the user experience.<\/p>\n\n\n\n<p><strong>Cookies used by growshroom and their purpose<\/strong><\/p>\n\n\n\n<p>The cookies used on our websites fall into the following categories (according to the International Chamber of Commerce&#039;s cookie guidelines):<\/p>\n\n\n\n<p><strong>Strictly necessary cookies:<\/strong><\/p>\n\n\n\n<p>The use of strictly necessary cookies enables the user to navigate the website and use the services they require, for example, to access secure areas of the website.<\/p>\n\n\n\n<p><strong>Performance measurement cookies:<\/strong><\/p>\n\n\n\n<p>Performance cookies collect information about, among other things, the websites that users visit most frequently, but do not collect data that helps identify individual visitors. They only collect data from aggregated and anonymous sources.<\/p>\n\n\n\n<p>We use these cookies to: \u2013 compile statistical data about the use of our websites, \u2013 and measure the effectiveness of advertising campaigns in a given target group.<\/p>\n\n\n\n<p>Performance cookies can be permanent or temporary, and can be set by first-party or third-party cookies, and their purpose is to collect anonymous data about the websites you visit and the advertisements you view.<\/p>\n\n\n\n<p><strong>Cookies used to improve advertising activity:<\/strong><\/p>\n\n\n\n<p>These cookies allow you to limit the number of times ads can be viewed and are used to measure the effectiveness of advertising campaigns in a given target group.<\/p>\n\n\n\n<p>Cookies for improving advertising activity allow us to manage the advertisements displayed on the website.<\/p>\n\n\n\n<p>Cookies used to improve advertising activity are permanent or temporary cookies placed by third parties, i.e. advertisers and their agents, which are actually related to the advertising services placed by third parties on the growshroom website.<\/p>\n\n\n\n<p><strong>Other cookies placed by third parties:<\/strong><\/p>\n\n\n\n<p>Some of our websites may display content from services such as Facebook or Instagram, among others. Please note that we have no influence on the cookies used by such services, so it is worth checking the relevant information on the relevant external websites.<\/p>\n\n\n\n<p><strong>Managing and removing cookies<\/strong><\/p>\n\n\n\n<p>If you would like to restrict, block or remove cookies, you can do so in your web browser settings. Depending on the type of browser you use, the steps you need to follow may vary slightly. For more information, click on one of the links below:<\/p>\n\n\n\n<p><strong>Internet Explorer<\/strong><\/p>\n\n\n\n<p><a href=\"http:\/\/support.microsoft.com\/kb\/196955\" target=\"_blank\" rel=\"noopener\">http:\/\/support.microsoft.com\/kb\/196955<\/a><\/p>\n\n\n\n<p><strong>Firefox<\/strong><\/p>\n\n\n\n<p><a href=\"http:\/\/support.mozilla.org\/HU\/kb\/Cookies\" target=\"_blank\" rel=\"noopener\">http:\/\/support.mozilla.org\/HU\/kb\/Cookies<\/a><\/p>\n\n\n\n<p><strong>Google Chrome<\/strong><\/p>\n\n\n\n<p><a href=\"http:\/\/support.google.com\/chrome\/bin\/answer.py?hl=hu&amp;answer=95647\" target=\"_blank\" rel=\"noopener\">http:\/\/support.google.com\/chrome\/bin\/answer.py?hl=hu&amp;answer=95647<\/a><\/p>\n\n\n\n<p><strong>Opera<\/strong><\/p>\n\n\n\n<p><a href=\"http:\/\/help.opera.com\/Windows\/9.63\/hu\/cookies.html\" target=\"_blank\" rel=\"noopener\">http:\/\/help.opera.com\/Windows\/9.63\/hu\/cookies.html<\/a><\/p>\n\n\n\n<p><strong>Safari<\/strong><\/p>\n\n\n\n<p><a href=\"http:\/\/support.apple.com\/kb\/PH5042\" target=\"_blank\" rel=\"noopener\">http:\/\/support.apple.com\/kb\/PH5042<\/a><\/p>\n\n\n\n<p><strong>Safari iOS (iPhone, iPad, iPod touch)<\/strong><\/p>\n\n\n\n<p><a href=\"http:\/\/support.apple.com\/kb\/HT1677?viewlocale=hu_HU\" target=\"_blank\" rel=\"noopener\">http:\/\/support.apple.com\/kb\/HT1677?viewlocale=hu_HU<\/a><\/p>\n\n\n\n<p>If you are not using one of the web browsers listed, you can click on the &#034;Help&#034; function in your web browser for more information on what to do.<\/p>\n\n\n\n<p>THE&nbsp;<a href=\"http:\/\/www.aboutcookies.org\/\" target=\"_blank\" rel=\"noopener\">http:\/\/www.aboutcookies.org<\/a>&nbsp;Clicking on the link will also display further information on how to manage and remove cookies for many different internet browsers.<\/p>\n\n\n\n<p>Please note that some parts of our websites can only be accessed using cookies, so you should be aware that by disabling cookies you may not be able to access some content or use all the features of our websites to their full potential.<\/p>\n\n\n\n<p>If you want to know how the browser on your mobile device handles cookies, please review the device&#039;s manual.<\/p>\n\n\n\n<p>If our users use our website without disabling cookies and similar online technologies, they consent to the collection and processing of their data by the growshroom website through the use of such technologies.<\/p>","protected":false},"excerpt":{"rendered":"<p>Cookie t\u00e1j\u00e9koztat\u00f3 HAT\u00c1LYOS: 2025. J\u00daNIUS 13. Az oldal haszn\u00e1lat\u00e1hoz \u00e9s rendel\u00e9sek lead\u00e1s\u00e1hoz sz\u00fcks\u00e9ges megismerned az oldal cookie szab\u00e1lyzat\u00e1t. Mi az a cookie? A cookie-k olyan, kis mennyis\u00e9g\u0171 inform\u00e1ci\u00f3t tartalmaz\u00f3sz\u00f6veges f\u00e1jlok, amelyeket a b\u00f6ng\u00e9sz\u0151 a sz\u00e1m\u00edt\u00f3g\u00e9pen, mobiltelefonon vagy egy\u00e9b eszk\u00f6z\u00f6n t\u00e1rol egy webhely megl\u00e1togat\u00e1sakor. A cookie-k a webhelyre val\u00f3 minden visszat\u00e9r\u00e9skor inform\u00e1ci\u00f3kat k\u00fcldenek az adott webhelynek. A cookie-k lehetnek \u00e1lland\u00f3 cookie-k, amelyek t\u00f6rl\u00e9s\u00fckig a felhaszn\u00e1l\u00f3 sz\u00e1m\u00edt\u00f3g\u00e9p\u00e9n maradnak, illetve ideiglenes (\u00fan. munkamenet-cookie-k), amelyeket csak a webb\u00f6ng\u00e9sz\u0151 bez\u00e1r\u00e1s\u00e1ig \u0151riz meg a rendszer. A cookie-k lehetnek bels\u0151, a felkeresett webhely \u00e1ltal be\u00e1ll\u00edtott cookie-k, vagy harmadik felek, azaz nem a felkeresett webhely \u00e1ltal be\u00e1ll\u00edtott cookie-k. Hogyan haszn\u00e1lja a growshroom a cookie-kat? Web\u00e1ruh\u00e1zunk a k\u00edn\u00e1lt szolg\u00e1ltat\u00e1sok jav\u00edt\u00e1sa, a lapok k\u00f6z\u00f6tti navig\u00e1ci\u00f3 megk\u00f6nny\u00edt\u00e9se, a felhaszn\u00e1l\u00f3be\u00e1ll\u00edt\u00e1sainak r\u00f6gz\u00edt\u00e9se \u00e9s a felhaszn\u00e1l\u00f3i \u00e9lm\u00e9ny jav\u00edt\u00e1sa c\u00e9lj\u00e1b\u00f3l haszn\u00e1l cookie-kat. A growshroom \u00e1ltal haszn\u00e1lt cookie-k \u00e9s azok rendeltet\u00e9se A webhelyeinken haszn\u00e1lt cookie-k a k\u00f6vetkez\u0151 kateg\u00f3ri\u00e1kba sorolhat\u00f3k (az International Chamber of Commerce cookie-kal kapcsolatos \u00fatmutat\u00e1sa szerint): Felt\u00e9tlen\u00fcl sz\u00fcks\u00e9ges cookie-k: A felt\u00e9tlen\u00fcl sz\u00fcks\u00e9ges cookie-k haszn\u00e1lata lehet\u0151v\u00e9 teszi a felhaszn\u00e1l\u00f3sz\u00e1m\u00e1ra a webhelyen t\u00f6rt\u00e9n\u0151 navig\u00e1ci\u00f3t, \u00e9s az \u00e1ltala ig\u00e9nyelt szolg\u00e1ltat\u00e1sok haszn\u00e1lat\u00e1t, p\u00e9ld\u00e1ul a webhely biztons\u00e1gos ter\u00fcleteinek hozz\u00e1f\u00e9r\u00e9se c\u00e9lj\u00e1b\u00f3l. Teljes\u00edtm\u00e9nym\u00e9r\u0151 cookie-k: A teljes\u00edtm\u00e9nym\u00e9r\u0151 cookie-k t\u00f6bbek k\u00f6z\u00f6tt a felhaszn\u00e1l\u00f3k \u00e1ltal leggyakrabban l\u00e1togatott webhelyekkel kapcsolatban gy\u0171jtenek inform\u00e1ci\u00f3kat, azonban ez az egy\u00e9ni l\u00e1togat\u00f3k azonos\u00edt\u00e1s\u00e1t el\u0151seg\u00edt\u0151 adatok gy\u0171jt\u00e9s\u00e9re nem terjed ki. Kiz\u00e1r\u00f3lag \u00f6sszes\u00edtett \u00e9s n\u00e9vtelen forr\u00e1sokb\u00f3l sz\u00e1rmaz\u00f3 adatokat gy\u0171jtenek. Ezeket a cookie-kat: \u2013 a webhelyeink haszn\u00e1lat\u00e1val kapcsolatos statisztikai adatok \u00f6ssze\u00e1ll\u00edt\u00e1sa, \u2013 valamint a hirdet\u00e9si kamp\u00e1nyok adott c\u00e9lcsoportban val\u00f3eredm\u00e9nyess\u00e9g\u00e9nek m\u00e9r\u00e9s\u00e9re haszn\u00e1ljuk. A teljes\u00edtm\u00e9nym\u00e9r\u0151 cookie-k \u00e1lland\u00f3 \u00e9s ideiglenes, valamint bels\u0151 vagy harmadik felek \u00e1ltal be\u00e1ll\u00edtott cookie-k is lehetnek, amelyek c\u00e9lja r\u00f6viden az, hogy a felkeresett webhelyekr\u0151l, valamint a megtekintett hirdet\u00e9sekr\u0151l n\u00e9vtelen adatokat gy\u0171jtsenek. Hirdet\u00e9si tev\u00e9kenys\u00e9g jav\u00edt\u00e1s\u00e1ra szolg\u00e1l\u00f3 cookie-k: Ezek a cookie-k lehet\u0151v\u00e9 teszik annak korl\u00e1toz\u00e1s\u00e1t, hogy a hirdet\u00e9sek h\u00e1ny alkalommal tekinthet\u0151k meg, valamint a hirdet\u00e9si kamp\u00e1nyok adott c\u00e9lcsoportban val\u00f3eredm\u00e9nyess\u00e9g\u00e9nek m\u00e9r\u00e9s\u00e9re szolg\u00e1lnak. A hirdet\u00e9si tev\u00e9kenys\u00e9g jav\u00edt\u00e1s\u00e1ra szolg\u00e1l\u00f3 cookie-k a webhelyen megjelen\u0151 hirdet\u00e9sek kezel\u00e9s\u00e9t teszik lehet\u0151v\u00e9. A hirdet\u00e9si tev\u00e9kenys\u00e9g jav\u00edt\u00e1s\u00e1ra szolg\u00e1l\u00f3 cookie-k harmadik felek, azaz hirdet\u0151k \u00e9s \u00fcgyn\u00f6keik \u00e1ltal elhelyezett \u00e1lland\u00f3 vagy ideiglenes cookie-k, amelyek tulajdonk\u00e9ppen a harmadik felek \u00e1ltal a growshroom webhely\u00e9n elhelyezett hirdet\u00e9si szolg\u00e1ltat\u00e1sokhoz kapcsol\u00f3dnak. Harmadik felek \u00e1ltal elhelyezett egy\u00e9b cookie-k: Egyes weboldalunkon t\u00f6bbek k\u00f6z\u00f6tt a Facebookr\u00f3l vagy az Instagramr\u00f3l \u00e9s egy\u00e9b szolg\u00e1ltat\u00e1sokr\u00f3l sz\u00e1rmaz\u00f3 tartalom jelenhet meg. K\u00e9rj\u00fck, vedd figyelembe, hogy az ilyen szolg\u00e1ltat\u00e1sok \u00e1ltal haszn\u00e1lt cookie-kra nincs semmilyen befoly\u00e1sunk, ez\u00e9rt \u00e9rdemes ellen\u0151rizni az adott k\u00fcls\u0151 webhelyeken szerepl\u0151 ezzel kapcsolatos inform\u00e1ci\u00f3kat. A cookie-k kezel\u00e9se \u00e9s elt\u00e1vol\u00edt\u00e1sa Ha szeretn\u00e9d korl\u00e1tozni, letiltani, vagy elt\u00e1vol\u00edtani a cookie-kat, akkor ezt a webb\u00f6ng\u00e9sz\u0151 be\u00e1ll\u00edt\u00e1saiban teheted meg. A b\u00f6ng\u00e9sz\u0151 fajt\u00e1j\u00e1t\u00f3l f\u00fcgg\u0151en a k\u00f6vetend\u0151 l\u00e9p\u00e9sek kism\u00e9rt\u00e9kben elt\u00e9rhetnek egym\u00e1st\u00f3l. Tov\u00e1bbi inform\u00e1ci\u00f3k\u00e9rt kattints az al\u00e1bbi hivatkoz\u00e1sok egyik\u00e9re: Internet Explorer http:\/\/support.microsoft.com\/kb\/196955 Firefox http:\/\/support.mozilla.org\/HU\/kb\/Cookies Google Chrome http:\/\/support.google.com\/chrome\/bin\/answer.py?hl=hu&amp;answer=95647 Opera http:\/\/help.opera.com\/Windows\/9.63\/hu\/cookies.html Safari http:\/\/support.apple.com\/kb\/PH5042 Safari iOS (iPhone, iPad, iPod touch) http:\/\/support.apple.com\/kb\/HT1677?viewlocale=hu_HU Ha a felsorolt webb\u00f6ng\u00e9sz\u0151k egyik\u00e9t sem haszn\u00e1lod, akkor a saj\u00e1t webb\u00f6ng\u00e9sz\u0151d \u201eHelp\u201d (S\u00fag\u00f3) funkci\u00f3j\u00e1ra kattintva tov\u00e1bbi inform\u00e1ci\u00f3kat olvashatsz a teend\u0151kr\u0151l. A&nbsp;http:\/\/www.aboutcookies.org&nbsp;hivatkoz\u00e1sra kattintva szint\u00e9n tov\u00e1bbi inform\u00e1ci\u00f3k jelennek meg a cookie-k kezel\u00e9s\u00e9vel \u00e9s elt\u00e1vol\u00edt\u00e1s\u00e1val kapcsolatban sz\u00e1mos k\u00fcl\u00f6nb\u00f6z\u0151 internetes b\u00f6ng\u00e9sz\u0151kre vonatkoz\u00f3an. K\u00e9rj\u00fck, vedd figyelembe, hogy webhelyeink egyes r\u00e9szei kiz\u00e1r\u00f3lag cookie-k haszn\u00e1lat\u00e1val \u00e9rhet\u0151k el, ez\u00e9rt tudnod kell, hogy a cookie-k letilt\u00e1s\u00e1val egyes tartalmakhoz nem f\u00e9rhetsz hozz\u00e1, \u00e9s nem haszn\u00e1lhatod teljes m\u00e9rt\u00e9kben webhelyeink minden funkci\u00f3j\u00e1t. Ha szeretn\u00e9d tudni, hogy a mobileszk\u00f6z\u00f6d\u00f6n tal\u00e1lhat\u00f3b\u00f6ng\u00e9sz\u0151 hogyan kezeli a cookie-kat, tekintsd \u00e1t az eszk\u00f6z \u00fatmutat\u00f3j\u00e1t. Ha felhaszn\u00e1l\u00f3ink a cookie-k \u00e9s hasonl\u00f3 online technol\u00f3gi\u00e1k letilt\u00e1sa n\u00e9lk\u00fcl haszn\u00e1lj\u00e1k weboldalunkat, hozz\u00e1j\u00e1rulnak ahhoz, hogy a growshroom weboldal ilyen technol\u00f3gi\u00e1k haszn\u00e1lata r\u00e9v\u00e9n gy\u0171jtse \u00e9s dolgozza fel adataikat.<\/p>","protected":false},"author":1,"featured_media":0,"parent":0,"menu_order":0,"comment_status":"closed","ping_status":"closed","template":"","meta":{"_acf_changed":false,"inline_featured_image":false,"_uag_custom_page_level_css":"","site-sidebar-layout":"default","site-content-layout":"","ast-site-content-layout":"default","site-content-style":"default","site-sidebar-style":"default","ast-global-header-display":"","ast-banner-title-visibility":"","ast-main-header-display":"","ast-hfb-above-header-display":"","ast-hfb-below-header-display":"","ast-hfb-mobile-header-display":"","site-post-title":"","ast-breadcrumbs-content":"","ast-featured-img":"","footer-sml-layout":"","ast-disable-related-posts":"","theme-transparent-header-meta":"","adv-header-id-meta":"","stick-header-meta":"","header-above-stick-meta":"","header-main-stick-meta":"","header-below-stick-meta":"","astra-migrate-meta-layouts":"set","ast-page-background-enabled":"default","ast-page-background-meta":{"desktop":{"background-color":"var(--ast-global-color-4)","background-image":"","background-repeat":"repeat","background-position":"center center","background-size":"auto","background-attachment":"scroll","background-type":"","background-media":"","overlay-type":"","overlay-color":"","overlay-opacity":"","overlay-gradient":""},"tablet":{"background-color":"","background-image":"","background-repeat":"repeat","background-position":"center center","background-size":"auto","background-attachment":"scroll","background-type":"","background-media":"","overlay-type":"","overlay-color":"","overlay-opacity":"","overlay-gradient":""},"mobile":{"background-color":"","background-image":"","background-repeat":"repeat","background-position":"center center","background-size":"auto","background-attachment":"scroll","background-type":"","background-media":"","overlay-type":"","overlay-color":"","overlay-opacity":"","overlay-gradient":""}},"ast-content-background-meta":{"desktop":{"background-color":"var(--ast-global-color-5)","background-image":"","background-repeat":"repeat","background-position":"center center","background-size":"auto","background-attachment":"scroll","background-type":"","background-media":"","overlay-type":"","overlay-color":"","overlay-opacity":"","overlay-gradient":""},"tablet":{"background-color":"var(--ast-global-color-5)","background-image":"","background-repeat":"repeat","background-position":"center center","background-size":"auto","background-attachment":"scroll","background-type":"","background-media":"","overlay-type":"","overlay-color":"","overlay-opacity":"","overlay-gradient":""},"mobile":{"background-color":"var(--ast-global-color-5)","background-image":"","background-repeat":"repeat","background-position":"center center","background-size":"auto","background-attachment":"scroll","background-type":"","background-media":"","overlay-type":"","overlay-color":"","overlay-opacity":"","overlay-gradient":""}},"footnotes":""},"class_list":["post-1784","page","type-page","status-publish","hentry"],"acf":[],"featured_image_src":null,"uagb_featured_image_src":{"full":false,"thumbnail":false,"medium":false,"medium_large":false,"large":false,"1536x1536":false,"2048x2048":false,"trp-custom-language-flag":false,"woocommerce_thumbnail":false,"woocommerce_single":false,"woocommerce_gallery_thumbnail":false},"uagb_author_info":{"display_name":"growshroom","author_link":"https:\/\/growshroom.hu\/en\/author\/csome-attilagmail-com"},"uagb_comment_info":0,"uagb_excerpt":"Cookie t\u00e1j\u00e9koztat\u00f3 HAT\u00c1LYOS: 2025. J\u00daNIUS 13. Az oldal haszn\u00e1lat\u00e1hoz \u00e9s rendel\u00e9sek lead\u00e1s\u00e1hoz sz\u00fcks\u00e9ges megismerned az oldal cookie szab\u00e1lyzat\u00e1t. Mi az a cookie? A cookie-k olyan, kis mennyis\u00e9g\u0171 inform\u00e1ci\u00f3t tartalmaz\u00f3sz\u00f6veges f\u00e1jlok, amelyeket a b\u00f6ng\u00e9sz\u0151 a sz\u00e1m\u00edt\u00f3g\u00e9pen, mobiltelefonon vagy egy\u00e9b eszk\u00f6z\u00f6n t\u00e1rol egy webhely megl\u00e1togat\u00e1sakor. A cookie-k a webhelyre val\u00f3 minden visszat\u00e9r\u00e9skor inform\u00e1ci\u00f3kat k\u00fcldenek az adott webhelynek.&hellip;","_links":{"self":[{"href":"https:\/\/growshroom.hu\/en\/wp-json\/wp\/v2\/pages\/1784","targetHints":{"allow":["GET"]}}],"collection":[{"href":"https:\/\/growshroom.hu\/en\/wp-json\/wp\/v2\/pages"}],"about":[{"href":"https:\/\/growshroom.hu\/en\/wp-json\/wp\/v2\/types\/page"}],"author":[{"embeddable":true,"href":"https:\/\/growshroom.hu\/en\/wp-json\/wp\/v2\/users\/1"}],"replies":[{"embeddable":true,"href":"https:\/\/growshroom.hu\/en\/wp-json\/wp\/v2\/comments?post=1784"}],"version-history":[{"count":13,"href":"https:\/\/growshroom.hu\/en\/wp-json\/wp\/v2\/pages\/1784\/revisions"}],"predecessor-version":[{"id":4427,"href":"https:\/\/growshroom.hu\/en\/wp-json\/wp\/v2\/pages\/1784\/revisions\/4427"}],"wp:attachment":[{"href":"https:\/\/growshroom.hu\/en\/wp-json\/wp\/v2\/media?parent=1784"}],"curies":[{"name":"wp","href":"https:\/\/api.w.org\/{rel}","templated":true}]}}