{"id":5748,"date":"2026-01-28T12:38:54","date_gmt":"2026-01-28T10:38:54","guid":{"rendered":"https:\/\/growshroom.hu\/?post_type=product&#038;p=5748"},"modified":"2026-02-25T15:15:40","modified_gmt":"2026-02-25T13:15:40","slug":"dupla-termoblokk-csomag","status":"publish","type":"product","link":"https:\/\/growshroom.hu\/de\/termekek\/dupla-termoblokk-csomag","title":{"rendered":"Doppelte Produktionsblock-Paket"},"content":{"rendered":"<details class=\"gs-acc\">\n<summary class=\"gs-h4\">Worin besteht der Unterschied zwischen Pflanzk\u00e4sten und Anzuchtbl\u00f6cken?<\/summary>\n<div class=\"gs-acc__content\">\n<p>Beide Produkte enthalten den gleichen 2,2 kg schweren Pflanzblock, aber die Sets werden zus\u00e4tzlich mit einer Geschenkbox und einer Spr\u00fchflasche geliefert und eignen sich daher ideal zum Verschenken.<\/p>\n<p>Zus\u00e4tzlich empfehlen wir die in Anzuchtsets erh\u00e4ltlichen Sorten f\u00fcr Anf\u00e4nger, w\u00e4hrend Sie auch fortgeschrittenere Sorten in Anzuchtbl\u00f6cken finden. Einige dieser Sorten gedeihen nicht gut auf der K\u00fcchenarbeitsplatte, sondern ben\u00f6tigen eine kontrollierte Umgebung. F\u00fcr beste Ergebnisse empfehlen wir einen Anzuchtraum oder ein Anzuchtzelt. Falls Sie die Temperatur nicht regulieren k\u00f6nnen, w\u00e4hlen Sie einen Anzuchtblock, der f\u00fcr Ihr Klima geeignet ist!<\/p>\n<p>Beim Anbau auf der K\u00fcchenarbeitsplatte ist die Verwendung von Anzuchtbl\u00f6cken genauso einfach wie die Verwendung von Anzuchtsets aus der Box.<\/p>\n<p>F\u00fcr detaillierte Informationen lesen Sie bitte die <a href=\"https:\/\/growshroom.hu\/de\/termoblokk-utmutato\/\">Produktionsblock-Leitfaden<\/a> Auf dieser Seite finden Sie Beschreibungen und Tipps zu jeder Sorte. Sollten Sie weitere Fragen haben, lesen Sie bitte die <a href=\"https:\/\/growshroom.hu\/de\/gyakran-ismetelt-kerdesek\/\">H\u00e4ufig gestellte Fragen<\/a> Seite oder schreiben Sie uns <a href=\"mailto:info@growshroom.hu\">per E-Mail<\/a>.<\/p>\n<\/div>\n<\/details>\n<details class=\"gs-acc\">\n<summary class=\"gs-h4\">Wie viele Pilze wird es produzieren?<\/summary>\n<div class=\"gs-acc__content\">\n<p>Unsere Produktionsbl\u00f6cke haben die \u00fcbliche Gr\u00f6\u00dfe f\u00fcr den kommerziellen Anbau. Diese 2,2 kg schweren Bl\u00f6cke liefern unter idealen Bedingungen bei der ersten Ernte durchschnittlich 400\u2013600 g frische Champignons.<\/p>\n<p>Der Ertrag wird ma\u00dfgeblich von den Wachstumsbedingungen beeinflusst. Beachten Sie daher bitte die empfohlenen Umgebungsbedingungen f\u00fcr die jeweilige Pilzart sowie die <a href=\"https:\/\/growshroom.hu\/de\/termoblokk-utmutato\/\">Produktblock im Leitfaden<\/a> wie beschrieben, um Entt\u00e4uschungen zu vermeiden.<\/p>\n<p>Nat\u00fcrlich gibt es Unterschiede zwischen den einzelnen Pilzarten \u2013 zum Beispiel produzieren manche Austernpilze schwerere Fruchtk\u00f6rper als andere Sorten \u2013 aber mit diesen gro\u00dfen Bl\u00f6cken k\u00f6nnen Sie auf jeden Fall mit einer sch\u00f6nen, reichen ersten Ernte rechnen.<\/p>\n<p>Da die Bl\u00f6cke viele N\u00e4hrstoffe enthalten, k\u00f6nnen sie mehrere Ernten erm\u00f6glichen. Normalerweise sind 2-3 Ernten zu erwarten, aber mit Geduld und Ausdauer sind sogar noch mehr m\u00f6glich.<br \/>\n<strong>Die erste Ernte ist stets die gr\u00f6\u00dfte und schnellste, zwischen den nachfolgenden Ernten kann jedoch eine L\u00fccke von bis zu mehreren Wochen liegen.<\/strong><\/p>\n<p><strong>Wir garantieren Ihre erste Ernte!<\/strong><\/p>\n<p>Sollte sich 14 Tage nach dem \u00d6ffnen des Blocks nichts ver\u00e4ndert haben, senden Sie uns bitte ein Foto per E-Mail. Wir helfen Ihnen gerne weiter und senden Ihnen gegebenenfalls einen neuen Produktionsblock zu.<\/p>\n<p>Zus\u00e4tzlicher Tipp: Nach einigen Ernten wird der geerntete Block <strong>w\u00e4hrend der frostfreien Zeit<\/strong> Es empfiehlt sich, den Pilz an einem schattigen, gesch\u00fctzten Platz im Garten aufzustellen und feucht zu halten. Alternativ kann man ihn flach in die Erde legen und mit Laub oder geh\u00e4ckseltem Stroh bedecken. Dieser \u201ePilzfriedhof\u201d kann Sie bei der richtigen Temperatur oder nach einem starken Regen wieder mit frischen Pilzen \u00fcberraschen!<\/p>\n<\/div>\n<\/details>\n<h4 class=\"gs-h4\">Wie wurde es gemacht?<\/h4>\n<p>Der Anzuchtblock besteht aus nichts anderem als Stroh oder S\u00e4gemehl, das mit Pilzmyzel besiedelt ist. Aus der isolierten Pilzkultur haben wir zun\u00e4chst einen hochreinen, sogenannten Pilzkeim auf sterilisiertem Getreide gewonnen und diesen anschlie\u00dfend mit geh\u00e4ckseltem Stroh vermischt, um den Anzuchtblock herzustellen. Und jetzt kommt der spannende Teil!<\/p>\n<p>Das Myzel, das sich durch den Block schl\u00e4ngelt, ist ein lebender Organismus, der nach der Verdauung von N\u00e4hrstoffen nur noch auf die richtigen Umweltbedingungen wartet, um einen Fruchtk\u00f6rper, einen essbaren Pilz, zu bilden. Der Sauerstoff und die Feuchtigkeit, die beim \u00d6ffnen des Beutels freigesetzt werden, signalisieren dem Pilz, dass die Zeit gekommen ist.<\/p>\n<h4 class=\"gs-h4\">Lagerung<\/h4>\n<p><strong>Warnung: Wenn Sie es nicht innerhalb weniger Tage \u00f6ffnen, lagern Sie es im K\u00fchlschrank!<\/strong><\/p>\n<p>Ihr Kit enth\u00e4lt einen lebenden Organismus. Wir empfehlen Ihnen daher, es nach Erhalt zu \u00f6ffnen. Sollten Sie dazu keine M\u00f6glichkeit haben, k\u00f6nnen Sie es unge\u00f6ffnet 4 Wochen im K\u00fchlschrank aufbewahren. Der Stoffwechsel des Myzels verlangsamt sich in dieser Zeit deutlich.<\/p>\n<p>Die Ausnahme hiervon ist die <strong>Da es sich um einen rosa Austernpilz handelt, der ein tropischer, w\u00e4rmeliebender Pilz ist, kann das Set nicht im K\u00fchlschrank aufbewahrt werden.<\/strong> Unge\u00f6ffnet bis zu 4 Wochen bei Raumtemperatur lagerf\u00e4hig.<\/p>\n<p>Bei l\u00e4ngerer Lagerung oder bei Zimmertemperatur kann sich im Beutel Schimmel bilden. Die weitere Verwendung wird dadurch nicht beeintr\u00e4chtigt. Sollte sich der Schimmel in Reichweite unter der Schnittfl\u00e4che befinden, entfernen Sie ihn einfach.<\/p>\n<p>Ein Block, der l\u00e4ngere Zeit bei Raumtemperatur gelagert wird, verbraucht nach einiger Zeit alle verf\u00fcgbaren N\u00e4hrstoffe und beginnt dann langsam zu verrotten.<\/p>\n<h4 class=\"gs-h4\">Eine Bewertung wert<\/h4>\n<p>Machen Sie ein Foto von Ihrer Ernte! Wir senden Ihnen 14 Tage nach Ihrer Bestellung eine E-Mail, in der Sie Ihre Bestellung bewerten k\u00f6nnen.<strong> fotografisch <\/strong>Wir belohnen Sie mit einem 20%-Gutschein, der zeitlich unbegrenzt, frei einl\u00f6sbar und \u00fcbertragbar ist. Nutzen Sie ihn oder geben Sie ihn weiter!<\/p>","protected":false},"excerpt":{"rendered":"<p>&nbsp;<\/p>\n<p style=\"text-align: center;\">W\u00e4hlen Sie 2 beliebige Produktionsbl\u00f6cke und bestellen Sie diese mit einem Rabatt von 5%!<\/p>\n<p>&nbsp;<\/p>","protected":false},"featured_media":5749,"comment_status":"open","ping_status":"closed","template":"","meta":{"_acf_changed":false,"inline_featured_image":false,"_uag_custom_page_level_css":"","site-sidebar-layout":"default","site-content-layout":"","ast-site-content-layout":"default","site-content-style":"default","site-sidebar-style":"default","ast-global-header-display":"","ast-banner-title-visibility":"","ast-main-header-display":"","ast-hfb-above-header-display":"","ast-hfb-below-header-display":"","ast-hfb-mobile-header-display":"","site-post-title":"","ast-breadcrumbs-content":"","ast-featured-img":"","footer-sml-layout":"","ast-disable-related-posts":"","theme-transparent-header-meta":"default","adv-header-id-meta":"","stick-header-meta":"","header-above-stick-meta":"","header-main-stick-meta":"","header-below-stick-meta":"","astra-migrate-meta-layouts":"set","ast-page-background-enabled":"default","ast-page-background-meta":{"desktop":{"background-color":"var(--ast-global-color-4)","background-image":"","background-repeat":"repeat","background-position":"center center","background-size":"auto","background-attachment":"scroll","background-type":"","background-media":"","overlay-type":"","overlay-color":"","overlay-opacity":"","overlay-gradient":""},"tablet":{"background-color":"","background-image":"","background-repeat":"repeat","background-position":"center center","background-size":"auto","background-attachment":"scroll","background-type":"","background-media":"","overlay-type":"","overlay-color":"","overlay-opacity":"","overlay-gradient":""},"mobile":{"background-color":"","background-image":"","background-repeat":"repeat","background-position":"center center","background-size":"auto","background-attachment":"scroll","background-type":"","background-media":"","overlay-type":"","overlay-color":"","overlay-opacity":"","overlay-gradient":""}},"ast-content-background-meta":{"desktop":{"background-color":"var(--ast-global-color-5)","background-image":"","background-repeat":"repeat","background-position":"center center","background-size":"auto","background-attachment":"scroll","background-type":"","background-media":"","overlay-type":"","overlay-color":"","overlay-opacity":"","overlay-gradient":""},"tablet":{"background-color":"var(--ast-global-color-5)","background-image":"","background-repeat":"repeat","background-position":"center center","background-size":"auto","background-attachment":"scroll","background-type":"","background-media":"","overlay-type":"","overlay-color":"","overlay-opacity":"","overlay-gradient":""},"mobile":{"background-color":"var(--ast-global-color-5)","background-image":"","background-repeat":"repeat","background-position":"center center","background-size":"auto","background-attachment":"scroll","background-type":"","background-media":"","overlay-type":"","overlay-color":"","overlay-opacity":"","overlay-gradient":""}}},"product_brand":[],"product_cat":[85],"product_tag":[],"class_list":{"0":"post-5748","1":"product","2":"type-product","3":"status-publish","4":"has-post-thumbnail","6":"product_cat-termoblokkok","7":"desktop-align-center","8":"tablet-align-left","9":"mobile-align-left","11":"first","12":"instock","13":"sale","14":"sold-individually","15":"shipping-taxable","16":"purchasable","17":"product-type-woosb"},"acf":[],"uagb_featured_image_src":{"full":["https:\/\/growshroom.hu\/wp-content\/uploads\/2026\/01\/dupla-blokk-csomag.png",1000,1000,false],"thumbnail":["https:\/\/growshroom.hu\/wp-content\/uploads\/2026\/01\/dupla-blokk-csomag-150x150.png",150,150,true],"medium":["https:\/\/growshroom.hu\/wp-content\/uploads\/2026\/01\/dupla-blokk-csomag-300x300.png",300,300,true],"medium_large":["https:\/\/growshroom.hu\/wp-content\/uploads\/2026\/01\/dupla-blokk-csomag-768x768.png",768,768,true],"large":["https:\/\/growshroom.hu\/wp-content\/uploads\/2026\/01\/dupla-blokk-csomag.png",1000,1000,false],"1536x1536":["https:\/\/growshroom.hu\/wp-content\/uploads\/2026\/01\/dupla-blokk-csomag.png",1000,1000,false],"2048x2048":["https:\/\/growshroom.hu\/wp-content\/uploads\/2026\/01\/dupla-blokk-csomag.png",1000,1000,false],"trp-custom-language-flag":["https:\/\/growshroom.hu\/wp-content\/uploads\/2026\/01\/dupla-blokk-csomag-12x12.png",12,12,true],"woocommerce_thumbnail":["https:\/\/growshroom.hu\/wp-content\/uploads\/2026\/01\/dupla-blokk-csomag-300x300.png",300,300,true],"woocommerce_single":["https:\/\/growshroom.hu\/wp-content\/uploads\/2026\/01\/dupla-blokk-csomag-600x600.png",600,600,true],"woocommerce_gallery_thumbnail":["https:\/\/growshroom.hu\/wp-content\/uploads\/2026\/01\/dupla-blokk-csomag-100x100.png",100,100,true]},"uagb_author_info":{"display_name":"growshroom","author_link":"https:\/\/growshroom.hu\/de\/author"},"uagb_comment_info":0,"uagb_excerpt":"&nbsp; V\u00e1lassz 2 b\u00e1rmilyen term\u0151blokkot, \u00e9s rendeld meg 5% kedvezm\u00e9nnyel! &nbsp;","tiered_pricing_type":"fixed","tiered_pricing_fixed_rules":[],"tiered_pricing_product_settings":{"layout":"default","base_unit_name":{"singular":null,"plural":null},"default_variation":null},"tiered_pricing_minimum_quantity":null,"tiered_pricing_roles_data":[],"tiered_pricing_percentage_rules":[],"tiered_pricing_maximum_quantity":null,"tiered_pricing_quantity_step":null,"_links":{"self":[{"href":"https:\/\/growshroom.hu\/de\/wp-json\/wp\/v2\/product\/5748","targetHints":{"allow":["GET"]}}],"collection":[{"href":"https:\/\/growshroom.hu\/de\/wp-json\/wp\/v2\/product"}],"about":[{"href":"https:\/\/growshroom.hu\/de\/wp-json\/wp\/v2\/types\/product"}],"replies":[{"embeddable":true,"href":"https:\/\/growshroom.hu\/de\/wp-json\/wp\/v2\/comments?post=5748"}],"wp:featuredmedia":[{"embeddable":true,"href":"https:\/\/growshroom.hu\/de\/wp-json\/wp\/v2\/media\/5749"}],"wp:attachment":[{"href":"https:\/\/growshroom.hu\/de\/wp-json\/wp\/v2\/media?parent=5748"}],"wp:term":[{"taxonomy":"product_brand","embeddable":true,"href":"https:\/\/growshroom.hu\/de\/wp-json\/wp\/v2\/product_brand?post=5748"},{"taxonomy":"product_cat","embeddable":true,"href":"https:\/\/growshroom.hu\/de\/wp-json\/wp\/v2\/product_cat?post=5748"},{"taxonomy":"product_tag","embeddable":true,"href":"https:\/\/growshroom.hu\/de\/wp-json\/wp\/v2\/product_tag?post=5748"}],"curies":[{"name":"wp","href":"https:\/\/api.w.org\/{rel}","templated":true}]}}