{"id":3879,"date":"2025-08-05T15:12:40","date_gmt":"2025-08-05T13:12:40","guid":{"rendered":"https:\/\/growshroom.hu\/?post_type=product&#038;p=3879"},"modified":"2026-04-17T10:02:38","modified_gmt":"2026-04-17T08:02:38","slug":"aranysarga-laskagomba-keszlet-pleurotus-citrinopileatus","status":"publish","type":"product","link":"https:\/\/growshroom.hu\/de\/termekek\/aranysarga-laskagomba-keszlet-pleurotus-citrinopileatus","title":{"rendered":"Goldener Austernpilz (Pleurotus citrinopileatus)"},"content":{"rendered":"<details class=\"gs-acc\">\n<summary class=\"gs-h4\">Worin besteht der Unterschied zwischen Pflanzk\u00e4sten und Anzuchtbl\u00f6cken?<\/summary>\n<div class=\"gs-acc__content\">\n<p>Beide Produkte enthalten den gleichen 2,2 kg schweren Pflanzblock, aber die Sets werden zus\u00e4tzlich mit einer Geschenkbox und einer Spr\u00fchflasche geliefert und eignen sich daher ideal zum Verschenken.<\/p>\n<p>Zus\u00e4tzlich empfehlen wir die in Anzuchtsets erh\u00e4ltlichen Sorten f\u00fcr Anf\u00e4nger, w\u00e4hrend Sie auch fortgeschrittenere Sorten in Anzuchtbl\u00f6cken finden. Einige dieser Sorten gedeihen nicht gut auf der K\u00fcchenarbeitsplatte, sondern ben\u00f6tigen eine kontrollierte Umgebung. F\u00fcr beste Ergebnisse empfehlen wir einen Anzuchtraum oder ein Anzuchtzelt. Falls Sie die Temperatur nicht regulieren k\u00f6nnen, w\u00e4hlen Sie einen Anzuchtblock, der f\u00fcr Ihr Klima geeignet ist!<\/p>\n<p>Beim Anbau auf der K\u00fcchenarbeitsplatte ist die Verwendung von Anzuchtbl\u00f6cken genauso einfach wie die Verwendung von Anzuchtsets aus der Box.<\/p>\n<p>F\u00fcr detaillierte Informationen lesen Sie bitte die <a href=\"https:\/\/growshroom.hu\/de\/termoblokk-utmutato\/\">Produktionsblock-Leitfaden<\/a> Auf dieser Seite finden Sie Beschreibungen und Tipps zu jeder Sorte. Sollten Sie weitere Fragen haben, lesen Sie bitte die <a href=\"https:\/\/growshroom.hu\/de\/gyakran-ismetelt-kerdesek\/\">H\u00e4ufig gestellte Fragen<\/a> Seite oder schreiben Sie uns <a href=\"mailto:info@growshroom.hu\">per E-Mail<\/a>.<\/p>\n<\/div>\n<\/details>\n<details class=\"gs-acc\">\n<summary class=\"gs-h4\">Wie viele Pilze wird es produzieren?<\/summary>\n<div class=\"gs-acc__content\">\n<p>Unsere Produktionsbl\u00f6cke haben die \u00fcbliche Gr\u00f6\u00dfe f\u00fcr den kommerziellen Anbau. Diese 2,2 kg schweren Bl\u00f6cke liefern unter idealen Bedingungen bei der ersten Ernte durchschnittlich 400\u2013600 g frische Champignons.<\/p>\n<p>Der Ertrag wird ma\u00dfgeblich von den Wachstumsbedingungen beeinflusst. Beachten Sie daher bitte die empfohlenen Umgebungsbedingungen f\u00fcr die jeweilige Pilzart sowie die <a href=\"https:\/\/growshroom.hu\/de\/termoblokk-utmutato\/\">Produktblock im Leitfaden<\/a> wie beschrieben, um Entt\u00e4uschungen zu vermeiden.<\/p>\n<p>Nat\u00fcrlich gibt es Unterschiede zwischen den einzelnen Pilzarten \u2013 zum Beispiel produzieren manche Austernpilze schwerere Fruchtk\u00f6rper als andere Sorten \u2013 aber mit diesen gro\u00dfen Bl\u00f6cken k\u00f6nnen Sie auf jeden Fall mit einer sch\u00f6nen, reichen ersten Ernte rechnen.<\/p>\n<p>Da die Bl\u00f6cke viele N\u00e4hrstoffe enthalten, k\u00f6nnen sie mehrere Ernten erm\u00f6glichen. Normalerweise sind 2-3 Ernten zu erwarten, aber mit Geduld und Ausdauer sind sogar noch mehr m\u00f6glich.<br \/>\n<strong>Die erste Ernte ist stets die gr\u00f6\u00dfte und schnellste, zwischen den nachfolgenden Ernten kann jedoch eine L\u00fccke von bis zu mehreren Wochen liegen.<\/strong><\/p>\n<p><strong>Wir garantieren Ihre erste Ernte!<\/strong><\/p>\n<p>Sollte sich 14 Tage nach dem \u00d6ffnen des Blocks nichts ver\u00e4ndert haben, senden Sie uns bitte ein Foto per E-Mail. Wir helfen Ihnen gerne weiter und senden Ihnen gegebenenfalls einen neuen Produktionsblock zu.<\/p>\n<p>Zus\u00e4tzlicher Tipp: Nach einigen Ernten wird der geerntete Block <strong>w\u00e4hrend der frostfreien Zeit<\/strong> Es empfiehlt sich, den Pilz an einem schattigen, gesch\u00fctzten Platz im Garten aufzustellen und feucht zu halten. Alternativ kann man ihn flach in die Erde legen und mit Laub oder geh\u00e4ckseltem Stroh bedecken. Dieser \u201ePilzfriedhof\u201d kann Sie bei der richtigen Temperatur oder nach einem starken Regen wieder mit frischen Pilzen \u00fcberraschen!<\/p>\n<\/div>\n<\/details>\n<h4 class=\"gs-h4\">Sonnenaufgang auf Ihrem Teller<\/h4>\n<p>Der Goldausternpilz stammt urspr\u00fcnglich aus Ostasien. Sein Hut ist d\u00fcnn und weich, etwas zerbrechlich, w\u00e4hrend der Stiel dicker ist. Diese Zweiteilung bleibt auch beim Kochen erhalten: Der Hut wird knusprig, der Stiel bleibt fleischiger. Sein Geschmack ist mild, leicht s\u00fc\u00dflich und erinnert an Cashewn\u00fcsse. Er passt hervorragend zu leichten Gerichten der mediterranen K\u00fcche, Salaten, Pasta oder Beilagen.<\/p>\n<p><strong>Goldene Austernseitlinge wachsen etwas langsamer als andere Austernseitlinge. Sie bilden zun\u00e4chst B\u00fcschel, aus denen sich dann Keimlinge, also kleine Pilze, entwickeln. Machen Sie sich keine Sorgen, wenn Sie in den ersten 5\u20137 Tagen nach dem \u00d6ffnen keine gro\u00dfen Ver\u00e4nderungen feststellen k\u00f6nnen; das Myzel ist noch aktiv.<\/strong><\/p>\n<h4 class=\"gs-h4\">Wie wurde es gemacht?<\/h4>\n<p>Die Basis des Kits ist ein mit Austernpilzmyzel gewebter Stroh-Anzuchtblock. Aus der isolierten Pilzkultur haben wir zun\u00e4chst einen hochreinen Pilzspross auf sterilisiertem Getreide hergestellt und diesen dann mit geh\u00e4ckseltem Stroh zu einem Anzuchtblock vermischt. Den spannenden Teil \u00fcberlassen wir Ihnen!<\/p>\n<p>Das Myzel, das sich durch den Block schl\u00e4ngelt, ist ein lebender Organismus, der nach der Verdauung von N\u00e4hrstoffen nur noch auf die richtigen Umweltbedingungen wartet, um einen Fruchtk\u00f6rper, einen essbaren Pilz, zu bilden. Der Sauerstoff und die Feuchtigkeit, die beim \u00d6ffnen des Beutels freigesetzt werden, signalisieren dem Pilz, dass die Zeit gekommen ist.<\/p>\n<h4 class=\"gs-h4\">Garantierte Rendite<\/h4>\n<p>Bei regelm\u00e4\u00dfiger und ausreichender Feuchtigkeit liefern unsere Pilzzuchtsets zuverl\u00e4ssig bis zu 3-4 Mal mehr. Die erste Ernte wird innerhalb von 14 Tagen nach dem \u00d6ffnen des Blocks erwartet.<\/p>\n<p>Wir garantieren Ihre erste Ernte!<\/p>\n<p>Sollte sich nach 14 Tagen nach dem \u00d6ffnen des Kits keine Ver\u00e4nderung zeigen, senden Sie uns ein Bild per E-Mail und wir helfen Ihnen weiter und senden Ihnen gegebenenfalls ein neues Kit zu.<\/p>\n<p>Typischerweise ist jede nachfolgende Ernte etwas kleiner als die vorherige und erfolgt erst nach einem l\u00e4ngeren Zeitraum. <strong>Zwischen den einzelnen Ernten k\u00f6nnen mehrere Wochen vergehen, bitte haben Sie Geduld!<\/strong> Wie wir den Anbau zus\u00e4tzlicher Kulturen empfehlen, wird im Abschnitt erl\u00e4utert. <a href=\"https:\/\/growshroom.hu\/de\/reszletes-hasznalati-utmutato\/\">Ausf\u00fchrliche Bedienungsanleitung<\/a> du kannst lesen.<\/p>\n<h4 class=\"gs-h4\">Ein cleveres Geschenk<\/h4>\n<p>Egal, ob Sie Feinschmecker oder Hobbyg\u00e4rtner erfreuen m\u00f6chten, der Anblick von Pilzen, die Tag f\u00fcr Tag wachsen, kann Erwachsene und Kinder gleicherma\u00dfen beeindrucken!<\/p>\n<p><strong>Warnung: Wenn Sie es nicht innerhalb weniger Tage \u00f6ffnen, lagern Sie es im K\u00fchlschrank!<\/strong><\/p>\n<p>Ihr Kit enth\u00e4lt einen lebenden Organismus. Wir empfehlen Ihnen daher, es nach Erhalt zu \u00f6ffnen. Sollten Sie dazu keine M\u00f6glichkeit haben, k\u00f6nnen Sie es unge\u00f6ffnet 4 Wochen im K\u00fchlschrank aufbewahren. Der Stoffwechsel des Myzels verlangsamt sich in dieser Zeit deutlich.<\/p>\n<p>Bei l\u00e4ngerer Lagerung oder bei Zimmertemperatur kann sich im Beutel Schimmel bilden. Die weitere Verwendung wird dadurch nicht beeintr\u00e4chtigt. Sollte sich der Schimmel in Reichweite unter der Schnittfl\u00e4che befinden, entfernen Sie ihn einfach.<\/p>\n<p>Ein Block, der l\u00e4ngere Zeit bei Raumtemperatur gelagert wird, verbraucht nach einiger Zeit alle verf\u00fcgbaren N\u00e4hrstoffe und beginnt dann langsam zu verrotten.<\/p>\n<h4 class=\"gs-h4\">Eine Bewertung wert<\/h4>\n<p>Machen Sie ein Foto Ihrer Ernte! Wir senden Ihnen 14 Tage nach Ihrer Bestellung eine E-Mail, in der Sie den Bestand bewerten k\u00f6nnen. Alle<strong> fotografisch <\/strong>Wir belohnen Sie mit einem 20%-Gutschein, der zeitlich unbegrenzt, frei einl\u00f6sbar und \u00fcbertragbar ist. Nutzen Sie ihn oder geben Sie ihn weiter!<\/p>\n<h4 class=\"gs-h4\">Vergessen Sie nicht die Bedienungsanleitung!<\/h4>\n<p>Auf der R\u00fcckseite der Verpackung finden Sie auch eine kurze Anleitung. F\u00fcr optimale Ergebnisse empfehlen wir Ihnen jedoch, die Anleitung vor der Verwendung zu lesen. <a href=\"https:\/\/growshroom.hu\/de\/reszletes-hasznalati-utmutato-laskagomba\/\">Ausf\u00fchrliche Bedienungsanleitung<\/a> und die <a href=\"https:\/\/growshroom.hu\/de\/gyakran-ismetelt-kerdesek\/\">H\u00e4ufig gestellte Fragen<\/a> lese es auch.<\/p>","protected":false},"excerpt":{"rendered":"<p style=\"text-align: center;\">Werden Sie selbst zum Pilzz\u00fcchter <em>growshroom<\/em> Goldener Austernpilz (Pleurotus citrinopileatus) mit Set!<\/p>\n<p style=\"text-align: center;\"><img fetchpriority=\"high\" decoding=\"async\" class=\"aligncenter wp-image-3191\" src=\"https:\/\/growshroom.hu\/wp-content\/uploads\/2025\/06\/infografika.svg\" alt=\"growshroom gombatermeszt\u0151 k\u00e9szlet haszn\u00e1lata h\u00e1rom l\u00e9p\u00e9sben: 1. perfor\u00e1ci\u00f3 let\u00e9p\u00e9se, 2. X forma bev\u00e1g\u00e1sa a term\u0151blokkba, 3. v\u00edzzel permetez\u00e9s a mell\u00e9kelt sz\u00f3r\u00f3fejes \u00fcvegb\u0151l\" width=\"598\" height=\"141\" \/><\/p>\n<p style=\"text-align: center;\">\u00d6ffnen Sie die Schachtel an der Perforation, schneiden Sie ein X in den Beutel, bespr\u00fchen Sie ihn 2-3 Mal t\u00e4glich mit Wasser aus der mitgelieferten Spr\u00fchflasche und sehen Sie zu, wie sie wachsen!<\/p>","protected":false},"featured_media":4658,"comment_status":"open","ping_status":"closed","template":"","meta":{"_acf_changed":false,"inline_featured_image":false,"_uag_custom_page_level_css":"","site-sidebar-layout":"default","site-content-layout":"","ast-site-content-layout":"default","site-content-style":"default","site-sidebar-style":"default","ast-global-header-display":"","ast-banner-title-visibility":"","ast-main-header-display":"","ast-hfb-above-header-display":"","ast-hfb-below-header-display":"","ast-hfb-mobile-header-display":"","site-post-title":"","ast-breadcrumbs-content":"","ast-featured-img":"","footer-sml-layout":"","ast-disable-related-posts":"","theme-transparent-header-meta":"default","adv-header-id-meta":"","stick-header-meta":"","header-above-stick-meta":"","header-main-stick-meta":"","header-below-stick-meta":"","astra-migrate-meta-layouts":"set","ast-page-background-enabled":"default","ast-page-background-meta":{"desktop":{"background-color":"var(--ast-global-color-4)","background-image":"","background-repeat":"repeat","background-position":"center center","background-size":"auto","background-attachment":"scroll","background-type":"","background-media":"","overlay-type":"","overlay-color":"","overlay-opacity":"","overlay-gradient":""},"tablet":{"background-color":"","background-image":"","background-repeat":"repeat","background-position":"center center","background-size":"auto","background-attachment":"scroll","background-type":"","background-media":"","overlay-type":"","overlay-color":"","overlay-opacity":"","overlay-gradient":""},"mobile":{"background-color":"","background-image":"","background-repeat":"repeat","background-position":"center center","background-size":"auto","background-attachment":"scroll","background-type":"","background-media":"","overlay-type":"","overlay-color":"","overlay-opacity":"","overlay-gradient":""}},"ast-content-background-meta":{"desktop":{"background-color":"var(--ast-global-color-5)","background-image":"","background-repeat":"repeat","background-position":"center center","background-size":"auto","background-attachment":"scroll","background-type":"","background-media":"","overlay-type":"","overlay-color":"","overlay-opacity":"","overlay-gradient":""},"tablet":{"background-color":"var(--ast-global-color-5)","background-image":"","background-repeat":"repeat","background-position":"center center","background-size":"auto","background-attachment":"scroll","background-type":"","background-media":"","overlay-type":"","overlay-color":"","overlay-opacity":"","overlay-gradient":""},"mobile":{"background-color":"var(--ast-global-color-5)","background-image":"","background-repeat":"repeat","background-position":"center center","background-size":"auto","background-attachment":"scroll","background-type":"","background-media":"","overlay-type":"","overlay-color":"","overlay-opacity":"","overlay-gradient":""}}},"product_brand":[],"product_cat":[26],"product_tag":[],"class_list":{"0":"post-3879","1":"product","2":"type-product","3":"status-publish","4":"has-post-thumbnail","6":"product_cat-dobozos-keszletek","7":"desktop-align-center","8":"tablet-align-left","9":"mobile-align-left","11":"first","12":"instock","13":"shipping-taxable","14":"purchasable","15":"product-type-simple"},"acf":[],"uagb_featured_image_src":{"full":["https:\/\/growshroom.hu\/wp-content\/uploads\/2025\/08\/arany-frontuveg.jpeg",1536,2048,false],"thumbnail":["https:\/\/growshroom.hu\/wp-content\/uploads\/2025\/08\/arany-frontuveg-150x150.jpeg",150,150,true],"medium":["https:\/\/growshroom.hu\/wp-content\/uploads\/2025\/08\/arany-frontuveg-225x300.jpeg",225,300,true],"medium_large":["https:\/\/growshroom.hu\/wp-content\/uploads\/2025\/08\/arany-frontuveg-768x1024.jpeg",768,1024,true],"large":["https:\/\/growshroom.hu\/wp-content\/uploads\/2025\/08\/arany-frontuveg-768x1024.jpeg",768,1024,true],"1536x1536":["https:\/\/growshroom.hu\/wp-content\/uploads\/2025\/08\/arany-frontuveg-1152x1536.jpeg",1152,1536,true],"2048x2048":["https:\/\/growshroom.hu\/wp-content\/uploads\/2025\/08\/arany-frontuveg.jpeg",1536,2048,false],"trp-custom-language-flag":["https:\/\/growshroom.hu\/wp-content\/uploads\/2025\/08\/arany-frontuveg-9x12.jpeg",9,12,true],"woocommerce_thumbnail":["https:\/\/growshroom.hu\/wp-content\/uploads\/2025\/08\/arany-frontuveg-300x400.jpeg",300,400,true],"woocommerce_single":["https:\/\/growshroom.hu\/wp-content\/uploads\/2025\/08\/arany-frontuveg-600x800.jpeg",600,800,true],"woocommerce_gallery_thumbnail":["https:\/\/growshroom.hu\/wp-content\/uploads\/2025\/08\/arany-frontuveg-100x100.jpeg",100,100,true]},"uagb_author_info":{"display_name":"growshroom","author_link":"https:\/\/growshroom.hu\/de\/author"},"uagb_comment_info":7,"uagb_excerpt":"V\u00e1lj te is gombatermeszt\u0151v\u00e9 a growshroom Aranys\u00e1rga laskagomba (Pleurotus citrinopileatus) k\u00e9szlettel! Nyisd ki a dobozt a perfor\u00e1ci\u00f3n\u00e1l, v\u00e1gj egy X-et a zacsk\u00f3ba, f\u00fajd be v\u00edzzel a mell\u00e9kelt sz\u00f3r\u00f3fejes \u00fcvegb\u0151l 2-3 alkalommal naponta, \u00e9s n\u00e9zd ahogy n\u0151nek!","tiered_pricing_type":"fixed","tiered_pricing_fixed_rules":[],"tiered_pricing_product_settings":{"layout":"default","base_unit_name":{"singular":null,"plural":null},"default_variation":null},"tiered_pricing_minimum_quantity":null,"tiered_pricing_roles_data":[],"tiered_pricing_percentage_rules":[],"tiered_pricing_maximum_quantity":null,"tiered_pricing_quantity_step":null,"_links":{"self":[{"href":"https:\/\/growshroom.hu\/de\/wp-json\/wp\/v2\/product\/3879","targetHints":{"allow":["GET"]}}],"collection":[{"href":"https:\/\/growshroom.hu\/de\/wp-json\/wp\/v2\/product"}],"about":[{"href":"https:\/\/growshroom.hu\/de\/wp-json\/wp\/v2\/types\/product"}],"replies":[{"embeddable":true,"href":"https:\/\/growshroom.hu\/de\/wp-json\/wp\/v2\/comments?post=3879"}],"wp:featuredmedia":[{"embeddable":true,"href":"https:\/\/growshroom.hu\/de\/wp-json\/wp\/v2\/media\/4658"}],"wp:attachment":[{"href":"https:\/\/growshroom.hu\/de\/wp-json\/wp\/v2\/media?parent=3879"}],"wp:term":[{"taxonomy":"product_brand","embeddable":true,"href":"https:\/\/growshroom.hu\/de\/wp-json\/wp\/v2\/product_brand?post=3879"},{"taxonomy":"product_cat","embeddable":true,"href":"https:\/\/growshroom.hu\/de\/wp-json\/wp\/v2\/product_cat?post=3879"},{"taxonomy":"product_tag","embeddable":true,"href":"https:\/\/growshroom.hu\/de\/wp-json\/wp\/v2\/product_tag?post=3879"}],"curies":[{"name":"wp","href":"https:\/\/api.w.org\/{rel}","templated":true}]}}