{"id":5668,"date":"2026-01-20T23:31:57","date_gmt":"2026-01-20T21:31:57","guid":{"rendered":"https:\/\/growshroom.hu\/?post_type=product&#038;p=5668"},"modified":"2026-04-08T11:55:25","modified_gmt":"2026-04-08T09:55:25","slug":"ordogszeker-laskagomba-xl-termoblokk-pleurotus-eryngii","status":"publish","type":"product","link":"https:\/\/growshroom.hu\/da\/termekek\/ordogszeker-laskagomba-xl-termoblokk-pleurotus-eryngii","title":{"rendered":"Dj\u00e6vlevogns\u00f8stersmushvirvel XL frugtblok (Pleurotus eryngii)"},"content":{"rendered":"<details class=\"gs-acc\">\n<summary class=\"gs-h4\">Hvad er forskellen p\u00e5 bokss\u00e6t, v\u00e6kstblokke og XL-v\u00e6kstblokke?<\/summary>\n<div class=\"gs-acc__content\">\n<p>\u00c6skes\u00e6ttene og de almindelige dyrkningsblokke vejer 2,2 kilogram, og s\u00e6ttene leveres med en gave\u00e6ske og sprayflaske, hvilket g\u00f8r dem ideelle at give som gave.<\/p>\n<p><strong>XL-v\u00e6kstblokke vejer 4,5 kilogram, dobbelt s\u00e5 store som almindelige blokke. Fordi de indeholder mere substrat og n\u00e6ringsstoffer, kan de producere st\u00f8rre afgr\u00f8der og give et h\u00f8jere samlet udbytte.<\/strong><\/p>\n<p>XL-blokke producerer ikke hurtigere, men de producerer mere rigeligt.<\/p>\n<p>Derudover anbefales de sorter, der f\u00e5s i pakkes\u00e6t, til begyndere, mens du ogs\u00e5 kan finde mere avancerede sorter i v\u00e6kstblokke. Nogle af disse vil ikke trives p\u00e5 en k\u00f8kkenbordplade, de kr\u00e6ver et kontrolleret milj\u00f8. For at opn\u00e5 de bedste resultater anbefaler vi at bruge et v\u00e6kstrum eller et v\u00e6ksttelt. Hvis du ikke har mulighed for at kontrollere temperaturen, skal du v\u00e6lge en blok, der er egnet til dit klima!<\/p>\n<p>N\u00e5r man dyrker p\u00e5 k\u00f8kkenbordet, er det lige s\u00e5 nemt at bruge v\u00e6kstblokke som at bruge pakkede s\u00e6t.<\/p>\n<p>For detaljerede oplysninger, l\u00e6s venligst <a href=\"https:\/\/growshroom.hu\/da\/termoblokk-utmutato\/\">Vejledning til produktionsblok<\/a> side, hvor du finder beskrivelser og tips til hver sort. Hvis du har yderligere sp\u00f8rgsm\u00e5l, bedes du l\u00e6se <a href=\"https:\/\/growshroom.hu\/da\/gyakran-ismetelt-kerdesek\/\">Ofte stillede sp\u00f8rgsm\u00e5l<\/a> side eller skriv til os <a href=\"mailto:info@growshroom.hu\">via e-mail<\/a>.<\/p>\n<\/div>\n<\/details>\n<details class=\"gs-acc\">\n<summary class=\"gs-h4\">Hvor mange svampe vil det producere?<\/summary>\n<div class=\"gs-acc__content\">\n<p>Disse ekstra store blokke p\u00e5 4,5 kg vil under ideelle forhold give n\u00e6sten dobbelt s\u00e5 meget som almindelige blokke, med et gennemsnit p\u00e5 800-1200 g friske svampe i den f\u00f8rste h\u00f8st.<\/p>\n<p>Udbyttet p\u00e5virkes betydeligt af v\u00e6kstforholdene, s\u00e5 v\u00e6r opm\u00e6rksom p\u00e5 det anbefalede milj\u00f8 for den givne svampeart, samt <a href=\"https:\/\/growshroom.hu\/da\/termoblokk-utmutato\/\">Produktblok i guiden<\/a> som beskrevet for at undg\u00e5 skuffelse.<\/p>\n<p>Der er selvf\u00f8lgelig forskelle mellem de enkelte svampearter \u2013 for eksempel producerer nogle \u00f8stershatte tungere frugtlegemer end andre sorter \u2013 men med disse store blokke kan du helt sikkert regne med en flot og rigelig f\u00f8rste h\u00f8st.<\/p>\n<p>Da blokkene indeholder en h\u00f8j m\u00e6ngde n\u00e6ringsstoffer, kan de producere flere afgr\u00f8der. Typisk kan du forvente 2-3 afgr\u00f8der, men hvis du er t\u00e5lmodig og vedholdende, kan du endda f\u00e5 flere.<br \/>\n<strong>Den f\u00f8rste h\u00f8st er altid den st\u00f8rste og hurtigste, men der kan v\u00e6re et hul p\u00e5 op til flere uger mellem efterf\u00f8lgende h\u00f8ster.<\/strong><\/p>\n<p><strong>Vi garanterer din f\u00f8rste h\u00f8st!<\/strong><\/p>\n<p>Hvis der ikke har v\u00e6ret nogen \u00e6ndring 14 dage efter \u00e5bning af blokken, s\u00e5 send os et billede via e-mail, s\u00e5 hj\u00e6lper vi dig, og om n\u00f8dvendigt sender vi dig en ny produktionsblok.<\/p>\n<p>Ekstra tip: efter et par h\u00f8ster, den h\u00f8stede blok <strong>i den frostfri periode<\/strong> Det er v\u00e6rd at placere den et skyggefuldt, beskyttet sted i haven og holde den fugtig. Du kan ogs\u00e5 placere den lavt i jorden og d\u00e6kke den med blade eller hakket halm. Denne &quot;svampekirkeg\u00e5rd&quot; kan overraske dig igen med friske svampe ved den rette temperatur eller efter kraftig regn!<\/p>\n<\/div>\n<\/details>\n<h4 class=\"gs-h4\">L\u00e6nge leve kongen<\/h4>\n<p>Dj\u00e6vlehjulshatten, eller konge\u00f8stershatten, er en favorit inden for gastronomi verden over. I mods\u00e6tning til andre \u00f8stershatte har den en tyk, cylindrisk stilk og en lille h\u00e6tte. Den kan let formes og sk\u00e6res i skiver. Dens tykke stilk karamelliserer s\u00e6rligt godt, n\u00e5r den sk\u00e6res i skiver og grilles, samtidig med at den bevarer sin saftighed. Dens tekstur forbliver stabil, selv efter bagning. Dens smag er let n\u00f8ddeagtig, umami, og dens tekstur er ekstremt k\u00f8dfuld og t\u00e6t, hvilket er grunden til, at den ofte bruges som k\u00f8derstatning.<\/p>\n<p><strong>Avancerede arter, s\u00f8rg for at l\u00e6se <a href=\"http:\/\/growshroom.hu\/da\/termoblokk-utmutato\/\">Produktblok i guiden<\/a> findes i sortsbeskrivelsen.<\/strong><\/p>\n<p><strong>S\u00f8rg for at du kan opbevare den ved en passende temperatur under 20 \u00b0C i hele v\u00e6kstperioden, da konge\u00f8stershatten ved h\u00f8jere temperaturer vil vokse svagere eller i en forvr\u00e6nget form.<\/strong><\/p>\n<h4 class=\"gs-h4\">Hvordan blev den lavet?<\/h4>\n<p>Fr\u00f8blokken er intet andet end halm eller savsmuld koloniseret med svampemycelium. Fra den isolerede svampekultur fremstillede vi f\u00f8rst en s\u00e5kaldt svampekim af h\u00f8j renhed p\u00e5 steriliseret korn, og blandede den derefter med hakket halm for at skabe en fr\u00f8blok. Vi overlod den sp\u00e6ndende del til dig!<\/p>\n<p>Myceliet, der v\u00e6ver sig gennem blokken, er en levende organisme, der efter at have ford\u00f8jet n\u00e6ringsstoffer blot venter p\u00e5 de rette milj\u00f8forhold for at danne et frugtlegeme, en spiselig svamp. Ilten og fugtigheden, der f\u00f8lger med \u00e5bningen af \u200b\u200bposen, signalerer svampen, at tiden er inde.<\/p>\n<h4 class=\"gs-h4\">Opbevaring<\/h4>\n<p><strong>Advarsel: Hvis du ikke \u00e5bner den inden for et par dage, skal du opbevare den i k\u00f8leskabet!<\/strong><\/p>\n<p>Dit kit indeholder en levende organisme, s\u00e5 vi anbefaler, at du \u00e5bner det ved modtagelsen. Hvis du ikke har mulighed for det, kan du opbevare det u\u00e5bnet i k\u00f8leskabet i 4 uger. Myceliets metabolisme aftager betydeligt i l\u00f8bet af denne tid.<\/p>\n<p>Ved l\u00e6ngere tids opbevaring eller ved stuetemperatur kan der begynde at vokse skimmelsvamp inde i posen. Dette vil ikke p\u00e5virke videre brug. Hvis skimmelsvampen er inden for r\u00e6kkevidde under det omr\u00e5de, du sk\u00e6rer, skal du blot fjerne den.<\/p>\n<p>En blok, der opbevares ved stuetemperatur i lang tid, vil efter et stykke tid forbruge alle tilg\u00e6ngelige n\u00e6ringsstoffer og derefter langsomt begynde at nedbrydes.<\/p>\n<h4 class=\"gs-h4\">V\u00e6rd at evaluere<\/h4>\n<p>Tag et billede af din afgr\u00f8de! Vi sender dig en e-mail 14 dage efter din bestilling, s\u00e5 du kan bed\u00f8mme din ordre.<strong> fotografisk <\/strong>Vi bel\u00f8nner dig med en 20%-kupon, der ikke udl\u00f8ber, er frit anvendelig og kan overf\u00f8res. Brug den, eller giv den videre!<\/p>","protected":false},"excerpt":{"rendered":"<div class=\"gs-specs\"><\/div>","protected":false},"featured_media":5669,"comment_status":"open","ping_status":"closed","template":"","meta":{"_acf_changed":false,"inline_featured_image":false,"_uag_custom_page_level_css":"","site-sidebar-layout":"default","site-content-layout":"","ast-site-content-layout":"default","site-content-style":"default","site-sidebar-style":"default","ast-global-header-display":"","ast-banner-title-visibility":"","ast-main-header-display":"","ast-hfb-above-header-display":"","ast-hfb-below-header-display":"","ast-hfb-mobile-header-display":"","site-post-title":"","ast-breadcrumbs-content":"","ast-featured-img":"","footer-sml-layout":"","ast-disable-related-posts":"","theme-transparent-header-meta":"default","adv-header-id-meta":"","stick-header-meta":"","header-above-stick-meta":"","header-main-stick-meta":"","header-below-stick-meta":"","astra-migrate-meta-layouts":"set","ast-page-background-enabled":"default","ast-page-background-meta":{"desktop":{"background-color":"var(--ast-global-color-4)","background-image":"","background-repeat":"repeat","background-position":"center center","background-size":"auto","background-attachment":"scroll","background-type":"","background-media":"","overlay-type":"","overlay-color":"","overlay-opacity":"","overlay-gradient":""},"tablet":{"background-color":"","background-image":"","background-repeat":"repeat","background-position":"center center","background-size":"auto","background-attachment":"scroll","background-type":"","background-media":"","overlay-type":"","overlay-color":"","overlay-opacity":"","overlay-gradient":""},"mobile":{"background-color":"","background-image":"","background-repeat":"repeat","background-position":"center center","background-size":"auto","background-attachment":"scroll","background-type":"","background-media":"","overlay-type":"","overlay-color":"","overlay-opacity":"","overlay-gradient":""}},"ast-content-background-meta":{"desktop":{"background-color":"var(--ast-global-color-5)","background-image":"","background-repeat":"repeat","background-position":"center center","background-size":"auto","background-attachment":"scroll","background-type":"","background-media":"","overlay-type":"","overlay-color":"","overlay-opacity":"","overlay-gradient":""},"tablet":{"background-color":"var(--ast-global-color-5)","background-image":"","background-repeat":"repeat","background-position":"center center","background-size":"auto","background-attachment":"scroll","background-type":"","background-media":"","overlay-type":"","overlay-color":"","overlay-opacity":"","overlay-gradient":""},"mobile":{"background-color":"var(--ast-global-color-5)","background-image":"","background-repeat":"repeat","background-position":"center center","background-size":"auto","background-attachment":"scroll","background-type":"","background-media":"","overlay-type":"","overlay-color":"","overlay-opacity":"","overlay-gradient":""}}},"product_brand":[],"product_cat":[88],"product_tag":[],"class_list":{"0":"post-5668","1":"product","2":"type-product","3":"status-publish","4":"has-post-thumbnail","6":"product_cat-xl-termoblokkok","7":"desktop-align-center","8":"tablet-align-left","9":"mobile-align-left","11":"first","12":"outofstock","13":"shipping-taxable","14":"purchasable","15":"product-type-simple"},"acf":[],"uagb_featured_image_src":{"full":["https:\/\/growshroom.hu\/wp-content\/uploads\/2026\/01\/king_XL.png",1080,1080,false],"thumbnail":["https:\/\/growshroom.hu\/wp-content\/uploads\/2026\/01\/king_XL-150x150.png",150,150,true],"medium":["https:\/\/growshroom.hu\/wp-content\/uploads\/2026\/01\/king_XL-300x300.png",300,300,true],"medium_large":["https:\/\/growshroom.hu\/wp-content\/uploads\/2026\/01\/king_XL-768x768.png",768,768,true],"large":["https:\/\/growshroom.hu\/wp-content\/uploads\/2026\/01\/king_XL-1024x1024.png",1024,1024,true],"1536x1536":["https:\/\/growshroom.hu\/wp-content\/uploads\/2026\/01\/king_XL.png",1080,1080,false],"2048x2048":["https:\/\/growshroom.hu\/wp-content\/uploads\/2026\/01\/king_XL.png",1080,1080,false],"trp-custom-language-flag":["https:\/\/growshroom.hu\/wp-content\/uploads\/2026\/01\/king_XL-12x12.png",12,12,true],"woocommerce_thumbnail":["https:\/\/growshroom.hu\/wp-content\/uploads\/2026\/01\/king_XL-300x300.png",300,300,true],"woocommerce_single":["https:\/\/growshroom.hu\/wp-content\/uploads\/2026\/01\/king_XL-600x600.png",600,600,true],"woocommerce_gallery_thumbnail":["https:\/\/growshroom.hu\/wp-content\/uploads\/2026\/01\/king_XL-100x100.png",100,100,true]},"uagb_author_info":{"display_name":"growshroom","author_link":"https:\/\/growshroom.hu\/da\/author"},"uagb_comment_info":0,"uagb_excerpt":"[termesztesi_adatok]","tiered_pricing_type":"fixed","tiered_pricing_fixed_rules":[],"tiered_pricing_product_settings":{"layout":"default","base_unit_name":{"singular":null,"plural":null},"default_variation":null},"tiered_pricing_minimum_quantity":null,"tiered_pricing_roles_data":[],"tiered_pricing_percentage_rules":[],"tiered_pricing_maximum_quantity":null,"tiered_pricing_quantity_step":null,"_links":{"self":[{"href":"https:\/\/growshroom.hu\/da\/wp-json\/wp\/v2\/product\/5668","targetHints":{"allow":["GET"]}}],"collection":[{"href":"https:\/\/growshroom.hu\/da\/wp-json\/wp\/v2\/product"}],"about":[{"href":"https:\/\/growshroom.hu\/da\/wp-json\/wp\/v2\/types\/product"}],"replies":[{"embeddable":true,"href":"https:\/\/growshroom.hu\/da\/wp-json\/wp\/v2\/comments?post=5668"}],"wp:featuredmedia":[{"embeddable":true,"href":"https:\/\/growshroom.hu\/da\/wp-json\/wp\/v2\/media\/5669"}],"wp:attachment":[{"href":"https:\/\/growshroom.hu\/da\/wp-json\/wp\/v2\/media?parent=5668"}],"wp:term":[{"taxonomy":"product_brand","embeddable":true,"href":"https:\/\/growshroom.hu\/da\/wp-json\/wp\/v2\/product_brand?post=5668"},{"taxonomy":"product_cat","embeddable":true,"href":"https:\/\/growshroom.hu\/da\/wp-json\/wp\/v2\/product_cat?post=5668"},{"taxonomy":"product_tag","embeddable":true,"href":"https:\/\/growshroom.hu\/da\/wp-json\/wp\/v2\/product_tag?post=5668"}],"curies":[{"name":"wp","href":"https:\/\/api.w.org\/{rel}","templated":true}]}}