{"id":1904,"date":"2025-06-16T23:52:03","date_gmt":"2025-06-16T23:52:03","guid":{"rendered":"https:\/\/lightpink-jackal-170062.hostingersite.com\/?post_type=product&#038;p=1904"},"modified":"2026-04-11T20:48:47","modified_gmt":"2026-04-11T18:48:47","slug":"szurke-laskagomba-keszlet","status":"publish","type":"product","link":"https:\/\/growshroom.hu\/da\/termekek\/szurke-laskagomba-keszlet","title":{"rendered":"Gr\u00e5 \u00f8stershatte (Pleurotus ostreatus)"},"content":{"rendered":"<h4><img fetchpriority=\"high\" decoding=\"async\" class=\"aligncenter wp-image-4849\" src=\"https:\/\/growshroom.hu\/wp-content\/uploads\/2025\/11\/szurke-laska-uj-doboz-gif-1.gif\" alt=\"sz\u00fcrke laskagomba timelapse gif\" width=\"567\" height=\"708\" \/><\/h4>\n<details class=\"gs-acc\">\n<summary class=\"gs-h4\">Hvad er forskellen p\u00e5 bokss\u00e6t og v\u00e6kstblokke?<\/summary>\n<div class=\"gs-acc__content\">\n<p>Begge produkter indeholder den samme 2,2 kg dyrkningsblok, men s\u00e6ttene leveres ogs\u00e5 med en gave\u00e6ske og en sprayflaske, s\u00e5 de er ideelle at give som gave.<\/p>\n<p>Derudover anbefales de sorter, der f\u00e5s i pakkes\u00e6t, til begyndere, mens du ogs\u00e5 kan finde mere avancerede sorter i v\u00e6kstblokke. Nogle af disse vil ikke trives p\u00e5 en k\u00f8kkenbordplade, de kr\u00e6ver et kontrolleret milj\u00f8. For at opn\u00e5 de bedste resultater anbefaler vi at bruge et v\u00e6kstrum eller et v\u00e6ksttelt. Hvis du ikke har mulighed for at kontrollere temperaturen, skal du v\u00e6lge en blok, der er egnet til dit klima!<\/p>\n<p>N\u00e5r man dyrker p\u00e5 k\u00f8kkenbordet, er det lige s\u00e5 nemt at bruge v\u00e6kstblokke som at bruge pakkede s\u00e6t.<\/p>\n<p>For detaljerede oplysninger, l\u00e6s venligst <a href=\"https:\/\/growshroom.hu\/da\/termoblokk-utmutato\/\">Vejledning til produktionsblok<\/a> side, hvor du finder beskrivelser og tips til hver sort. Hvis du har yderligere sp\u00f8rgsm\u00e5l, bedes du l\u00e6se <a href=\"https:\/\/growshroom.hu\/da\/gyakran-ismetelt-kerdesek\/\">Ofte stillede sp\u00f8rgsm\u00e5l<\/a> side eller skriv til os <a href=\"mailto:info@growshroom.hu\">via e-mail<\/a>.<\/p>\n<\/div>\n<\/details>\n<details class=\"gs-acc\">\n<summary class=\"gs-h4\">Hvor mange svampe vil det producere?<\/summary>\n<div class=\"gs-acc__content\">\n<p>Vores produktionsblokke er i kommerciel st\u00f8rrelse. Disse blokke p\u00e5 2,2 kg giver i gennemsnit 400-600 g friske svampe i l\u00f8bet af den f\u00f8rste h\u00f8st under ideelle forhold.<\/p>\n<p>Udbyttet p\u00e5virkes betydeligt af v\u00e6kstforholdene, s\u00e5 v\u00e6r opm\u00e6rksom p\u00e5 det anbefalede milj\u00f8 for den givne svampeart, samt <a href=\"https:\/\/growshroom.hu\/da\/termoblokk-utmutato\/\">Produktblok i guiden<\/a> som beskrevet for at undg\u00e5 skuffelse.<\/p>\n<p>Der er selvf\u00f8lgelig forskelle mellem de enkelte svampearter \u2013 for eksempel producerer nogle \u00f8stershatte tungere frugtlegemer end andre sorter \u2013 men med disse store blokke kan du helt sikkert regne med en flot og rigelig f\u00f8rste h\u00f8st.<\/p>\n<p>Da blokkene indeholder en h\u00f8j m\u00e6ngde n\u00e6ringsstoffer, kan de producere flere afgr\u00f8der. Typisk kan du forvente 2-3 afgr\u00f8der, men hvis du er t\u00e5lmodig og vedholdende, kan du endda f\u00e5 flere.<br \/>\n<strong>Den f\u00f8rste h\u00f8st er altid den st\u00f8rste og hurtigste, men der kan v\u00e6re et hul p\u00e5 op til flere uger mellem efterf\u00f8lgende h\u00f8ster.<\/strong><\/p>\n<p><strong>Vi garanterer din f\u00f8rste h\u00f8st!<\/strong><\/p>\n<p>Hvis der ikke har v\u00e6ret nogen \u00e6ndring 14 dage efter \u00e5bning af blokken, s\u00e5 send os et billede via e-mail, s\u00e5 hj\u00e6lper vi dig, og om n\u00f8dvendigt sender vi dig en ny produktionsblok.<\/p>\n<p>Ekstra tip: efter et par h\u00f8ster, den h\u00f8stede blok <strong>i den frostfri periode<\/strong> Det er v\u00e6rd at placere den et skyggefuldt, beskyttet sted i haven og holde den fugtig. Du kan ogs\u00e5 placere den lavt i jorden og d\u00e6kke den med blade eller hakket halm. Denne &quot;svampekirkeg\u00e5rd&quot; kan overraske dig igen med friske svampe ved den rette temperatur eller efter kraftig regn!<\/p>\n<\/div>\n<\/details>\n<h4 class=\"gs-h4\">Den klassiske<\/h4>\n<p>Denne svamp er kun gr\u00e5 i navnet! Det er en af \u200b\u200bde mest almindelige \u00f8stershatte i verden, ogs\u00e5 kaldet den sene \u00f8stershatte. Den er k\u00f8dfuld og elastisk og bevarer sin tekstur selv efter tilberedning. Den kan steges spr\u00f8d, is\u00e6r n\u00e5r den sk\u00e6res i tynde skiver. Dens smag er mild, let n\u00f8ddeagtig.<\/p>\n<h4 class=\"gs-h4\">Hvordan blev den lavet?<\/h4>\n<p>Grundlaget for s\u00e6ttet er en halmdyrkningsblok v\u00e6vet med \u00f8stershattemycelium. Fra den isolerede svampekultur lavede vi f\u00f8rst en svampespire af h\u00f8j renhed p\u00e5 steriliseret korn, og blandede den derefter med hakket halm for at skabe en dyrkningsblok. Vi overlod den sp\u00e6ndende del til dig!<\/p>\n<p>Myceliet, der v\u00e6ver sig gennem blokken, er en levende organisme, der efter at have ford\u00f8jet n\u00e6ringsstoffer blot venter p\u00e5 de rette milj\u00f8forhold for at danne et frugtlegeme, en spiselig svamp. Ilten og fugtigheden, der f\u00f8lger med \u00e5bningen af \u200b\u200bposen, signalerer svampen, at tiden er inde.<\/p>\n<h4 class=\"gs-h4\">Garanteret afkast<\/h4>\n<p>Med regelm\u00e6ssig og tilstr\u00e6kkelig fugtighed vil vores svampedyrkningss\u00e6t producere p\u00e5lideligt, op til 3-4 gange. Den f\u00f8rste h\u00f8st forventes inden for 14 dage efter \u00e5bning af blokken.<\/p>\n<p>Vi garanterer din f\u00f8rste h\u00f8st!<\/p>\n<p>Hvis der ikke er nogen \u00e6ndring inden for 14 dage efter \u00e5bning af s\u00e6ttet, s\u00e5 send os et billede via e-mail, s\u00e5 hj\u00e6lper vi dig og sender dig om n\u00f8dvendigt et nyt s\u00e6t.<\/p>\n<p>Typisk er hver efterf\u00f8lgende afgr\u00f8de lidt mindre end den foreg\u00e5ende og vises efter en l\u00e6ngere periode. <strong>Det kan tage flere uger mellem hver h\u00f8st, v\u00e6r t\u00e5lmodig!<\/strong> Hvordan vi anbefaler at starte yderligere afgr\u00f8der, er forklaret i <a href=\"https:\/\/growshroom.hu\/da\/reszletes-hasznalati-utmutato\/\">Detaljeret brugermanual<\/a> du kan l\u00e6se.<\/p>\n<h4 class=\"gs-h4\">En smart gave<\/h4>\n<p>Uanset om du vil gl\u00e6de gourmeter eller hobbygartnere, kan synet af svampe, der vokser dag for dag, imponere b\u00e5de voksne og b\u00f8rn!<\/p>\n<p><strong>Advarsel: Hvis du ikke \u00e5bner den inden for et par dage, skal du opbevare den i k\u00f8leskabet!<\/strong><\/p>\n<p>Dit kit indeholder en levende organisme, s\u00e5 vi anbefaler, at du \u00e5bner det ved modtagelsen. Hvis du ikke har mulighed for det, kan du opbevare det u\u00e5bnet i k\u00f8leskabet i 4 uger. Myceliets metabolisme aftager betydeligt i l\u00f8bet af denne tid.<\/p>\n<p>Ved l\u00e6ngere tids opbevaring eller ved stuetemperatur kan der begynde at vokse skimmelsvamp inde i posen. Dette vil ikke p\u00e5virke videre brug. Hvis skimmelsvampen er inden for r\u00e6kkevidde under det omr\u00e5de, du sk\u00e6rer, skal du blot fjerne den.<\/p>\n<p>En blok, der opbevares ved stuetemperatur i lang tid, vil efter et stykke tid forbruge alle tilg\u00e6ngelige n\u00e6ringsstoffer og derefter langsomt begynde at nedbrydes.<\/p>\n<h4 class=\"gs-h4\">V\u00e6rd at evaluere<\/h4>\n<p>Tag et billede af din h\u00f8st! Vi sender dig en e-mail 14 dage efter din ordreafgivelse, s\u00e5 du kan vurdere lagerbeholdningen.<strong> fotografisk <\/strong>Vi bel\u00f8nner dig med en 20%-kupon, der ikke udl\u00f8ber, er frit anvendelig og kan overf\u00f8res. Brug den, eller giv den videre!<\/p>\n<h4 class=\"gs-h4\">Glem ikke brugermanualen!<\/h4>\n<p>Du finder ogs\u00e5 en kort instruktion p\u00e5 bagsiden af \u00e6sken, men for at opn\u00e5 de bedste resultater anbefaler vi at l\u00e6se instruktionerne f\u00f8r brug. <a href=\"https:\/\/growshroom.hu\/da\/reszletes-hasznalati-utmutato-laskagomba\/\">Detaljeret brugermanual<\/a> og den <a href=\"https:\/\/growshroom.hu\/da\/gyakran-ismetelt-kerdesek\/\">Ofte stillede sp\u00f8rgsm\u00e5l<\/a> l\u00e6ser den ogs\u00e5.<\/p>","protected":false},"excerpt":{"rendered":"<p style=\"text-align: center;\">Bliv selv svampeavler <em>growshroom<\/em> Gr\u00e5 \u00f8stershatte (Pleurotus ostreatus) med s\u00e6t!<\/p>\n<p style=\"text-align: center;\"><img decoding=\"async\" class=\"aligncenter wp-image-3191\" src=\"https:\/\/growshroom.hu\/wp-content\/uploads\/2025\/06\/infografika.svg\" alt=\"growshroom gombatermeszt\u0151 k\u00e9szlet haszn\u00e1lata h\u00e1rom l\u00e9p\u00e9sben: 1. perfor\u00e1ci\u00f3 let\u00e9p\u00e9se, 2. X forma bev\u00e1g\u00e1sa a term\u0151blokkba, 3. v\u00edzzel permetez\u00e9s a mell\u00e9kelt sz\u00f3r\u00f3fejes \u00fcvegb\u0151l\" width=\"598\" height=\"141\" \/><\/p>\n<p style=\"text-align: center;\">\u00c5bn \u00e6sken ved perforeringen, sk\u00e6r et X i posen, spray med vand fra den medf\u00f8lgende sprayflaske 2-3 gange om dagen, og se dem vokse!<\/p>\n<p style=\"text-align: center;\">","protected":false},"featured_media":4654,"comment_status":"open","ping_status":"closed","template":"","meta":{"_acf_changed":false,"inline_featured_image":false,"_uag_custom_page_level_css":"","site-sidebar-layout":"default","site-content-layout":"","ast-site-content-layout":"default","site-content-style":"default","site-sidebar-style":"default","ast-global-header-display":"","ast-banner-title-visibility":"","ast-main-header-display":"","ast-hfb-above-header-display":"","ast-hfb-below-header-display":"","ast-hfb-mobile-header-display":"","site-post-title":"","ast-breadcrumbs-content":"","ast-featured-img":"","footer-sml-layout":"","ast-disable-related-posts":"","theme-transparent-header-meta":"default","adv-header-id-meta":"","stick-header-meta":"","header-above-stick-meta":"","header-main-stick-meta":"","header-below-stick-meta":"","astra-migrate-meta-layouts":"set","ast-page-background-enabled":"default","ast-page-background-meta":{"desktop":{"background-color":"var(--ast-global-color-4)","background-image":"","background-repeat":"repeat","background-position":"center center","background-size":"auto","background-attachment":"scroll","background-type":"","background-media":"","overlay-type":"","overlay-color":"","overlay-opacity":"","overlay-gradient":""},"tablet":{"background-color":"","background-image":"","background-repeat":"repeat","background-position":"center center","background-size":"auto","background-attachment":"scroll","background-type":"","background-media":"","overlay-type":"","overlay-color":"","overlay-opacity":"","overlay-gradient":""},"mobile":{"background-color":"","background-image":"","background-repeat":"repeat","background-position":"center center","background-size":"auto","background-attachment":"scroll","background-type":"","background-media":"","overlay-type":"","overlay-color":"","overlay-opacity":"","overlay-gradient":""}},"ast-content-background-meta":{"desktop":{"background-color":"var(--ast-global-color-5)","background-image":"","background-repeat":"repeat","background-position":"center center","background-size":"auto","background-attachment":"scroll","background-type":"","background-media":"","overlay-type":"","overlay-color":"","overlay-opacity":"","overlay-gradient":""},"tablet":{"background-color":"var(--ast-global-color-5)","background-image":"","background-repeat":"repeat","background-position":"center center","background-size":"auto","background-attachment":"scroll","background-type":"","background-media":"","overlay-type":"","overlay-color":"","overlay-opacity":"","overlay-gradient":""},"mobile":{"background-color":"var(--ast-global-color-5)","background-image":"","background-repeat":"repeat","background-position":"center center","background-size":"auto","background-attachment":"scroll","background-type":"","background-media":"","overlay-type":"","overlay-color":"","overlay-opacity":"","overlay-gradient":""}}},"product_brand":[],"product_cat":[26],"product_tag":[],"class_list":{"0":"post-1904","1":"product","2":"type-product","3":"status-publish","4":"has-post-thumbnail","6":"product_cat-dobozos-keszletek","7":"desktop-align-center","8":"tablet-align-left","9":"mobile-align-left","11":"first","12":"instock","13":"shipping-taxable","14":"purchasable","15":"product-type-simple"},"acf":[],"uagb_featured_image_src":{"full":["https:\/\/growshroom.hu\/wp-content\/uploads\/2025\/06\/szurke-frontuveg.jpeg",1536,2048,false],"thumbnail":["https:\/\/growshroom.hu\/wp-content\/uploads\/2025\/06\/szurke-frontuveg-150x150.jpeg",150,150,true],"medium":["https:\/\/growshroom.hu\/wp-content\/uploads\/2025\/06\/szurke-frontuveg-225x300.jpeg",225,300,true],"medium_large":["https:\/\/growshroom.hu\/wp-content\/uploads\/2025\/06\/szurke-frontuveg-768x1024.jpeg",768,1024,true],"large":["https:\/\/growshroom.hu\/wp-content\/uploads\/2025\/06\/szurke-frontuveg-768x1024.jpeg",768,1024,true],"1536x1536":["https:\/\/growshroom.hu\/wp-content\/uploads\/2025\/06\/szurke-frontuveg-1152x1536.jpeg",1152,1536,true],"2048x2048":["https:\/\/growshroom.hu\/wp-content\/uploads\/2025\/06\/szurke-frontuveg.jpeg",1536,2048,false],"trp-custom-language-flag":["https:\/\/growshroom.hu\/wp-content\/uploads\/2025\/06\/szurke-frontuveg-9x12.jpeg",9,12,true],"woocommerce_thumbnail":["https:\/\/growshroom.hu\/wp-content\/uploads\/2025\/06\/szurke-frontuveg-300x400.jpeg",300,400,true],"woocommerce_single":["https:\/\/growshroom.hu\/wp-content\/uploads\/2025\/06\/szurke-frontuveg-600x800.jpeg",600,800,true],"woocommerce_gallery_thumbnail":["https:\/\/growshroom.hu\/wp-content\/uploads\/2025\/06\/szurke-frontuveg-100x100.jpeg",100,100,true]},"uagb_author_info":{"display_name":"growshroom","author_link":"https:\/\/growshroom.hu\/da\/author"},"uagb_comment_info":20,"uagb_excerpt":"V\u00e1lj te is gombatermeszt\u0151v\u00e9 a growshroom Sz\u00fcrke laskagomba (Pleurotus ostreatus) k\u00e9szlettel! Nyisd ki a dobozt a perfor\u00e1ci\u00f3n\u00e1l, v\u00e1gj egy X-et a zacsk\u00f3ba, f\u00fajd be v\u00edzzel a mell\u00e9kelt sz\u00f3r\u00f3fejes \u00fcvegb\u0151l 2-3 alkalommal naponta, \u00e9s n\u00e9zd ahogy n\u0151nek!","tiered_pricing_type":"fixed","tiered_pricing_fixed_rules":[],"tiered_pricing_product_settings":{"layout":"default","base_unit_name":{"singular":null,"plural":null},"default_variation":null},"tiered_pricing_minimum_quantity":null,"tiered_pricing_roles_data":[],"tiered_pricing_percentage_rules":[],"tiered_pricing_maximum_quantity":null,"tiered_pricing_quantity_step":null,"_links":{"self":[{"href":"https:\/\/growshroom.hu\/da\/wp-json\/wp\/v2\/product\/1904","targetHints":{"allow":["GET"]}}],"collection":[{"href":"https:\/\/growshroom.hu\/da\/wp-json\/wp\/v2\/product"}],"about":[{"href":"https:\/\/growshroom.hu\/da\/wp-json\/wp\/v2\/types\/product"}],"replies":[{"embeddable":true,"href":"https:\/\/growshroom.hu\/da\/wp-json\/wp\/v2\/comments?post=1904"}],"wp:featuredmedia":[{"embeddable":true,"href":"https:\/\/growshroom.hu\/da\/wp-json\/wp\/v2\/media\/4654"}],"wp:attachment":[{"href":"https:\/\/growshroom.hu\/da\/wp-json\/wp\/v2\/media?parent=1904"}],"wp:term":[{"taxonomy":"product_brand","embeddable":true,"href":"https:\/\/growshroom.hu\/da\/wp-json\/wp\/v2\/product_brand?post=1904"},{"taxonomy":"product_cat","embeddable":true,"href":"https:\/\/growshroom.hu\/da\/wp-json\/wp\/v2\/product_cat?post=1904"},{"taxonomy":"product_tag","embeddable":true,"href":"https:\/\/growshroom.hu\/da\/wp-json\/wp\/v2\/product_tag?post=1904"}],"curies":[{"name":"wp","href":"https:\/\/api.w.org\/{rel}","templated":true}]}}