{"id":5668,"date":"2026-01-20T23:31:57","date_gmt":"2026-01-20T21:31:57","guid":{"rendered":"https:\/\/growshroom.hu\/?post_type=product&#038;p=5668"},"modified":"2026-04-08T11:55:25","modified_gmt":"2026-04-08T09:55:25","slug":"ordogszeker-laskagomba-xl-termoblokk-pleurotus-eryngii","status":"publish","type":"product","link":"https:\/\/growshroom.hu\/cs\/termekek\/ordogszeker-laskagomba-xl-termoblokk-pleurotus-eryngii","title":{"rendered":"Hl\u00edva \u00fast\u0159i\u010dn\u00e1 \u010e\u00e1bl\u016fv v\u016fz XL v bloku (Pleurotus eryngii)"},"content":{"rendered":"<details class=\"gs-acc\">\n<summary class=\"gs-h4\">Jak\u00fd je rozd\u00edl mezi krabicov\u00fdmi sadami, p\u011bstebn\u00edmi bloky a p\u011bstebn\u00edmi bloky XL?<\/summary>\n<div class=\"gs-acc__content\">\n<p>Balen\u00e9 sady a b\u011b\u017en\u00e9 p\u011bstebn\u00ed bloky v\u00e1\u017e\u00ed 2,2 kilogramu a sady se dod\u00e1vaj\u00ed s d\u00e1rkovou krabi\u010dkou a rozpra\u0161ova\u010dem, tak\u017ee jsou ide\u00e1ln\u00ed jako d\u00e1rek.<\/p>\n<p><strong>P\u011bstebn\u00ed bloky XL v\u00e1\u017e\u00ed 4,5 kilogramu, co\u017e je dvakr\u00e1t v\u00edce ne\u017e b\u011b\u017en\u00e9 bloky. Proto\u017ee obsahuj\u00ed v\u00edce substr\u00e1tu a \u017eivin, mohou produkovat v\u011bt\u0161\u00ed plodiny a poskytovat vy\u0161\u0161\u00ed celkov\u00fd v\u00fdnos.<\/strong><\/p>\n<p>Bloky XL neprodukuj\u00ed rychleji, ale produkuj\u00ed hojn\u011bji.<\/p>\n<p>Odr\u016fdy dostupn\u00e9 v krabi\u010dk\u00e1ch se nav\u00edc doporu\u010duj\u00ed pro za\u010d\u00e1te\u010dn\u00edky, zat\u00edmco pokro\u010dilej\u0161\u00ed odr\u016fdy najdete i v p\u011bstebn\u00edch bloc\u00edch. N\u011bkter\u00e9 z nich nebudou dob\u0159e r\u016fst na kuchy\u0148sk\u00e9 lince, pot\u0159ebuj\u00ed kontrolovan\u00e9 prost\u0159ed\u00ed. Pro dosa\u017een\u00ed nejlep\u0161\u00edch v\u00fdsledk\u016f doporu\u010dujeme pou\u017e\u00edt p\u011bstebn\u00ed m\u00edstnost nebo p\u011bstebn\u00ed stan. Pokud nem\u00e1te mo\u017enost regulovat teplotu, vyberte si blok, kter\u00fd je vhodn\u00fd pro va\u0161e klima!<\/p>\n<p>P\u0159i p\u011bstov\u00e1n\u00ed na kuchy\u0148sk\u00e9 lince je pou\u017eit\u00ed p\u011bstebn\u00edch blok\u016f stejn\u011b snadn\u00e9 jako pou\u017eit\u00ed krabicov\u00fdch sad.<\/p>\n<p>Pro podrobn\u00e9 informace si pros\u00edm p\u0159e\u010dt\u011bte <a href=\"https:\/\/growshroom.hu\/cs\/termoblokk-utmutato\/\">Pr\u016fvodce v\u00fdrobn\u00edm blokem<\/a> str\u00e1nku, kde najdete popisy a tipy pro ka\u017edou odr\u016fdu. M\u00e1te-li dal\u0161\u00ed ot\u00e1zky, p\u0159e\u010dt\u011bte si pros\u00edm <a href=\"https:\/\/growshroom.hu\/cs\/gyakran-ismetelt-kerdesek\/\">\u010casto kladen\u00e9 ot\u00e1zky<\/a> str\u00e1nku nebo n\u00e1m napi\u0161te <a href=\"mailto:info@growshroom.hu\">e-mailem<\/a>.<\/p>\n<\/div>\n<\/details>\n<details class=\"gs-acc\">\n<summary class=\"gs-h4\">Kolik hub to vyprodukuje?<\/summary>\n<div class=\"gs-acc__content\">\n<p>Tyto extra velk\u00e9 bloky o hmotnosti 4,5 kg vyprodukuj\u00ed za ide\u00e1ln\u00edch podm\u00ednek t\u00e9m\u011b\u0159 dvakr\u00e1t v\u00edce \u00farody ne\u017e b\u011b\u017en\u00e9 bloky, s pr\u016fm\u011brnou prvn\u00ed sklizn\u00ed 800\u20131200 g \u010derstv\u00fdch hub.<\/p>\n<p>V\u00fdnos je v\u00fdznamn\u011b ovlivn\u011bn p\u011bstebn\u00edmi podm\u00ednkami, proto v\u011bnujte pozornost doporu\u010den\u00e9mu prost\u0159ed\u00ed pro dan\u00fd druh hub a tak\u00e9 <a href=\"https:\/\/growshroom.hu\/cs\/termoblokk-utmutato\/\">Produktov\u00fd blok v pr\u016fvodci<\/a> jak je pops\u00e1no, aby se p\u0159ede\u0161lo zklam\u00e1n\u00ed.<\/p>\n<p>Mezi jednotliv\u00fdmi druhy hub samoz\u0159ejm\u011b existuj\u00ed rozd\u00edly \u2013 nap\u0159\u00edklad n\u011bkter\u00e9 hl\u00edvy \u00fast\u0159i\u010dn\u00e9 produkuj\u00ed t\u011b\u017e\u0161\u00ed plodnice ne\u017e jin\u00e9 odr\u016fdy \u2013 ale s t\u011bmito velk\u00fdmi bloky se rozhodn\u011b m\u016f\u017eete spolehnout na p\u011bknou a bohatou prvn\u00ed \u00farodu.<\/p>\n<p>Proto\u017ee bloky obsahuj\u00ed vysok\u00e9 mno\u017estv\u00ed \u017eivin, mohou produkovat v\u00edce \u00farod. Obvykle m\u016f\u017eete o\u010dek\u00e1vat 2\u20133 \u00farody, ale pokud jste trp\u011bliv\u00ed a vytrval\u00ed, m\u016f\u017eete jich z\u00edskat i v\u00edce.<br \/>\n<strong>Prvn\u00ed sklize\u0148 je v\u017edy nejv\u011bt\u0161\u00ed a nejrychlej\u0161\u00ed, ale mezi dal\u0161\u00edmi sklizn\u011bmi m\u016f\u017ee b\u00fdt a\u017e n\u011bkolik t\u00fddn\u016f.<\/strong><\/p>\n<p><strong>Garantujeme v\u00e1m va\u0161i prvn\u00ed \u00farodu!<\/strong><\/p>\n<p>Pokud do 14 dn\u016f od otev\u0159en\u00ed bloku nedojde k \u017e\u00e1dn\u00e9 zm\u011bn\u011b, za\u0161lete n\u00e1m fotografii e-mailem a my v\u00e1m pom\u016f\u017eeme a v p\u0159\u00edpad\u011b pot\u0159eby v\u00e1m za\u0161leme nov\u00fd v\u00fdrobn\u00ed blok.<\/p>\n<p>Extra tip: po n\u011bkolika sklizn\u00edch sklizen\u00fd blok <strong>b\u011bhem obdob\u00ed bez mraz\u016f<\/strong> Vyplat\u00ed se ji um\u00edstit na stinn\u00e9, chr\u00e1n\u011bn\u00e9 m\u00edsto v zahrad\u011b a udr\u017eovat ji vlhkou. M\u016f\u017eete ji tak\u00e9 um\u00edstit m\u011blce do zem\u011b a p\u0159ikr\u00fdt list\u00edm nebo nasekanou sl\u00e1mou. Tento \u201eh\u0159bitov hub\u201d v\u00e1s m\u016f\u017ee p\u0159i spr\u00e1vn\u00e9 teplot\u011b nebo po siln\u00e9m de\u0161ti op\u011bt p\u0159ekvapit \u010derstv\u00fdmi houbami!<\/p>\n<\/div>\n<\/details>\n<h4 class=\"gs-h4\">A\u0165 \u017eije kr\u00e1l<\/h4>\n<p>\u010e\u00e1blovo kolo, neboli kr\u00e1lovsk\u00e1 hl\u00edva \u00fast\u0159i\u010dn\u00e1, je obl\u00edbenou sou\u010d\u00e1st\u00ed gastronomie po cel\u00e9m sv\u011bt\u011b. Na rozd\u00edl od jin\u00fdch hl\u00edv \u00fast\u0159i\u010dn\u00fdch m\u00e1 silnou, v\u00e1lcovitou stopku a malou klobouk. Lze ji snadno tvarovat a kr\u00e1jet. Jej\u00ed siln\u00e1 stopka se p\u0159i kr\u00e1jen\u00ed a grilov\u00e1n\u00ed obzvl\u00e1\u0161t\u011b dob\u0159e karamelizuje a z\u00e1rove\u0148 si zachov\u00e1v\u00e1 \u0161\u0165avnatost. Jej\u00ed textura z\u016fst\u00e1v\u00e1 stabiln\u00ed i po upe\u010den\u00ed. Jej\u00ed chu\u0165 je lehce o\u0159\u00ed\u0161kov\u00e1, umami, a jej\u00ed textura je extr\u00e9mn\u011b masit\u00e1 a hutn\u00e1, a proto se \u010dasto pou\u017e\u00edv\u00e1 jako n\u00e1hra\u017eka masa.<\/p>\n<p><strong>Pokro\u010dil\u00e9 druhy, nezapome\u0148te si pros\u00edm p\u0159e\u010d\u00edst <a href=\"http:\/\/growshroom.hu\/cs\/termoblokk-utmutato\/\">Produktov\u00fd blok v pr\u016fvodci<\/a> naleznete v popisu odr\u016fdy.<\/strong><\/p>\n<p><strong>Ujist\u011bte se, \u017ee ji m\u016f\u017eete po celou dobu vegetace udr\u017eovat p\u0159i vhodn\u00e9 teplot\u011b pod 20 \u00b0C, proto\u017ee p\u0159i vy\u0161\u0161\u00edch teplot\u00e1ch bude hl\u00edva \u00fast\u0159i\u010dn\u00e1 kr\u00e1lovsk\u00e1 r\u016fst slab\u0161\u00ed nebo zdeformovan\u011b.<\/strong><\/p>\n<h4 class=\"gs-h4\">Jak to bylo vyrobeno?<\/h4>\n<p>Semenn\u00fd blok nen\u00ed nic jin\u00e9ho ne\u017e sl\u00e1ma nebo piliny kolonizovan\u00e9 houbov\u00fdm myceliem. Z izolovan\u00e9 houbov\u00e9 kultury jsme nejprve p\u0159ipravili vysoce \u010dist\u00fd tzv. houbov\u00fd kl\u00ed\u010dek na sterilizovan\u00e9m zrnu a pot\u00e9 jsme ho sm\u00edchali s nasekanou sl\u00e1mou, abychom vytvo\u0159ili semenn\u00fd blok. Vzru\u0161uj\u00edc\u00ed \u010d\u00e1st jsme nechali na v\u00e1s!<\/p>\n<p>Mycelium, kter\u00e9 se propl\u00e9t\u00e1 blokem, je \u017eiv\u00fd organismus, kter\u00fd po str\u00e1ven\u00ed \u017eivin jen \u010dek\u00e1 na vhodn\u00e9 podm\u00ednky prost\u0159ed\u00ed, aby vytvo\u0159il plodnici, jedlou houbu. Kysl\u00edk a vlhkost, kter\u00e9 se objev\u00ed po otev\u0159en\u00ed s\u00e1\u010dku, signalizuj\u00ed houb\u011b, \u017ee nastal \u010das.<\/p>\n<h4 class=\"gs-h4\">Skladov\u00e1n\u00ed<\/h4>\n<p><strong>Varov\u00e1n\u00ed: Pokud neotev\u0159ete do n\u011bkolika dn\u016f, ulo\u017ete do chladni\u010dky!<\/strong><\/p>\n<p>Va\u0161e sada obsahuje \u017eiv\u00fd organismus, proto doporu\u010dujeme, abyste ji po obdr\u017een\u00ed otev\u0159eli. Pokud k tomu nem\u00e1te mo\u017enost, m\u016f\u017eete ji neotev\u0159enou skladovat v chladni\u010dce po dobu 4 t\u00fddn\u016f. Metabolismus mycelia se b\u011bhem t\u00e9to doby v\u00fdrazn\u011b zpomal\u00ed.<\/p>\n<p>P\u0159i del\u0161\u00edm skladov\u00e1n\u00ed nebo p\u0159i pokojov\u00e9 teplot\u011b se uvnit\u0159 s\u00e1\u010dku m\u016f\u017ee za\u010d\u00edt tvo\u0159it pl\u00edse\u0148. To neovlivn\u00ed jeho dal\u0161\u00ed pou\u017eit\u00ed. Pokud je pl\u00edse\u0148 v dosahu pod m\u00edstem, kter\u00e9 jste od\u0159\u00edzli, jednodu\u0161e ji odstra\u0148te.<\/p>\n<p>Blok skladovan\u00fd p\u0159i pokojov\u00e9 teplot\u011b po ur\u010ditou dobu spot\u0159ebuje v\u0161echny dostupn\u00e9 \u017eiviny a pot\u00e9 se za\u010dne pomalu rozkl\u00e1dat.<\/p>\n<h4 class=\"gs-h4\">Stoj\u00ed za zhodnocen\u00ed<\/h4>\n<p>Vyfo\u0165te si svou \u00farodu! 14 dn\u00ed po zad\u00e1n\u00ed objedn\u00e1vky v\u00e1m za\u0161leme e-mail, ve kter\u00e9m budete moci svou objedn\u00e1vku ohodnotit. V\u0161e<strong> fotografick\u00fd <\/strong>Odm\u011bn\u00edme v\u00e1s neplatn\u00fdm, voln\u011b pou\u017eiteln\u00fdm a p\u0159enosn\u00fdm kup\u00f3nem 20%. Vyu\u017eijte ho nebo ho p\u0159edejte d\u00e1l!<\/p>","protected":false},"excerpt":{"rendered":"<div class=\"gs-specs\"><\/div>","protected":false},"featured_media":5669,"comment_status":"open","ping_status":"closed","template":"","meta":{"_acf_changed":false,"inline_featured_image":false,"_uag_custom_page_level_css":"","site-sidebar-layout":"default","site-content-layout":"","ast-site-content-layout":"default","site-content-style":"default","site-sidebar-style":"default","ast-global-header-display":"","ast-banner-title-visibility":"","ast-main-header-display":"","ast-hfb-above-header-display":"","ast-hfb-below-header-display":"","ast-hfb-mobile-header-display":"","site-post-title":"","ast-breadcrumbs-content":"","ast-featured-img":"","footer-sml-layout":"","ast-disable-related-posts":"","theme-transparent-header-meta":"default","adv-header-id-meta":"","stick-header-meta":"","header-above-stick-meta":"","header-main-stick-meta":"","header-below-stick-meta":"","astra-migrate-meta-layouts":"set","ast-page-background-enabled":"default","ast-page-background-meta":{"desktop":{"background-color":"var(--ast-global-color-4)","background-image":"","background-repeat":"repeat","background-position":"center center","background-size":"auto","background-attachment":"scroll","background-type":"","background-media":"","overlay-type":"","overlay-color":"","overlay-opacity":"","overlay-gradient":""},"tablet":{"background-color":"","background-image":"","background-repeat":"repeat","background-position":"center center","background-size":"auto","background-attachment":"scroll","background-type":"","background-media":"","overlay-type":"","overlay-color":"","overlay-opacity":"","overlay-gradient":""},"mobile":{"background-color":"","background-image":"","background-repeat":"repeat","background-position":"center center","background-size":"auto","background-attachment":"scroll","background-type":"","background-media":"","overlay-type":"","overlay-color":"","overlay-opacity":"","overlay-gradient":""}},"ast-content-background-meta":{"desktop":{"background-color":"var(--ast-global-color-5)","background-image":"","background-repeat":"repeat","background-position":"center center","background-size":"auto","background-attachment":"scroll","background-type":"","background-media":"","overlay-type":"","overlay-color":"","overlay-opacity":"","overlay-gradient":""},"tablet":{"background-color":"var(--ast-global-color-5)","background-image":"","background-repeat":"repeat","background-position":"center center","background-size":"auto","background-attachment":"scroll","background-type":"","background-media":"","overlay-type":"","overlay-color":"","overlay-opacity":"","overlay-gradient":""},"mobile":{"background-color":"var(--ast-global-color-5)","background-image":"","background-repeat":"repeat","background-position":"center center","background-size":"auto","background-attachment":"scroll","background-type":"","background-media":"","overlay-type":"","overlay-color":"","overlay-opacity":"","overlay-gradient":""}}},"product_brand":[],"product_cat":[88],"product_tag":[],"class_list":{"0":"post-5668","1":"product","2":"type-product","3":"status-publish","4":"has-post-thumbnail","6":"product_cat-xl-termoblokkok","7":"desktop-align-center","8":"tablet-align-left","9":"mobile-align-left","11":"first","12":"outofstock","13":"shipping-taxable","14":"purchasable","15":"product-type-simple"},"acf":[],"uagb_featured_image_src":{"full":["https:\/\/growshroom.hu\/wp-content\/uploads\/2026\/01\/king_XL.png",1080,1080,false],"thumbnail":["https:\/\/growshroom.hu\/wp-content\/uploads\/2026\/01\/king_XL-150x150.png",150,150,true],"medium":["https:\/\/growshroom.hu\/wp-content\/uploads\/2026\/01\/king_XL-300x300.png",300,300,true],"medium_large":["https:\/\/growshroom.hu\/wp-content\/uploads\/2026\/01\/king_XL-768x768.png",768,768,true],"large":["https:\/\/growshroom.hu\/wp-content\/uploads\/2026\/01\/king_XL-1024x1024.png",1024,1024,true],"1536x1536":["https:\/\/growshroom.hu\/wp-content\/uploads\/2026\/01\/king_XL.png",1080,1080,false],"2048x2048":["https:\/\/growshroom.hu\/wp-content\/uploads\/2026\/01\/king_XL.png",1080,1080,false],"trp-custom-language-flag":["https:\/\/growshroom.hu\/wp-content\/uploads\/2026\/01\/king_XL-12x12.png",12,12,true],"woocommerce_thumbnail":["https:\/\/growshroom.hu\/wp-content\/uploads\/2026\/01\/king_XL-300x300.png",300,300,true],"woocommerce_single":["https:\/\/growshroom.hu\/wp-content\/uploads\/2026\/01\/king_XL-600x600.png",600,600,true],"woocommerce_gallery_thumbnail":["https:\/\/growshroom.hu\/wp-content\/uploads\/2026\/01\/king_XL-100x100.png",100,100,true]},"uagb_author_info":{"display_name":"growshroom","author_link":"https:\/\/growshroom.hu\/cs\/author"},"uagb_comment_info":0,"uagb_excerpt":"[termesztesi_adatok]","tiered_pricing_type":"fixed","tiered_pricing_fixed_rules":[],"tiered_pricing_product_settings":{"layout":"default","base_unit_name":{"singular":null,"plural":null},"default_variation":null},"tiered_pricing_minimum_quantity":null,"tiered_pricing_roles_data":[],"tiered_pricing_percentage_rules":[],"tiered_pricing_maximum_quantity":null,"tiered_pricing_quantity_step":null,"_links":{"self":[{"href":"https:\/\/growshroom.hu\/cs\/wp-json\/wp\/v2\/product\/5668","targetHints":{"allow":["GET"]}}],"collection":[{"href":"https:\/\/growshroom.hu\/cs\/wp-json\/wp\/v2\/product"}],"about":[{"href":"https:\/\/growshroom.hu\/cs\/wp-json\/wp\/v2\/types\/product"}],"replies":[{"embeddable":true,"href":"https:\/\/growshroom.hu\/cs\/wp-json\/wp\/v2\/comments?post=5668"}],"wp:featuredmedia":[{"embeddable":true,"href":"https:\/\/growshroom.hu\/cs\/wp-json\/wp\/v2\/media\/5669"}],"wp:attachment":[{"href":"https:\/\/growshroom.hu\/cs\/wp-json\/wp\/v2\/media?parent=5668"}],"wp:term":[{"taxonomy":"product_brand","embeddable":true,"href":"https:\/\/growshroom.hu\/cs\/wp-json\/wp\/v2\/product_brand?post=5668"},{"taxonomy":"product_cat","embeddable":true,"href":"https:\/\/growshroom.hu\/cs\/wp-json\/wp\/v2\/product_cat?post=5668"},{"taxonomy":"product_tag","embeddable":true,"href":"https:\/\/growshroom.hu\/cs\/wp-json\/wp\/v2\/product_tag?post=5668"}],"curies":[{"name":"wp","href":"https:\/\/api.w.org\/{rel}","templated":true}]}}