{"id":4920,"date":"2025-11-16T14:42:46","date_gmt":"2025-11-16T12:42:46","guid":{"rendered":"https:\/\/growshroom.hu\/?post_type=product&#038;p=4920"},"modified":"2026-02-25T15:15:14","modified_gmt":"2026-02-25T13:15:14","slug":"tripla-keszlet-csomag","status":"publish","type":"product","link":"https:\/\/growshroom.hu\/cs\/termekek\/tripla-keszlet-csomag","title":{"rendered":"Sada pro p\u011bstov\u00e1n\u00ed hub s trojit\u00fdm v\u00fdta\u017ekem"},"content":{"rendered":"<details class=\"gs-acc\">\n<summary class=\"gs-h4\">Jak\u00fd je rozd\u00edl mezi krabicov\u00fdmi sadami a p\u011bstebn\u00edmi bloky?<\/summary>\n<div class=\"gs-acc__content\">\n<p>Oba produkty obsahuj\u00ed stejn\u00fd p\u011bstebn\u00ed blok o hmotnosti 2,2 kg, ale sady se dod\u00e1vaj\u00ed tak\u00e9 s d\u00e1rkovou krabi\u010dkou a rozpra\u0161ova\u010dem, tak\u017ee jsou ide\u00e1ln\u00ed jako d\u00e1rek.<\/p>\n<p>Odr\u016fdy dostupn\u00e9 v krabi\u010dk\u00e1ch se nav\u00edc doporu\u010duj\u00ed pro za\u010d\u00e1te\u010dn\u00edky, zat\u00edmco pokro\u010dilej\u0161\u00ed odr\u016fdy najdete i v p\u011bstebn\u00edch bloc\u00edch. N\u011bkter\u00e9 z nich nebudou dob\u0159e r\u016fst na kuchy\u0148sk\u00e9 lince, pot\u0159ebuj\u00ed kontrolovan\u00e9 prost\u0159ed\u00ed. Pro dosa\u017een\u00ed nejlep\u0161\u00edch v\u00fdsledk\u016f doporu\u010dujeme pou\u017e\u00edt p\u011bstebn\u00ed m\u00edstnost nebo p\u011bstebn\u00ed stan. Pokud nem\u00e1te mo\u017enost regulovat teplotu, vyberte si blok, kter\u00fd je vhodn\u00fd pro va\u0161e klima!<\/p>\n<p>P\u0159i p\u011bstov\u00e1n\u00ed na kuchy\u0148sk\u00e9 lince je pou\u017eit\u00ed p\u011bstebn\u00edch blok\u016f stejn\u011b snadn\u00e9 jako pou\u017eit\u00ed krabicov\u00fdch sad.<\/p>\n<p>Pro podrobn\u00e9 informace si pros\u00edm p\u0159e\u010dt\u011bte <a href=\"https:\/\/growshroom.hu\/cs\/termoblokk-utmutato\/\">Pr\u016fvodce v\u00fdrobn\u00edm blokem<\/a> str\u00e1nku, kde najdete popisy a tipy pro ka\u017edou odr\u016fdu. M\u00e1te-li dal\u0161\u00ed ot\u00e1zky, p\u0159e\u010dt\u011bte si pros\u00edm <a href=\"https:\/\/growshroom.hu\/cs\/gyakran-ismetelt-kerdesek\/\">\u010casto kladen\u00e9 ot\u00e1zky<\/a> str\u00e1nku nebo n\u00e1m napi\u0161te <a href=\"mailto:info@growshroom.hu\">e-mailem<\/a>.<\/p>\n<\/div>\n<\/details>\n<details class=\"gs-acc\">\n<summary class=\"gs-h4\">Kolik hub to vyprodukuje?<\/summary>\n<div class=\"gs-acc__content\">\n<p>Na\u0161e produk\u010dn\u00ed bloky jsou komer\u010dn\u00ed velikosti. Tyto bloky o hmotnosti 2,2 kg za ide\u00e1ln\u00edch podm\u00ednek vyprodukuj\u00ed b\u011bhem prvn\u00ed sklizn\u011b pr\u016fm\u011brn\u011b 400\u2013600 g \u010derstv\u00fdch hub.<\/p>\n<p>V\u00fdnos je v\u00fdznamn\u011b ovlivn\u011bn p\u011bstebn\u00edmi podm\u00ednkami, proto v\u011bnujte pozornost doporu\u010den\u00e9mu prost\u0159ed\u00ed pro dan\u00fd druh hub a tak\u00e9 <a href=\"https:\/\/growshroom.hu\/cs\/termoblokk-utmutato\/\">Produktov\u00fd blok v pr\u016fvodci<\/a> jak je pops\u00e1no, aby se p\u0159ede\u0161lo zklam\u00e1n\u00ed.<\/p>\n<p>Mezi jednotliv\u00fdmi druhy hub samoz\u0159ejm\u011b existuj\u00ed rozd\u00edly \u2013 nap\u0159\u00edklad n\u011bkter\u00e9 hl\u00edvy \u00fast\u0159i\u010dn\u00e9 produkuj\u00ed t\u011b\u017e\u0161\u00ed plodnice ne\u017e jin\u00e9 odr\u016fdy \u2013 ale s t\u011bmito velk\u00fdmi bloky se rozhodn\u011b m\u016f\u017eete spolehnout na p\u011bknou a bohatou prvn\u00ed \u00farodu.<\/p>\n<p>Proto\u017ee bloky obsahuj\u00ed vysok\u00e9 mno\u017estv\u00ed \u017eivin, mohou produkovat v\u00edce \u00farod. Obvykle m\u016f\u017eete o\u010dek\u00e1vat 2\u20133 \u00farody, ale pokud jste trp\u011bliv\u00ed a vytrval\u00ed, m\u016f\u017eete jich z\u00edskat i v\u00edce.<br \/>\n<strong>Prvn\u00ed sklize\u0148 je v\u017edy nejv\u011bt\u0161\u00ed a nejrychlej\u0161\u00ed, ale mezi dal\u0161\u00edmi sklizn\u011bmi m\u016f\u017ee b\u00fdt a\u017e n\u011bkolik t\u00fddn\u016f.<\/strong><\/p>\n<p><strong>Garantujeme v\u00e1m va\u0161i prvn\u00ed \u00farodu!<\/strong><\/p>\n<p>Pokud do 14 dn\u016f od otev\u0159en\u00ed bloku nedojde k \u017e\u00e1dn\u00e9 zm\u011bn\u011b, za\u0161lete n\u00e1m fotografii e-mailem a my v\u00e1m pom\u016f\u017eeme a v p\u0159\u00edpad\u011b pot\u0159eby v\u00e1m za\u0161leme nov\u00fd v\u00fdrobn\u00ed blok.<\/p>\n<p>Extra tip: po n\u011bkolika sklizn\u00edch sklizen\u00fd blok <strong>b\u011bhem obdob\u00ed bez mraz\u016f<\/strong> Vyplat\u00ed se ji um\u00edstit na stinn\u00e9, chr\u00e1n\u011bn\u00e9 m\u00edsto v zahrad\u011b a udr\u017eovat ji vlhkou. M\u016f\u017eete ji tak\u00e9 um\u00edstit m\u011blce do zem\u011b a p\u0159ikr\u00fdt list\u00edm nebo nasekanou sl\u00e1mou. Tento \u201eh\u0159bitov hub\u201d v\u00e1s m\u016f\u017ee p\u0159i spr\u00e1vn\u00e9 teplot\u011b nebo po siln\u00e9m de\u0161ti op\u011bt p\u0159ekvapit \u010derstv\u00fdmi houbami!<\/p>\n<\/div>\n<\/details>\n<h4 class=\"gs-h4\">Jak to bylo vyrobeno?<\/h4>\n<p>Z\u00e1kladem stavebnice je p\u011bstebn\u00ed blok na b\u00e1zi sl\u00e1my nebo d\u0159eva, opleten\u00fd myceliem. Z izolovan\u00e9 houbov\u00e9 kultury jsme nejprve na sterilizovan\u00e9m obil\u00ed vyrobili vysoce \u010dist\u00fd tzv. houbov\u00fd kl\u00ed\u010dek, kter\u00fd jsme pot\u00e9 sm\u00edchali s nasekanou sl\u00e1mou a vytvo\u0159ili tak p\u011bstebn\u00ed blok. Vzru\u0161uj\u00edc\u00ed \u010d\u00e1st jsme nechali na v\u00e1s!<\/p>\n<p>Mycelium, kter\u00e9 se propl\u00e9t\u00e1 blokem, je \u017eiv\u00fd organismus, kter\u00fd po str\u00e1ven\u00ed \u017eivin jen \u010dek\u00e1 na vhodn\u00e9 podm\u00ednky prost\u0159ed\u00ed, aby vytvo\u0159il plodnici, jedlou houbu. Kysl\u00edk a vlhkost, kter\u00e9 se objev\u00ed po otev\u0159en\u00ed s\u00e1\u010dku, signalizuj\u00ed houb\u011b, \u017ee nastal \u010das.<\/p>\n<h4 class=\"gs-h4\">Garantovan\u00fd v\u00fdnos<\/h4>\n<p>P\u0159i pravideln\u00e9 a dostate\u010dn\u00e9 vlhkosti budou na\u0161e sady pro p\u011bstov\u00e1n\u00ed hub spolehliv\u011b plodit, a to a\u017e 3\u20134kr\u00e1t. Prvn\u00ed sklize\u0148 se o\u010dek\u00e1v\u00e1 do 14 dn\u016f od otev\u0159en\u00ed bloku.<\/p>\n<p>Garantujeme v\u00e1m va\u0161i prvn\u00ed \u00farodu!<\/p>\n<p>Pokud po 14 dnech od otev\u0159en\u00ed sady nedojde ke zm\u011bn\u011b, za\u0161lete n\u00e1m fotografii e-mailem a my v\u00e1m pom\u016f\u017eeme a v p\u0159\u00edpad\u011b pot\u0159eby v\u00e1m za\u0161leme novou sadu.<\/p>\n<p>Obvykle je ka\u017ed\u00e1 n\u00e1sleduj\u00edc\u00ed plodina o n\u011bco men\u0161\u00ed ne\u017e ta p\u0159edchoz\u00ed a objevuje se po del\u0161\u00ed dob\u011b. <strong>Mezi jednotliv\u00fdmi sklizn\u011bmi m\u016f\u017ee trvat i n\u011bkolik t\u00fddn\u016f, pros\u00edme o trp\u011blivost!<\/strong> Jak doporu\u010dujeme zah\u00e1jit dal\u0161\u00ed plodiny, je vysv\u011btleno v <a href=\"https:\/\/growshroom.hu\/cs\/reszletes-hasznalati-utmutato\/\">Podrobn\u00fd u\u017eivatelsk\u00fd manu\u00e1l<\/a> um\u00ed\u0161 \u010d\u00edst.<\/p>\n<h4 class=\"gs-h4\">Chytr\u00fd d\u00e1rek<\/h4>\n<p>A\u0165 u\u017e chcete pot\u011b\u0161it gurm\u00e1ny nebo zahradn\u00edky-amat\u00e9ry, pohled na houby rostouc\u00ed den za dnem dok\u00e1\u017ee ohromit dosp\u011bl\u00e9 i d\u011bti!<\/p>\n<p><strong>Pozor! Sadu lze skladovat pouze n\u011bkolik t\u00fddn\u016f!<\/strong><\/p>\n<p>Va\u0161e sada obsahuje \u017eiv\u00fd organismus, proto doporu\u010dujeme, abyste ji po obdr\u017een\u00ed otev\u0159eli. Pokud k tomu nem\u00e1te mo\u017enost, m\u016f\u017eete ji neotev\u0159enou skladovat v chladni\u010dce po dobu 4 t\u00fddn\u016f. Metabolismus mycelia se b\u011bhem t\u00e9to doby v\u00fdrazn\u011b zpomal\u00ed.<\/p>\n<p>V\u00fdjimkou z tohoto pravidla je <strong>r\u016f\u017eov\u00e1 hl\u00edva \u00fast\u0159i\u010dn\u00e1, co\u017e je tropick\u00e1, teplomiln\u00e1 houba, tak\u017ee sadu nelze skladovat v lednici.<\/strong> Neotev\u0159en\u00e9 lze skladovat p\u0159i pokojov\u00e9 teplot\u011b a\u017e 4 t\u00fddny.<\/p>\n<p>P\u0159i del\u0161\u00edm skladov\u00e1n\u00ed nebo p\u0159i pokojov\u00e9 teplot\u011b se uvnit\u0159 s\u00e1\u010dku m\u016f\u017ee za\u010d\u00edt tvo\u0159it pl\u00edse\u0148. To neovlivn\u00ed jeho dal\u0161\u00ed pou\u017eit\u00ed. Pokud je pl\u00edse\u0148 v dosahu pod m\u00edstem, kter\u00e9 jste od\u0159\u00edzli, jednodu\u0161e ji odstra\u0148te.<\/p>\n<p>Blok skladovan\u00fd p\u0159i pokojov\u00e9 teplot\u011b po ur\u010ditou dobu spot\u0159ebuje v\u0161echny dostupn\u00e9 \u017eiviny a pot\u00e9 se za\u010dne pomalu rozkl\u00e1dat.<\/p>\n<h4 class=\"gs-h4\">Stoj\u00ed za zhodnocen\u00ed<\/h4>\n<p>Vyfo\u0165te si svou \u00farodu! 14 dn\u00ed po zad\u00e1n\u00ed objedn\u00e1vky v\u00e1m za\u0161leme e-mail, abyste mohli ohodnotit zbo\u017e\u00ed. V\u0161e<strong> fotografick\u00fd <\/strong>Odm\u011bn\u00edme v\u00e1s neplatn\u00fdm, voln\u011b pou\u017eiteln\u00fdm a p\u0159enosn\u00fdm kup\u00f3nem 20%. Vyu\u017eijte ho nebo ho p\u0159edejte d\u00e1l!<\/p>\n<h4 class=\"gs-h4\">Nezapome\u0148te na u\u017eivatelskou p\u0159\u00edru\u010dku!<\/h4>\n<p>Na zadn\u00ed stran\u011b krabice najdete tak\u00e9 kr\u00e1tk\u00fd n\u00e1vod, ale pro dosa\u017een\u00ed nejlep\u0161\u00edch v\u00fdsledk\u016f doporu\u010dujeme si n\u00e1vod p\u0159ed pou\u017eit\u00edm p\u0159e\u010d\u00edst. <a href=\"https:\/\/growshroom.hu\/cs\/reszletes-hasznalati-utmutato-laskagomba\/\">Podrobn\u00fd u\u017eivatelsk\u00fd manu\u00e1l<\/a> a <a href=\"https:\/\/growshroom.hu\/cs\/gyakran-ismetelt-kerdesek\/\">\u010casto kladen\u00e9 ot\u00e1zky<\/a> taky si to p\u0159e\u010dtu.<\/p>","protected":false},"excerpt":{"rendered":"<p>&nbsp;<\/p>\n<p style=\"text-align: center;\">Vyberte si 3 libovoln\u00e9 sady a objednejte si se slevou 15%!<\/p>\n<p>&nbsp;<\/p>","protected":false},"featured_media":4921,"comment_status":"open","ping_status":"closed","template":"","meta":{"_acf_changed":false,"inline_featured_image":false,"_uag_custom_page_level_css":"","site-sidebar-layout":"default","site-content-layout":"","ast-site-content-layout":"default","site-content-style":"default","site-sidebar-style":"default","ast-global-header-display":"","ast-banner-title-visibility":"","ast-main-header-display":"","ast-hfb-above-header-display":"","ast-hfb-below-header-display":"","ast-hfb-mobile-header-display":"","site-post-title":"","ast-breadcrumbs-content":"","ast-featured-img":"","footer-sml-layout":"","ast-disable-related-posts":"","theme-transparent-header-meta":"default","adv-header-id-meta":"","stick-header-meta":"","header-above-stick-meta":"","header-main-stick-meta":"","header-below-stick-meta":"","astra-migrate-meta-layouts":"set","ast-page-background-enabled":"default","ast-page-background-meta":{"desktop":{"background-color":"var(--ast-global-color-4)","background-image":"","background-repeat":"repeat","background-position":"center center","background-size":"auto","background-attachment":"scroll","background-type":"","background-media":"","overlay-type":"","overlay-color":"","overlay-opacity":"","overlay-gradient":""},"tablet":{"background-color":"","background-image":"","background-repeat":"repeat","background-position":"center center","background-size":"auto","background-attachment":"scroll","background-type":"","background-media":"","overlay-type":"","overlay-color":"","overlay-opacity":"","overlay-gradient":""},"mobile":{"background-color":"","background-image":"","background-repeat":"repeat","background-position":"center center","background-size":"auto","background-attachment":"scroll","background-type":"","background-media":"","overlay-type":"","overlay-color":"","overlay-opacity":"","overlay-gradient":""}},"ast-content-background-meta":{"desktop":{"background-color":"var(--ast-global-color-5)","background-image":"","background-repeat":"repeat","background-position":"center center","background-size":"auto","background-attachment":"scroll","background-type":"","background-media":"","overlay-type":"","overlay-color":"","overlay-opacity":"","overlay-gradient":""},"tablet":{"background-color":"var(--ast-global-color-5)","background-image":"","background-repeat":"repeat","background-position":"center center","background-size":"auto","background-attachment":"scroll","background-type":"","background-media":"","overlay-type":"","overlay-color":"","overlay-opacity":"","overlay-gradient":""},"mobile":{"background-color":"var(--ast-global-color-5)","background-image":"","background-repeat":"repeat","background-position":"center center","background-size":"auto","background-attachment":"scroll","background-type":"","background-media":"","overlay-type":"","overlay-color":"","overlay-opacity":"","overlay-gradient":""}}},"product_brand":[],"product_cat":[26],"product_tag":[],"class_list":{"0":"post-4920","1":"product","2":"type-product","3":"status-publish","4":"has-post-thumbnail","6":"product_cat-dobozos-keszletek","7":"desktop-align-center","8":"tablet-align-left","9":"mobile-align-left","11":"first","12":"instock","13":"sale","14":"sold-individually","15":"shipping-taxable","16":"purchasable","17":"product-type-woosb"},"acf":[],"uagb_featured_image_src":{"full":["https:\/\/growshroom.hu\/wp-content\/uploads\/2025\/11\/tripla-keszlet-csomag.png",1000,1000,false],"thumbnail":["https:\/\/growshroom.hu\/wp-content\/uploads\/2025\/11\/tripla-keszlet-csomag-150x150.png",150,150,true],"medium":["https:\/\/growshroom.hu\/wp-content\/uploads\/2025\/11\/tripla-keszlet-csomag-300x300.png",300,300,true],"medium_large":["https:\/\/growshroom.hu\/wp-content\/uploads\/2025\/11\/tripla-keszlet-csomag-768x768.png",768,768,true],"large":["https:\/\/growshroom.hu\/wp-content\/uploads\/2025\/11\/tripla-keszlet-csomag.png",1000,1000,false],"1536x1536":["https:\/\/growshroom.hu\/wp-content\/uploads\/2025\/11\/tripla-keszlet-csomag.png",1000,1000,false],"2048x2048":["https:\/\/growshroom.hu\/wp-content\/uploads\/2025\/11\/tripla-keszlet-csomag.png",1000,1000,false],"trp-custom-language-flag":["https:\/\/growshroom.hu\/wp-content\/uploads\/2025\/11\/tripla-keszlet-csomag-12x12.png",12,12,true],"woocommerce_thumbnail":["https:\/\/growshroom.hu\/wp-content\/uploads\/2025\/11\/tripla-keszlet-csomag-300x300.png",300,300,true],"woocommerce_single":["https:\/\/growshroom.hu\/wp-content\/uploads\/2025\/11\/tripla-keszlet-csomag-600x600.png",600,600,true],"woocommerce_gallery_thumbnail":["https:\/\/growshroom.hu\/wp-content\/uploads\/2025\/11\/tripla-keszlet-csomag-100x100.png",100,100,true]},"uagb_author_info":{"display_name":"growshroom","author_link":"https:\/\/growshroom.hu\/cs\/author"},"uagb_comment_info":3,"uagb_excerpt":"&nbsp; V\u00e1lassz 3 b\u00e1rmilyen k\u00e9szletet, \u00e9s rendeld meg 15% kedvezm\u00e9nnyel! &nbsp;","tiered_pricing_type":"fixed","tiered_pricing_fixed_rules":[],"tiered_pricing_product_settings":{"layout":"default","base_unit_name":{"singular":null,"plural":null},"default_variation":null},"tiered_pricing_minimum_quantity":null,"tiered_pricing_roles_data":[],"tiered_pricing_percentage_rules":[],"tiered_pricing_maximum_quantity":null,"tiered_pricing_quantity_step":null,"_links":{"self":[{"href":"https:\/\/growshroom.hu\/cs\/wp-json\/wp\/v2\/product\/4920","targetHints":{"allow":["GET"]}}],"collection":[{"href":"https:\/\/growshroom.hu\/cs\/wp-json\/wp\/v2\/product"}],"about":[{"href":"https:\/\/growshroom.hu\/cs\/wp-json\/wp\/v2\/types\/product"}],"replies":[{"embeddable":true,"href":"https:\/\/growshroom.hu\/cs\/wp-json\/wp\/v2\/comments?post=4920"}],"wp:featuredmedia":[{"embeddable":true,"href":"https:\/\/growshroom.hu\/cs\/wp-json\/wp\/v2\/media\/4921"}],"wp:attachment":[{"href":"https:\/\/growshroom.hu\/cs\/wp-json\/wp\/v2\/media?parent=4920"}],"wp:term":[{"taxonomy":"product_brand","embeddable":true,"href":"https:\/\/growshroom.hu\/cs\/wp-json\/wp\/v2\/product_brand?post=4920"},{"taxonomy":"product_cat","embeddable":true,"href":"https:\/\/growshroom.hu\/cs\/wp-json\/wp\/v2\/product_cat?post=4920"},{"taxonomy":"product_tag","embeddable":true,"href":"https:\/\/growshroom.hu\/cs\/wp-json\/wp\/v2\/product_tag?post=4920"}],"curies":[{"name":"wp","href":"https:\/\/api.w.org\/{rel}","templated":true}]}}