{"id":1784,"date":"2025-06-16T13:48:33","date_gmt":"2025-06-16T13:48:33","guid":{"rendered":"https:\/\/growshroom.hu\/cookie-szabalyzat\/"},"modified":"2025-08-28T08:23:29","modified_gmt":"2025-08-28T06:23:29","slug":"cookie-tajekoztato","status":"publish","type":"page","link":"https:\/\/growshroom.hu\/cs\/cookie-tajekoztato","title":{"rendered":"Informace o souborech cookie"},"content":{"rendered":"<h1 class=\"wp-block-heading\" style=\"border-top-style:none;border-top-width:0px;border-right-style:none;border-right-width:0px;border-bottom-width:1px;border-left-style:none;border-left-width:0px;margin-top:0rem;margin-bottom:var(--wp--preset--spacing--50);padding-bottom:var(--wp--preset--spacing--50)\">Informace o souborech cookie<\/h1>\n\n\n\n<p class=\"body\"><strong>PLATN\u00c9 OD: 13. \u010cERVNA 2025.<\/strong><\/p>\n\n\n\n<h5 class=\"wp-block-heading\">Abyste mohli pou\u017e\u00edvat web a zad\u00e1vat objedn\u00e1vky, mus\u00edte se sezn\u00e1mit se z\u00e1sadami pou\u017e\u00edv\u00e1n\u00ed soubor\u016f cookie na webu.<\/h5>\n\n\n\n<p><strong>Co jsou soubory cookie?<\/strong><\/p>\n\n\n\n<p>Soubory cookie jsou mal\u00e9 textov\u00e9 soubory obsahuj\u00edc\u00ed informace, kter\u00e9 v\u00e1\u0161 prohl\u00ed\u017ee\u010d ukl\u00e1d\u00e1 do va\u0161eho po\u010d\u00edta\u010de, mobiln\u00edho telefonu nebo jin\u00e9ho za\u0159\u00edzen\u00ed, kdy\u017e nav\u0161t\u00edv\u00edte webovou str\u00e1nku. Soubory cookie odes\u00edlaj\u00ed informace na danou webovou str\u00e1nku poka\u017ed\u00e9, kdy\u017e se na webovou str\u00e1nku vr\u00e1t\u00edte.<\/p>\n\n\n\n<p>Soubory cookie mohou b\u00fdt trval\u00e9, kter\u00e9 z\u016fst\u00e1vaj\u00ed v po\u010d\u00edta\u010di u\u017eivatele, dokud nejsou smaz\u00e1ny, nebo do\u010dasn\u00e9 (tzv. rela\u010dn\u00ed soubory cookie), kter\u00e9 z\u016fst\u00e1vaj\u00ed uchov\u00e1ny pouze do zav\u0159en\u00ed webov\u00e9ho prohl\u00ed\u017ee\u010de. Soubory cookie mohou b\u00fdt intern\u00ed, nastaven\u00e9 webovou str\u00e1nkou, kterou nav\u0161t\u011bvujete, nebo soubory cookie t\u0159et\u00edch stran, tj. soubory cookie, kter\u00e9 nenastavuje webov\u00e1 str\u00e1nka, kterou nav\u0161t\u011bvujete.<\/p>\n\n\n\n<p><strong>Jak Growshroom pou\u017e\u00edv\u00e1 soubory cookie?<\/strong><\/p>\n\n\n\n<p>N\u00e1\u0161 internetov\u00fd obchod pou\u017e\u00edv\u00e1 soubory cookie ke zlep\u0161en\u00ed nab\u00edzen\u00fdch slu\u017eeb, usnadn\u011bn\u00ed navigace mezi str\u00e1nkami, zaznamen\u00e1v\u00e1n\u00ed u\u017eivatelsk\u00fdch preferenc\u00ed a zlep\u0161en\u00ed u\u017eivatelsk\u00e9ho prost\u0159ed\u00ed.<\/p>\n\n\n\n<p><strong>Soubory cookie pou\u017e\u00edvan\u00e9 slu\u017ebou growshroom a jejich \u00fa\u010del<\/strong><\/p>\n\n\n\n<p>Soubory cookie pou\u017e\u00edvan\u00e9 na na\u0161ich webov\u00fdch str\u00e1nk\u00e1ch spadaj\u00ed do n\u00e1sleduj\u00edc\u00edch kategori\u00ed (podle pokyn\u016f Mezin\u00e1rodn\u00ed obchodn\u00ed komory pro soubory cookie):<\/p>\n\n\n\n<p><strong>Nezbytn\u011b nutn\u00e9 soubory cookie:<\/strong><\/p>\n\n\n\n<p>Pou\u017e\u00edv\u00e1n\u00ed nezbytn\u011b nutn\u00fdch soubor\u016f cookie umo\u017e\u0148uje u\u017eivateli proch\u00e1zet webov\u00e9 str\u00e1nky a vyu\u017e\u00edvat slu\u017eby, kter\u00e9 pot\u0159ebuje, nap\u0159\u00edklad p\u0159\u00edstup k zabezpe\u010den\u00fdm oblastem webov\u00fdch str\u00e1nek.<\/p>\n\n\n\n<p><strong>Soubory cookie pro m\u011b\u0159en\u00ed v\u00fdkonu:<\/strong><\/p>\n\n\n\n<p>V\u00fdkonnostn\u00ed soubory cookie shroma\u017e\u010fuj\u00ed informace mimo jin\u00e9 o webov\u00fdch str\u00e1nk\u00e1ch, kter\u00e9 u\u017eivatel\u00e9 nav\u0161t\u011bvuj\u00ed nej\u010dast\u011bji, ale neshroma\u017e\u010fuj\u00ed data, kter\u00e1 by pom\u00e1hala identifikovat jednotliv\u00e9 n\u00e1v\u0161t\u011bvn\u00edky. Shroma\u017e\u010fuj\u00ed pouze data z agregovan\u00fdch a anonymn\u00edch zdroj\u016f.<\/p>\n\n\n\n<p>Tyto soubory cookie pou\u017e\u00edv\u00e1me k: \u2013 shroma\u017e\u010fov\u00e1n\u00ed statistick\u00fdch \u00fadaj\u016f o pou\u017e\u00edv\u00e1n\u00ed na\u0161ich webov\u00fdch str\u00e1nek, \u2013 a m\u011b\u0159en\u00ed \u00fa\u010dinnosti reklamn\u00edch kampan\u00ed v dan\u00e9 c\u00edlov\u00e9 skupin\u011b.<\/p>\n\n\n\n<p>V\u00fdkonnostn\u00ed soubory cookie mohou b\u00fdt trval\u00e9 nebo do\u010dasn\u00e9 a mohou b\u00fdt nastaveny soubory cookie prvn\u00ed nebo t\u0159et\u00ed strany. Jejich \u00fa\u010delem je shroma\u017e\u010fovat anonymn\u00ed data o webov\u00fdch str\u00e1nk\u00e1ch, kter\u00e9 nav\u0161t\u011bvujete, a reklam\u00e1ch, kter\u00e9 si prohl\u00ed\u017e\u00edte.<\/p>\n\n\n\n<p><strong>Soubory cookie pou\u017e\u00edvan\u00e9 ke zlep\u0161en\u00ed reklamn\u00ed aktivity:<\/strong><\/p>\n\n\n\n<p>Tyto soubory cookie v\u00e1m umo\u017e\u0148uj\u00ed omezit po\u010det zobrazen\u00ed reklam a pou\u017e\u00edvaj\u00ed se k m\u011b\u0159en\u00ed \u00fa\u010dinnosti reklamn\u00edch kampan\u00ed v dan\u00e9 c\u00edlov\u00e9 skupin\u011b.<\/p>\n\n\n\n<p>Soubory cookie pro zlep\u0161en\u00ed reklamn\u00ed aktivity n\u00e1m umo\u017e\u0148uj\u00ed spravovat reklamy zobrazovan\u00e9 na webov\u00fdch str\u00e1nk\u00e1ch.<\/p>\n\n\n\n<p>Soubory cookie pou\u017e\u00edvan\u00e9 ke zlep\u0161en\u00ed reklamn\u00ed aktivity jsou trval\u00e9 nebo do\u010dasn\u00e9 soubory cookie umis\u0165ovan\u00e9 t\u0159et\u00edmi stranami, tj. inzerenty a jejich z\u00e1stupci, kter\u00e9 skute\u010dn\u011b souvisej\u00ed s reklamn\u00edmi slu\u017ebami umis\u0165ovan\u00fdmi t\u0159et\u00edmi stranami na webov\u00e9 str\u00e1nky growshroom.<\/p>\n\n\n\n<p><strong>Dal\u0161\u00ed soubory cookie um\u00edst\u011bn\u00e9 t\u0159et\u00edmi stranami:<\/strong><\/p>\n\n\n\n<p>N\u011bkter\u00e9 z na\u0161ich webov\u00fdch str\u00e1nek mohou zobrazovat obsah ze slu\u017eeb, jako je Facebook nebo Instagram, a dal\u0161\u00edch. Upozor\u0148ujeme, \u017ee nem\u00e1me \u017e\u00e1dn\u00fd vliv na soubory cookie pou\u017e\u00edvan\u00e9 t\u011bmito slu\u017ebami, proto je vhodn\u00e9 si ov\u011b\u0159it p\u0159\u00edslu\u0161n\u00e9 informace na p\u0159\u00edslu\u0161n\u00fdch extern\u00edch webov\u00fdch str\u00e1nk\u00e1ch.<\/p>\n\n\n\n<p><strong>Spr\u00e1va a odstra\u0148ov\u00e1n\u00ed soubor\u016f cookie<\/strong><\/p>\n\n\n\n<p>Pokud chcete omezit, blokovat nebo odstranit soubory cookie, m\u016f\u017eete tak u\u010dinit v nastaven\u00ed webov\u00e9ho prohl\u00ed\u017ee\u010de. V z\u00e1vislosti na typu prohl\u00ed\u017ee\u010de, kter\u00fd pou\u017e\u00edv\u00e1te, se postup m\u016f\u017ee m\u00edrn\u011b li\u0161it. Pro v\u00edce informac\u00ed klikn\u011bte na jeden z n\u00ed\u017ee uveden\u00fdch odkaz\u016f:<\/p>\n\n\n\n<p><strong>Internet Explorer<\/strong><\/p>\n\n\n\n<p><a href=\"http:\/\/support.microsoft.com\/kb\/196955\" target=\"_blank\" rel=\"noopener\">http:\/\/support.microsoft.com\/kb\/196955<\/a><\/p>\n\n\n\n<p><strong>Firefox<\/strong><\/p>\n\n\n\n<p><a href=\"http:\/\/support.mozilla.org\/HU\/kb\/Cookies\" target=\"_blank\" rel=\"noopener\">http:\/\/support.mozilla.org\/HU\/kb\/Cookies<\/a><\/p>\n\n\n\n<p><strong>Google Chrome<\/strong><\/p>\n\n\n\n<p><a href=\"http:\/\/support.google.com\/chrome\/bin\/answer.py?hl=hu&amp;answer=95647\" target=\"_blank\" rel=\"noopener\">http:\/\/support.google.com\/chrome\/bin\/answer.py?hl=hu&amp;answer=95647<\/a><\/p>\n\n\n\n<p><strong>Opera<\/strong><\/p>\n\n\n\n<p><a href=\"http:\/\/help.opera.com\/Windows\/9.63\/hu\/cookies.html\" target=\"_blank\" rel=\"noopener\">http:\/\/help.opera.com\/Windows\/9.63\/hu\/cookies.html<\/a><\/p>\n\n\n\n<p><strong>Safari<\/strong><\/p>\n\n\n\n<p><a href=\"http:\/\/support.apple.com\/kb\/PH5042\" target=\"_blank\" rel=\"noopener\">http:\/\/support.apple.com\/kb\/PH5042<\/a><\/p>\n\n\n\n<p><strong>Safari pro iOS (iPhone, iPad, iPod touch)<\/strong><\/p>\n\n\n\n<p><a href=\"http:\/\/support.apple.com\/kb\/HT1677?viewlocale=hu_HU\" target=\"_blank\" rel=\"noopener\">http:\/\/support.apple.com\/kb\/HT1677?viewlocale=hu_HU<\/a><\/p>\n\n\n\n<p>Pokud nepou\u017e\u00edv\u00e1te jeden z uveden\u00fdch webov\u00fdch prohl\u00ed\u017ee\u010d\u016f, m\u016f\u017eete ve webov\u00e9m prohl\u00ed\u017ee\u010di kliknout na funkci \u201eN\u00e1pov\u011bda\u201c a zobrazit dal\u0161\u00ed informace o tom, co d\u011blat.<\/p>\n\n\n\n<p>A&nbsp;<a href=\"http:\/\/www.aboutcookies.org\/\" target=\"_blank\" rel=\"noopener\">http:\/\/www.aboutcookies.org<\/a>&nbsp;Kliknut\u00edm na odkaz se zobraz\u00ed tak\u00e9 dal\u0161\u00ed informace o tom, jak spravovat a odstra\u0148ovat soubory cookie v mnoha r\u016fzn\u00fdch internetov\u00fdch prohl\u00ed\u017ee\u010d\u00edch.<\/p>\n\n\n\n<p>Vezm\u011bte pros\u00edm na v\u011bdom\u00ed, \u017ee n\u011bkter\u00e9 \u010d\u00e1sti na\u0161ich webov\u00fdch str\u00e1nek jsou p\u0159\u00edstupn\u00e9 pouze pomoc\u00ed soubor\u016f cookie, proto byste si m\u011bli b\u00fdt v\u011bdomi toho, \u017ee pokud soubory cookie zak\u00e1\u017eete, nemus\u00edte m\u00edt p\u0159\u00edstup k ur\u010dit\u00e9mu obsahu nebo nebudete moci pln\u011b vyu\u017e\u00edvat v\u0161echny funkce na\u0161ich webov\u00fdch str\u00e1nek.<\/p>\n\n\n\n<p>Pokud chcete v\u011bd\u011bt, jak prohl\u00ed\u017ee\u010d ve va\u0161em mobiln\u00edm za\u0159\u00edzen\u00ed nakl\u00e1d\u00e1 s soubory cookie, prostudujte si pros\u00edm manu\u00e1l k dan\u00e9mu za\u0159\u00edzen\u00ed.<\/p>\n\n\n\n<p>Pokud na\u0161i u\u017eivatel\u00e9 pou\u017e\u00edvaj\u00ed na\u0161e webov\u00e9 str\u00e1nky bez zak\u00e1z\u00e1n\u00ed soubor\u016f cookie a podobn\u00fdch online technologi\u00ed, souhlas\u00ed se shroma\u017e\u010fov\u00e1n\u00edm a zpracov\u00e1n\u00edm sv\u00fdch \u00fadaj\u016f webov\u00fdmi str\u00e1nkami growshroom prost\u0159ednictv\u00edm t\u011bchto technologi\u00ed.<\/p>","protected":false},"excerpt":{"rendered":"<p>Cookie t\u00e1j\u00e9koztat\u00f3 HAT\u00c1LYOS: 2025. J\u00daNIUS 13. Az oldal haszn\u00e1lat\u00e1hoz \u00e9s rendel\u00e9sek lead\u00e1s\u00e1hoz sz\u00fcks\u00e9ges megismerned az oldal cookie szab\u00e1lyzat\u00e1t. Mi az a cookie? A cookie-k olyan, kis mennyis\u00e9g\u0171 inform\u00e1ci\u00f3t tartalmaz\u00f3sz\u00f6veges f\u00e1jlok, amelyeket a b\u00f6ng\u00e9sz\u0151 a sz\u00e1m\u00edt\u00f3g\u00e9pen, mobiltelefonon vagy egy\u00e9b eszk\u00f6z\u00f6n t\u00e1rol egy webhely megl\u00e1togat\u00e1sakor. A cookie-k a webhelyre val\u00f3 minden visszat\u00e9r\u00e9skor inform\u00e1ci\u00f3kat k\u00fcldenek az adott webhelynek. A cookie-k lehetnek \u00e1lland\u00f3 cookie-k, amelyek t\u00f6rl\u00e9s\u00fckig a felhaszn\u00e1l\u00f3 sz\u00e1m\u00edt\u00f3g\u00e9p\u00e9n maradnak, illetve ideiglenes (\u00fan. munkamenet-cookie-k), amelyeket csak a webb\u00f6ng\u00e9sz\u0151 bez\u00e1r\u00e1s\u00e1ig \u0151riz meg a rendszer. A cookie-k lehetnek bels\u0151, a felkeresett webhely \u00e1ltal be\u00e1ll\u00edtott cookie-k, vagy harmadik felek, azaz nem a felkeresett webhely \u00e1ltal be\u00e1ll\u00edtott cookie-k. Hogyan haszn\u00e1lja a growshroom a cookie-kat? Web\u00e1ruh\u00e1zunk a k\u00edn\u00e1lt szolg\u00e1ltat\u00e1sok jav\u00edt\u00e1sa, a lapok k\u00f6z\u00f6tti navig\u00e1ci\u00f3 megk\u00f6nny\u00edt\u00e9se, a felhaszn\u00e1l\u00f3be\u00e1ll\u00edt\u00e1sainak r\u00f6gz\u00edt\u00e9se \u00e9s a felhaszn\u00e1l\u00f3i \u00e9lm\u00e9ny jav\u00edt\u00e1sa c\u00e9lj\u00e1b\u00f3l haszn\u00e1l cookie-kat. A growshroom \u00e1ltal haszn\u00e1lt cookie-k \u00e9s azok rendeltet\u00e9se A webhelyeinken haszn\u00e1lt cookie-k a k\u00f6vetkez\u0151 kateg\u00f3ri\u00e1kba sorolhat\u00f3k (az International Chamber of Commerce cookie-kal kapcsolatos \u00fatmutat\u00e1sa szerint): Felt\u00e9tlen\u00fcl sz\u00fcks\u00e9ges cookie-k: A felt\u00e9tlen\u00fcl sz\u00fcks\u00e9ges cookie-k haszn\u00e1lata lehet\u0151v\u00e9 teszi a felhaszn\u00e1l\u00f3sz\u00e1m\u00e1ra a webhelyen t\u00f6rt\u00e9n\u0151 navig\u00e1ci\u00f3t, \u00e9s az \u00e1ltala ig\u00e9nyelt szolg\u00e1ltat\u00e1sok haszn\u00e1lat\u00e1t, p\u00e9ld\u00e1ul a webhely biztons\u00e1gos ter\u00fcleteinek hozz\u00e1f\u00e9r\u00e9se c\u00e9lj\u00e1b\u00f3l. Teljes\u00edtm\u00e9nym\u00e9r\u0151 cookie-k: A teljes\u00edtm\u00e9nym\u00e9r\u0151 cookie-k t\u00f6bbek k\u00f6z\u00f6tt a felhaszn\u00e1l\u00f3k \u00e1ltal leggyakrabban l\u00e1togatott webhelyekkel kapcsolatban gy\u0171jtenek inform\u00e1ci\u00f3kat, azonban ez az egy\u00e9ni l\u00e1togat\u00f3k azonos\u00edt\u00e1s\u00e1t el\u0151seg\u00edt\u0151 adatok gy\u0171jt\u00e9s\u00e9re nem terjed ki. Kiz\u00e1r\u00f3lag \u00f6sszes\u00edtett \u00e9s n\u00e9vtelen forr\u00e1sokb\u00f3l sz\u00e1rmaz\u00f3 adatokat gy\u0171jtenek. Ezeket a cookie-kat: \u2013 a webhelyeink haszn\u00e1lat\u00e1val kapcsolatos statisztikai adatok \u00f6ssze\u00e1ll\u00edt\u00e1sa, \u2013 valamint a hirdet\u00e9si kamp\u00e1nyok adott c\u00e9lcsoportban val\u00f3eredm\u00e9nyess\u00e9g\u00e9nek m\u00e9r\u00e9s\u00e9re haszn\u00e1ljuk. A teljes\u00edtm\u00e9nym\u00e9r\u0151 cookie-k \u00e1lland\u00f3 \u00e9s ideiglenes, valamint bels\u0151 vagy harmadik felek \u00e1ltal be\u00e1ll\u00edtott cookie-k is lehetnek, amelyek c\u00e9lja r\u00f6viden az, hogy a felkeresett webhelyekr\u0151l, valamint a megtekintett hirdet\u00e9sekr\u0151l n\u00e9vtelen adatokat gy\u0171jtsenek. Hirdet\u00e9si tev\u00e9kenys\u00e9g jav\u00edt\u00e1s\u00e1ra szolg\u00e1l\u00f3 cookie-k: Ezek a cookie-k lehet\u0151v\u00e9 teszik annak korl\u00e1toz\u00e1s\u00e1t, hogy a hirdet\u00e9sek h\u00e1ny alkalommal tekinthet\u0151k meg, valamint a hirdet\u00e9si kamp\u00e1nyok adott c\u00e9lcsoportban val\u00f3eredm\u00e9nyess\u00e9g\u00e9nek m\u00e9r\u00e9s\u00e9re szolg\u00e1lnak. A hirdet\u00e9si tev\u00e9kenys\u00e9g jav\u00edt\u00e1s\u00e1ra szolg\u00e1l\u00f3 cookie-k a webhelyen megjelen\u0151 hirdet\u00e9sek kezel\u00e9s\u00e9t teszik lehet\u0151v\u00e9. A hirdet\u00e9si tev\u00e9kenys\u00e9g jav\u00edt\u00e1s\u00e1ra szolg\u00e1l\u00f3 cookie-k harmadik felek, azaz hirdet\u0151k \u00e9s \u00fcgyn\u00f6keik \u00e1ltal elhelyezett \u00e1lland\u00f3 vagy ideiglenes cookie-k, amelyek tulajdonk\u00e9ppen a harmadik felek \u00e1ltal a growshroom webhely\u00e9n elhelyezett hirdet\u00e9si szolg\u00e1ltat\u00e1sokhoz kapcsol\u00f3dnak. Harmadik felek \u00e1ltal elhelyezett egy\u00e9b cookie-k: Egyes weboldalunkon t\u00f6bbek k\u00f6z\u00f6tt a Facebookr\u00f3l vagy az Instagramr\u00f3l \u00e9s egy\u00e9b szolg\u00e1ltat\u00e1sokr\u00f3l sz\u00e1rmaz\u00f3 tartalom jelenhet meg. K\u00e9rj\u00fck, vedd figyelembe, hogy az ilyen szolg\u00e1ltat\u00e1sok \u00e1ltal haszn\u00e1lt cookie-kra nincs semmilyen befoly\u00e1sunk, ez\u00e9rt \u00e9rdemes ellen\u0151rizni az adott k\u00fcls\u0151 webhelyeken szerepl\u0151 ezzel kapcsolatos inform\u00e1ci\u00f3kat. A cookie-k kezel\u00e9se \u00e9s elt\u00e1vol\u00edt\u00e1sa Ha szeretn\u00e9d korl\u00e1tozni, letiltani, vagy elt\u00e1vol\u00edtani a cookie-kat, akkor ezt a webb\u00f6ng\u00e9sz\u0151 be\u00e1ll\u00edt\u00e1saiban teheted meg. A b\u00f6ng\u00e9sz\u0151 fajt\u00e1j\u00e1t\u00f3l f\u00fcgg\u0151en a k\u00f6vetend\u0151 l\u00e9p\u00e9sek kism\u00e9rt\u00e9kben elt\u00e9rhetnek egym\u00e1st\u00f3l. Tov\u00e1bbi inform\u00e1ci\u00f3k\u00e9rt kattints az al\u00e1bbi hivatkoz\u00e1sok egyik\u00e9re: Internet Explorer http:\/\/support.microsoft.com\/kb\/196955 Firefox http:\/\/support.mozilla.org\/HU\/kb\/Cookies Google Chrome http:\/\/support.google.com\/chrome\/bin\/answer.py?hl=hu&amp;answer=95647 Opera http:\/\/help.opera.com\/Windows\/9.63\/hu\/cookies.html Safari http:\/\/support.apple.com\/kb\/PH5042 Safari iOS (iPhone, iPad, iPod touch) http:\/\/support.apple.com\/kb\/HT1677?viewlocale=hu_HU Ha a felsorolt webb\u00f6ng\u00e9sz\u0151k egyik\u00e9t sem haszn\u00e1lod, akkor a saj\u00e1t webb\u00f6ng\u00e9sz\u0151d \u201eHelp\u201d (S\u00fag\u00f3) funkci\u00f3j\u00e1ra kattintva tov\u00e1bbi inform\u00e1ci\u00f3kat olvashatsz a teend\u0151kr\u0151l. A&nbsp;http:\/\/www.aboutcookies.org&nbsp;hivatkoz\u00e1sra kattintva szint\u00e9n tov\u00e1bbi inform\u00e1ci\u00f3k jelennek meg a cookie-k kezel\u00e9s\u00e9vel \u00e9s elt\u00e1vol\u00edt\u00e1s\u00e1val kapcsolatban sz\u00e1mos k\u00fcl\u00f6nb\u00f6z\u0151 internetes b\u00f6ng\u00e9sz\u0151kre vonatkoz\u00f3an. K\u00e9rj\u00fck, vedd figyelembe, hogy webhelyeink egyes r\u00e9szei kiz\u00e1r\u00f3lag cookie-k haszn\u00e1lat\u00e1val \u00e9rhet\u0151k el, ez\u00e9rt tudnod kell, hogy a cookie-k letilt\u00e1s\u00e1val egyes tartalmakhoz nem f\u00e9rhetsz hozz\u00e1, \u00e9s nem haszn\u00e1lhatod teljes m\u00e9rt\u00e9kben webhelyeink minden funkci\u00f3j\u00e1t. Ha szeretn\u00e9d tudni, hogy a mobileszk\u00f6z\u00f6d\u00f6n tal\u00e1lhat\u00f3b\u00f6ng\u00e9sz\u0151 hogyan kezeli a cookie-kat, tekintsd \u00e1t az eszk\u00f6z \u00fatmutat\u00f3j\u00e1t. Ha felhaszn\u00e1l\u00f3ink a cookie-k \u00e9s hasonl\u00f3 online technol\u00f3gi\u00e1k letilt\u00e1sa n\u00e9lk\u00fcl haszn\u00e1lj\u00e1k weboldalunkat, hozz\u00e1j\u00e1rulnak ahhoz, hogy a growshroom weboldal ilyen technol\u00f3gi\u00e1k haszn\u00e1lata r\u00e9v\u00e9n gy\u0171jtse \u00e9s dolgozza fel adataikat.<\/p>","protected":false},"author":1,"featured_media":0,"parent":0,"menu_order":0,"comment_status":"closed","ping_status":"closed","template":"","meta":{"_acf_changed":false,"inline_featured_image":false,"_uag_custom_page_level_css":"","site-sidebar-layout":"default","site-content-layout":"","ast-site-content-layout":"default","site-content-style":"default","site-sidebar-style":"default","ast-global-header-display":"","ast-banner-title-visibility":"","ast-main-header-display":"","ast-hfb-above-header-display":"","ast-hfb-below-header-display":"","ast-hfb-mobile-header-display":"","site-post-title":"","ast-breadcrumbs-content":"","ast-featured-img":"","footer-sml-layout":"","ast-disable-related-posts":"","theme-transparent-header-meta":"","adv-header-id-meta":"","stick-header-meta":"","header-above-stick-meta":"","header-main-stick-meta":"","header-below-stick-meta":"","astra-migrate-meta-layouts":"set","ast-page-background-enabled":"default","ast-page-background-meta":{"desktop":{"background-color":"var(--ast-global-color-4)","background-image":"","background-repeat":"repeat","background-position":"center center","background-size":"auto","background-attachment":"scroll","background-type":"","background-media":"","overlay-type":"","overlay-color":"","overlay-opacity":"","overlay-gradient":""},"tablet":{"background-color":"","background-image":"","background-repeat":"repeat","background-position":"center center","background-size":"auto","background-attachment":"scroll","background-type":"","background-media":"","overlay-type":"","overlay-color":"","overlay-opacity":"","overlay-gradient":""},"mobile":{"background-color":"","background-image":"","background-repeat":"repeat","background-position":"center center","background-size":"auto","background-attachment":"scroll","background-type":"","background-media":"","overlay-type":"","overlay-color":"","overlay-opacity":"","overlay-gradient":""}},"ast-content-background-meta":{"desktop":{"background-color":"var(--ast-global-color-5)","background-image":"","background-repeat":"repeat","background-position":"center center","background-size":"auto","background-attachment":"scroll","background-type":"","background-media":"","overlay-type":"","overlay-color":"","overlay-opacity":"","overlay-gradient":""},"tablet":{"background-color":"var(--ast-global-color-5)","background-image":"","background-repeat":"repeat","background-position":"center center","background-size":"auto","background-attachment":"scroll","background-type":"","background-media":"","overlay-type":"","overlay-color":"","overlay-opacity":"","overlay-gradient":""},"mobile":{"background-color":"var(--ast-global-color-5)","background-image":"","background-repeat":"repeat","background-position":"center center","background-size":"auto","background-attachment":"scroll","background-type":"","background-media":"","overlay-type":"","overlay-color":"","overlay-opacity":"","overlay-gradient":""}},"footnotes":""},"class_list":["post-1784","page","type-page","status-publish","hentry"],"acf":[],"featured_image_src":null,"uagb_featured_image_src":{"full":false,"thumbnail":false,"medium":false,"medium_large":false,"large":false,"1536x1536":false,"2048x2048":false,"trp-custom-language-flag":false,"mailpoet_newsletter_max":false,"woocommerce_thumbnail":false,"woocommerce_single":false,"woocommerce_gallery_thumbnail":false},"uagb_author_info":{"display_name":"growshroom","author_link":"https:\/\/growshroom.hu\/cs\/author\/csome-attilagmail-com"},"uagb_comment_info":0,"uagb_excerpt":"Cookie t\u00e1j\u00e9koztat\u00f3 HAT\u00c1LYOS: 2025. J\u00daNIUS 13. Az oldal haszn\u00e1lat\u00e1hoz \u00e9s rendel\u00e9sek lead\u00e1s\u00e1hoz sz\u00fcks\u00e9ges megismerned az oldal cookie szab\u00e1lyzat\u00e1t. Mi az a cookie? A cookie-k olyan, kis mennyis\u00e9g\u0171 inform\u00e1ci\u00f3t tartalmaz\u00f3sz\u00f6veges f\u00e1jlok, amelyeket a b\u00f6ng\u00e9sz\u0151 a sz\u00e1m\u00edt\u00f3g\u00e9pen, mobiltelefonon vagy egy\u00e9b eszk\u00f6z\u00f6n t\u00e1rol egy webhely megl\u00e1togat\u00e1sakor. A cookie-k a webhelyre val\u00f3 minden visszat\u00e9r\u00e9skor inform\u00e1ci\u00f3kat k\u00fcldenek az adott webhelynek.&hellip;","_links":{"self":[{"href":"https:\/\/growshroom.hu\/cs\/wp-json\/wp\/v2\/pages\/1784","targetHints":{"allow":["GET"]}}],"collection":[{"href":"https:\/\/growshroom.hu\/cs\/wp-json\/wp\/v2\/pages"}],"about":[{"href":"https:\/\/growshroom.hu\/cs\/wp-json\/wp\/v2\/types\/page"}],"author":[{"embeddable":true,"href":"https:\/\/growshroom.hu\/cs\/wp-json\/wp\/v2\/users\/1"}],"replies":[{"embeddable":true,"href":"https:\/\/growshroom.hu\/cs\/wp-json\/wp\/v2\/comments?post=1784"}],"version-history":[{"count":13,"href":"https:\/\/growshroom.hu\/cs\/wp-json\/wp\/v2\/pages\/1784\/revisions"}],"predecessor-version":[{"id":4427,"href":"https:\/\/growshroom.hu\/cs\/wp-json\/wp\/v2\/pages\/1784\/revisions\/4427"}],"wp:attachment":[{"href":"https:\/\/growshroom.hu\/cs\/wp-json\/wp\/v2\/media?parent=1784"}],"curies":[{"name":"wp","href":"https:\/\/api.w.org\/{rel}","templated":true}]}}